{"id":102215,"date":"2026-05-04T05:17:57","date_gmt":"2026-05-04T08:17:57","guid":{"rendered":"https:\/\/www.hediyepazar.com\/?product=turk-sac-spreyi-yuz-koruma-kalkani"},"modified":"2026-05-04T05:17:57","modified_gmt":"2026-05-04T08:17:57","slug":"turk-sac-spreyi-yuz-koruma-kalkani","status":"publish","type":"product","link":"https:\/\/www.hediyepazar.com\/?product=turk-sac-spreyi-yuz-koruma-kalkani","title":{"rendered":"Turk Sa\u00e7 Spreyi Y\u00fcz Koruma Kalkan\u0131"},"content":{"rendered":"<p>\n\t<strong>\u00dcr\u00fcn \u00d6zellikleri : <\/strong><\/p>\n<p>\t<strong>SA\u00c7 SPREY\u0130 \u00dcR\u00dcNE DAH\u0130L DE\u011e\u0130LD\u0130R. SADECE KORUYUCU S\u0130PERL\u0130K G\u00d6NDER\u0130L\u0130R.<\/strong><\/p>\n<p>\t<strong>Materyal : ABS Plastik\u00a0<\/strong><\/p>\n<p>\t<strong>Adet \/ Renk \/ Tasar\u0131m : <\/strong> 1 Adet, HSNET\u00a0 olarak tasarlad\u0131\u011f\u0131m\u0131z, resimde yer alan rengi, s\u00fcrpriz ya\u015famaman\u0131z i\u00e7in birebir g\u00f6nderiyoruz<\/p>\n<p>\t<strong>\u00d6l\u00e7\u00fcler (bir cep telefonu ortalama 16 cm dir. K\u0131yaslaman\u0131z i\u00e7in kolayl\u0131k de\u011fil mi ? ) :\u00a0\u00a0<\/strong>\u00a034 cm toplam uzunlukta, 14 x 18 cm y\u00fcz b\u00f6l\u00fcm\u00fc<\/p>\n<p>\n\tErkek veya Bayanlar i\u00e7in unisex olarak tasarlad\u0131k. Sa\u00e7 spreyi kalkan\u0131 y\u00fcz\u00fcn\u00fcz\u00fc sa\u00e7 spreyinden veya di\u011fer spreylerden veya parf\u00fcmden uzak tutmaya yard\u0131mc\u0131 olur, g\u00f6zleriniz ve burnunuz i\u00e7in ekstra tahri\u015f olmaz; ve \u015feffaft\u0131r, b\u00f6ylece ne yapt\u0131\u011f\u0131n\u0131z\u0131 net bir \u015fekilde g\u00f6rebilirsiniz<\/p>\n<p>\tUygun Boyut Tasar\u0131m\u0131: Sa\u00e7 spreyi y\u00fcz koruyucusu 34 cm toplam uzunlukta, 14 x 18 cm y\u00fcz b\u00f6l\u00fcm\u00fc \u00f6l\u00e7\u00fcleriyle \u00e7o\u011fu y\u00fcz \u00f6l\u00e7\u00fcs\u00fcne uyar, ta\u015f\u0131mas\u0131 da kolayd\u0131r<\/p>\n<p>\tUzun S\u00fcreli Kullan\u0131ma Dayan\u0131kl\u0131: Sprey kapa\u011f\u0131 esas olarak kaliteli plastikten yap\u0131lm\u0131\u015ft\u0131r ve sa\u011flamd\u0131r, p\u00fcr\u00fczs\u00fcz bir y\u00fczeye ve kenarl\u0131\u011fa sahiptir, \u00e7izilmesi veya k\u0131r\u0131lmas\u0131 kolay de\u011fildir, tutmas\u0131 kolayd\u0131r<\/p>\n<p>\tGeni\u015f Uygulama Alan\u0131: Sa\u00e7 kesim y\u00fcz \u00f6rt\u00fcs\u00fc, kuaf\u00f6r salonlar\u0131, berber ve ev kullan\u0131m\u0131 i\u00e7in olduk\u00e7a uygundur, boyama ve k\u0131v\u0131rc\u0131k sa\u00e7 gibi sa\u00e7 stillerinizi makyaj\u0131n\u0131z\u0131 bozmadan tamamlaman\u0131za yard\u0131mc\u0131 olur, pratik ve \u00e7ok y\u00f6nl\u00fc<\/p>\n<p>\n\t<strong>M\u00dcKEMMEL SATI\u015e SONRASI H\u0130ZMET : <\/strong>Bu \u00fcr\u00fcne daha avantajl\u0131 sahip olabilmeniz i\u00e7in ma\u011fazam\u0131z\u0131 ziyaret ederek, kampanyalar\u0131 inceleyebilirsiniz. HSNET \/ HSNET olarak m\u00fc\u015fterilerimize en iyi hizmeti sunmay\u0131 ama\u00e7l\u0131yor, g\u00fcvenle sat\u0131n alabilmeniz i\u00e7in, ambalaj kalitemize g\u00fcveniyor, her \u00fcr\u00fcn sorunsuz teslimat i\u00e7in \u00f6zenle paketliyor ve resimde belirtilen renk, ebat, \u00f6zelikte \u00fcr\u00fcn g\u00f6ndermeyi taahh\u00fct ediyoruz. Hasarl\u0131 \u00fcr\u00fcn ald\u0131ysan\u0131z veya di\u011fer \u00fcr\u00fcn ve paket teslimat sorunlar\u0131 oldu\u011funda bizimle ileti\u015fime ge\u00e7mekten \u00e7ekinmeyin.<\/p>\n<p>\n\t<strong>Detayl\u0131 bilgi i\u00e7in ek resimleri inceleyebilirsiniz<\/strong><\/p>\n<p><\/p>\n<p>\n\t<strong><img decoding=\"async\"  src=\"https:\/\/hepsicdn.com.tr\/static\/product_detail\/hbnetdb0ad33b_4780001.jpg\"><\/strong><\/p>\n<p>\n\t\u00a0<\/p>\n","protected":false},"excerpt":{"rendered":"<p>\u00dcr\u00fcn \u00d6zellikleri : SA\u00c7 SPREY\u0130 \u00dcR\u00dcNE DAH\u0130L DE\u011e\u0130LD\u0130R. SADECE KORUYUCU S\u0130PERL\u0130K G\u00d6NDER\u0130L\u0130R. Materyal : ABS Plastik\u00a0 Adet \/ Renk \/ Tasar\u0131m : 1 Adet, HSNET\u00a0 olarak tasarlad\u0131\u011f\u0131m\u0131z, resimde yer alan rengi, s\u00fcrpriz ya\u015famaman\u0131z i\u00e7in birebir g\u00f6nderiyoruz \u00d6l\u00e7\u00fcler (bir cep telefonu ortalama 16 cm dir. K\u0131yaslaman\u0131z i\u00e7in kolayl\u0131k de\u011fil mi ? ) :\u00a0\u00a0\u00a034 cm toplam uzunlukta,&#8230;<\/p>\n","protected":false},"featured_media":102214,"comment_status":"open","ping_status":"closed","template":"","meta":{"_kad_post_transparent":"","_kad_post_title":"","_kad_post_layout":"","_kad_post_sidebar_id":"","_kad_post_content_style":"","_kad_post_vertical_padding":"","_kad_post_feature":"","_kad_post_feature_position":"","_kad_post_header":false,"_kad_post_footer":false,"_kad_post_classname":""},"product_brand":[],"product_cat":[7881],"product_tag":[],"class_list":{"0":"post-102215","1":"product","2":"type-product","3":"status-publish","4":"has-post-thumbnail","6":"product_cat-unisex-sac-ve-sakal-bakimi-erkek-kuafor-unisex-sac-ve-sakal-bakimi","8":"first","9":"instock","10":"purchasable","11":"product-type-simple","12":"entry","13":"content-bg","14":"loop-entry"},"_links":{"self":[{"href":"https:\/\/www.hediyepazar.com\/index.php?rest_route=\/wp\/v2\/product\/102215","targetHints":{"allow":["GET"]}}],"collection":[{"href":"https:\/\/www.hediyepazar.com\/index.php?rest_route=\/wp\/v2\/product"}],"about":[{"href":"https:\/\/www.hediyepazar.com\/index.php?rest_route=\/wp\/v2\/types\/product"}],"replies":[{"embeddable":true,"href":"https:\/\/www.hediyepazar.com\/index.php?rest_route=%2Fwp%2Fv2%2Fcomments&post=102215"}],"wp:featuredmedia":[{"embeddable":true,"href":"https:\/\/www.hediyepazar.com\/index.php?rest_route=\/wp\/v2\/media\/102214"}],"wp:attachment":[{"href":"https:\/\/www.hediyepazar.com\/index.php?rest_route=%2Fwp%2Fv2%2Fmedia&parent=102215"}],"wp:term":[{"taxonomy":"product_brand","embeddable":true,"href":"https:\/\/www.hediyepazar.com\/index.php?rest_route=%2Fwp%2Fv2%2Fproduct_brand&post=102215"},{"taxonomy":"product_cat","embeddable":true,"href":"https:\/\/www.hediyepazar.com\/index.php?rest_route=%2Fwp%2Fv2%2Fproduct_cat&post=102215"},{"taxonomy":"product_tag","embeddable":true,"href":"https:\/\/www.hediyepazar.com\/index.php?rest_route=%2Fwp%2Fv2%2Fproduct_tag&post=102215"}],"curies":[{"name":"wp","href":"https:\/\/api.w.org\/{rel}","templated":true}]}}