{"id":102219,"date":"2026-05-04T05:18:06","date_gmt":"2026-05-04T08:18:06","guid":{"rendered":"https:\/\/www.hediyepazar.com\/?product=turk-hayvan-tuy-toplama-yikama-kasinma-silikon-fircasi"},"modified":"2026-05-04T05:18:06","modified_gmt":"2026-05-04T08:18:06","slug":"turk-hayvan-tuy-toplama-yikama-kasinma-silikon-fircasi","status":"publish","type":"product","link":"https:\/\/www.hediyepazar.com\/?product=turk-hayvan-tuy-toplama-yikama-kasinma-silikon-fircasi","title":{"rendered":"Turk Hayvan T\u00fcy Toplama Y\u0131kama Ka\u015f\u0131nma Silikon F\u0131r\u00e7as\u0131"},"content":{"rendered":"<p>\n\t<strong>\u00dcr\u00fcn \u00d6zellikleri : <\/strong><\/p>\n<p>\t<strong>Adet \/ Renk \/ Tasar\u0131m :1\u00a0<\/strong>Adet, HSNET\u00a0<span style=\"color: rgb(1, 15, 38); font-family: Roboto, sans-serif; font-size: 13px;\">Hentges\u00a0<\/span>Design olarak tasarlad\u0131\u011f\u0131m\u0131z, resimde yer alan rengi, s\u00fcrpriz ya\u015famaman\u0131z i\u00e7in birebir g\u00f6nderiyoruz<\/p>\n<p>\t<strong>GEN\u0130\u015e KULLANIM ALANI <\/strong>:Uzun, k\u0131sa ve k\u0131v\u0131rc\u0131k sa\u00e7l\u0131 k\u00f6pekler, kediler, atlar ve tav\u015fanlar i\u00e7in m\u00fckemmeldir.<\/p>\n<p>\n\t<b>\u00d6NE \u00c7IKAN \u00d6ZELL\u0130K : 2 boyutlu tasr\u0131ma sahiptir. K\u0131l toplama masaj gibi etkilere ilave olarak evcil hayvan\u0131n\u0131z\u0131 y\u0131karken de kullan\u0131labilir<\/b><\/p>\n<p>\n\t<b>DAHA FAZLA SA\u00c7 TOPLAR:<\/b>Bu bak\u0131m eldiveni, gev\u015fek evcil hayvan t\u00fcylerini kolayca al\u0131r.<\/p>\n<div>\n\t<b>GEL\u0130\u015eT\u0130R\u0130LM\u0130\u015e BE\u015e PARMAK TASARIMI:<\/b>Eldivenimiz y\u00fcz, kuyruk veya bacaklar gibi ula\u015f\u0131lmas\u0131 zor hassas yerleri nazik\u00e7e temizlemenizi sa\u011flar. Evcil hayvanlar\u0131n\u0131z\u0131 daha iyi t\u0131mar etmek i\u00e7in yumu\u015fak ve daha uzun plastik u\u00e7lar.<\/div>\n<div>\n\t\u00a0<\/div>\n<div>\n\t<b>TEM\u0130ZL\u0130\u011e\u0130 KOLAY:<\/b>Evcil hayvan k\u0131l\u0131 eldivenden kolayca s\u0131yr\u0131labilir. Evcil hayvan sahipleri i\u00e7in zamandan tasarruf ve harika bir hediye. Makinede y\u0131kanabilir epilasyon eldiveni evinizi temiz ve d\u00fczenli tutar<\/div>\n<div>\n\tEvcil hayvanlar, bak\u0131mlar\u0131 \u00e7ok daha kolay, daha h\u0131zl\u0131 ve daha rahat hale getiren m\u00fckemmel evcil hayvan bak\u0131m eldivenini, hemsiz hem de evcil hayvanlar\u0131n\u0131z bunu sevecek!<\/div>\n<div>\n\tSadece gev\u015fek sa\u00e7lar\u0131 \u00e7\u0131karmazlar, ayn\u0131 zamanda evcil hayvan\u0131n\u0131za nazik, rahatlat\u0131c\u0131 bir masaj sunarlar.<\/div>\n<div>\n\tEvcil hayvanlar\u0131n\u0131z\u0131 her g\u00fcn eldivenlerimizle t\u0131mar etmek, mobilyalar\u0131n\u0131zda, k\u0131yafetlerinizde veya arabada daha az k\u00fcrk ve havada daha az alerjen anlam\u0131na gelir ve daha temiz bir ev ve daha sa\u011fl\u0131kl\u0131 bir ya\u015fam yarat\u0131r.<\/div>\n<div>\n\tAyr\u0131ca evcil hayvan\u0131n\u0131za daha sa\u011fl\u0131kl\u0131, daha mutlu ve stressiz bir ya\u015fam sa\u011flar! Yumu\u015fak malzeme, k\u00fcrk\u00fcn a\u011fr\u0131l\u0131 bir \u015fekilde \u00e7\u0131kar\u0131lmas\u0131 veya cildi tahri\u015f etmeden nazik bir masaj ve bak\u0131m sa\u011flar. Daha sonra evcil hayvanlar\u0131n\u0131z parlak, daha yumu\u015fak bir t\u00fcylere sahip olacak ve evcil hayvanlar\u0131n\u0131z\u0131n daha sa\u011fl\u0131kl\u0131, daha mutlu ve g\u00fczel g\u00f6r\u00fcnmesini sa\u011flayacakt\u0131r.<\/div>\n<p>\n\t<strong>M\u00dcKEMMEL SATI\u015e SONRASI H\u0130ZMET : <\/strong>HSNET \/ HSNET olarak m\u00fc\u015fterilerimize en iyi hizmeti sunmay\u0131 ama\u00e7l\u0131yor, g\u00fcvenle sat\u0131n alabilmeniz i\u00e7in, ambalaj kalitemize g\u00fcveniyor, her \u00fcr\u00fcn sorunsuz teslimat i\u00e7in \u00f6zenle paketliyor ve resimde belirtilen renk, ebat, \u00f6zelikte \u00fcr\u00fcn g\u00f6ndermeyi taahh\u00fct ediyoruz. Hasarl\u0131 \u00fcr\u00fcn ald\u0131ysan\u0131z veya di\u011fer \u00fcr\u00fcn ve paket teslimat sorunlar\u0131 oldu\u011funda bizimle ileti\u015fime ge\u00e7mekten \u00e7ekinmeyin.<\/p>\n<p>\n\t<strong>Detayl\u0131 bilgi i\u00e7in ek resimleri inceleyebilirsiniz<\/strong><\/p>\n<p><\/p>\n<p>\n\t<strong><img decoding=\"async\"  src=\"https:\/\/hepsicdn.com.tr\/static\/product_detail\/hbnet6755a56a_4780201.webp\"><\/strong><\/p>\n<p>\n\t\u00a0<\/p>\n","protected":false},"excerpt":{"rendered":"<p>\u00dcr\u00fcn \u00d6zellikleri : Adet \/ Renk \/ Tasar\u0131m :1\u00a0Adet, HSNET\u00a0Hentges\u00a0Design olarak tasarlad\u0131\u011f\u0131m\u0131z, resimde yer alan rengi, s\u00fcrpriz ya\u015famaman\u0131z i\u00e7in birebir g\u00f6nderiyoruz GEN\u0130\u015e KULLANIM ALANI :Uzun, k\u0131sa ve k\u0131v\u0131rc\u0131k sa\u00e7l\u0131 k\u00f6pekler, kediler, atlar ve tav\u015fanlar i\u00e7in m\u00fckemmeldir. \u00d6NE \u00c7IKAN \u00d6ZELL\u0130K : 2 boyutlu tasr\u0131ma sahiptir. K\u0131l toplama masaj gibi etkilere ilave olarak evcil hayvan\u0131n\u0131z\u0131 y\u0131karken de&#8230;<\/p>\n","protected":false},"featured_media":102218,"comment_status":"open","ping_status":"closed","template":"","meta":{"_kad_post_transparent":"","_kad_post_title":"","_kad_post_layout":"","_kad_post_sidebar_id":"","_kad_post_content_style":"","_kad_post_vertical_padding":"","_kad_post_feature":"","_kad_post_feature_position":"","_kad_post_header":false,"_kad_post_footer":false,"_kad_post_classname":""},"product_brand":[],"product_cat":[14338],"product_tag":[],"class_list":{"0":"post-102219","1":"product","2":"type-product","3":"status-publish","4":"has-post-thumbnail","6":"product_cat-evcil-hayvan-urunleri-pet-shop-supermarket-evcil-hayvan-urunleri","8":"first","9":"instock","10":"purchasable","11":"product-type-simple","12":"entry","13":"content-bg","14":"loop-entry"},"_links":{"self":[{"href":"https:\/\/www.hediyepazar.com\/index.php?rest_route=\/wp\/v2\/product\/102219","targetHints":{"allow":["GET"]}}],"collection":[{"href":"https:\/\/www.hediyepazar.com\/index.php?rest_route=\/wp\/v2\/product"}],"about":[{"href":"https:\/\/www.hediyepazar.com\/index.php?rest_route=\/wp\/v2\/types\/product"}],"replies":[{"embeddable":true,"href":"https:\/\/www.hediyepazar.com\/index.php?rest_route=%2Fwp%2Fv2%2Fcomments&post=102219"}],"wp:featuredmedia":[{"embeddable":true,"href":"https:\/\/www.hediyepazar.com\/index.php?rest_route=\/wp\/v2\/media\/102218"}],"wp:attachment":[{"href":"https:\/\/www.hediyepazar.com\/index.php?rest_route=%2Fwp%2Fv2%2Fmedia&parent=102219"}],"wp:term":[{"taxonomy":"product_brand","embeddable":true,"href":"https:\/\/www.hediyepazar.com\/index.php?rest_route=%2Fwp%2Fv2%2Fproduct_brand&post=102219"},{"taxonomy":"product_cat","embeddable":true,"href":"https:\/\/www.hediyepazar.com\/index.php?rest_route=%2Fwp%2Fv2%2Fproduct_cat&post=102219"},{"taxonomy":"product_tag","embeddable":true,"href":"https:\/\/www.hediyepazar.com\/index.php?rest_route=%2Fwp%2Fv2%2Fproduct_tag&post=102219"}],"curies":[{"name":"wp","href":"https:\/\/api.w.org\/{rel}","templated":true}]}}