{"id":102221,"date":"2026-05-04T05:18:29","date_gmt":"2026-05-04T08:18:29","guid":{"rendered":"https:\/\/www.hediyepazar.com\/?product=turk-maske-sivi-fondoten-tonlama-spatulasi-celik"},"modified":"2026-05-04T05:18:29","modified_gmt":"2026-05-04T08:18:29","slug":"turk-maske-sivi-fondoten-tonlama-spatulasi-celik","status":"publish","type":"product","link":"https:\/\/www.hediyepazar.com\/?product=turk-maske-sivi-fondoten-tonlama-spatulasi-celik","title":{"rendered":"Turk Maske S\u0131v\u0131 Fond\u00f6ten Tonlama Spatulas\u0131 \u00c7elik"},"content":{"rendered":"<p>\n\t<strong>\u00dcr\u00fcn \u00d6zellikleri : <\/strong><\/p>\n<p>\t<strong>AKSESUARLAR \u00dcR\u00dcNE DAH\u0130L DE\u011e\u0130LD\u0130R. <\/strong><\/p>\n<p>\t<strong>Materyal : paslanmaz \u00e7elik\u00a0<\/strong><\/p>\n<p>\t<strong>Adet \/ Renk \/ Tasar\u0131m : <\/strong> 1 Adet, HSNET\u00a0 \u00a0olarak tasarlad\u0131\u011f\u0131m\u0131z, resimde yer alan rengi, s\u00fcrpriz ya\u015famaman\u0131z i\u00e7in birebir g\u00f6nderiyoruz<\/p>\n<p>\t<strong>\u00d6l\u00e7\u00fcler (bir cep telefonu ortalama 16 cm dir. K\u0131yaslaman\u0131z i\u00e7in kolayl\u0131k de\u011fil mi ? ) : 16 x 1 cm<\/strong><\/p>\n<p>\tS\u0131v\u0131 temeli rengini kar\u0131\u015ft\u0131rmak, s\u0131v\u0131 temeli uygun bir renk olu\u015fturmak i\u00e7in s\u0131v\u0131 temeli n\u00f6tralize etmek ve e\u015fit olarak kar\u0131\u015ft\u0131rmak i\u00e7in kullan\u0131l\u0131r. Renkleri kar\u0131\u015ft\u0131rmak ve \u00e7apraz kontaminasyonu \u00f6nlemek i\u00e7in Ideal<br \/>\n\tErgonomik sap tutmak kolay ve rahatt\u0131r.<br \/>\n\tPaslanmaz \u00e7elik kozmetik spatulas\u0131 profesyonel salonlar veya aileler i\u00e7in \u00e7ok uygundur. Bir partide oldu\u011funuzda veya d\u0131\u015far\u0131 \u00e7\u0131kt\u0131\u011f\u0131n\u0131zda \u00e7antan\u0131za konacak kadar k\u00fc\u00e7\u00fckler. 5. Renk kar\u0131\u015ft\u0131rma \u00e7ubu\u011fu, makyaj renk kar\u0131\u015ft\u0131rma, maske, a\u011fda vb i\u00e7in kullan\u0131labilir. Geli\u015fmi\u015f i\u015fleme teknolojisi ile, yumu\u015fak, hassas ve kullan\u0131m\u0131 g\u00fcvenlidir.<br \/>\n\tDayan\u0131kl\u0131 malzeme: Makyaj paletleri \u00e7ubu\u011fu, g\u00fc\u00e7l\u00fc, paslanmaya kar\u015f\u0131 dayan\u0131kl\u0131 ve dayan\u0131kl\u0131, y\u00fcksek kaliteli paslanmaz \u00e7elikten yap\u0131lm\u0131\u015ft\u0131r. Paslanmaz \u00e7elik makyaj spatulas\u0131, salonda veya evde profesyonel kullan\u0131m i\u00e7in m\u00fckemmeldir.<br \/>\n\tBu makyaj \u00e7ubu\u011funun kir, yap\u0131\u015ft\u0131r\u0131c\u0131 ve renk uyumu elde etmesi kolay de\u011fildir.<br \/>\n\tFond\u00f6ten-s\u0131v\u0131y\u0131 kar\u0131\u015ft\u0131r\u0131n: \u0130stenilen makyaj rengini elde etmek i\u00e7in paletleri kar\u0131\u015ft\u0131rmak i\u00e7in bir makyaj \u00e7ubu\u011fu kullan\u0131n. Geni\u015f uygulama alan\u0131: Renk \u00e7ubu\u011fu, oje, ruj, g\u00f6z far\u0131, oje, fond\u00f6ten-s\u0131v\u0131, el kremi, v\u00fccut kremi ve di\u011fer \u00fcr\u00fcnleri kar\u0131\u015ft\u0131rmak gibi fond\u00f6ten-s\u0131v\u0131y\u0131 kar\u0131\u015ft\u0131rmak i\u00e7in uygundur.<br \/>\n\tTa\u015f\u0131nabilir tasar\u0131m: Makyaj sanat\u00e7\u0131lar\u0131 ve manik\u00fcrc\u00fcler i\u00e7in vazge\u00e7ilmez bir ara\u00e7.<br \/>\n\tK\u00fc\u00e7\u00fck boyutlu, hafif, saklamas\u0131 ve ta\u015f\u0131mas\u0131 kolay, ev kullan\u0131m\u0131, kozmetik ma\u011fazalar\u0131 ve manik\u00fcr salonlar\u0131 i\u00e7in uygundur.<\/p>\n<p>\n\t<strong>M\u00dcKEMMEL SATI\u015e SONRASI H\u0130ZMET : <\/strong>Bu \u00fcr\u00fcne daha avantajl\u0131 sahip olabilmeniz i\u00e7in ma\u011fazam\u0131z\u0131 ziyaret ederek, kampanyalar\u0131 inceleyebilirsiniz. HSNET \/ HSNET olarak m\u00fc\u015fterilerimize en iyi hizmeti sunmay\u0131 ama\u00e7l\u0131yor, g\u00fcvenle sat\u0131n alabilmeniz i\u00e7in, ambalaj kalitemize g\u00fcveniyor, her \u00fcr\u00fcn sorunsuz teslimat i\u00e7in \u00f6zenle paketliyor ve resimde belirtilen renk, ebat, \u00f6zelikte \u00fcr\u00fcn g\u00f6ndermeyi taahh\u00fct ediyoruz. Hasarl\u0131 \u00fcr\u00fcn ald\u0131ysan\u0131z veya di\u011fer \u00fcr\u00fcn ve paket teslimat sorunlar\u0131 oldu\u011funda bizimle ileti\u015fime ge\u00e7mekten \u00e7ekinmeyin.<\/p>\n<p>\n\t<strong>Detayl\u0131 bilgi i\u00e7in ek resimleri inceleyebilirsiniz<\/strong><\/p>\n<p><\/p>\n<p>\n\t<strong><img decoding=\"async\"  src=\"https:\/\/hepsicdn.com.tr\/static\/product_detail\/hbnet897decf2_4780301.jpg\"><\/strong><\/p>\n<p>\n\t\u00a0<\/p>\n","protected":false},"excerpt":{"rendered":"<p>\u00dcr\u00fcn \u00d6zellikleri : AKSESUARLAR \u00dcR\u00dcNE DAH\u0130L DE\u011e\u0130LD\u0130R. Materyal : paslanmaz \u00e7elik\u00a0 Adet \/ Renk \/ Tasar\u0131m : 1 Adet, HSNET\u00a0 \u00a0olarak tasarlad\u0131\u011f\u0131m\u0131z, resimde yer alan rengi, s\u00fcrpriz ya\u015famaman\u0131z i\u00e7in birebir g\u00f6nderiyoruz \u00d6l\u00e7\u00fcler (bir cep telefonu ortalama 16 cm dir. K\u0131yaslaman\u0131z i\u00e7in kolayl\u0131k de\u011fil mi ? ) : 16 x 1 cm S\u0131v\u0131 temeli rengini kar\u0131\u015ft\u0131rmak,&#8230;<\/p>\n","protected":false},"featured_media":102220,"comment_status":"open","ping_status":"closed","template":"","meta":{"_kad_post_transparent":"","_kad_post_title":"","_kad_post_layout":"","_kad_post_sidebar_id":"","_kad_post_content_style":"","_kad_post_vertical_padding":"","_kad_post_feature":"","_kad_post_feature_position":"","_kad_post_header":false,"_kad_post_footer":false,"_kad_post_classname":""},"product_brand":[],"product_cat":[14357],"product_tag":[],"class_list":{"0":"post-102221","1":"product","2":"type-product","3":"status-publish","4":"has-post-thumbnail","6":"product_cat-makyaj-organizeri-makyaj-kozmetik-makyaj-organizeri-makyaj-kozmetik","8":"first","9":"instock","10":"purchasable","11":"product-type-simple","12":"entry","13":"content-bg","14":"loop-entry"},"_links":{"self":[{"href":"https:\/\/www.hediyepazar.com\/index.php?rest_route=\/wp\/v2\/product\/102221","targetHints":{"allow":["GET"]}}],"collection":[{"href":"https:\/\/www.hediyepazar.com\/index.php?rest_route=\/wp\/v2\/product"}],"about":[{"href":"https:\/\/www.hediyepazar.com\/index.php?rest_route=\/wp\/v2\/types\/product"}],"replies":[{"embeddable":true,"href":"https:\/\/www.hediyepazar.com\/index.php?rest_route=%2Fwp%2Fv2%2Fcomments&post=102221"}],"wp:featuredmedia":[{"embeddable":true,"href":"https:\/\/www.hediyepazar.com\/index.php?rest_route=\/wp\/v2\/media\/102220"}],"wp:attachment":[{"href":"https:\/\/www.hediyepazar.com\/index.php?rest_route=%2Fwp%2Fv2%2Fmedia&parent=102221"}],"wp:term":[{"taxonomy":"product_brand","embeddable":true,"href":"https:\/\/www.hediyepazar.com\/index.php?rest_route=%2Fwp%2Fv2%2Fproduct_brand&post=102221"},{"taxonomy":"product_cat","embeddable":true,"href":"https:\/\/www.hediyepazar.com\/index.php?rest_route=%2Fwp%2Fv2%2Fproduct_cat&post=102221"},{"taxonomy":"product_tag","embeddable":true,"href":"https:\/\/www.hediyepazar.com\/index.php?rest_route=%2Fwp%2Fv2%2Fproduct_tag&post=102221"}],"curies":[{"name":"wp","href":"https:\/\/api.w.org\/{rel}","templated":true}]}}