{"id":102228,"date":"2026-05-04T05:22:18","date_gmt":"2026-05-04T08:22:18","guid":{"rendered":"https:\/\/www.hediyepazar.com\/?product=turk-sac-boyasi-onlugu-90-adet"},"modified":"2026-05-04T05:22:18","modified_gmt":"2026-05-04T08:22:18","slug":"turk-sac-boyasi-onlugu-90-adet","status":"publish","type":"product","link":"https:\/\/www.hediyepazar.com\/?product=turk-sac-boyasi-onlugu-90-adet","title":{"rendered":"Turk Sa\u00e7 Boyas\u0131 \u00d6nl\u00fc\u011f\u00fc 90 Adet"},"content":{"rendered":"<p>\n\t<strong>\u00dcr\u00fcn \u00d6zellikleri : <\/strong><\/p>\n<p>\n\t<strong>Adet : 90 adet KULLAN-AT FORMUNDA <\/strong><\/p>\n<p>\n\t<strong>\u00d6l\u00e7\u00fcler : UNISEX VE TEK BOYUT HERKESE UYAR <\/strong><\/p>\n<p>\n\t<strong>GEN\u0130\u015e KULLANIM ALANI : Evde sa\u00e7lar\u0131n\u0131 boyayanlar, a\u011f\u0131r makyaj yapanlar veya kuaf\u00f6r\/berber salonlar\u0131nda kullan\u0131labilir <\/strong><\/p>\n<p>\n\tEVDE DE KULLANIM \u0130\u00c7\u0130N : Sa\u00e7\u0131n\u0131z\u0131 \u015fampuanlarken, kozmetik uygularken veya sa\u00e7 boyan\u0131z\u0131 kendiniz yaparken, kendinizi koruyun. Bunlar\u0131 ev rahatl\u0131\u011f\u0131nda kullan\u0131n, pratikli\u011finin ve rahatl\u0131\u011f\u0131n\u0131n tad\u0131n\u0131 \u00e7\u0131kar\u0131n.<\/p>\n<p>\n\tUNISEX VE TEK BOYUT HERKESE UYAR : Bu salon sa\u00e7 pelerinleri erkekler, kad\u0131nlar ve hatta \u00e7ocuklar i\u00e7in m\u00fckemmeldir. Sadece boynunuza ba\u011flay\u0131n ve m\u00fc\u015fterilerinizi ve sandalyelerinizi temiz ve korumal\u0131 tutmak i\u00e7in salon \u00f6nl\u00fcklerini sandalyenin \u00fczerine as\u0131n<\/p>\n<p>\n\t\u0130\u015eYERLER\u0130 \u0130\u00c7\u0130N &#8211; SALONUNUZU MODERN, \u015eIK, TEM\u0130Z VE PROFESYONEL TUTUN : Daha fazla m\u00fc\u015fteri \u00e7ekmek i\u00e7in o parlak atmosferi yarat\u0131n. Alan\u0131n\u0131z\u0131n etraf\u0131nda as\u0131l\u0131 pelerinlere ve \u00f6nl\u00fcklere gerek yok. Bu tek kullan\u0131ml\u0131k pelerinler tak\u0131labilir ve seans biter bitmez en yak\u0131n \u00e7\u00f6p kutusuna at\u0131labilir.<\/p>\n<p>\n\tH\u0130JYEN\u0130K B\u0130R ORTAM YARATIN : Bir m\u00fc\u015fteriden di\u011ferine giyilen KUAF\u00d6R pelerinleri, m\u00fc\u015fterileriniz aras\u0131nda mikroplar\u0131 aktarman\u0131n etkili bir yolu olabilir. Bu tek kullan\u0131ml\u0131k pelerinler, bunlar\u0131n m\u00fc\u015fteriler aras\u0131nda dola\u015fmas\u0131n\u0131 \u00f6nlemeyi m\u00fcmk\u00fcn k\u0131lar. \u00d6zellikle bug\u00fcn\u00fcn zamanlar\u0131nda, m\u00fc\u015fteriler m\u00fcmk\u00fcn olan en az maruziyete sahip olmaktan \u00e7ok memnun olacaklard\u0131r.<\/p>\n<p>\n\tHAF\u0130F, SU GE\u00c7\u0130RMEZ, YIRTILMAYA DAYANIKLI TASARIM &#8211; Bu pelerinler hafif plastikten yap\u0131lm\u0131\u015f olsalar da dayan\u0131kl\u0131d\u0131rlar ve d\u00fczenli kullan\u0131mda y\u0131rt\u0131lmazlar. Su ge\u00e7irmez tasar\u0131m\u0131, sa\u00e7 y\u0131karken suyu giysilerden uzak tutacakt\u0131r.<\/p>\n<p>\n\t<strong>M\u00dcKEMMEL SATI\u015e SONRASI H\u0130ZMET : <\/strong>Bu \u00fcr\u00fcne daha avantajl\u0131 sahip olabilmeniz i\u00e7in ma\u011fazam\u0131z\u0131 ziyaret ederek, kampanyalar\u0131 inceleyebilirsiniz. HSNET \/ HSNET olarak m\u00fc\u015fterilerimize en iyi hizmeti sunmay\u0131 ama\u00e7l\u0131yor, g\u00fcvenle sat\u0131n alabilmeniz i\u00e7in, ambalaj kalitemize g\u00fcveniyor, her \u00fcr\u00fcn sorunsuz teslimat i\u00e7in \u00f6zenle paketliyor ve resimde belirtilen renk, ebat, \u00f6zelikte \u00fcr\u00fcn g\u00f6ndermeyi taahh\u00fct ediyoruz. Hasarl\u0131 \u00fcr\u00fcn ald\u0131ysan\u0131z veya di\u011fer \u00fcr\u00fcn ve paket teslimat sorunlar\u0131 oldu\u011funda bizimle ileti\u015fime ge\u00e7mekten \u00e7ekinmeyin.<\/p>\n<p><p><strong>M\u00dcKEMMEL SATI\u015e SONRASI H\u0130ZMET : <\/strong>Bu \u00fcr\u00fcne daha avantajl\u0131 sahip olabilmeniz i\u00e7in ma\u011fazam\u0131z\u0131 ziyaret ederek, kampanyalar\u0131 inceleyebilirsiniz. HSNET \/ HSNET olarak m\u00fc\u015fterilerimize en iyi hizmeti sunmay\u0131 ama\u00e7l\u0131yor, g\u00fcvenle sat\u0131n alabilmeniz i\u00e7in, ambalaj kalitemize g\u00fcveniyor, her \u00fcr\u00fcn sorunsuz teslimat i\u00e7in \u00f6zenle paketliyor ve resimde belirtilen renk, ebat, \u00f6zelikte \u00fcr\u00fcn g\u00f6ndermeyi taahh\u00fct ediyoruz. Hasarl\u0131 \u00fcr\u00fcn ald\u0131ysan\u0131z veya di\u011fer \u00fcr\u00fcn ve paket teslimat sorunlar\u0131 oldu\u011funda bizimle ileti\u015fime ge\u00e7mekten \u00e7ekinmeyin.<\/p>\n<p><strong>Detayl\u0131 bilgi i\u00e7in ek resimleri inceleyebilirsiniz<\/p>\n<p> <img decoding=\"async\"  src=\"https:\/\/hepsicdn.com.tr\/static\/product_detail\/hbnet04f598e2_4781501.jpg\"><\/strong><\/strong><\/p>\n","protected":false},"excerpt":{"rendered":"<p>\u00dcr\u00fcn \u00d6zellikleri : Adet : 90 adet KULLAN-AT FORMUNDA \u00d6l\u00e7\u00fcler : UNISEX VE TEK BOYUT HERKESE UYAR GEN\u0130\u015e KULLANIM ALANI : Evde sa\u00e7lar\u0131n\u0131 boyayanlar, a\u011f\u0131r makyaj yapanlar veya kuaf\u00f6r\/berber salonlar\u0131nda kullan\u0131labilir EVDE DE KULLANIM \u0130\u00c7\u0130N : Sa\u00e7\u0131n\u0131z\u0131 \u015fampuanlarken, kozmetik uygularken veya sa\u00e7 boyan\u0131z\u0131 kendiniz yaparken, kendinizi koruyun. Bunlar\u0131 ev rahatl\u0131\u011f\u0131nda kullan\u0131n, pratikli\u011finin ve rahatl\u0131\u011f\u0131n\u0131n tad\u0131n\u0131&#8230;<\/p>\n","protected":false},"featured_media":0,"comment_status":"open","ping_status":"closed","template":"","meta":{"_kad_post_transparent":"","_kad_post_title":"","_kad_post_layout":"","_kad_post_sidebar_id":"","_kad_post_content_style":"","_kad_post_vertical_padding":"","_kad_post_feature":"","_kad_post_feature_position":"","_kad_post_header":false,"_kad_post_footer":false,"_kad_post_classname":""},"product_brand":[],"product_cat":[7902],"product_tag":[],"class_list":{"0":"post-102228","1":"product","2":"type-product","3":"status-publish","5":"product_cat-sac-boyasi-sac-bakimi-kozmetik-sac-boyasi-sac-bakimi-kozmetik","7":"first","8":"instock","9":"purchasable","10":"product-type-simple","11":"entry","12":"content-bg","13":"loop-entry"},"_links":{"self":[{"href":"https:\/\/www.hediyepazar.com\/index.php?rest_route=\/wp\/v2\/product\/102228","targetHints":{"allow":["GET"]}}],"collection":[{"href":"https:\/\/www.hediyepazar.com\/index.php?rest_route=\/wp\/v2\/product"}],"about":[{"href":"https:\/\/www.hediyepazar.com\/index.php?rest_route=\/wp\/v2\/types\/product"}],"replies":[{"embeddable":true,"href":"https:\/\/www.hediyepazar.com\/index.php?rest_route=%2Fwp%2Fv2%2Fcomments&post=102228"}],"wp:attachment":[{"href":"https:\/\/www.hediyepazar.com\/index.php?rest_route=%2Fwp%2Fv2%2Fmedia&parent=102228"}],"wp:term":[{"taxonomy":"product_brand","embeddable":true,"href":"https:\/\/www.hediyepazar.com\/index.php?rest_route=%2Fwp%2Fv2%2Fproduct_brand&post=102228"},{"taxonomy":"product_cat","embeddable":true,"href":"https:\/\/www.hediyepazar.com\/index.php?rest_route=%2Fwp%2Fv2%2Fproduct_cat&post=102228"},{"taxonomy":"product_tag","embeddable":true,"href":"https:\/\/www.hediyepazar.com\/index.php?rest_route=%2Fwp%2Fv2%2Fproduct_tag&post=102228"}],"curies":[{"name":"wp","href":"https:\/\/api.w.org\/{rel}","templated":true}]}}