{"id":102234,"date":"2026-05-04T05:23:03","date_gmt":"2026-05-04T08:23:03","guid":{"rendered":"https:\/\/www.hediyepazar.com\/?product=turk-bicak-bileme-tasi-2-adet-rodex-design"},"modified":"2026-05-04T05:23:03","modified_gmt":"2026-05-04T08:23:03","slug":"turk-bicak-bileme-tasi-2-adet-rodex-design","status":"publish","type":"product","link":"https:\/\/www.hediyepazar.com\/?product=turk-bicak-bileme-tasi-2-adet-rodex-design","title":{"rendered":"Turk B\u0131\u00e7ak Bileme Ta\u015f\u0131 2 ADET Rodex Design"},"content":{"rendered":"<p>\n\t<strong>\u00dcr\u00fcn \u00d6zellikleri : <\/strong><br \/>\n\t\u00a0<\/p>\n<p>\n\t<strong>GEN\u0130\u015e KULLANIM ALANI : \u00e7im bi\u00e7me makinesi b\u0131\u00e7aklar\u0131n\u0131, baltalar\u0131, makas, orak, mutfak b\u0131\u00e7aklar\u0131n\u0131 vb. onarmak ve birle\u015ftirmek i\u00e7in idealdir<\/strong><\/p>\n<p>\n\t150 GRIT : Korindon malzemenin korozyon direncinin kullan\u0131m\u0131, iyi ta\u015flama etkisi, h\u0131zl\u0131 bile<\/p>\n<p>\n\tERGONOM\u0130K TASARIM : \u00dcr\u00fcn k\u00fc\u00e7\u00fck ve kullan\u0131\u015fl\u0131d\u0131r D\u0131\u015f mekanda,evde ve \u00e7o\u011fu metal kesme aleti i\u00e7in uygundur.<\/p>\n<p>\n\tKULLANIMI KOLAY : Pahal\u0131 ta\u015flamalara gerek yok, ta\u015f\u0131 kullanmadan \u00f6nce 10-15 dakika suya koyun. B\u0131\u00e7a\u011f\u0131 bilerken, istedi\u011finiz zaman \u00fczerine su ekleyebilirsiniz.<\/p>\n<p>\n\t\u00c7OKLU TAKIMLARA UYGUN : En iyi keski ve alet bileyici, mutfak b\u0131\u00e7a\u011f\u0131 bileyici, \u00e7ak\u0131 bileyici, av b\u0131\u00e7a\u011f\u0131 bileyici, makas ve \u015fef b\u0131\u00e7a\u011f\u0131 bileyici, jilet ve balta bileyici olarak hizmet eder<\/p>\n<p>\n\tKULLANIMI SON DERECE KOLAY VE G\u00dcVENL\u0130 : bileme ta\u015f\u0131n\u0131z\u0131n kullan\u0131m\u0131 kolayd\u0131r ve ekstra fiziksel \u00e7aba veya ya\u011f kullan\u0131m\u0131 gerektirmez, bu da s\u00fcreci yeni ba\u015flayanlar i\u00e7in bile kolay ve olduk\u00e7a etkili hale getirir.<\/p>\n<p>\n\tKeskin b\u0131\u00e7aklar ve aletlerle kesme deneyiminizi geli\u015ftirin.K\u0131r\u0131k veya tamamen donuk b\u0131\u00e7aklar\u0131 onar\u0131r , donuk \u00e7eli\u011fi h\u0131zla \u00e7\u0131kar\u0131r ve ince \u00e7izikleri ve \u00e7apaklar\u0131 gidermek ve y\u00fczeyi cilalamak i\u00e7in yard\u0131mc\u0131 olur. Sadece biraz bilemeye ihtiya\u00e7 duyan b\u0131\u00e7aklar\u0131 tutmak i\u00e7in de daha iyidir.<\/p>\n<p>\n\t<strong>M\u00dcKEMMEL SATI\u015e SONRASI H\u0130ZMET : <\/strong>HSNET \/ HSNET olarak m\u00fc\u015fterilerimize en iyi hizmeti sunmay\u0131 ama\u00e7l\u0131yor, g\u00fcvenle sat\u0131n alabilmeniz i\u00e7in, ambalaj kalitemize g\u00fcveniyor, her \u00fcr\u00fcn sorunsuz teslimat i\u00e7in \u00f6zenle paketliyor ve resimde belirtilen renk, ebat, \u00f6zelikte \u00fcr\u00fcn g\u00f6ndermeyi taahh\u00fct ediyoruz. Hasarl\u0131 \u00fcr\u00fcn ald\u0131ysan\u0131z veya di\u011fer \u00fcr\u00fcn ve paket teslimat sorunlar\u0131 oldu\u011funda bizimle ileti\u015fime ge\u00e7mekten \u00e7ekinmeyin.<\/p>\n<p><strong>M\u00dcKEMMEL SATI\u015e SONRASI H\u0130ZMET : <\/strong>HSNET \/ HSNET olarak m\u00fc\u015fterilerimize en iyi hizmeti sunmay\u0131 ama\u00e7l\u0131yor, g\u00fcvenle sat\u0131n alabilmeniz i\u00e7in, ambalaj kalitemize g\u00fcveniyor, her \u00fcr\u00fcn sorunsuz teslimat i\u00e7in \u00f6zenle paketliyor ve resimde belirtilen renk, ebat, \u00f6zelikte \u00fcr\u00fcn g\u00f6ndermeyi taahh\u00fct ediyoruz. Hasarl\u0131 \u00fcr\u00fcn ald\u0131ysan\u0131z veya di\u011fer \u00fcr\u00fcn ve paket teslimat sorunlar\u0131 oldu\u011funda bizimle ileti\u015fime ge\u00e7mekten \u00e7ekinmeyin.<\/p>\n<p><strong>Detayl\u0131 bilgi i\u00e7in ek resimleri inceleyebilirsiniz<\/p>\n<p> <img decoding=\"async\"  src=\"https:\/\/hepsicdn.com.tr\/static\/product_detail\/hbnetd1b25546_4782501.jpg\"><\/strong><\/strong><\/p>\n","protected":false},"excerpt":{"rendered":"<p>\u00dcr\u00fcn \u00d6zellikleri : \u00a0 GEN\u0130\u015e KULLANIM ALANI : \u00e7im bi\u00e7me makinesi b\u0131\u00e7aklar\u0131n\u0131, baltalar\u0131, makas, orak, mutfak b\u0131\u00e7aklar\u0131n\u0131 vb. onarmak ve birle\u015ftirmek i\u00e7in idealdir 150 GRIT : Korindon malzemenin korozyon direncinin kullan\u0131m\u0131, iyi ta\u015flama etkisi, h\u0131zl\u0131 bile ERGONOM\u0130K TASARIM : \u00dcr\u00fcn k\u00fc\u00e7\u00fck ve kullan\u0131\u015fl\u0131d\u0131r D\u0131\u015f mekanda,evde ve \u00e7o\u011fu metal kesme aleti i\u00e7in uygundur. KULLANIMI KOLAY :&#8230;<\/p>\n","protected":false},"featured_media":102233,"comment_status":"open","ping_status":"closed","template":"","meta":{"_kad_post_transparent":"","_kad_post_title":"","_kad_post_layout":"","_kad_post_sidebar_id":"","_kad_post_content_style":"","_kad_post_vertical_padding":"","_kad_post_feature":"","_kad_post_feature_position":"","_kad_post_header":false,"_kad_post_footer":false,"_kad_post_classname":""},"product_brand":[],"product_cat":[7826],"product_tag":[],"class_list":{"0":"post-102234","1":"product","2":"type-product","3":"status-publish","4":"has-post-thumbnail","6":"product_cat-endustriyel-mutfak-ekipmanlari-sofra-sofra-mutfak-ev-yasam-endustriyel-mutfak-ekipmanlari","8":"first","9":"instock","10":"purchasable","11":"product-type-simple","12":"entry","13":"content-bg","14":"loop-entry"},"_links":{"self":[{"href":"https:\/\/www.hediyepazar.com\/index.php?rest_route=\/wp\/v2\/product\/102234","targetHints":{"allow":["GET"]}}],"collection":[{"href":"https:\/\/www.hediyepazar.com\/index.php?rest_route=\/wp\/v2\/product"}],"about":[{"href":"https:\/\/www.hediyepazar.com\/index.php?rest_route=\/wp\/v2\/types\/product"}],"replies":[{"embeddable":true,"href":"https:\/\/www.hediyepazar.com\/index.php?rest_route=%2Fwp%2Fv2%2Fcomments&post=102234"}],"wp:featuredmedia":[{"embeddable":true,"href":"https:\/\/www.hediyepazar.com\/index.php?rest_route=\/wp\/v2\/media\/102233"}],"wp:attachment":[{"href":"https:\/\/www.hediyepazar.com\/index.php?rest_route=%2Fwp%2Fv2%2Fmedia&parent=102234"}],"wp:term":[{"taxonomy":"product_brand","embeddable":true,"href":"https:\/\/www.hediyepazar.com\/index.php?rest_route=%2Fwp%2Fv2%2Fproduct_brand&post=102234"},{"taxonomy":"product_cat","embeddable":true,"href":"https:\/\/www.hediyepazar.com\/index.php?rest_route=%2Fwp%2Fv2%2Fproduct_cat&post=102234"},{"taxonomy":"product_tag","embeddable":true,"href":"https:\/\/www.hediyepazar.com\/index.php?rest_route=%2Fwp%2Fv2%2Fproduct_tag&post=102234"}],"curies":[{"name":"wp","href":"https:\/\/api.w.org\/{rel}","templated":true}]}}