{"id":102237,"date":"2026-05-04T05:23:58","date_gmt":"2026-05-04T08:23:58","guid":{"rendered":"https:\/\/www.hediyepazar.com\/?product=turk-buyuk-mutfak-erzak-kuregi-3-adet-manila-2"},"modified":"2026-05-04T05:23:58","modified_gmt":"2026-05-04T08:23:58","slug":"turk-buyuk-mutfak-erzak-kuregi-3-adet-manila-2","status":"publish","type":"product","link":"https:\/\/www.hediyepazar.com\/?product=turk-buyuk-mutfak-erzak-kuregi-3-adet-manila-2","title":{"rendered":"Turk B\u00fcy\u00fck Mutfak Erzak K\u00fcre\u011fi 3 adet Manila"},"content":{"rendered":"<p>\n\t<strong>\u00dcr\u00fcn \u00d6zellikleri : <\/strong><\/p>\n<p>\t<strong>Materyal : <\/strong>Plastik <\/p>\n<p>\t<strong>Adet \/ Renk \/ Tasar\u0131m : <\/strong> 3 Adet, HSNET\u00a0\u00a0<span style=\"color: rgb(1, 15, 38); font-family: Roboto, sans-serif; font-size: 13px; background-color: rgb(247, 247, 247);\">Manila\u00a0<\/span>Design olarak tasarlad\u0131\u011f\u0131m\u0131z, resimde yer alan modeli, s\u00fcrpriz ya\u015famaman\u0131z i\u00e7in birebir g\u00f6nderiyoruz<\/p>\n<p>\t\u00d6NE \u00c7IKAN \u00d6ZELL\u0130K : 1 den 14,5 cm\u2019e kadar \u00f6l\u00e7ek \u00e7izgileri bulunur.<\/p>\n<p>\n\t30 cm uzunlu\u011fundan, Kuru bakliyat, erzak vb. gibi g\u0131dalar\u0131 doldurmakta kullan\u0131l\u0131r.<\/p>\n<p>\n\tAyn\u0131 zamanda tariflerde \u00f6l\u00e7\u00fc ama\u00e7l\u0131 da kullan\u0131labilir.<\/p>\n<p>\n\tDETAYLI B\u0130LG\u0130 \u0130\u00c7\u0130N EK RES\u0130MLER\u0130 \u0130NCELEYEB\u0130L\u0130RS\u0130N\u0130Z.<\/p>\n<p>\n\t<span br=\"\"><img decoding=\"async\"  src=\"https:\/\/hepsicdn.com.tr\/static\/product_detail\/hbnet52bcbd4e_4782701.webp\"> <\/span><\/p>\n","protected":false},"excerpt":{"rendered":"<p>\u00dcr\u00fcn \u00d6zellikleri : Materyal : Plastik Adet \/ Renk \/ Tasar\u0131m : 3 Adet, HSNET\u00a0\u00a0Manila\u00a0Design olarak tasarlad\u0131\u011f\u0131m\u0131z, resimde yer alan modeli, s\u00fcrpriz ya\u015famaman\u0131z i\u00e7in birebir g\u00f6nderiyoruz \u00d6NE \u00c7IKAN \u00d6ZELL\u0130K : 1 den 14,5 cm\u2019e kadar \u00f6l\u00e7ek \u00e7izgileri bulunur. 30 cm uzunlu\u011fundan, Kuru bakliyat, erzak vb. gibi g\u0131dalar\u0131 doldurmakta kullan\u0131l\u0131r. Ayn\u0131 zamanda tariflerde \u00f6l\u00e7\u00fc ama\u00e7l\u0131 da&#8230;<\/p>\n","protected":false},"featured_media":102236,"comment_status":"open","ping_status":"closed","template":"","meta":{"_kad_post_transparent":"","_kad_post_title":"","_kad_post_layout":"","_kad_post_sidebar_id":"","_kad_post_content_style":"","_kad_post_vertical_padding":"","_kad_post_feature":"","_kad_post_feature_position":"","_kad_post_header":false,"_kad_post_footer":false,"_kad_post_classname":""},"product_brand":[],"product_cat":[7826],"product_tag":[],"class_list":{"0":"post-102237","1":"product","2":"type-product","3":"status-publish","4":"has-post-thumbnail","6":"product_cat-endustriyel-mutfak-ekipmanlari-sofra-sofra-mutfak-ev-yasam-endustriyel-mutfak-ekipmanlari","8":"first","9":"instock","10":"purchasable","11":"product-type-simple","12":"entry","13":"content-bg","14":"loop-entry"},"_links":{"self":[{"href":"https:\/\/www.hediyepazar.com\/index.php?rest_route=\/wp\/v2\/product\/102237","targetHints":{"allow":["GET"]}}],"collection":[{"href":"https:\/\/www.hediyepazar.com\/index.php?rest_route=\/wp\/v2\/product"}],"about":[{"href":"https:\/\/www.hediyepazar.com\/index.php?rest_route=\/wp\/v2\/types\/product"}],"replies":[{"embeddable":true,"href":"https:\/\/www.hediyepazar.com\/index.php?rest_route=%2Fwp%2Fv2%2Fcomments&post=102237"}],"wp:featuredmedia":[{"embeddable":true,"href":"https:\/\/www.hediyepazar.com\/index.php?rest_route=\/wp\/v2\/media\/102236"}],"wp:attachment":[{"href":"https:\/\/www.hediyepazar.com\/index.php?rest_route=%2Fwp%2Fv2%2Fmedia&parent=102237"}],"wp:term":[{"taxonomy":"product_brand","embeddable":true,"href":"https:\/\/www.hediyepazar.com\/index.php?rest_route=%2Fwp%2Fv2%2Fproduct_brand&post=102237"},{"taxonomy":"product_cat","embeddable":true,"href":"https:\/\/www.hediyepazar.com\/index.php?rest_route=%2Fwp%2Fv2%2Fproduct_cat&post=102237"},{"taxonomy":"product_tag","embeddable":true,"href":"https:\/\/www.hediyepazar.com\/index.php?rest_route=%2Fwp%2Fv2%2Fproduct_tag&post=102237"}],"curies":[{"name":"wp","href":"https:\/\/api.w.org\/{rel}","templated":true}]}}