{"id":102239,"date":"2026-05-04T05:24:03","date_gmt":"2026-05-04T08:24:03","guid":{"rendered":"https:\/\/www.hediyepazar.com\/?product=turk-uzun-30-cm-celik-cimbiz-karjalainen-design-2"},"modified":"2026-05-04T05:24:03","modified_gmt":"2026-05-04T08:24:03","slug":"turk-uzun-30-cm-celik-cimbiz-karjalainen-design-2","status":"publish","type":"product","link":"https:\/\/www.hediyepazar.com\/?product=turk-uzun-30-cm-celik-cimbiz-karjalainen-design-2","title":{"rendered":"Turk Uzun 30 cm \u00c7elik C\u0131mb\u0131z Karjalainen Design"},"content":{"rendered":"<p>\n\t<strong>\u00dcr\u00fcn \u00d6zellikleri : <\/strong><\/p>\n<p>\t<strong>Materyal : Paslanmaz \u00c7elik\u00a0<\/strong><\/p>\n<p>\t<strong>Adet \/ Renk \/ Tasar\u0131m : <\/strong> 1 Adet, HSNET<span style=\"color: rgb(1, 15, 38); font-family: Roboto, sans-serif; font-size: 13px;\">Karjalainen<\/span>\u00a0Design olarak tasarlad\u0131\u011f\u0131m\u0131z, resimde yer alan KROM rengi, s\u00fcrpriz ya\u015famaman\u0131z i\u00e7in birebir g\u00f6nderiyoruz<\/p>\n<p>\t<strong>\u00d6l\u00e7\u00fcler :\u00a0<\/strong>30 cm uzunluk x geni\u015flik 0,8 cm<\/p>\n<p>\tPaslanmaz \u00e7elikten \u00fcretilmi\u015ftir, dayan\u0131kl\u0131d\u0131r ve t\u0131rt\u0131kl\u0131 u\u00e7lar sayesinde kaymaz, e\u015fyalar\u0131 g\u00fcvenli bir \u015fekilde tutabilir<\/p>\n<p>\tUzun boru derin ve ula\u015f\u0131lmas\u0131 zor alanlara ula\u015fman\u0131za yard\u0131mc\u0131 olur<\/p>\n<p>\tGeni\u015f kullan\u0131m alanlar\u0131: Akvaryum, M\u00fccevher, Bistro, Laboratuvar, Barlar, \u00c7i\u00e7ek bak\u0131m\u0131 gibi bir \u00e7ok alanda kullan\u0131labilir.<\/p>\n<p>\n\t<strong>M\u00dcKEMMEL SATI\u015e SONRASI H\u0130ZMET : <\/strong>HSNET \/ HSNET olarak m\u00fc\u015fterilerimize en iyi hizmeti sunmay\u0131 ama\u00e7l\u0131yor, g\u00fcvenle sat\u0131n alabilmeniz i\u00e7in, ambalaj kalitemize g\u00fcveniyor, her \u00fcr\u00fcn sorunsuz teslimat i\u00e7in \u00f6zenle paketliyor ve resimde belirtilen renk, ebat, \u00f6zelikte \u00fcr\u00fcn g\u00f6ndermeyi taahh\u00fct ediyoruz. Hasarl\u0131 \u00fcr\u00fcn ald\u0131ysan\u0131z veya di\u011fer \u00fcr\u00fcn ve paket teslimat sorunlar\u0131 oldu\u011funda bizimle ileti\u015fime ge\u00e7mekten \u00e7ekinmeyin.<\/p>\n<p>\n\t<strong>Detayl\u0131 bilgi i\u00e7in ek resimleri inceleyebilirsiniz<\/strong><\/p>\n<p><\/p>\n<p>\n\t<strong><img decoding=\"async\"  src=\"https:\/\/hepsicdn.com.tr\/static\/product_detail\/hbnet166c1e1c_4782801.jpg\"><\/strong><\/p>\n<p>\n\t\u00a0<\/p>\n","protected":false},"excerpt":{"rendered":"<p>\u00dcr\u00fcn \u00d6zellikleri : Materyal : Paslanmaz \u00c7elik\u00a0 Adet \/ Renk \/ Tasar\u0131m : 1 Adet, HSNETKarjalainen\u00a0Design olarak tasarlad\u0131\u011f\u0131m\u0131z, resimde yer alan KROM rengi, s\u00fcrpriz ya\u015famaman\u0131z i\u00e7in birebir g\u00f6nderiyoruz \u00d6l\u00e7\u00fcler :\u00a030 cm uzunluk x geni\u015flik 0,8 cm Paslanmaz \u00e7elikten \u00fcretilmi\u015ftir, dayan\u0131kl\u0131d\u0131r ve t\u0131rt\u0131kl\u0131 u\u00e7lar sayesinde kaymaz, e\u015fyalar\u0131 g\u00fcvenli bir \u015fekilde tutabilir Uzun boru derin ve ula\u015f\u0131lmas\u0131&#8230;<\/p>\n","protected":false},"featured_media":102238,"comment_status":"open","ping_status":"closed","template":"","meta":{"_kad_post_transparent":"","_kad_post_title":"","_kad_post_layout":"","_kad_post_sidebar_id":"","_kad_post_content_style":"","_kad_post_vertical_padding":"","_kad_post_feature":"","_kad_post_feature_position":"","_kad_post_header":false,"_kad_post_footer":false,"_kad_post_classname":""},"product_brand":[],"product_cat":[7831],"product_tag":[],"class_list":{"0":"post-102239","1":"product","2":"type-product","3":"status-publish","4":"has-post-thumbnail","6":"product_cat-hobi-malzemeleri-hobi-ev-yasam-hobi-malzemeleri-hobi-ev-yasam","8":"first","9":"instock","10":"purchasable","11":"product-type-simple","12":"entry","13":"content-bg","14":"loop-entry"},"_links":{"self":[{"href":"https:\/\/www.hediyepazar.com\/index.php?rest_route=\/wp\/v2\/product\/102239","targetHints":{"allow":["GET"]}}],"collection":[{"href":"https:\/\/www.hediyepazar.com\/index.php?rest_route=\/wp\/v2\/product"}],"about":[{"href":"https:\/\/www.hediyepazar.com\/index.php?rest_route=\/wp\/v2\/types\/product"}],"replies":[{"embeddable":true,"href":"https:\/\/www.hediyepazar.com\/index.php?rest_route=%2Fwp%2Fv2%2Fcomments&post=102239"}],"wp:featuredmedia":[{"embeddable":true,"href":"https:\/\/www.hediyepazar.com\/index.php?rest_route=\/wp\/v2\/media\/102238"}],"wp:attachment":[{"href":"https:\/\/www.hediyepazar.com\/index.php?rest_route=%2Fwp%2Fv2%2Fmedia&parent=102239"}],"wp:term":[{"taxonomy":"product_brand","embeddable":true,"href":"https:\/\/www.hediyepazar.com\/index.php?rest_route=%2Fwp%2Fv2%2Fproduct_brand&post=102239"},{"taxonomy":"product_cat","embeddable":true,"href":"https:\/\/www.hediyepazar.com\/index.php?rest_route=%2Fwp%2Fv2%2Fproduct_cat&post=102239"},{"taxonomy":"product_tag","embeddable":true,"href":"https:\/\/www.hediyepazar.com\/index.php?rest_route=%2Fwp%2Fv2%2Fproduct_tag&post=102239"}],"curies":[{"name":"wp","href":"https:\/\/api.w.org\/{rel}","templated":true}]}}