{"id":102248,"date":"2026-05-04T05:25:58","date_gmt":"2026-05-04T08:25:58","guid":{"rendered":"https:\/\/www.hediyepazar.com\/?product=turk-berber-makasi-2-adet-profesyonel-6-5-inc-celik"},"modified":"2026-05-04T05:25:58","modified_gmt":"2026-05-04T08:25:58","slug":"turk-berber-makasi-2-adet-profesyonel-6-5-inc-celik","status":"publish","type":"product","link":"https:\/\/www.hediyepazar.com\/?product=turk-berber-makasi-2-adet-profesyonel-6-5-inc-celik","title":{"rendered":"Turk Berber Makas\u0131 2 ADET Profesyonel 6.5 in\u00e7 \u00c7elik"},"content":{"rendered":"<p>\n\t<strong>\u00dcr\u00fcn \u00d6zellikleri : <\/strong><br \/> AKSESUARLAR \u00dcR\u00dcNE DAH\u0130L DE\u011e\u0130LD\u0130R.<br \/>\n\t<br \/>\n\t<strong>Materyal : % 100 Kobalt Paslanmaz \u00c7elik\u00a0<\/strong><\/p>\n<p>\t<strong>Adet \/ Renk \/ Tasar\u0131m : <\/strong> 2 adet, HSNET Taksun Design\u00a0 olarak tasarlad\u0131\u011f\u0131m\u0131z, resimde yer alan D\u00dcZ KES\u0130M makas tasar\u0131m\u0131, s\u00fcrpriz ya\u015famaman\u0131z i\u00e7in birebir g\u00f6nderiyoruz<\/p>\n<p>\t<strong>\u00d6l\u00e7\u00fcler :\u00a0\u00a0<\/strong>6.5 in\u00e7 x 6\u00a0 cm kesim uzunlu\u011fu<br \/>\n\t\u00a0<br \/>\n\t420 paslanmaz \u00e7elikten yap\u0131lm\u0131\u015ft\u0131r, bu sa\u00e7 kesimi makaslar\u0131 sa\u00e7lar\u0131 m\u00fckemmel \u015fekilde keser ve paslanmaz. Her seferinde p\u00fcr\u00fczs\u00fcz bir sa\u00e7 kesimi, d\u00fczeltme ve \u015fekillendirme i\u00e7in jilet gibi keskin olacak \u015fekilde elle bilenmi\u015ftir.<\/p>\n<p>\tTasar\u0131m: Sa\u00e7 makas\u0131m\u0131z konfor ve stil i\u00e7in ergonomik olarak tasarlanm\u0131\u015ft\u0131r. parmak deste\u011fine ve dayan\u0131kl\u0131l\u0131k i\u00e7in ayarlanabilir bir vidaya sahiptirler. Ayr\u0131ca hassas sa\u00e7 kesimleri i\u00e7in jilet gibi keskin b\u0131\u00e7aklarla birlikte gelirler.<\/p>\n<p>\t\u00c7ok y\u00f6nl\u00fcl\u00fck: 6,5 in\u00e7 toplam uzunlu\u011fa ve 6 cm b\u0131\u00e7a\u011fa sahip bu berber makas\u0131, kad\u0131nlar, erkekler ve \u00e7ocuklar i\u00e7in sa\u00e7 kesimi i\u00e7in ustal\u0131kla tasarlanm\u0131\u015ft\u0131r. Bu sa\u00e7 makaslar\u0131 ayn\u0131 zamanda k\u00f6pek ve kedi gibi evcil hayvanlar\u0131n kesilmesi i\u00e7in de m\u00fckemmeldir.<\/p>\n<p>\tBak\u0131m ve G\u00fcvenlik: Bu Sa\u00e7 Kesme Makas\u0131n\u0131n b\u0131\u00e7aklar\u0131 jilet kadar keskindir, bu nedenle dikkatli bir \u015fekilde kullan\u0131lmas\u0131 ve \u00e7ocuklardan uzakta saklanmas\u0131 \u00f6nemlidir. Kal\u0131c\u0131 performans i\u00e7in, her kullan\u0131mdan sonra bunlar\u0131 temiz bir bezle silin<\/p>\n<p>\n\t<strong>M\u00dcKEMMEL SATI\u015e SONRASI H\u0130ZMET : <\/strong>HSNET \/ HSNET olarak m\u00fc\u015fterilerimize en iyi hizmeti sunmay\u0131 ama\u00e7l\u0131yor, g\u00fcvenle sat\u0131n alabilmeniz i\u00e7in, ambalaj kalitemize g\u00fcveniyor, her \u00fcr\u00fcn sorunsuz teslimat i\u00e7in \u00f6zenle paketliyor ve resimde belirtilen renk, ebat, \u00f6zelikte \u00fcr\u00fcn g\u00f6ndermeyi taahh\u00fct ediyoruz. Hasarl\u0131 \u00fcr\u00fcn ald\u0131ysan\u0131z veya di\u011fer \u00fcr\u00fcn ve paket teslimat sorunlar\u0131 oldu\u011funda bizimle ileti\u015fime ge\u00e7mekten \u00e7ekinmeyin.<\/p>\n<p>\n\t\u00a0<\/p>\n<p>\n\t<strong>M\u00dcKEMMEL SATI\u015e SONRASI H\u0130ZMET : <\/strong>HSNET \/ HSNET olarak m\u00fc\u015fterilerimize en iyi hizmeti sunmay\u0131 ama\u00e7l\u0131yor, g\u00fcvenle sat\u0131n alabilmeniz i\u00e7in, ambalaj kalitemize g\u00fcveniyor, her \u00fcr\u00fcn sorunsuz teslimat i\u00e7in \u00f6zenle paketliyor ve resimde belirtilen renk, ebat, \u00f6zelikte \u00fcr\u00fcn g\u00f6ndermeyi taahh\u00fct ediyoruz. Hasarl\u0131 \u00fcr\u00fcn ald\u0131ysan\u0131z veya di\u011fer \u00fcr\u00fcn ve paket teslimat sorunlar\u0131 oldu\u011funda bizimle ileti\u015fime ge\u00e7mekten \u00e7ekinmeyin.<\/p>\n<p>\n\t<strong>Detayl\u0131 bilgi i\u00e7in ek resimleri inceleyebilirsiniz<\/strong><\/p>\n<p><\/p>\n<p>\n\t<strong><img decoding=\"async\"  src=\"https:\/\/hepsicdn.com.tr\/static\/product_detail\/hbnet34cc0a5c_4783601.webp\"><\/strong><\/p>\n<p>\n\t\u00a0<\/p>\n","protected":false},"excerpt":{"rendered":"<p>\u00dcr\u00fcn \u00d6zellikleri : AKSESUARLAR \u00dcR\u00dcNE DAH\u0130L DE\u011e\u0130LD\u0130R. Materyal : % 100 Kobalt Paslanmaz \u00c7elik\u00a0 Adet \/ Renk \/ Tasar\u0131m : 2 adet, HSNET Taksun Design\u00a0 olarak tasarlad\u0131\u011f\u0131m\u0131z, resimde yer alan D\u00dcZ KES\u0130M makas tasar\u0131m\u0131, s\u00fcrpriz ya\u015famaman\u0131z i\u00e7in birebir g\u00f6nderiyoruz \u00d6l\u00e7\u00fcler :\u00a0\u00a06.5 in\u00e7 x 6\u00a0 cm kesim uzunlu\u011fu \u00a0 420 paslanmaz \u00e7elikten yap\u0131lm\u0131\u015ft\u0131r, bu sa\u00e7 kesimi&#8230;<\/p>\n","protected":false},"featured_media":102247,"comment_status":"open","ping_status":"closed","template":"","meta":{"_kad_post_transparent":"","_kad_post_title":"","_kad_post_layout":"","_kad_post_sidebar_id":"","_kad_post_content_style":"","_kad_post_vertical_padding":"","_kad_post_feature":"","_kad_post_feature_position":"","_kad_post_header":false,"_kad_post_footer":false,"_kad_post_classname":""},"product_brand":[],"product_cat":[7917],"product_tag":[],"class_list":{"0":"post-102248","1":"product","2":"type-product","3":"status-publish","4":"has-post-thumbnail","6":"product_cat-tarak-ve-makaslar-kuafor-urunleri-erkek-kuafor-tarak-ve-makaslar","8":"first","9":"instock","10":"purchasable","11":"product-type-simple","12":"entry","13":"content-bg","14":"loop-entry"},"_links":{"self":[{"href":"https:\/\/www.hediyepazar.com\/index.php?rest_route=\/wp\/v2\/product\/102248","targetHints":{"allow":["GET"]}}],"collection":[{"href":"https:\/\/www.hediyepazar.com\/index.php?rest_route=\/wp\/v2\/product"}],"about":[{"href":"https:\/\/www.hediyepazar.com\/index.php?rest_route=\/wp\/v2\/types\/product"}],"replies":[{"embeddable":true,"href":"https:\/\/www.hediyepazar.com\/index.php?rest_route=%2Fwp%2Fv2%2Fcomments&post=102248"}],"wp:featuredmedia":[{"embeddable":true,"href":"https:\/\/www.hediyepazar.com\/index.php?rest_route=\/wp\/v2\/media\/102247"}],"wp:attachment":[{"href":"https:\/\/www.hediyepazar.com\/index.php?rest_route=%2Fwp%2Fv2%2Fmedia&parent=102248"}],"wp:term":[{"taxonomy":"product_brand","embeddable":true,"href":"https:\/\/www.hediyepazar.com\/index.php?rest_route=%2Fwp%2Fv2%2Fproduct_brand&post=102248"},{"taxonomy":"product_cat","embeddable":true,"href":"https:\/\/www.hediyepazar.com\/index.php?rest_route=%2Fwp%2Fv2%2Fproduct_cat&post=102248"},{"taxonomy":"product_tag","embeddable":true,"href":"https:\/\/www.hediyepazar.com\/index.php?rest_route=%2Fwp%2Fv2%2Fproduct_tag&post=102248"}],"curies":[{"name":"wp","href":"https:\/\/api.w.org\/{rel}","templated":true}]}}