{"id":102250,"date":"2026-05-04T05:26:02","date_gmt":"2026-05-04T08:26:02","guid":{"rendered":"https:\/\/www.hediyepazar.com\/?product=turk-sungerli-gece-bigudisi-3-cm-20-adet-solingen-professional"},"modified":"2026-05-04T05:26:02","modified_gmt":"2026-05-04T08:26:02","slug":"turk-sungerli-gece-bigudisi-3-cm-20-adet-solingen-professional","status":"publish","type":"product","link":"https:\/\/www.hediyepazar.com\/?product=turk-sungerli-gece-bigudisi-3-cm-20-adet-solingen-professional","title":{"rendered":"Turk S\u00fcngerli Gece Bigudisi 3 cm 20 Adet Solingen Professional"},"content":{"rendered":"<p>\n\t<strong>\u00dcr\u00fcn \u00d6zellikleri : <\/strong><\/p>\n<p>\tGECE B\u0130GUD\u0130S\u0130 ! vaktinizi bigudiye ay\u0131rmay\u0131n, i\u015f yaparken, gece uyurken bigudiniz haz\u0131r olsun!\u00a0<\/p>\n<p>\n\t<strong>Adet \/ Renk \/ Tasar\u0131m : <\/strong> 20 Adet, HSNET Solingen Professional Design olarak tasarlad\u0131\u011f\u0131m\u0131z, resimde yer alan modeli, s\u00fcrpriz ya\u015famaman\u0131z i\u00e7in birebir g\u00f6nderiyoruz. Renkler farkl\u0131l\u0131k g\u00f6sterebilir<\/p>\n<p>\t<strong>\u00d6l\u00e7\u00fcler :\u00a0 3 cm \u00e7ap x 5.5 cm uzunluk<\/strong><\/p>\n<p>\tSa\u00e7lar i\u00e7in s\u00fcnger bigudiler, \u00e7e\u015fitli sa\u00e7 tipleri ve dokular\u0131 ile \u0131slak ve kuru sa\u00e7lar i\u00e7in kullan\u0131labilir. G\u00fcvenli bir ge\u00e7meli kilitle kak\u00fclleriniz veya sa\u00e7lar\u0131n\u0131z i\u00e7in dalgalar, retro bukleler, kak\u00fcller ve di\u011fer \u015fekiller yapmak i\u00e7in k\u00f6p\u00fck bukle ma\u015falar\u0131n\u0131 kullanabilirsiniz. Bu size farkl\u0131 modelleme f\u0131rsatlar\u0131 konusunda yard\u0131mc\u0131 olabilir ve her ya\u015ftan ve meslekten insana uygundur.<\/p>\n<p>\tKAL\u0130TE &#8211; K\u00f6p\u00fck rulolar sa\u00e7 ma\u015falar\u0131 y\u00fcksek kaliteli s\u00fcngerden ve dayan\u0131kl\u0131, hafif plastikten yap\u0131lm\u0131\u015ft\u0131r. M\u00fckemmel esnekli\u011fe ve g\u00fc\u00e7lendirilmi\u015f deste\u011fe sahip plastik yap\u0131ya sahiptir. Uzun s\u00fcre kullan\u0131m\u0131 kolayd\u0131r. K\u00f6p\u00fck rulolar sa\u00e7 ma\u015falar\u0131 yumu\u015fak ve p\u00fcr\u00fczs\u00fczd\u00fcr, sa\u00e7 ve cilt i\u00e7in daha g\u00fcvenli ve daha rahatt\u0131r, bukle ma\u015falar\u0131 rahat uyuyabilir ve bas\u0131n\u00e7 ve s\u00fcrt\u00fcnmeyi azaltmaya yard\u0131mc\u0131 olur.<\/p>\n<p>\t\u00d6ZELL\u0130KLER &#8211; Sa\u00e7lar i\u00e7in mini boy yumu\u015fak k\u00f6p\u00fckl\u00fc s\u00fcnger bukle ma\u015falar\u0131m\u0131z 20 par\u00e7adan olu\u015fur. Yumu\u015fak bigudiler yakla\u015f\u0131k 5.5 cm uzunlu\u011funda ve 3 cm \u00e7ap\u0131ndad\u0131r. G\u00fcnl\u00fck kuaf\u00f6rl\u00fck ve de\u011fi\u015ftirme taleplerinizi kar\u015f\u0131lamak i\u00e7in yeterli miktarda gelir ve her t\u00fcrl\u00fc sa\u00e7 i\u00e7in arkada\u015flar\u0131n\u0131z ve ailenizle de payla\u015f\u0131labilir.<\/p>\n<p>\tTASARIM &#8211; K\u00f6p\u00fckl\u00fc k\u00fc\u00e7\u00fck sa\u00e7 bigudileri, yeni ba\u015flayanlar\u0131n evde \u015fekillendirmesi kolayd\u0131r. Bu yumu\u015fak sa\u00e7 bigudisinin ask\u0131s\u0131n\u0131 a\u00e7\u0131n, k\u0131v\u0131rmak istedi\u011finiz sa\u00e7 telini ruloya sar\u0131n, ask\u0131y\u0131 kapat\u0131n ve bekleyin. Rahat olduklar\u0131 i\u00e7in bu k\u00f6p\u00fckl\u00fc sa\u00e7 ma\u015falar\u0131n\u0131 uyurken bile kullanabilirsiniz. Bu bukle ma\u015falar\u0131 hi\u00e7bir ekstra alete ihtiya\u00e7 duymaz, sa\u00e7a zarar vermez, \u0131s\u0131 gerektirmez ve toka ve klips gerektirmez.<\/p>\n<p>\tKULLANIM ALANLARI &#8211; K\u00f6p\u00fckl\u00fc sa\u00e7 bukle ma\u015falar\u0131, \u00e7e\u015fitli durumlarda ki\u015fisel \u00e7ekicili\u011finizi vurgulayarak istedi\u011finiz sa\u00e7 buklelerini olu\u015fturmak i\u00e7in uygundur. Sa\u00e7 k\u00f6p\u00fck rulolar\u0131m\u0131z kuru-\u0131slak, uzun-k\u0131sa ve t\u00fcm sa\u00e7 tiplerine uygulanabilir. Daha hassas kuaf\u00f6rl\u00fck y\u00f6ntemleri ve stilleri i\u00e7in pratiktir, iyi bir yard\u0131mc\u0131d\u0131r ve g\u00fcnl\u00fck sa\u00e7 bak\u0131m\u0131n\u0131za ektir. Bu k\u00f6p\u00fck bukle ma\u015fas\u0131n\u0131 sa\u00e7lar i\u00e7in dalgalar, bukleler, retro rulolar, sa\u00e7 kahk\u00fclleri veya sa\u00e7 kuyruklar\u0131 yapmak i\u00e7in kullanabilirsiniz.<\/p>\n<p>\n\t<strong>M\u00dcKEMMEL SATI\u015e SONRASI H\u0130ZMET : <\/strong>HSNET \/ HSNET olarak m\u00fc\u015fterilerimize en iyi hizmeti sunmay\u0131 ama\u00e7l\u0131yor, g\u00fcvenle sat\u0131n alabilmeniz i\u00e7in, ambalaj kalitemize g\u00fcveniyor, her \u00fcr\u00fcn sorunsuz teslimat i\u00e7in \u00f6zenle paketliyor ve resimde belirtilen renk, ebat, \u00f6zelikte \u00fcr\u00fcn g\u00f6ndermeyi taahh\u00fct ediyoruz. Hasarl\u0131 \u00fcr\u00fcn ald\u0131ysan\u0131z veya di\u011fer \u00fcr\u00fcn ve paket teslimat sorunlar\u0131 oldu\u011funda bizimle ileti\u015fime ge\u00e7mekten \u00e7ekinmeyin.<\/p>\n<p>\n\t<strong>Detayl\u0131 bilgi i\u00e7in ek resimleri inceleyebilirsiniz<\/strong><\/p>\n<p><\/p>\n<p>\n\t<strong><strong><strong><img decoding=\"async\" alt=\"\" \" src=\"https:\/\/hepsicdn.com.tr\/static\/product_detail\/hbnet8e7d0e84_4783701.jpg\"><\/strong> <\/strong><\/strong><\/p>\n","protected":false},"excerpt":{"rendered":"<p>\u00dcr\u00fcn \u00d6zellikleri : GECE B\u0130GUD\u0130S\u0130 ! vaktinizi bigudiye ay\u0131rmay\u0131n, i\u015f yaparken, gece uyurken bigudiniz haz\u0131r olsun!\u00a0 Adet \/ Renk \/ Tasar\u0131m : 20 Adet, HSNET Solingen Professional Design olarak tasarlad\u0131\u011f\u0131m\u0131z, resimde yer alan modeli, s\u00fcrpriz ya\u015famaman\u0131z i\u00e7in birebir g\u00f6nderiyoruz. Renkler farkl\u0131l\u0131k g\u00f6sterebilir \u00d6l\u00e7\u00fcler :\u00a0 3 cm \u00e7ap x 5.5 cm uzunluk Sa\u00e7lar i\u00e7in s\u00fcnger bigudiler,&#8230;<\/p>\n","protected":false},"featured_media":102249,"comment_status":"open","ping_status":"closed","template":"","meta":{"_kad_post_transparent":"","_kad_post_title":"","_kad_post_layout":"","_kad_post_sidebar_id":"","_kad_post_content_style":"","_kad_post_vertical_padding":"","_kad_post_feature":"","_kad_post_feature_position":"","_kad_post_header":false,"_kad_post_footer":false,"_kad_post_classname":""},"product_brand":[],"product_cat":[14264],"product_tag":[],"class_list":{"0":"post-102250","1":"product","2":"type-product","3":"status-publish","4":"has-post-thumbnail","6":"product_cat-rofle-perma-bigudi-kuafor-urunleri-erkek-kuafor-rofle-perma-bigudi","8":"first","9":"instock","10":"purchasable","11":"product-type-simple","12":"entry","13":"content-bg","14":"loop-entry"},"_links":{"self":[{"href":"https:\/\/www.hediyepazar.com\/index.php?rest_route=\/wp\/v2\/product\/102250","targetHints":{"allow":["GET"]}}],"collection":[{"href":"https:\/\/www.hediyepazar.com\/index.php?rest_route=\/wp\/v2\/product"}],"about":[{"href":"https:\/\/www.hediyepazar.com\/index.php?rest_route=\/wp\/v2\/types\/product"}],"replies":[{"embeddable":true,"href":"https:\/\/www.hediyepazar.com\/index.php?rest_route=%2Fwp%2Fv2%2Fcomments&post=102250"}],"wp:featuredmedia":[{"embeddable":true,"href":"https:\/\/www.hediyepazar.com\/index.php?rest_route=\/wp\/v2\/media\/102249"}],"wp:attachment":[{"href":"https:\/\/www.hediyepazar.com\/index.php?rest_route=%2Fwp%2Fv2%2Fmedia&parent=102250"}],"wp:term":[{"taxonomy":"product_brand","embeddable":true,"href":"https:\/\/www.hediyepazar.com\/index.php?rest_route=%2Fwp%2Fv2%2Fproduct_brand&post=102250"},{"taxonomy":"product_cat","embeddable":true,"href":"https:\/\/www.hediyepazar.com\/index.php?rest_route=%2Fwp%2Fv2%2Fproduct_cat&post=102250"},{"taxonomy":"product_tag","embeddable":true,"href":"https:\/\/www.hediyepazar.com\/index.php?rest_route=%2Fwp%2Fv2%2Fproduct_tag&post=102250"}],"curies":[{"name":"wp","href":"https:\/\/api.w.org\/{rel}","templated":true}]}}