{"id":102252,"date":"2026-05-04T05:26:07","date_gmt":"2026-05-04T08:26:07","guid":{"rendered":"https:\/\/www.hediyepazar.com\/?product=turk-erkek-cep-taragi-12-cm-3-adet-solingen-professional"},"modified":"2026-05-04T05:26:07","modified_gmt":"2026-05-04T08:26:07","slug":"turk-erkek-cep-taragi-12-cm-3-adet-solingen-professional","status":"publish","type":"product","link":"https:\/\/www.hediyepazar.com\/?product=turk-erkek-cep-taragi-12-cm-3-adet-solingen-professional","title":{"rendered":"Turk Erkek Cep Tara\u011f\u0131 12 Cm 3 ADET Solingen ProfessionaL"},"content":{"rendered":"<p>\n\t<strong>\u00dcr\u00fcn \u00d6zellikleri : <\/strong><\/p>\n<p>\t<strong>Materyal : Is\u0131ya ve k\u0131r\u0131lmaya dayan\u0131kl\u0131 KARBON plastik\u00a0<\/strong><\/p>\n<p>\t<strong>Adet \/ Renk \/ Tasar\u0131m : <\/strong> 3 Adet, HSNET Solingen Professional Design olarak tasarlad\u0131\u011f\u0131m\u0131z, resimde yer alan S\u0130YAH rengi , s\u00fcrpriz ya\u015famaman\u0131z i\u00e7in birebir g\u00f6nderiyoruz<\/p>\n<p>\t<strong>\u00d6l\u00e7\u00fcler :\u00a0\u00a0<\/strong>12 X 2,5 CM<\/p>\n<p>\n\tG\u00fcnl\u00fck kullan\u0131m i\u00e7in uygundur<\/p>\n<p>\n\tTarak di\u015fi yumu\u015fakt\u0131r, noktalar kafa ve sakal derisine kolayca zarar vermez, kullan\u0131m\u0131 g\u00fcvenlidir.<br \/>\n\tP\u00fcr\u00fczs\u00fcz ve \u00e7apaks\u0131z y\u00fczey, kullan\u0131m s\u0131ras\u0131nda herhangi bir rahats\u0131zl\u0131k hissetmenize neden olmaz.<br \/>\n\tKullan\u0131m\u0131 dayan\u0131kl\u0131d\u0131r ve \u00e7atlama \u00f6nleyici, deforme olmaz.<br \/>\n\tTa\u015f\u0131man\u0131z i\u00e7in uygun, k\u00fc\u00e7\u00fck ve hafiftir, cebinizde saklamak i\u00e7in m\u00fckemmel bir boyuttur.<br \/>\n\tSa\u00e7 stilinizi h\u0131zl\u0131 bir \u015fekilde olu\u015fturman\u0131za veya d\u00fczeltmenize yard\u0131mc\u0131 olarak sizi daha g\u00fczel hale getirir.<\/p>\n<p>\n\t<strong>M\u00dcKEMMEL SATI\u015e SONRASI H\u0130ZMET : <\/strong>HSNET \/ HSNET olarak m\u00fc\u015fterilerimize en iyi hizmeti sunmay\u0131 ama\u00e7l\u0131yor, g\u00fcvenle sat\u0131n alabilmeniz i\u00e7in, ambalaj kalitemize g\u00fcveniyor, her \u00fcr\u00fcn sorunsuz teslimat i\u00e7in \u00f6zenle paketliyor ve resimde belirtilen renk, ebat, \u00f6zelikte \u00fcr\u00fcn g\u00f6ndermeyi taahh\u00fct ediyoruz. Hasarl\u0131 \u00fcr\u00fcn ald\u0131ysan\u0131z veya di\u011fer \u00fcr\u00fcn ve paket teslimat sorunlar\u0131 oldu\u011funda bizimle ileti\u015fime ge\u00e7mekten \u00e7ekinmeyin.<\/p>\n","protected":false},"excerpt":{"rendered":"<p>\u00dcr\u00fcn \u00d6zellikleri : Materyal : Is\u0131ya ve k\u0131r\u0131lmaya dayan\u0131kl\u0131 KARBON plastik\u00a0 Adet \/ Renk \/ Tasar\u0131m : 3 Adet, HSNET Solingen Professional Design olarak tasarlad\u0131\u011f\u0131m\u0131z, resimde yer alan S\u0130YAH rengi , s\u00fcrpriz ya\u015famaman\u0131z i\u00e7in birebir g\u00f6nderiyoruz \u00d6l\u00e7\u00fcler :\u00a0\u00a012 X 2,5 CM G\u00fcnl\u00fck kullan\u0131m i\u00e7in uygundur Tarak di\u015fi yumu\u015fakt\u0131r, noktalar kafa ve sakal derisine kolayca zarar&#8230;<\/p>\n","protected":false},"featured_media":102251,"comment_status":"open","ping_status":"closed","template":"","meta":{"_kad_post_transparent":"","_kad_post_title":"","_kad_post_layout":"","_kad_post_sidebar_id":"","_kad_post_content_style":"","_kad_post_vertical_padding":"","_kad_post_feature":"","_kad_post_feature_position":"","_kad_post_header":false,"_kad_post_footer":false,"_kad_post_classname":""},"product_brand":[],"product_cat":[14302],"product_tag":[],"class_list":{"0":"post-102252","1":"product","2":"type-product","3":"status-publish","4":"has-post-thumbnail","6":"product_cat-sac-fircasi-ve-tarak-sac-bakimi-kozmetik-sac-fircasi-ve-tarak-sac-bakimi-kozmetik","8":"first","9":"instock","10":"purchasable","11":"product-type-simple","12":"entry","13":"content-bg","14":"loop-entry"},"_links":{"self":[{"href":"https:\/\/www.hediyepazar.com\/index.php?rest_route=\/wp\/v2\/product\/102252","targetHints":{"allow":["GET"]}}],"collection":[{"href":"https:\/\/www.hediyepazar.com\/index.php?rest_route=\/wp\/v2\/product"}],"about":[{"href":"https:\/\/www.hediyepazar.com\/index.php?rest_route=\/wp\/v2\/types\/product"}],"replies":[{"embeddable":true,"href":"https:\/\/www.hediyepazar.com\/index.php?rest_route=%2Fwp%2Fv2%2Fcomments&post=102252"}],"wp:featuredmedia":[{"embeddable":true,"href":"https:\/\/www.hediyepazar.com\/index.php?rest_route=\/wp\/v2\/media\/102251"}],"wp:attachment":[{"href":"https:\/\/www.hediyepazar.com\/index.php?rest_route=%2Fwp%2Fv2%2Fmedia&parent=102252"}],"wp:term":[{"taxonomy":"product_brand","embeddable":true,"href":"https:\/\/www.hediyepazar.com\/index.php?rest_route=%2Fwp%2Fv2%2Fproduct_brand&post=102252"},{"taxonomy":"product_cat","embeddable":true,"href":"https:\/\/www.hediyepazar.com\/index.php?rest_route=%2Fwp%2Fv2%2Fproduct_cat&post=102252"},{"taxonomy":"product_tag","embeddable":true,"href":"https:\/\/www.hediyepazar.com\/index.php?rest_route=%2Fwp%2Fv2%2Fproduct_tag&post=102252"}],"curies":[{"name":"wp","href":"https:\/\/api.w.org\/{rel}","templated":true}]}}