{"id":102259,"date":"2026-05-04T05:29:00","date_gmt":"2026-05-04T08:29:00","guid":{"rendered":"https:\/\/www.hediyepazar.com\/?product=turk-kuafor-belligi-fon-sac-kurutma-bel-askisi"},"modified":"2026-05-04T05:29:00","modified_gmt":"2026-05-04T08:29:00","slug":"turk-kuafor-belligi-fon-sac-kurutma-bel-askisi","status":"publish","type":"product","link":"https:\/\/www.hediyepazar.com\/?product=turk-kuafor-belligi-fon-sac-kurutma-bel-askisi","title":{"rendered":"Turk Kuaf\u00f6r Belli\u011fi F\u00f6n Sa\u00e7 Kurutma Bel Ask\u0131s\u0131"},"content":{"rendered":"<p>\n\t<strong>\u00dcr\u00fcn \u00d6zellikleri : <\/strong><br \/>\n\tSA\u00c7 KURUTMA MAK\u0130NES\u0130 \u00dcR\u00dcNE DAH\u0130L DE\u011e\u0130L, SADECE TUTUCUDUR<\/p>\n<p>\t<strong>Materyal : Metal + Plastik\u00a0<\/strong><\/p>\n<p>\t<strong>Adet \/ Renk \/ Tasar\u0131m : <\/strong> 1 Adet, HSNET Getu Griffiths Design olarak tasarlad\u0131\u011f\u0131m\u0131z, resimde yer alan S\u0130YAH rengi, s\u00fcrpriz ya\u015famaman\u0131z i\u00e7in birebir g\u00f6nderiyoruz<\/p>\n<p>\t<strong>\u00d6l\u00e7\u00fcler : y\u00fckseklik 15 cm x f\u00f6n giri\u015f \u00e7ap\u0131 7.2 cm<\/strong><\/p>\n<p>\tF\u00f6n makinesi ile birlikte yap\u0131lan uygulamalarda f\u00f6n makinesinin g\u00fcvenli ve kuru bir yere kolayl\u0131kla konulup tekrar al\u0131nabilmesi i\u00e7in tasarlanm\u0131\u015f vakumlu f\u00f6n ask\u0131s\u0131 Dayan\u0131kl\u0131 plastik ve paslanmaz \u00e7elikten \u00fcretilmi\u015ftir.Duvara ve mobilyaya sabitlenebildi\u011fi gibi ayn\u0131 zamanda kemere de tak\u0131larak daha kullan\u0131\u015fl\u0131 bir ortam olu\u015fturur.Profesyonel ama\u00e7l\u0131 \u00fcretilmi\u015f her f\u00f6n makinesine uygundur.<\/p>\n<p>\n\t<strong>M\u00dcKEMMEL SATI\u015e SONRASI H\u0130ZMET : <\/strong>HSNET \/ HSNET olarak m\u00fc\u015fterilerimize en iyi hizmeti sunmay\u0131 ama\u00e7l\u0131yor, g\u00fcvenle sat\u0131n alabilmeniz i\u00e7in, ambalaj kalitemize g\u00fcveniyor, her \u00fcr\u00fcn sorunsuz teslimat i\u00e7in \u00f6zenle paketliyor ve resimde belirtilen renk, ebat, \u00f6zelikte \u00fcr\u00fcn g\u00f6ndermeyi taahh\u00fct ediyoruz. Hasarl\u0131 \u00fcr\u00fcn ald\u0131ysan\u0131z veya di\u011fer \u00fcr\u00fcn ve paket teslimat sorunlar\u0131 oldu\u011funda bizimle ileti\u015fime ge\u00e7mekten \u00e7ekinmeyin.<\/p>\n<p>\n\t<strong>Detayl\u0131 bilgi i\u00e7in ek resimleri inceleyebilirsiniz<\/strong><\/p>\n<p><\/p>\n<p>\n\t<strong><img decoding=\"async\"  src=\"https:\/\/hepsicdn.com.tr\/static\/product_detail\/hbnet3bb35eb3_4784501.webp\"><\/strong><\/p>\n<p>\n\t\u00a0<\/p>\n","protected":false},"excerpt":{"rendered":"<p>\u00dcr\u00fcn \u00d6zellikleri : SA\u00c7 KURUTMA MAK\u0130NES\u0130 \u00dcR\u00dcNE DAH\u0130L DE\u011e\u0130L, SADECE TUTUCUDUR Materyal : Metal + Plastik\u00a0 Adet \/ Renk \/ Tasar\u0131m : 1 Adet, HSNET Getu Griffiths Design olarak tasarlad\u0131\u011f\u0131m\u0131z, resimde yer alan S\u0130YAH rengi, s\u00fcrpriz ya\u015famaman\u0131z i\u00e7in birebir g\u00f6nderiyoruz \u00d6l\u00e7\u00fcler : y\u00fckseklik 15 cm x f\u00f6n giri\u015f \u00e7ap\u0131 7.2 cm F\u00f6n makinesi ile birlikte&#8230;<\/p>\n","protected":false},"featured_media":102258,"comment_status":"open","ping_status":"closed","template":"","meta":{"_kad_post_transparent":"","_kad_post_title":"","_kad_post_layout":"","_kad_post_sidebar_id":"","_kad_post_content_style":"","_kad_post_vertical_padding":"","_kad_post_feature":"","_kad_post_feature_position":"","_kad_post_header":false,"_kad_post_footer":false,"_kad_post_classname":""},"product_brand":[],"product_cat":[14227],"product_tag":[],"class_list":{"0":"post-102259","1":"product","2":"type-product","3":"status-publish","4":"has-post-thumbnail","6":"product_cat-kuafor-urunleri-erkek-kuafor-kuafor-urunleri","8":"first","9":"instock","10":"purchasable","11":"product-type-simple","12":"entry","13":"content-bg","14":"loop-entry"},"_links":{"self":[{"href":"https:\/\/www.hediyepazar.com\/index.php?rest_route=\/wp\/v2\/product\/102259","targetHints":{"allow":["GET"]}}],"collection":[{"href":"https:\/\/www.hediyepazar.com\/index.php?rest_route=\/wp\/v2\/product"}],"about":[{"href":"https:\/\/www.hediyepazar.com\/index.php?rest_route=\/wp\/v2\/types\/product"}],"replies":[{"embeddable":true,"href":"https:\/\/www.hediyepazar.com\/index.php?rest_route=%2Fwp%2Fv2%2Fcomments&post=102259"}],"wp:featuredmedia":[{"embeddable":true,"href":"https:\/\/www.hediyepazar.com\/index.php?rest_route=\/wp\/v2\/media\/102258"}],"wp:attachment":[{"href":"https:\/\/www.hediyepazar.com\/index.php?rest_route=%2Fwp%2Fv2%2Fmedia&parent=102259"}],"wp:term":[{"taxonomy":"product_brand","embeddable":true,"href":"https:\/\/www.hediyepazar.com\/index.php?rest_route=%2Fwp%2Fv2%2Fproduct_brand&post=102259"},{"taxonomy":"product_cat","embeddable":true,"href":"https:\/\/www.hediyepazar.com\/index.php?rest_route=%2Fwp%2Fv2%2Fproduct_cat&post=102259"},{"taxonomy":"product_tag","embeddable":true,"href":"https:\/\/www.hediyepazar.com\/index.php?rest_route=%2Fwp%2Fv2%2Fproduct_tag&post=102259"}],"curies":[{"name":"wp","href":"https:\/\/api.w.org\/{rel}","templated":true}]}}