{"id":102261,"date":"2026-05-04T05:29:05","date_gmt":"2026-05-04T08:29:05","guid":{"rendered":"https:\/\/www.hediyepazar.com\/?product=turk-pedikur-terligi-150-cift-spa-otel-havuz"},"modified":"2026-05-04T05:29:05","modified_gmt":"2026-05-04T08:29:05","slug":"turk-pedikur-terligi-150-cift-spa-otel-havuz","status":"publish","type":"product","link":"https:\/\/www.hediyepazar.com\/?product=turk-pedikur-terligi-150-cift-spa-otel-havuz","title":{"rendered":"Turk Pedik\u00fcr Terli\u011fi 150 \u00c7\u0130FT SPA Otel Havuz"},"content":{"rendered":"<p>\n\t<strong>\u00dcr\u00fcn \u00d6zellikleri : <\/strong><\/p>\n<p>\t<strong>Materyal : EVA\u00a0<\/strong><\/p>\n<p>\t<strong>Adet \/ Renk \/ Tasar\u0131m : <\/strong> 150 \u00c7ift\u00a0 HSNET\u00a0 olarak tasarlad\u0131\u011f\u0131m\u0131z, \u00fcr\u00fcn\u00fc , kar\u0131\u015f\u0131k renklerde birebir g\u00f6nderiyoruz. Renkler de\u011fi\u015fkenlik g\u00f6sterebilir<\/p>\n<p>\t<strong>\u00d6l\u00e7\u00fcler : <\/strong>10&#215;23 cm<\/p>\n<p>\n\tKuaf\u00f6r,g\u00fczellik merkezi ve ki\u015fisel kullan\u0131m i\u00e7in uygundur. Pedik\u00fcr yaparken kullan-at olarak kullan\u0131lan terliktir.<\/p>\n<p>\n\t<strong>M\u00dcKEMMEL SATI\u015e SONRASI H\u0130ZMET : <\/strong>HSNET \/ HSNET olarak m\u00fc\u015fterilerimize en iyi hizmeti sunmay\u0131 ama\u00e7l\u0131yor, g\u00fcvenle sat\u0131n alabilmeniz i\u00e7in, ambalaj kalitemize g\u00fcveniyor, her \u00fcr\u00fcn sorunsuz teslimat i\u00e7in \u00f6zenle paketliyor ve resimde belirtilen renk, ebat, \u00f6zelikte \u00fcr\u00fcn g\u00f6ndermeyi taahh\u00fct ediyoruz. Hasarl\u0131 \u00fcr\u00fcn ald\u0131ysan\u0131z veya di\u011fer \u00fcr\u00fcn ve paket teslimat sorunlar\u0131 oldu\u011funda bizimle ileti\u015fime ge\u00e7mekten \u00e7ekinmeyin.<\/p>\n<p>\n\t<strong>Detayl\u0131 bilgi i\u00e7in ek resimleri inceleyebilirsiniz<\/strong><\/p>\n<p><\/p>\n<p>\n\t<strong><img decoding=\"async\"  src=\"https:\/\/hepsicdn.com.tr\/static\/product_detail\/hbnetf6f7267c_4784601.jpg\"><\/strong><\/p>\n<p>\n\t\u00a0<\/p>\n","protected":false},"excerpt":{"rendered":"<p>\u00dcr\u00fcn \u00d6zellikleri : Materyal : EVA\u00a0 Adet \/ Renk \/ Tasar\u0131m : 150 \u00c7ift\u00a0 HSNET\u00a0 olarak tasarlad\u0131\u011f\u0131m\u0131z, \u00fcr\u00fcn\u00fc , kar\u0131\u015f\u0131k renklerde birebir g\u00f6nderiyoruz. Renkler de\u011fi\u015fkenlik g\u00f6sterebilir \u00d6l\u00e7\u00fcler : 10&#215;23 cm Kuaf\u00f6r,g\u00fczellik merkezi ve ki\u015fisel kullan\u0131m i\u00e7in uygundur. Pedik\u00fcr yaparken kullan-at olarak kullan\u0131lan terliktir. M\u00dcKEMMEL SATI\u015e SONRASI H\u0130ZMET : HSNET \/ HSNET olarak m\u00fc\u015fterilerimize en iyi&#8230;<\/p>\n","protected":false},"featured_media":102260,"comment_status":"open","ping_status":"closed","template":"","meta":{"_kad_post_transparent":"","_kad_post_title":"","_kad_post_layout":"","_kad_post_sidebar_id":"","_kad_post_content_style":"","_kad_post_vertical_padding":"","_kad_post_feature":"","_kad_post_feature_position":"","_kad_post_header":false,"_kad_post_footer":false,"_kad_post_classname":""},"product_brand":[],"product_cat":[7853],"product_tag":[],"class_list":{"0":"post-102261","1":"product","2":"type-product","3":"status-publish","4":"has-post-thumbnail","6":"product_cat-ayak-tirnak-ve-bakim-malzemeleri-kisisel-bakim-aletleri-elektronik-ayak-tirnak-ve-bakim-malzemeleri","8":"first","9":"instock","10":"purchasable","11":"product-type-simple","12":"entry","13":"content-bg","14":"loop-entry"},"_links":{"self":[{"href":"https:\/\/www.hediyepazar.com\/index.php?rest_route=\/wp\/v2\/product\/102261","targetHints":{"allow":["GET"]}}],"collection":[{"href":"https:\/\/www.hediyepazar.com\/index.php?rest_route=\/wp\/v2\/product"}],"about":[{"href":"https:\/\/www.hediyepazar.com\/index.php?rest_route=\/wp\/v2\/types\/product"}],"replies":[{"embeddable":true,"href":"https:\/\/www.hediyepazar.com\/index.php?rest_route=%2Fwp%2Fv2%2Fcomments&post=102261"}],"wp:featuredmedia":[{"embeddable":true,"href":"https:\/\/www.hediyepazar.com\/index.php?rest_route=\/wp\/v2\/media\/102260"}],"wp:attachment":[{"href":"https:\/\/www.hediyepazar.com\/index.php?rest_route=%2Fwp%2Fv2%2Fmedia&parent=102261"}],"wp:term":[{"taxonomy":"product_brand","embeddable":true,"href":"https:\/\/www.hediyepazar.com\/index.php?rest_route=%2Fwp%2Fv2%2Fproduct_brand&post=102261"},{"taxonomy":"product_cat","embeddable":true,"href":"https:\/\/www.hediyepazar.com\/index.php?rest_route=%2Fwp%2Fv2%2Fproduct_cat&post=102261"},{"taxonomy":"product_tag","embeddable":true,"href":"https:\/\/www.hediyepazar.com\/index.php?rest_route=%2Fwp%2Fv2%2Fproduct_tag&post=102261"}],"curies":[{"name":"wp","href":"https:\/\/api.w.org\/{rel}","templated":true}]}}