{"id":102266,"date":"2026-05-04T05:30:00","date_gmt":"2026-05-04T08:30:00","guid":{"rendered":"https:\/\/www.hediyepazar.com\/?product=turk-manikur-tasi-ve-tozu-set-800-gr"},"modified":"2026-05-04T05:30:00","modified_gmt":"2026-05-04T08:30:00","slug":"turk-manikur-tasi-ve-tozu-set-800-gr","status":"publish","type":"product","link":"https:\/\/www.hediyepazar.com\/?product=turk-manikur-tasi-ve-tozu-set-800-gr","title":{"rendered":"Turk Manik\u00fcr Tas\u0131 ve Tozu Set 800 Gr"},"content":{"rendered":"<p>\n\t<strong>\u00dcr\u00fcn \u00d6zellikleri : manik\u00fcr tas\u0131 hediyesiyle g\u00f6nderilir<\/strong><\/p>\n<p>\t<strong>Adet \/ Renk \/ Tasar\u0131m : <\/strong> 1 Paket (\u00a0 800 Gr) , resimde yer alan gran\u00fcl\u00fc, s\u00fcrpriz ya\u015famaman\u0131z i\u00e7in birebir g\u00f6nderiyoruz. Koku ve renkler de\u011fi\u015fkenlik g\u00f6sterebilir\u00a0<\/p>\n<p>\t\u00d6l\u00fc h\u00fccreleri nazik\u00e7e temizlerken, nemsiz kalm\u0131\u015f cildi nemlendirmeye yard\u0131mc\u0131 olur.<\/p>\n<p>\tBile\u015fenlerin benzersiz kar\u0131\u015f\u0131m\u0131, daha yumu\u015fak, p\u00fcr\u00fczs\u00fcz ve parlak bir cilt ortaya \u00e7\u0131karmak i\u00e7in zengin, besleyici bir eksfoliyant olu\u015fturur.<\/p>\n<p>\tNazik eksfoliasyon i\u00e7in bitkisel ya\u011flar ve \u00d6l\u00fc Deniz&#8217;den gelen \u00fc\u00e7l\u00fc \u00f6\u011f\u00fct\u00fclm\u00fc\u015f tuz gran\u00fclleri ile zenginle\u015ftirilmi\u015ftir<\/p>\n<p>\n\t<strong>M\u00dcKEMMEL SATI\u015e SONRASI H\u0130ZMET : <\/strong>HSNET \/ HSNET olarak m\u00fc\u015fterilerimize en iyi hizmeti sunmay\u0131 ama\u00e7l\u0131yor, g\u00fcvenle sat\u0131n alabilmeniz i\u00e7in, ambalaj kalitemize g\u00fcveniyor, her \u00fcr\u00fcn sorunsuz teslimat i\u00e7in \u00f6zenle paketliyor ve resimde belirtilen renk, ebat, \u00f6zelikte \u00fcr\u00fcn g\u00f6ndermeyi taahh\u00fct ediyoruz. Hasarl\u0131 \u00fcr\u00fcn ald\u0131ysan\u0131z veya di\u011fer \u00fcr\u00fcn ve paket teslimat sorunlar\u0131 oldu\u011funda bizimle ileti\u015fime ge\u00e7mekten \u00e7ekinmeyin.<\/p>\n","protected":false},"excerpt":{"rendered":"<p>\u00dcr\u00fcn \u00d6zellikleri : manik\u00fcr tas\u0131 hediyesiyle g\u00f6nderilir Adet \/ Renk \/ Tasar\u0131m : 1 Paket (\u00a0 800 Gr) , resimde yer alan gran\u00fcl\u00fc, s\u00fcrpriz ya\u015famaman\u0131z i\u00e7in birebir g\u00f6nderiyoruz. Koku ve renkler de\u011fi\u015fkenlik g\u00f6sterebilir\u00a0 \u00d6l\u00fc h\u00fccreleri nazik\u00e7e temizlerken, nemsiz kalm\u0131\u015f cildi nemlendirmeye yard\u0131mc\u0131 olur. Bile\u015fenlerin benzersiz kar\u0131\u015f\u0131m\u0131, daha yumu\u015fak, p\u00fcr\u00fczs\u00fcz ve parlak bir cilt ortaya \u00e7\u0131karmak&#8230;<\/p>\n","protected":false},"featured_media":102265,"comment_status":"open","ping_status":"closed","template":"","meta":{"_kad_post_transparent":"","_kad_post_title":"","_kad_post_layout":"","_kad_post_sidebar_id":"","_kad_post_content_style":"","_kad_post_vertical_padding":"","_kad_post_feature":"","_kad_post_feature_position":"","_kad_post_header":false,"_kad_post_footer":false,"_kad_post_classname":""},"product_brand":[],"product_cat":[14207],"product_tag":[],"class_list":{"0":"post-102266","1":"product","2":"type-product","3":"status-publish","4":"has-post-thumbnail","6":"product_cat-el-tirnak-bakim-ve-aksesuarlar-kisisel-bakim-aletleri-elektronik-el-tirnak-bakim-ve-aksesuarlar","8":"first","9":"instock","10":"purchasable","11":"product-type-simple","12":"entry","13":"content-bg","14":"loop-entry"},"_links":{"self":[{"href":"https:\/\/www.hediyepazar.com\/index.php?rest_route=\/wp\/v2\/product\/102266","targetHints":{"allow":["GET"]}}],"collection":[{"href":"https:\/\/www.hediyepazar.com\/index.php?rest_route=\/wp\/v2\/product"}],"about":[{"href":"https:\/\/www.hediyepazar.com\/index.php?rest_route=\/wp\/v2\/types\/product"}],"replies":[{"embeddable":true,"href":"https:\/\/www.hediyepazar.com\/index.php?rest_route=%2Fwp%2Fv2%2Fcomments&post=102266"}],"wp:featuredmedia":[{"embeddable":true,"href":"https:\/\/www.hediyepazar.com\/index.php?rest_route=\/wp\/v2\/media\/102265"}],"wp:attachment":[{"href":"https:\/\/www.hediyepazar.com\/index.php?rest_route=%2Fwp%2Fv2%2Fmedia&parent=102266"}],"wp:term":[{"taxonomy":"product_brand","embeddable":true,"href":"https:\/\/www.hediyepazar.com\/index.php?rest_route=%2Fwp%2Fv2%2Fproduct_brand&post=102266"},{"taxonomy":"product_cat","embeddable":true,"href":"https:\/\/www.hediyepazar.com\/index.php?rest_route=%2Fwp%2Fv2%2Fproduct_cat&post=102266"},{"taxonomy":"product_tag","embeddable":true,"href":"https:\/\/www.hediyepazar.com\/index.php?rest_route=%2Fwp%2Fv2%2Fproduct_tag&post=102266"}],"curies":[{"name":"wp","href":"https:\/\/api.w.org\/{rel}","templated":true}]}}