{"id":102267,"date":"2026-05-04T05:30:28","date_gmt":"2026-05-04T08:30:28","guid":{"rendered":"https:\/\/www.hediyepazar.com\/?product=turk-metal-fon-askisi-siyah"},"modified":"2026-05-04T05:30:28","modified_gmt":"2026-05-04T08:30:28","slug":"turk-metal-fon-askisi-siyah","status":"publish","type":"product","link":"https:\/\/www.hediyepazar.com\/?product=turk-metal-fon-askisi-siyah","title":{"rendered":"Turk Metal F\u00f6n Ask\u0131s\u0131 S\u0130YAH"},"content":{"rendered":"<p>\n\t<strong>\u00dcr\u00fcn \u00d6zellikleri : <\/strong><br \/>SA\u00c7 KURUTMA MAK\u0130NES\u0130 \u00dcR\u00dcNE DAH\u0130L DE\u011e\u0130L, SADECE TUTUCUDUR<br \/>\n\t<br \/>\n\t<strong>Materyal : Metal\u00a0<\/strong><\/p>\n<p>\t<strong>Adet \/ Renk \/ Tasar\u0131m : <\/strong> 1 Adet, HSNET\u00a0 \u00a0Design olarak tasarlad\u0131\u011f\u0131m\u0131z, resimde yer alan S\u0130YAH rsengi, s\u00fcrpriz ya\u015famaman\u0131z i\u00e7in birebir g\u00f6nderiyoruz<\/p>\n<p>\t<strong>\u00d6l\u00e7\u00fcler : 10 cm y\u00fckseklik x 11,5\u00a0<\/strong><strong>\u00fcst\u00a0<\/strong><strong>x 10<\/strong><strong>alt\u00a0\u00a0<\/strong><strong>cm \u00e7ap\u00a0<\/strong><\/p>\n<p>\n\t<strong>Sa\u00e7 kurutma makinas\u0131, f\u00f6n asabilece\u011finiz f\u00f6n tutucudur.<\/strong><\/p>\n<p>\n\t<strong>M\u00dcKEMMEL SATI\u015e SONRASI H\u0130ZMET : <\/strong>HSNET \/ HSNET olarak m\u00fc\u015fterilerimize en iyi hizmeti sunmay\u0131 ama\u00e7l\u0131yor, g\u00fcvenle sat\u0131n alabilmeniz i\u00e7in, ambalaj kalitemize g\u00fcveniyor, her \u00fcr\u00fcn sorunsuz teslimat i\u00e7in \u00f6zenle paketliyor ve resimde belirtilen renk, ebat, \u00f6zelikte \u00fcr\u00fcn g\u00f6ndermeyi taahh\u00fct ediyoruz. Hasarl\u0131 \u00fcr\u00fcn ald\u0131ysan\u0131z veya di\u011fer \u00fcr\u00fcn ve paket teslimat sorunlar\u0131 oldu\u011funda bizimle ileti\u015fime ge\u00e7mekten \u00e7ekinmeyin.<\/p>\n<p>\n\t<strong>Detayl\u0131 bilgi i\u00e7in ek resimleri inceleyebilirsiniz<\/strong><\/p>\n<p><\/p>\n<p>\n\t<strong><img decoding=\"async\"  src=\"https:\/\/hepsicdn.com.tr\/static\/product_detail\/hbnet7a52bc8a_4785101.webp\"><\/strong><\/p>\n<p>\n\t\u00a0<\/p>\n","protected":false},"excerpt":{"rendered":"<p>\u00dcr\u00fcn \u00d6zellikleri : SA\u00c7 KURUTMA MAK\u0130NES\u0130 \u00dcR\u00dcNE DAH\u0130L DE\u011e\u0130L, SADECE TUTUCUDUR Materyal : Metal\u00a0 Adet \/ Renk \/ Tasar\u0131m : 1 Adet, HSNET\u00a0 \u00a0Design olarak tasarlad\u0131\u011f\u0131m\u0131z, resimde yer alan S\u0130YAH rsengi, s\u00fcrpriz ya\u015famaman\u0131z i\u00e7in birebir g\u00f6nderiyoruz \u00d6l\u00e7\u00fcler : 10 cm y\u00fckseklik x 11,5\u00a0\u00fcst\u00a0x 10alt\u00a0\u00a0cm \u00e7ap\u00a0 Sa\u00e7 kurutma makinas\u0131, f\u00f6n asabilece\u011finiz f\u00f6n tutucudur. M\u00dcKEMMEL SATI\u015e SONRASI&#8230;<\/p>\n","protected":false},"featured_media":0,"comment_status":"open","ping_status":"closed","template":"","meta":{"_kad_post_transparent":"","_kad_post_title":"","_kad_post_layout":"","_kad_post_sidebar_id":"","_kad_post_content_style":"","_kad_post_vertical_padding":"","_kad_post_feature":"","_kad_post_feature_position":"","_kad_post_header":false,"_kad_post_footer":false,"_kad_post_classname":""},"product_brand":[],"product_cat":[14294],"product_tag":[],"class_list":{"0":"post-102267","1":"product","2":"type-product","3":"status-publish","5":"product_cat-banyo-yapi-malzemeleri-yapi-market-bahce-yapi-market-ev-yasam-banyo-yapi-malzemeleri","7":"first","8":"instock","9":"purchasable","10":"product-type-simple","11":"entry","12":"content-bg","13":"loop-entry"},"_links":{"self":[{"href":"https:\/\/www.hediyepazar.com\/index.php?rest_route=\/wp\/v2\/product\/102267","targetHints":{"allow":["GET"]}}],"collection":[{"href":"https:\/\/www.hediyepazar.com\/index.php?rest_route=\/wp\/v2\/product"}],"about":[{"href":"https:\/\/www.hediyepazar.com\/index.php?rest_route=\/wp\/v2\/types\/product"}],"replies":[{"embeddable":true,"href":"https:\/\/www.hediyepazar.com\/index.php?rest_route=%2Fwp%2Fv2%2Fcomments&post=102267"}],"wp:attachment":[{"href":"https:\/\/www.hediyepazar.com\/index.php?rest_route=%2Fwp%2Fv2%2Fmedia&parent=102267"}],"wp:term":[{"taxonomy":"product_brand","embeddable":true,"href":"https:\/\/www.hediyepazar.com\/index.php?rest_route=%2Fwp%2Fv2%2Fproduct_brand&post=102267"},{"taxonomy":"product_cat","embeddable":true,"href":"https:\/\/www.hediyepazar.com\/index.php?rest_route=%2Fwp%2Fv2%2Fproduct_cat&post=102267"},{"taxonomy":"product_tag","embeddable":true,"href":"https:\/\/www.hediyepazar.com\/index.php?rest_route=%2Fwp%2Fv2%2Fproduct_tag&post=102267"}],"curies":[{"name":"wp","href":"https:\/\/api.w.org\/{rel}","templated":true}]}}