{"id":102275,"date":"2026-05-04T05:32:03","date_gmt":"2026-05-04T08:32:03","guid":{"rendered":"https:\/\/www.hediyepazar.com\/?product=turk-xl-18x26-cm-sefer-tasi-paslanmaz-celik-yemek-kabi"},"modified":"2026-05-04T05:32:03","modified_gmt":"2026-05-04T08:32:03","slug":"turk-xl-18x26-cm-sefer-tasi-paslanmaz-celik-yemek-kabi","status":"publish","type":"product","link":"https:\/\/www.hediyepazar.com\/?product=turk-xl-18x26-cm-sefer-tasi-paslanmaz-celik-yemek-kabi","title":{"rendered":"Turk XL 18X26 CM Sefer Tas\u0131 Paslanmaz \u00c7elik Yemek Kab\u0131"},"content":{"rendered":"<p>\n\t<strong>\u00dcr\u00fcn \u00d6zellikleri : <\/strong><\/p>\n<p>\t<strong>Materyal : %100 430 Paslanmaz \u00c7elik &#8211; ortalama kullan\u0131m \u00f6mr\u00fc 50 y\u0131l<\/strong><\/p>\n<p>\t<strong>Adet \/ Renk \/ Tasar\u0131m : <\/strong> 1 SET , HSNET Design olarak tasarlad\u0131\u011f\u0131m\u0131z, resimde yer alan TASARIMI, s\u00fcrpriz ya\u015famaman\u0131z i\u00e7in birebir g\u00f6nderiyoruz<\/p>\n<p>\t<strong>\u00d6l\u00e7\u00fcler : 18 cm \u00e7ap x TOPLAM 26 cm y\u00fckseklik , HER 1 KAP 9 CM y\u00fcksekliktedir.\u00a0<\/strong><\/p>\n<p>\n\tOrtalama 4-6 ki\u015filik yemek ta\u015f\u0131nabilir.<\/p>\n<p>\n\tPaslanmaz \u00e7elikten yap\u0131lm\u0131\u015f m\u00fckemmel bir \u00f6\u011fle yeme\u011fi kutusu. Son derece kullan\u0131\u015fl\u0131 bir sunumudur. Siz ve aileniz i\u00e7in besleyici bir \u00f6\u011fle yeme\u011fini kolayca paketlemenize olanak tan\u0131r.<\/p>\n<p>\n\tD\u00fcz ve sa\u011flam bir tabana sahiptir. Bu klipsli kaliteli g\u0131da s\u0131n\u0131f\u0131 paslanmaz \u00e7elikten yap\u0131lm\u0131\u015ft\u0131r, bu da onu dayan\u0131kl\u0131 ve sa\u011flam k\u0131lar.<\/p>\n<p>\tPlastik olmad\u0131\u011f\u0131 i\u00e7in BPA i\u00e7ermeyen malzeme avantaj\u0131na sahiptir, bu nedenle sert kimyasallar konusunda endi\u015felenmenize gerek yoktur. Zarif bir tasar\u0131ma sahiptir ve \u00e7antan\u0131za da s\u0131\u011fabilir.<\/p>\n<p>\tOkul, kolej, ofis, y\u00fcr\u00fcy\u00fc\u015f, gezi vb. i\u00e7in uygundur. Bu \u00fcr\u00fcn bula\u015f\u0131k makinesinde y\u0131kanabilir ve plastik kaplarda s\u0131kl\u0131kla g\u00f6r\u00fclen yiyecek lekelerinin hi\u00e7birini b\u0131rakmaz. Temizlenmesi ve y\u0131kanmas\u0131 kolayd\u0131r, \u00e7ok egzotik bir g\u00fcm\u00fc\u015f parlakl\u0131\u011f\u0131na sahiptirler.<\/p>\n<p>\n\t<strong>M\u00dcKEMMEL SATI\u015e SONRASI H\u0130ZMET : <\/strong>HSNET \/ HSNET olarak m\u00fc\u015fterilerimize en iyi hizmeti sunmay\u0131 ama\u00e7l\u0131yor, g\u00fcvenle sat\u0131n alabilmeniz i\u00e7in, ambalaj kalitemize g\u00fcveniyor, her \u00fcr\u00fcn sorunsuz teslimat i\u00e7in \u00f6zenle paketliyor ve resimde belirtilen renk, ebat, \u00f6zelikte \u00fcr\u00fcn g\u00f6ndermeyi taahh\u00fct ediyoruz. Hasarl\u0131 \u00fcr\u00fcn ald\u0131ysan\u0131z veya di\u011fer \u00fcr\u00fcn ve paket teslimat sorunlar\u0131 oldu\u011funda bizimle ileti\u015fime ge\u00e7mekten \u00e7ekinmeyin.<\/p>\n<p>\n\t<strong>Detayl\u0131 bilgi i\u00e7in ek resimleri inceleyebilirsiniz<\/strong><\/p>\n<p><\/p>\n<p>\n\t<strong><img decoding=\"async\"  src=\"https:\/\/hepsicdn.com.tr\/static\/product_detail\/hbnetd3506cc4_4785701.webp\"><\/strong><\/p>\n<p>\n\t\u00a0<\/p>\n","protected":false},"excerpt":{"rendered":"<p>\u00dcr\u00fcn \u00d6zellikleri : Materyal : %100 430 Paslanmaz \u00c7elik &#8211; ortalama kullan\u0131m \u00f6mr\u00fc 50 y\u0131l Adet \/ Renk \/ Tasar\u0131m : 1 SET , HSNET Design olarak tasarlad\u0131\u011f\u0131m\u0131z, resimde yer alan TASARIMI, s\u00fcrpriz ya\u015famaman\u0131z i\u00e7in birebir g\u00f6nderiyoruz \u00d6l\u00e7\u00fcler : 18 cm \u00e7ap x TOPLAM 26 cm y\u00fckseklik , HER 1 KAP 9 CM y\u00fcksekliktedir.\u00a0 Ortalama&#8230;<\/p>\n","protected":false},"featured_media":102274,"comment_status":"open","ping_status":"closed","template":"","meta":{"_kad_post_transparent":"","_kad_post_title":"","_kad_post_layout":"","_kad_post_sidebar_id":"","_kad_post_content_style":"","_kad_post_vertical_padding":"","_kad_post_feature":"","_kad_post_feature_position":"","_kad_post_header":false,"_kad_post_footer":false,"_kad_post_classname":""},"product_brand":[],"product_cat":[14372],"product_tag":[],"class_list":{"0":"post-102275","1":"product","2":"type-product","3":"status-publish","4":"has-post-thumbnail","6":"product_cat-saklama-kabi-mutfak-saklama-duzenleme-sofra-mutfak-ev-yasam-saklama-kabi","8":"first","9":"instock","10":"purchasable","11":"product-type-simple","12":"entry","13":"content-bg","14":"loop-entry"},"_links":{"self":[{"href":"https:\/\/www.hediyepazar.com\/index.php?rest_route=\/wp\/v2\/product\/102275","targetHints":{"allow":["GET"]}}],"collection":[{"href":"https:\/\/www.hediyepazar.com\/index.php?rest_route=\/wp\/v2\/product"}],"about":[{"href":"https:\/\/www.hediyepazar.com\/index.php?rest_route=\/wp\/v2\/types\/product"}],"replies":[{"embeddable":true,"href":"https:\/\/www.hediyepazar.com\/index.php?rest_route=%2Fwp%2Fv2%2Fcomments&post=102275"}],"wp:featuredmedia":[{"embeddable":true,"href":"https:\/\/www.hediyepazar.com\/index.php?rest_route=\/wp\/v2\/media\/102274"}],"wp:attachment":[{"href":"https:\/\/www.hediyepazar.com\/index.php?rest_route=%2Fwp%2Fv2%2Fmedia&parent=102275"}],"wp:term":[{"taxonomy":"product_brand","embeddable":true,"href":"https:\/\/www.hediyepazar.com\/index.php?rest_route=%2Fwp%2Fv2%2Fproduct_brand&post=102275"},{"taxonomy":"product_cat","embeddable":true,"href":"https:\/\/www.hediyepazar.com\/index.php?rest_route=%2Fwp%2Fv2%2Fproduct_cat&post=102275"},{"taxonomy":"product_tag","embeddable":true,"href":"https:\/\/www.hediyepazar.com\/index.php?rest_route=%2Fwp%2Fv2%2Fproduct_tag&post=102275"}],"curies":[{"name":"wp","href":"https:\/\/api.w.org\/{rel}","templated":true}]}}