{"id":102277,"date":"2026-05-04T05:32:07","date_gmt":"2026-05-04T08:32:07","guid":{"rendered":"https:\/\/www.hediyepazar.com\/?product=turk-lahmacun-pizza-pide-pisirme-tepsisi-2-li-set"},"modified":"2026-05-04T05:32:07","modified_gmt":"2026-05-04T08:32:07","slug":"turk-lahmacun-pizza-pide-pisirme-tepsisi-2-li-set","status":"publish","type":"product","link":"https:\/\/www.hediyepazar.com\/?product=turk-lahmacun-pizza-pide-pisirme-tepsisi-2-li-set","title":{"rendered":"Turk Lahmacun Pizza Pide Pi\u015firme Tepsisi 2 li SET"},"content":{"rendered":"<p>\n\t<strong>\u00dcr\u00fcn \u00d6zellikleri : <\/strong><\/p>\n<p>\t<strong>Materyal : Paslanmaz \u00c7elik\u00a0<\/strong><\/p>\n<p>\t<strong>Adet \/ Renk \/ Tasar\u0131m : <\/strong> 2 Adet, HSNETDesign olarak tasarlad\u0131\u011f\u0131m\u0131z, resimde yer alan tasar\u0131m\u0131 , s\u00fcrpriz ya\u015famaman\u0131z i\u00e7in birebir g\u00f6nderiyoruz<\/p>\n<p>\t<strong>\u00d6l\u00e7\u00fcler : D\u0131\u015f \u00c7ap 32 cm x i\u00e7 \u00e7ap 29 cm\u00a0<\/strong><\/p>\n<p>\n\tTepsiler Pide, Lahmacun, Pizza pi\u015firmede kullan\u0131labilir<\/p>\n<p>\n\tG\u0131da ile temasa uygundur<\/p>\n<p>\tMakinada y\u0131kanabilir<\/p>\n<p>\tDelikli y\u00fczeyi sayesinde hamurunuzu e\u015fit bir \u015fekilde pi\u015firebilirsiniz.<\/p>\n<p>\tKullanmadan \u00f6nce y\u00fczeyi hafif\u00e7e ya\u011flay\u0131n\u0131z<\/p>\n<p>\n\t<strong>M\u00dcKEMMEL SATI\u015e SONRASI H\u0130ZMET : <\/strong>HSNET \/ HSNET olarak m\u00fc\u015fterilerimize en iyi hizmeti sunmay\u0131 ama\u00e7l\u0131yor, g\u00fcvenle sat\u0131n alabilmeniz i\u00e7in, ambalaj kalitemize g\u00fcveniyor, her \u00fcr\u00fcn sorunsuz teslimat i\u00e7in \u00f6zenle paketliyor ve resimde belirtilen renk, ebat, \u00f6zelikte \u00fcr\u00fcn g\u00f6ndermeyi taahh\u00fct ediyoruz. Hasarl\u0131 \u00fcr\u00fcn ald\u0131ysan\u0131z veya di\u011fer \u00fcr\u00fcn ve paket teslimat sorunlar\u0131 oldu\u011funda bizimle ileti\u015fime ge\u00e7mekten \u00e7ekinmeyin.<\/p>\n<p>\n\t<strong>Detayl\u0131 bilgi i\u00e7in ek resimleri inceleyebilirsiniz<\/strong><\/p>\n<p><\/p>\n<p>\n\t<strong><img decoding=\"async\"  src=\"https:\/\/hepsicdn.com.tr\/static\/product_detail\/hbnet3eabbe52_4785901.webp\"><\/strong><\/p>\n<p>\n\t\u00a0<\/p>\n","protected":false},"excerpt":{"rendered":"<p>\u00dcr\u00fcn \u00d6zellikleri : Materyal : Paslanmaz \u00c7elik\u00a0 Adet \/ Renk \/ Tasar\u0131m : 2 Adet, HSNETDesign olarak tasarlad\u0131\u011f\u0131m\u0131z, resimde yer alan tasar\u0131m\u0131 , s\u00fcrpriz ya\u015famaman\u0131z i\u00e7in birebir g\u00f6nderiyoruz \u00d6l\u00e7\u00fcler : D\u0131\u015f \u00c7ap 32 cm x i\u00e7 \u00e7ap 29 cm\u00a0 Tepsiler Pide, Lahmacun, Pizza pi\u015firmede kullan\u0131labilir G\u0131da ile temasa uygundur Makinada y\u0131kanabilir Delikli y\u00fczeyi sayesinde hamurunuzu&#8230;<\/p>\n","protected":false},"featured_media":102276,"comment_status":"open","ping_status":"closed","template":"","meta":{"_kad_post_transparent":"","_kad_post_title":"","_kad_post_layout":"","_kad_post_sidebar_id":"","_kad_post_content_style":"","_kad_post_vertical_padding":"","_kad_post_feature":"","_kad_post_feature_position":"","_kad_post_header":false,"_kad_post_footer":false,"_kad_post_classname":""},"product_brand":[],"product_cat":[14260],"product_tag":[],"class_list":{"0":"post-102277","1":"product","2":"type-product","3":"status-publish","4":"has-post-thumbnail","6":"product_cat-tencere-pisirme-sofra-mutfak-ev-yasam-tencere","8":"first","9":"instock","10":"purchasable","11":"product-type-simple","12":"entry","13":"content-bg","14":"loop-entry"},"_links":{"self":[{"href":"https:\/\/www.hediyepazar.com\/index.php?rest_route=\/wp\/v2\/product\/102277","targetHints":{"allow":["GET"]}}],"collection":[{"href":"https:\/\/www.hediyepazar.com\/index.php?rest_route=\/wp\/v2\/product"}],"about":[{"href":"https:\/\/www.hediyepazar.com\/index.php?rest_route=\/wp\/v2\/types\/product"}],"replies":[{"embeddable":true,"href":"https:\/\/www.hediyepazar.com\/index.php?rest_route=%2Fwp%2Fv2%2Fcomments&post=102277"}],"wp:featuredmedia":[{"embeddable":true,"href":"https:\/\/www.hediyepazar.com\/index.php?rest_route=\/wp\/v2\/media\/102276"}],"wp:attachment":[{"href":"https:\/\/www.hediyepazar.com\/index.php?rest_route=%2Fwp%2Fv2%2Fmedia&parent=102277"}],"wp:term":[{"taxonomy":"product_brand","embeddable":true,"href":"https:\/\/www.hediyepazar.com\/index.php?rest_route=%2Fwp%2Fv2%2Fproduct_brand&post=102277"},{"taxonomy":"product_cat","embeddable":true,"href":"https:\/\/www.hediyepazar.com\/index.php?rest_route=%2Fwp%2Fv2%2Fproduct_cat&post=102277"},{"taxonomy":"product_tag","embeddable":true,"href":"https:\/\/www.hediyepazar.com\/index.php?rest_route=%2Fwp%2Fv2%2Fproduct_tag&post=102277"}],"curies":[{"name":"wp","href":"https:\/\/api.w.org\/{rel}","templated":true}]}}