{"id":102279,"date":"2026-05-04T05:32:10","date_gmt":"2026-05-04T08:32:10","guid":{"rendered":"https:\/\/www.hediyepazar.com\/?product=turk-gece-surus-ve-sis-gozlugu-2"},"modified":"2026-05-04T05:32:10","modified_gmt":"2026-05-04T08:32:10","slug":"turk-gece-surus-ve-sis-gozlugu-2","status":"publish","type":"product","link":"https:\/\/www.hediyepazar.com\/?product=turk-gece-surus-ve-sis-gozlugu-2","title":{"rendered":"Turk Gece S\u00fcr\u00fc\u015f ve Sis G\u00f6zl\u00fc\u011f\u00fc"},"content":{"rendered":"<p>\n\t<strong>\u00dcr\u00fcn \u00d6zellikleri : <\/strong><\/p>\n<p>\n\t<strong>G\u00dcVENEB\u0130LECE\u011e\u0130N\u0130Z KAL\u0130TE:<\/strong> S\u00fcr\u00fc\u015f i\u00e7in UV400 gece g\u00f6r\u00fc\u015f camlar\u0131m\u0131z %100 g\u00fcvenilirlikle gelir. Gece \/ G\u00fcnd\u00fcz s\u00fcr\u00fc\u015f g\u00f6zl\u00fcklerimizin kalitesi, gece s\u00fcr\u00fc\u015f\u00fc s\u0131ras\u0131nda size net bir g\u00f6r\u00fc\u015f sa\u011flar.<\/p>\n<p>\t<strong>Y\u00dcKSEK DENGELEME : <\/strong>Yans\u0131ma \u00f6nleyici gece s\u00fcr\u00fc\u015f camlar\u0131m\u0131z polarizasyon ve g\u00f6r\u00fc\u015f\u00fc dengeleyerek s\u00fcr\u00fc\u015f risklerini azalt\u0131r. Geceleri daha iyi g\u00f6r\u00fcn ve bu gece g\u00f6r\u00fc\u015f g\u00f6zl\u00fc\u011f\u00fc ile ara\u00e7 kullan\u0131rken kendinizi g\u00fcvende tutun. Bu olmazsa olmaz g\u00f6zl\u00fcklerle karanl\u0131kta g\u00fcvenle s\u00fcr\u00fcn!<\/p>\n<p>\t<strong>FAYDALARI :<\/strong> Farlardan, sokak \u0131\u015f\u0131klar\u0131ndan ve trafikten gelen g\u00fc\u00e7l\u00fc parlamay\u0131 engelleyebilir, g\u00f6z yorgunlu\u011funu giderebilir, s\u00fcr\u00fc\u015f konsantrasyonunu art\u0131rabilir ve yoldaki nesneleri ve sokak tabelalar\u0131n\u0131 net bir \u015fekilde g\u00f6rmenizi sa\u011flayabilir.<\/p>\n<p>\t<strong>DAYANIKLILIK : <\/strong>G\u00f6zl\u00fcklerimiz, uzun s\u00fcreli kullan\u0131m i\u00e7in yeterince dayan\u0131kl\u0131, g\u00fc\u00e7lendirilmi\u015f karbon plastik \u00e7er\u00e7eveye sahiptir. S\u00fcr\u00fc\u015f i\u00e7in bu gece g\u00f6zl\u00fckleri, g\u00f6zl\u00fck koleksiyonunuza m\u00fckemmel bir eklentidir!<\/p>\n<p>\t<strong>S\u00dcR\u00dc\u015e \u0130\u00c7\u0130N RAHAT G\u00d6ZL\u00dcKLER: <\/strong>Bu parlama \u00f6nleyici koruyucu g\u00f6zl\u00fckler rahats\u0131zl\u0131\u011fa neden olmayaca\u011f\u0131ndan, gece s\u00fcr\u00fc\u015f s\u0131ras\u0131nda kendinizi rahat ve g\u00fcvende hissedin.<\/p>\n<p>\t<strong>GEN\u0130\u015e ALANDA KULLANIM <\/strong>: Modern ve \u015f\u0131k s\u00fcr\u00fc\u015f g\u00f6zl\u00fcklerimiz spor, y\u00fcr\u00fcy\u00fc\u015f ve araba s\u00fcrme dahil olmak \u00fczere a\u00e7\u0131k hava etkinlikleri i\u00e7in m\u00fckemmeldir. Gece veya g\u00fcnd\u00fcz s\u00fcr\u00fc\u015f\u00fc i\u00e7in, bulutlu, karl\u0131 veya ya\u011fmurlu g\u00fcnlerde ara\u00e7 kullan\u0131rken daha iyi g\u00f6rmenize ve riskleri en aza indirmenize yard\u0131mc\u0131 olur. Parlama \u00f6nleyici camlar siste, bulutlu, ya\u011fmurlu g\u00fcnlerde, karanl\u0131k gecelerde ve di\u011fer d\u00fc\u015f\u00fck \u0131\u015f\u0131k ko\u015fullar\u0131nda daha fazla netlik sa\u011flar, gece g\u00f6r\u00fc\u015f performans\u0131n\u0131 iyile\u015ftirir, gece s\u00fcr\u00fc\u015f\u00fc, motosiklet, bisiklet, ko\u015fu, y\u00fcr\u00fcy\u00fc\u015f, bal\u0131k tutma ve di\u011fer d\u0131\u015f mekan i\u00e7in ideal se\u00e7im faaliyetler.<\/p>\n<p>\t<strong>F\u0130LTREL\u0130 LENSLER : <\/strong>Cam\u0131n en b\u00fcy\u00fck \u00f6zelli\u011fi mavi \u0131\u015f\u0131\u011f\u0131n \u00e7o\u011funu emmesidir. Mavi \u0131\u015f\u0131\u011f\u0131 emdi\u011finde, geceleri netli\u011fi art\u0131rabilir, g\u00f6z yorgunlu\u011funu azaltabilir ve konforu art\u0131rabilir.<\/p>\n<p>\t<strong>SON DERECE DAYANIKLI VE HAF\u0130F: <\/strong>M\u00fckemmel sarma tasar\u0131m\u0131, g\u00f6zl\u00fck kullan\u0131c\u0131s\u0131na\u0131 rahat ve tam g\u00f6r\u00fc\u015f sa\u011flar.<\/p>\n<p>\n\t<strong>M\u00dcKEMMEL SATI\u015e SONRASI H\u0130ZMET : <\/strong>HSNET \/ HSNET m\u00fc\u015fterilerimize en iyi hizmeti sunmay\u0131 ama\u00e7l\u0131yor ve resimde belirtilen renk, ebat, \u00f6zelikte \u00fcr\u00fcn g\u00f6ndermeyi taahh\u00fct ediyoruz. G\u00fcvenle sat\u0131n alabilirsiniz. Hasarl\u0131 \u00fcr\u00fcn ald\u0131ysan\u0131z veya di\u011fer \u00fcr\u00fcn ve paket teslimat sorunlar\u0131 oldu\u011funda bizimle ileti\u015fime ge\u00e7mekten \u00e7ekinmeyin.<\/p>\n<p>\n\t<strong>AMBALAJLAMA Ambalaj kalitemize g\u00fcveniyoruz! Her \u00fcr\u00fcn sorunsuz teslimat i\u00e7in \u00f6zenle paketlenir.<\/strong><\/p>\n<p><\/p>\n<p>\n\t<strong><img decoding=\"async\" alt=\"\" src=\"https:\/\/arabayaservis.com\/skins\/shared\/images\/NEWNisan\/7430000718377-1.jpg\" \/><\/strong><\/p>\n<p>\n\t\u00a0<\/p>\n","protected":false},"excerpt":{"rendered":"<p>\u00dcr\u00fcn \u00d6zellikleri : G\u00dcVENEB\u0130LECE\u011e\u0130N\u0130Z KAL\u0130TE: S\u00fcr\u00fc\u015f i\u00e7in UV400 gece g\u00f6r\u00fc\u015f camlar\u0131m\u0131z %100 g\u00fcvenilirlikle gelir. Gece \/ G\u00fcnd\u00fcz s\u00fcr\u00fc\u015f g\u00f6zl\u00fcklerimizin kalitesi, gece s\u00fcr\u00fc\u015f\u00fc s\u0131ras\u0131nda size net bir g\u00f6r\u00fc\u015f sa\u011flar. Y\u00dcKSEK DENGELEME : Yans\u0131ma \u00f6nleyici gece s\u00fcr\u00fc\u015f camlar\u0131m\u0131z polarizasyon ve g\u00f6r\u00fc\u015f\u00fc dengeleyerek s\u00fcr\u00fc\u015f risklerini azalt\u0131r. Geceleri daha iyi g\u00f6r\u00fcn ve bu gece g\u00f6r\u00fc\u015f g\u00f6zl\u00fc\u011f\u00fc ile ara\u00e7 kullan\u0131rken&#8230;<\/p>\n","protected":false},"featured_media":102278,"comment_status":"open","ping_status":"closed","template":"","meta":{"_kad_post_transparent":"","_kad_post_title":"","_kad_post_layout":"","_kad_post_sidebar_id":"","_kad_post_content_style":"","_kad_post_vertical_padding":"","_kad_post_feature":"","_kad_post_feature_position":"","_kad_post_header":false,"_kad_post_footer":false,"_kad_post_classname":""},"product_brand":[],"product_cat":[14239],"product_tag":[],"class_list":{"0":"post-102279","1":"product","2":"type-product","3":"status-publish","4":"has-post-thumbnail","6":"product_cat-seyahat-urunleri-oto-aksesuarlari-cep-telefonu-elektronik-seyahat-urunleri","8":"first","9":"instock","10":"purchasable","11":"product-type-simple","12":"entry","13":"content-bg","14":"loop-entry"},"_links":{"self":[{"href":"https:\/\/www.hediyepazar.com\/index.php?rest_route=\/wp\/v2\/product\/102279","targetHints":{"allow":["GET"]}}],"collection":[{"href":"https:\/\/www.hediyepazar.com\/index.php?rest_route=\/wp\/v2\/product"}],"about":[{"href":"https:\/\/www.hediyepazar.com\/index.php?rest_route=\/wp\/v2\/types\/product"}],"replies":[{"embeddable":true,"href":"https:\/\/www.hediyepazar.com\/index.php?rest_route=%2Fwp%2Fv2%2Fcomments&post=102279"}],"wp:featuredmedia":[{"embeddable":true,"href":"https:\/\/www.hediyepazar.com\/index.php?rest_route=\/wp\/v2\/media\/102278"}],"wp:attachment":[{"href":"https:\/\/www.hediyepazar.com\/index.php?rest_route=%2Fwp%2Fv2%2Fmedia&parent=102279"}],"wp:term":[{"taxonomy":"product_brand","embeddable":true,"href":"https:\/\/www.hediyepazar.com\/index.php?rest_route=%2Fwp%2Fv2%2Fproduct_brand&post=102279"},{"taxonomy":"product_cat","embeddable":true,"href":"https:\/\/www.hediyepazar.com\/index.php?rest_route=%2Fwp%2Fv2%2Fproduct_cat&post=102279"},{"taxonomy":"product_tag","embeddable":true,"href":"https:\/\/www.hediyepazar.com\/index.php?rest_route=%2Fwp%2Fv2%2Fproduct_tag&post=102279"}],"curies":[{"name":"wp","href":"https:\/\/api.w.org\/{rel}","templated":true}]}}