{"id":102282,"date":"2026-05-04T05:32:39","date_gmt":"2026-05-04T08:32:39","guid":{"rendered":"https:\/\/www.hediyepazar.com\/?product=turk-sakal-tarama-fircasi-absolute-professional"},"modified":"2026-05-04T05:32:39","modified_gmt":"2026-05-04T08:32:39","slug":"turk-sakal-tarama-fircasi-absolute-professional","status":"publish","type":"product","link":"https:\/\/www.hediyepazar.com\/?product=turk-sakal-tarama-fircasi-absolute-professional","title":{"rendered":"Turk Sakal Tarama F\u0131r\u00e7as\u0131 Absolute Professional"},"content":{"rendered":"<p>\n\t<strong>\u00dcr\u00fcn \u00d6zellikleri : <\/strong><\/p>\n<p>\t<strong>Adet \/ Renk \/ Tasar\u0131m : <\/strong> 1 Adet, HSNET Absol\u0131te Professional Design olarak tasarlad\u0131\u011f\u0131m\u0131z, resimde yer alan modeli , s\u00fcrpriz ya\u015famaman\u0131z i\u00e7in birebir g\u00f6nderiyoruz<\/p>\n<p>\t<strong>\u00d6l\u00e7\u00fcler :\u00a0Toplam F\u0131r\u00e7a 15 cm x K\u0131l Derinli\u011fi : 2 cm x K\u0131l b\u00f6l\u00fcm\u00fc 6 x 2 cm <\/strong><\/p>\n<p>\tKAL\u0130TE VE PERFORMANS: M\u00fckemmel tutu\u015f ve \u00fcst\u00fcn performans i\u00e7in dayan\u0131kl\u0131 ve kullan\u0131m\u0131 rahatt\u0131r. Ta\u015f\u0131nabilir boyut, her yerde ve her zaman kullan\u0131m kolayl\u0131\u011f\u0131d\u0131r. \u0130yi esneklik, yumu\u015fak ve rahatl\u0131\u011fa sahiptir.<\/p>\n<p>\t4 FONKS\u0130YON \u0130\u00c7ER\u0130R : Sakal ve boy\u0131k tarama, Sakal T\u0131ra\u015f\u0131n\u0131z sonras\u0131 muhte\u015fem k\u0131l temizli\u011fi ve rahatlama ve sakal ya\u011f\u0131, \u015fampuan bak\u0131m ya\u011f\u0131 vb uygulamalar\u0131, sakal t\u0131ra\u015f kremi-jel uygulamas\u0131\u00a0 yapar.<\/p>\n<p>\tSakal kepeklerinden ve kirlerinden kurtulmak i\u00e7in f\u0131r\u00e7ay\u0131 kullan\u0131n<\/p>\n<p>\tTARAMA \u00d6ZEL\u0130\u011e\u0130 : E\u015fsiz tasar\u0131m\u0131 sakal\u0131n\u0131z\u0131 ve b\u0131y\u0131\u011f\u0131n\u0131z\u0131 rahat\u00e7a d\u00fczeltmenizi, daha p\u00fcr\u00fczs\u00fcz ve kolay taranmas\u0131n\u0131 sa\u011flar, \u015fekillendirme s\u00f6z konusu oldu\u011funda m\u00fckemmel sonu\u00e7lar alman\u0131z\u0131 sa\u011flar, sakal\u0131n\u0131z\u0131 \u015fekillendirmek ve basit\u00e7e bak\u0131m\u0131n\u0131 yapmak.<\/p>\n<p>\tKOLAY \u015eEK\u0130LLEND\u0130RME SAKALI: Bu klasik Sakal arac\u0131, sakal\u0131n\u0131z\u0131 \u015fekillendirirken sakal\u0131n\u0131z\u0131 f\u0131r\u00e7alar ve alttaki cildi uyar\u0131r. Berber kalitesindeki bu profesyonel sa\u00e7 f\u0131r\u00e7as\u0131 cilde ula\u015farak do\u011fal ya\u011f da\u011f\u0131t\u0131m\u0131n\u0131 te\u015fvik ederek sakal\u0131n\u0131z\u0131n sa\u011fl\u0131kl\u0131 kalmas\u0131n\u0131 ve sa\u011fl\u0131kl\u0131 g\u00f6r\u00fcnmesini sa\u011flar.<\/p>\n<p>\tT\u00dcM SA\u00c7 T\u00dcRLER\u0130 \u0130\u00c7\u0130N M\u00dcKEMMEL: Sakal\u0131n\u0131z\u0131n uzunlu\u011fu ister k\u0131sa, ister orta uzunlukta olsun, bu f\u0131r\u00e7a, di\u011ferlerinin imrendi\u011fi zarif bir erkek sakal\u0131yla en iyi \u015fekilde g\u00f6r\u00fcnmenizi sa\u011flayacakt\u0131r.<\/p>\n<p>\tFONKS\u0130YONELi: Her t\u00fcrl\u00fc sakal ya\u011f\u0131, sakal kremi veya sakal mumu ile \u00e7al\u0131\u015f\u0131r. Sakal bak\u0131m deneyimini geli\u015ftirmek i\u00e7in kaliteli bir sakal f\u0131r\u00e7as\u0131 arayan herkes i\u00e7in m\u00fckemmel se\u00e7im. Sakal f\u0131r\u00e7as\u0131 olarak kullan\u0131lan do\u011fal domuz k\u0131ll\u0131 sakal tara\u011f\u0131, cep boyutunda, rahat\u00e7a ta\u015f\u0131ma ve seyahat i\u00e7in uygundur. Ta\u015f\u0131nabilir ve kompakt tasar\u0131m, ta\u015f\u0131mas\u0131 kolay.<\/p>\n<p>\tYayg\u0131n Olarak Kullan\u0131lan &#8211; Bu profesyonel k\u0131ll\u0131 f\u0131r\u00e7a her t\u00fcrl\u00fc sakal ya\u011f\u0131, krem \u200b\u200bveya balmumu i\u00e7in uygundur. Sakal\u0131n\u0131z\u0131 d\u00fczeltmekle kalmay\u0131p ayn\u0131 zamanda cildinize masaj yaparak sakal\u0131n\u0131z\u0131n d\u00fczg\u00fcn ve temiz g\u00f6r\u00fcnmesini sa\u011flayabilirsiniz.<\/p>\n<p>\n\t<strong>M\u00dcKEMMEL SATI\u015e SONRASI H\u0130ZMET : <\/strong>HSNET \/ HSNET olarak m\u00fc\u015fterilerimize en iyi hizmeti sunmay\u0131 ama\u00e7l\u0131yor, g\u00fcvenle sat\u0131n alabilmeniz i\u00e7in, ambalaj kalitemize g\u00fcveniyor, her \u00fcr\u00fcn sorunsuz teslimat i\u00e7in \u00f6zenle paketliyor ve resimde belirtilen renk, ebat, \u00f6zelikte \u00fcr\u00fcn g\u00f6ndermeyi taahh\u00fct ediyoruz. Hasarl\u0131 \u00fcr\u00fcn ald\u0131ysan\u0131z veya di\u011fer \u00fcr\u00fcn ve paket teslimat sorunlar\u0131 oldu\u011funda bizimle ileti\u015fime ge\u00e7mekten \u00e7ekinmeyin.<\/p>\n<p>\n\t<strong>Detayl\u0131 bilgi i\u00e7in ek resimleri inceleyebilirsiniz<\/strong><\/p>\n<p><\/p>\n<p>\n\t<strong><img decoding=\"async\"  src=\"https:\/\/hepsicdn.com.tr\/static\/product_detail\/hbnet9512ba9e_4786501.jpg\"><\/strong><\/p>\n<p>\n\t\u00a0<\/p>\n","protected":false},"excerpt":{"rendered":"<p>\u00dcr\u00fcn \u00d6zellikleri : Adet \/ Renk \/ Tasar\u0131m : 1 Adet, HSNET Absol\u0131te Professional Design olarak tasarlad\u0131\u011f\u0131m\u0131z, resimde yer alan modeli , s\u00fcrpriz ya\u015famaman\u0131z i\u00e7in birebir g\u00f6nderiyoruz \u00d6l\u00e7\u00fcler :\u00a0Toplam F\u0131r\u00e7a 15 cm x K\u0131l Derinli\u011fi : 2 cm x K\u0131l b\u00f6l\u00fcm\u00fc 6 x 2 cm KAL\u0130TE VE PERFORMANS: M\u00fckemmel tutu\u015f ve \u00fcst\u00fcn performans i\u00e7in dayan\u0131kl\u0131&#8230;<\/p>\n","protected":false},"featured_media":0,"comment_status":"open","ping_status":"closed","template":"","meta":{"_kad_post_transparent":"","_kad_post_title":"","_kad_post_layout":"","_kad_post_sidebar_id":"","_kad_post_content_style":"","_kad_post_vertical_padding":"","_kad_post_feature":"","_kad_post_feature_position":"","_kad_post_header":false,"_kad_post_footer":false,"_kad_post_classname":""},"product_brand":[],"product_cat":[14302],"product_tag":[],"class_list":{"0":"post-102282","1":"product","2":"type-product","3":"status-publish","5":"product_cat-sac-fircasi-ve-tarak-sac-bakimi-kozmetik-sac-fircasi-ve-tarak-sac-bakimi-kozmetik","7":"first","8":"instock","9":"purchasable","10":"product-type-simple","11":"entry","12":"content-bg","13":"loop-entry"},"_links":{"self":[{"href":"https:\/\/www.hediyepazar.com\/index.php?rest_route=\/wp\/v2\/product\/102282","targetHints":{"allow":["GET"]}}],"collection":[{"href":"https:\/\/www.hediyepazar.com\/index.php?rest_route=\/wp\/v2\/product"}],"about":[{"href":"https:\/\/www.hediyepazar.com\/index.php?rest_route=\/wp\/v2\/types\/product"}],"replies":[{"embeddable":true,"href":"https:\/\/www.hediyepazar.com\/index.php?rest_route=%2Fwp%2Fv2%2Fcomments&post=102282"}],"wp:attachment":[{"href":"https:\/\/www.hediyepazar.com\/index.php?rest_route=%2Fwp%2Fv2%2Fmedia&parent=102282"}],"wp:term":[{"taxonomy":"product_brand","embeddable":true,"href":"https:\/\/www.hediyepazar.com\/index.php?rest_route=%2Fwp%2Fv2%2Fproduct_brand&post=102282"},{"taxonomy":"product_cat","embeddable":true,"href":"https:\/\/www.hediyepazar.com\/index.php?rest_route=%2Fwp%2Fv2%2Fproduct_cat&post=102282"},{"taxonomy":"product_tag","embeddable":true,"href":"https:\/\/www.hediyepazar.com\/index.php?rest_route=%2Fwp%2Fv2%2Fproduct_tag&post=102282"}],"curies":[{"name":"wp","href":"https:\/\/api.w.org\/{rel}","templated":true}]}}