{"id":102288,"date":"2026-05-04T05:36:20","date_gmt":"2026-05-04T08:36:20","guid":{"rendered":"https:\/\/www.hediyepazar.com\/?product=turk-34-cm-merdaneli-hamur-acma-masasi"},"modified":"2026-05-04T05:36:20","modified_gmt":"2026-05-04T08:36:20","slug":"turk-34-cm-merdaneli-hamur-acma-masasi","status":"publish","type":"product","link":"https:\/\/www.hediyepazar.com\/?product=turk-34-cm-merdaneli-hamur-acma-masasi","title":{"rendered":"Turk 34 Cm Merdaneli Hamur A\u00e7ma Masas\u0131"},"content":{"rendered":"<p>\n\t<span style=\"color:#ff0000;\"><strong>Spesifikasyonlar :\u00a0\u00a0<\/strong><\/span><\/p>\n<p>\n\t<strong style=\"color: rgb(255, 0, 0);\">Adet : 1<\/strong><\/p>\n<p>\n\t<span style=\"color:#ff0000;\"><strong>Materyal : Ah\u015fap <\/strong><\/span><\/p>\n<p>\n\t<span style=\"color:#ff0000;\"><strong>\u00d6l\u00e7\u00fcler : 34 cm \u00e7ap | Kal\u0131nl\u0131k 9,3 mm | Toplam y\u00fckseklik\u00a0 6cm <\/strong><\/span><\/p>\n<p>\n\tY\u00fckseltilmi\u015f ayakl\u0131 modeldir.<br \/>\n\tMedium\u00a0 \u00f6l\u00e7\u00fcleriyle pratik yer kaplamayan hamur a\u00e7ma tahtas\u0131d\u0131r. 34 cm oklavas\u0131yla birlikte g\u00f6nderilir.<\/p>\n<p>\n\t<font color=\"#ff0000\"><b>\u00a0<\/b><\/font><\/p>\n<p>\n\t<font color=\"#ff0000\"><b>\u00a0<\/b><\/font><\/p>\n","protected":false},"excerpt":{"rendered":"<p>Spesifikasyonlar :\u00a0\u00a0 Adet : 1 Materyal : Ah\u015fap \u00d6l\u00e7\u00fcler : 34 cm \u00e7ap | Kal\u0131nl\u0131k 9,3 mm | Toplam y\u00fckseklik\u00a0 6cm Y\u00fckseltilmi\u015f ayakl\u0131 modeldir. Medium\u00a0 \u00f6l\u00e7\u00fcleriyle pratik yer kaplamayan hamur a\u00e7ma tahtas\u0131d\u0131r. 34 cm oklavas\u0131yla birlikte g\u00f6nderilir. \u00a0 \u00a0<\/p>\n","protected":false},"featured_media":102287,"comment_status":"open","ping_status":"closed","template":"","meta":{"_kad_post_transparent":"","_kad_post_title":"","_kad_post_layout":"","_kad_post_sidebar_id":"","_kad_post_content_style":"","_kad_post_vertical_padding":"","_kad_post_feature":"","_kad_post_feature_position":"","_kad_post_header":false,"_kad_post_footer":false,"_kad_post_classname":""},"product_brand":[],"product_cat":[7826],"product_tag":[],"class_list":{"0":"post-102288","1":"product","2":"type-product","3":"status-publish","4":"has-post-thumbnail","6":"product_cat-endustriyel-mutfak-ekipmanlari-sofra-sofra-mutfak-ev-yasam-endustriyel-mutfak-ekipmanlari","8":"first","9":"instock","10":"purchasable","11":"product-type-simple","12":"entry","13":"content-bg","14":"loop-entry"},"_links":{"self":[{"href":"https:\/\/www.hediyepazar.com\/index.php?rest_route=\/wp\/v2\/product\/102288","targetHints":{"allow":["GET"]}}],"collection":[{"href":"https:\/\/www.hediyepazar.com\/index.php?rest_route=\/wp\/v2\/product"}],"about":[{"href":"https:\/\/www.hediyepazar.com\/index.php?rest_route=\/wp\/v2\/types\/product"}],"replies":[{"embeddable":true,"href":"https:\/\/www.hediyepazar.com\/index.php?rest_route=%2Fwp%2Fv2%2Fcomments&post=102288"}],"wp:featuredmedia":[{"embeddable":true,"href":"https:\/\/www.hediyepazar.com\/index.php?rest_route=\/wp\/v2\/media\/102287"}],"wp:attachment":[{"href":"https:\/\/www.hediyepazar.com\/index.php?rest_route=%2Fwp%2Fv2%2Fmedia&parent=102288"}],"wp:term":[{"taxonomy":"product_brand","embeddable":true,"href":"https:\/\/www.hediyepazar.com\/index.php?rest_route=%2Fwp%2Fv2%2Fproduct_brand&post=102288"},{"taxonomy":"product_cat","embeddable":true,"href":"https:\/\/www.hediyepazar.com\/index.php?rest_route=%2Fwp%2Fv2%2Fproduct_cat&post=102288"},{"taxonomy":"product_tag","embeddable":true,"href":"https:\/\/www.hediyepazar.com\/index.php?rest_route=%2Fwp%2Fv2%2Fproduct_tag&post=102288"}],"curies":[{"name":"wp","href":"https:\/\/api.w.org\/{rel}","templated":true}]}}