{"id":102289,"date":"2026-05-04T05:37:17","date_gmt":"2026-05-04T08:37:17","guid":{"rendered":"https:\/\/www.hediyepazar.com\/?product=turk-hizli-parmak-bicagi-basparmak-sebze-kesici-2-li-set"},"modified":"2026-05-04T05:37:17","modified_gmt":"2026-05-04T08:37:17","slug":"turk-hizli-parmak-bicagi-basparmak-sebze-kesici-2-li-set","status":"publish","type":"product","link":"https:\/\/www.hediyepazar.com\/?product=turk-hizli-parmak-bicagi-basparmak-sebze-kesici-2-li-set","title":{"rendered":"Turk H\u0131zl\u0131 Parmak B\u0131\u00e7a\u011f\u0131 Ba\u015fparmak Sebze Kesici 2 li set"},"content":{"rendered":"<p>\n\t<strong>\u00dcr\u00fcn \u00d6zellikleri : <\/strong><\/p>\n<p>\t<strong>Adet \/ Renk \/ Tasar\u0131m : <\/strong> 2 set (2 ba\u015fparmak kesici + 10 adet parmak koruyu, HSNET Lattanzi Design olarak tasarlad\u0131\u011f\u0131m\u0131z, resimde yer alan tasar\u0131m\u0131 ve seti , s\u00fcrpriz ya\u015famaman\u0131z i\u00e7in birebir g\u00f6nderiyoruz<\/p>\n<p>\n\t\u00dcST\u00dcN KAL\u0130TE : Bah\u00e7e ba\u015fparmak b\u0131\u00e7aklar\u0131, dayan\u0131kl\u0131 ve paslanmayan y\u00fcksek kaliteli paslanmaz \u00e7elikten \u00fcretilmi\u015ftir. Yumu\u015fak ve elastik silikon parmak kesici , bu ba\u015fparmak b\u0131\u00e7aklar\u0131n\u0131 daha rahat ve d\u00fc\u015fmeye daha az yatk\u0131n hale getirir. S\u0131n\u0131f 5 adet kesilmeye dayan\u0131kl\u0131 parmak man\u015fetleri esneklik ve koruma ile birlikte<\/p>\n<p>\t\u00c7OK AMA\u00c7LI : Ba\u015fparmak B\u0131\u00e7a\u011f\u0131, biber, salatal\u0131k, domates, kiraz, \u00e7ilek vb. gibi meyve ve sebzeleri toplamak i\u00e7in idealdir. ; ayr\u0131ca bah\u00e7e i\u015fleri i\u00e7in dallar\u0131 kesmek i\u00e7in kullan\u0131labilir, emek tasarrufu ve i\u015f verimlili\u011fini b\u00fcy\u00fck \u00f6l\u00e7\u00fcde art\u0131r\u0131r. Daha fazla \u00fcretkenlik i\u00e7in tek elle toplama veya budama.<\/p>\n<p>\tEVRENSEL BOYUT : Bah\u00e7e Ba\u015fparmak B\u0131\u00e7a\u011f\u0131 Boyutu \u00e7o\u011fu yeti\u015fkin i\u00e7in uygundur ve yaralanmalar\u0131 \u00f6nlemek i\u00e7in parmak koruyucularla birlikte kullan\u0131lmal\u0131d\u0131r. Kullan\u0131lmad\u0131\u011f\u0131nda iyice y\u0131kay\u0131n, b\u0131\u00e7a\u011f\u0131 kapat\u0131n ve \u00e7ocuklardan uzak tutun<\/p>\n<p>\t\u0130deal alet : Bu silikon ba\u015fparmak b\u0131\u00e7a\u011f\u0131 parmak koruyucu, kendiniz, anne veya baban\u0131z i\u00e7in m\u00fckemmel bir hediyedir, bah\u00e7e i\u015flerini seven arkada\u015flar\u0131n\u0131z i\u00e7in bile. Parmak b\u0131\u00e7a\u011f\u0131 parmak kesici bitkileri kolay ve h\u0131zl\u0131 bir \u015fekilde toplayabilir veya d\u00fczeltebilir, t\u0131rnaklar\u0131n\u0131z\u0131 ve parma\u011f\u0131n\u0131z\u0131 zarardan korur. Ba\u015fparmak b\u0131\u00e7a\u011f\u0131 aletlerinden memnun de\u011filseniz, l\u00fctfen bizimle ileti\u015fime ge\u00e7in.<\/p>\n<p>\n\t<strong>M\u00dcKEMMEL SATI\u015e SONRASI H\u0130ZMET : <\/strong>HSNET \/ HSNET olarak m\u00fc\u015fterilerimize en iyi hizmeti sunmay\u0131 ama\u00e7l\u0131yor, g\u00fcvenle sat\u0131n alabilmeniz i\u00e7in, ambalaj kalitemize g\u00fcveniyor, her \u00fcr\u00fcn sorunsuz teslimat i\u00e7in \u00f6zenle paketliyor ve resimde belirtilen renk, ebat, \u00f6zelikte \u00fcr\u00fcn g\u00f6ndermeyi taahh\u00fct ediyoruz. Hasarl\u0131 \u00fcr\u00fcn ald\u0131ysan\u0131z veya di\u011fer \u00fcr\u00fcn ve paket teslimat sorunlar\u0131 oldu\u011funda bizimle ileti\u015fime ge\u00e7mekten \u00e7ekinmeyin.<\/p>\n<p>\n\t<strong>Detayl\u0131 bilgi i\u00e7in ek resimleri inceleyebilirsiniz<\/strong><\/p>\n<p><\/p>\n<p>\n\t<strong><img decoding=\"async\"  src=\"https:\/\/hepsicdn.com.tr\/static\/product_detail\/hbnet540e4bb6_4788101.jpg\"><\/strong><\/p>\n<p>\n\t\u00a0<\/p>\n","protected":false},"excerpt":{"rendered":"<p>\u00dcr\u00fcn \u00d6zellikleri : Adet \/ Renk \/ Tasar\u0131m : 2 set (2 ba\u015fparmak kesici + 10 adet parmak koruyu, HSNET Lattanzi Design olarak tasarlad\u0131\u011f\u0131m\u0131z, resimde yer alan tasar\u0131m\u0131 ve seti , s\u00fcrpriz ya\u015famaman\u0131z i\u00e7in birebir g\u00f6nderiyoruz \u00dcST\u00dcN KAL\u0130TE : Bah\u00e7e ba\u015fparmak b\u0131\u00e7aklar\u0131, dayan\u0131kl\u0131 ve paslanmayan y\u00fcksek kaliteli paslanmaz \u00e7elikten \u00fcretilmi\u015ftir. Yumu\u015fak ve elastik silikon parmak&#8230;<\/p>\n","protected":false},"featured_media":0,"comment_status":"open","ping_status":"closed","template":"","meta":{"_kad_post_transparent":"","_kad_post_title":"","_kad_post_layout":"","_kad_post_sidebar_id":"","_kad_post_content_style":"","_kad_post_vertical_padding":"","_kad_post_feature":"","_kad_post_feature_position":"","_kad_post_header":false,"_kad_post_footer":false,"_kad_post_classname":""},"product_brand":[],"product_cat":[7826],"product_tag":[],"class_list":{"0":"post-102289","1":"product","2":"type-product","3":"status-publish","5":"product_cat-endustriyel-mutfak-ekipmanlari-sofra-sofra-mutfak-ev-yasam-endustriyel-mutfak-ekipmanlari","7":"first","8":"instock","9":"purchasable","10":"product-type-simple","11":"entry","12":"content-bg","13":"loop-entry"},"_links":{"self":[{"href":"https:\/\/www.hediyepazar.com\/index.php?rest_route=\/wp\/v2\/product\/102289","targetHints":{"allow":["GET"]}}],"collection":[{"href":"https:\/\/www.hediyepazar.com\/index.php?rest_route=\/wp\/v2\/product"}],"about":[{"href":"https:\/\/www.hediyepazar.com\/index.php?rest_route=\/wp\/v2\/types\/product"}],"replies":[{"embeddable":true,"href":"https:\/\/www.hediyepazar.com\/index.php?rest_route=%2Fwp%2Fv2%2Fcomments&post=102289"}],"wp:attachment":[{"href":"https:\/\/www.hediyepazar.com\/index.php?rest_route=%2Fwp%2Fv2%2Fmedia&parent=102289"}],"wp:term":[{"taxonomy":"product_brand","embeddable":true,"href":"https:\/\/www.hediyepazar.com\/index.php?rest_route=%2Fwp%2Fv2%2Fproduct_brand&post=102289"},{"taxonomy":"product_cat","embeddable":true,"href":"https:\/\/www.hediyepazar.com\/index.php?rest_route=%2Fwp%2Fv2%2Fproduct_cat&post=102289"},{"taxonomy":"product_tag","embeddable":true,"href":"https:\/\/www.hediyepazar.com\/index.php?rest_route=%2Fwp%2Fv2%2Fproduct_tag&post=102289"}],"curies":[{"name":"wp","href":"https:\/\/api.w.org\/{rel}","templated":true}]}}