{"id":102293,"date":"2026-05-04T05:38:07","date_gmt":"2026-05-04T08:38:07","guid":{"rendered":"https:\/\/www.hediyepazar.com\/?product=turk-profesyonel-fon-icin-difuzor-vigo-baslik"},"modified":"2026-05-04T05:38:07","modified_gmt":"2026-05-04T08:38:07","slug":"turk-profesyonel-fon-icin-difuzor-vigo-baslik","status":"publish","type":"product","link":"https:\/\/www.hediyepazar.com\/?product=turk-profesyonel-fon-icin-difuzor-vigo-baslik","title":{"rendered":"Turk Profesyonel F\u00f6n I\u00e7in Dif\u00fcz\u00f6r Vigo Ba\u015fl\u0131k"},"content":{"rendered":"<p>\n\t<strong>\u00dcr\u00fcn \u00d6zellikleri : <\/strong><\/p>\n<p>\t<strong>Materyal : abs plastik\u00a0<\/strong><\/p>\n<p>\t<strong>Adet \/ Renk \/ Tasar\u0131m : <\/strong> 1 Adet, HSNET olarak tasarlad\u0131\u011f\u0131m\u0131z, resimde yer alan rengi, s\u00fcrpriz ya\u015famaman\u0131z i\u00e7in birebir g\u00f6nderiyoruz<\/p>\n<p>\t<strong>\u00d6l\u00e7\u00fcler : 17 cm \u00fcfleme \u00e7ap\u0131 &#8211; 15 ana nokta \u00e7\u0131k\u0131\u015f\u0131\u00a0 &#8211;\u00a0<\/strong>S\u0131k\u0131\u015ft\u0131rma sistemi ile ;\u00a0<strong>4.3&#8217;den 5.2 cm \u00e7apa kadar \u00e7\u0131k\u0131\u015f\u0131 olan kurutma makinelerine uyumludur\u00a0<\/strong><\/p>\n<p>\n\t<br \/>\n\tY\u00fcksek kaliteli malzemeler: Y\u00fcksek s\u0131cakl\u0131klara dayan\u0131kl\u0131 y\u00fcksek kaliteli ABS Plastik<\/p>\n<p>\tGeni\u015f Uygulamalar: K\u0131v\u0131rc\u0131k sa\u00e7lar ve dalgal\u0131 sa\u00e7 \u015fekillendirme i\u00e7in m\u00fckemmel olan yuvarlak nozullu \u00e7o\u011fu sa\u00e7 kurutma makinesi i\u00e7in esnek konekt\u00f6r.<\/p>\n<p>\tKurulumu kolay: \u00dcfleyici kapa\u011f\u0131n\u0131 konekt\u00f6r yukar\u0131 bakacak \u015fekilde masaya yerle\u015ftirin, f\u00f6n makinesini nozul ve konekt\u00f6rle dikey olarak hizalay\u0131n, konekt\u00f6r ba\u011flant\u0131 noktas\u0131na yerle\u015ftirin ve sabitlemek i\u00e7in s\u0131k\u0131ca bast\u0131r\u0131n<\/p>\n<p>\tTa\u015f\u0131mas\u0131 ve temizlemesi kolay: y\u0131kanabilir, temizlenmesi \u00e7ok rahat olabilir. Uzun s\u00fcreli kullan\u0131mda deformasyon olmaz.<\/p>\n<p>\n\t<strong>M\u00dcKEMMEL SATI\u015e SONRASI H\u0130ZMET : <\/strong>HSNET \/ HSNET olarak m\u00fc\u015fterilerimize en iyi hizmeti sunmay\u0131 ama\u00e7l\u0131yor, g\u00fcvenle sat\u0131n alabilmeniz i\u00e7in, ambalaj kalitemize g\u00fcveniyor, her \u00fcr\u00fcn sorunsuz teslimat i\u00e7in \u00f6zenle paketliyor ve resimde belirtilen renk, ebat, \u00f6zelikte \u00fcr\u00fcn g\u00f6ndermeyi taahh\u00fct ediyoruz. Hasarl\u0131 \u00fcr\u00fcn ald\u0131ysan\u0131z veya di\u011fer \u00fcr\u00fcn ve paket teslimat sorunlar\u0131 oldu\u011funda bizimle ileti\u015fime ge\u00e7mekten \u00e7ekinmeyin.<\/p>\n<p>\n\t<strong>Detayl\u0131 bilgi i\u00e7in ek resimleri inceleyebilirsiniz<\/strong><\/p>\n<p><\/p>\n<p>\n\t<strong><img decoding=\"async\"  src=\"https:\/\/hepsicdn.com.tr\/static\/product_detail\/hbnet3c77e6f7_4788901.webp\"><\/strong><\/p>\n<p>\n\t\u00a0<\/p>\n","protected":false},"excerpt":{"rendered":"<p>\u00dcr\u00fcn \u00d6zellikleri : Materyal : abs plastik\u00a0 Adet \/ Renk \/ Tasar\u0131m : 1 Adet, HSNET olarak tasarlad\u0131\u011f\u0131m\u0131z, resimde yer alan rengi, s\u00fcrpriz ya\u015famaman\u0131z i\u00e7in birebir g\u00f6nderiyoruz \u00d6l\u00e7\u00fcler : 17 cm \u00fcfleme \u00e7ap\u0131 &#8211; 15 ana nokta \u00e7\u0131k\u0131\u015f\u0131\u00a0 &#8211;\u00a0S\u0131k\u0131\u015ft\u0131rma sistemi ile ;\u00a04.3&#8217;den 5.2 cm \u00e7apa kadar \u00e7\u0131k\u0131\u015f\u0131 olan kurutma makinelerine uyumludur\u00a0 Y\u00fcksek kaliteli malzemeler: Y\u00fcksek&#8230;<\/p>\n","protected":false},"featured_media":102292,"comment_status":"open","ping_status":"closed","template":"","meta":{"_kad_post_transparent":"","_kad_post_title":"","_kad_post_layout":"","_kad_post_sidebar_id":"","_kad_post_content_style":"","_kad_post_vertical_padding":"","_kad_post_feature":"","_kad_post_feature_position":"","_kad_post_header":false,"_kad_post_footer":false,"_kad_post_classname":""},"product_brand":[],"product_cat":[14227],"product_tag":[],"class_list":{"0":"post-102293","1":"product","2":"type-product","3":"status-publish","4":"has-post-thumbnail","6":"product_cat-kuafor-urunleri-erkek-kuafor-kuafor-urunleri","8":"first","9":"instock","10":"purchasable","11":"product-type-simple","12":"entry","13":"content-bg","14":"loop-entry"},"_links":{"self":[{"href":"https:\/\/www.hediyepazar.com\/index.php?rest_route=\/wp\/v2\/product\/102293","targetHints":{"allow":["GET"]}}],"collection":[{"href":"https:\/\/www.hediyepazar.com\/index.php?rest_route=\/wp\/v2\/product"}],"about":[{"href":"https:\/\/www.hediyepazar.com\/index.php?rest_route=\/wp\/v2\/types\/product"}],"replies":[{"embeddable":true,"href":"https:\/\/www.hediyepazar.com\/index.php?rest_route=%2Fwp%2Fv2%2Fcomments&post=102293"}],"wp:featuredmedia":[{"embeddable":true,"href":"https:\/\/www.hediyepazar.com\/index.php?rest_route=\/wp\/v2\/media\/102292"}],"wp:attachment":[{"href":"https:\/\/www.hediyepazar.com\/index.php?rest_route=%2Fwp%2Fv2%2Fmedia&parent=102293"}],"wp:term":[{"taxonomy":"product_brand","embeddable":true,"href":"https:\/\/www.hediyepazar.com\/index.php?rest_route=%2Fwp%2Fv2%2Fproduct_brand&post=102293"},{"taxonomy":"product_cat","embeddable":true,"href":"https:\/\/www.hediyepazar.com\/index.php?rest_route=%2Fwp%2Fv2%2Fproduct_cat&post=102293"},{"taxonomy":"product_tag","embeddable":true,"href":"https:\/\/www.hediyepazar.com\/index.php?rest_route=%2Fwp%2Fv2%2Fproduct_tag&post=102293"}],"curies":[{"name":"wp","href":"https:\/\/api.w.org\/{rel}","templated":true}]}}