{"id":102297,"date":"2026-05-04T05:38:16","date_gmt":"2026-05-04T08:38:16","guid":{"rendered":"https:\/\/www.hediyepazar.com\/?product=turk-2-li-bambu-celik-telli-nihale-falper-design"},"modified":"2026-05-04T05:38:16","modified_gmt":"2026-05-04T08:38:16","slug":"turk-2-li-bambu-celik-telli-nihale-falper-design","status":"publish","type":"product","link":"https:\/\/www.hediyepazar.com\/?product=turk-2-li-bambu-celik-telli-nihale-falper-design","title":{"rendered":"Turk 2 li Bambu \u00c7elik Telli Nihale Falper Design"},"content":{"rendered":"<p>\n\t<strong>\u00dcr\u00fcn \u00d6zellikleri : <\/strong><\/p>\n<p>\t<strong>Materyal : Bambu + ortada \u00e7elik has\u0131r teller\u00a0<\/strong><\/p>\n<p>\t<strong>Adet \/ Renk \/ Tasar\u0131m :\u00a0<\/strong>2 Adet, HSNET\u00a0<span style=\"color: rgb(1, 15, 38); font-family: Roboto, sans-serif; font-size: 13px; background-color: rgb(247, 247, 247);\">Falper\u00a0<\/span>Design olarak tasarlad\u0131\u011f\u0131m\u0131z, resimde yer alan tasar\u0131m\u0131, s\u00fcrpriz ya\u015famaman\u0131z i\u00e7in birebir g\u00f6nderiyoruz.<\/p>\n<p>\n\t<strong>\u00d6l\u00e7\u00fcler : <\/strong>15 x 15 cm\u00a0\u00a0<\/p>\n<p>\n\tMutfa\u011f\u0131n\u0131z\u0131 bu bambu nihale ile tamamlay\u0131n. Bu bambu nihale, bardaklar\u0131, kaseleri, tabaklar\u0131 ve di\u011fer s\u0131cak e\u015fyalar\u0131n y\u00fczeyi bozmas\u0131n\u0131 \u00f6nlemek i\u00e7in masalar ve tezgahlar i\u00e7in m\u00fckemmeldir.<br \/>\n\tS\u0131cak altl\u0131k, servis altl\u0131\u011f\u0131, tezgah altl\u0131\u011f\u0131, at\u00f6lye koruyucusu, kurutma altl\u0131\u011f\u0131 olarak kullan\u0131labilir. Ocak \u00fcst\u00fcn\u00fc, masa \u00fcst\u00fcn\u00fc, at\u00f6lyeyi veya tezgah\u0131 \u00e7irkin yan\u0131klardan korur.<br \/>\n\t(-20\u00b0C ila 160\u00b0C aras\u0131nda \u0131s\u0131ya dayan\u0131kl\u0131 olup, mikrodalga f\u0131r\u0131ndan veya dondurucudan bir \u015feyler \u00e7\u0131kar\u0131rken masan\u0131z ve eliniz i\u00e7in \u00fcst\u00fcn koruma sa\u011flar.<br \/>\n\tMutfakta g\u00fcvenle kullan\u0131labilir ve dokundu\u011fu yiyeceklerin rengini veya tad\u0131n\u0131 de\u011fi\u015ftirmez.<br \/>\n\tBunlar\u0131 mutfak lavabonuz ve bula\u015f\u0131k makineniz ile y\u0131kayabilir ve ard\u0131ndan kurumaya b\u0131rakabilirsiniz.<br \/>\n\tHemen hemen her \u015fey yap\u0131\u015fmaz y\u00fczeyi, hatta yap\u0131\u015fkan yiyecekler ve ya\u011flar\u0131 bile kolayl\u0131kla temizler.<\/p>\n<p>\n\t<strong>M\u00dcKEMMEL SATI\u015e SONRASI H\u0130ZMET : <\/strong>HSNET \/ HSNET olarak m\u00fc\u015fterilerimize en iyi hizmeti sunmay\u0131 ama\u00e7l\u0131yor, g\u00fcvenle sat\u0131n alabilmeniz i\u00e7in, ambalaj kalitemize g\u00fcveniyor, her \u00fcr\u00fcn sorunsuz teslimat i\u00e7in \u00f6zenle paketliyor ve resimde belirtilen renk, ebat, \u00f6zelikte \u00fcr\u00fcn g\u00f6ndermeyi taahh\u00fct ediyoruz. Hasarl\u0131 \u00fcr\u00fcn ald\u0131ysan\u0131z veya di\u011fer \u00fcr\u00fcn ve paket teslimat sorunlar\u0131 oldu\u011funda bizimle ileti\u015fime ge\u00e7mekten \u00e7ekinmeyin.<\/p>\n<p>\n\t<strong>Detayl\u0131 bilgi i\u00e7in ek resimleri inceleyebilirsiniz<\/strong><\/p>\n<p><\/p>\n<p>\n\t<strong><img decoding=\"async\"  src=\"https:\/\/hepsicdn.com.tr\/static\/product_detail\/hbnet5b08141a_4789301.webp\"><\/strong><\/p>\n<p>\n\t\u00a0<\/p>\n","protected":false},"excerpt":{"rendered":"<p>\u00dcr\u00fcn \u00d6zellikleri : Materyal : Bambu + ortada \u00e7elik has\u0131r teller\u00a0 Adet \/ Renk \/ Tasar\u0131m :\u00a02 Adet, HSNET\u00a0Falper\u00a0Design olarak tasarlad\u0131\u011f\u0131m\u0131z, resimde yer alan tasar\u0131m\u0131, s\u00fcrpriz ya\u015famaman\u0131z i\u00e7in birebir g\u00f6nderiyoruz. \u00d6l\u00e7\u00fcler : 15 x 15 cm\u00a0\u00a0 Mutfa\u011f\u0131n\u0131z\u0131 bu bambu nihale ile tamamlay\u0131n. Bu bambu nihale, bardaklar\u0131, kaseleri, tabaklar\u0131 ve di\u011fer s\u0131cak e\u015fyalar\u0131n y\u00fczeyi bozmas\u0131n\u0131 \u00f6nlemek&#8230;<\/p>\n","protected":false},"featured_media":102296,"comment_status":"open","ping_status":"closed","template":"","meta":{"_kad_post_transparent":"","_kad_post_title":"","_kad_post_layout":"","_kad_post_sidebar_id":"","_kad_post_content_style":"","_kad_post_vertical_padding":"","_kad_post_feature":"","_kad_post_feature_position":"","_kad_post_header":false,"_kad_post_footer":false,"_kad_post_classname":""},"product_brand":[],"product_cat":[7826],"product_tag":[],"class_list":{"0":"post-102297","1":"product","2":"type-product","3":"status-publish","4":"has-post-thumbnail","6":"product_cat-endustriyel-mutfak-ekipmanlari-sofra-sofra-mutfak-ev-yasam-endustriyel-mutfak-ekipmanlari","8":"first","9":"instock","10":"purchasable","11":"product-type-simple","12":"entry","13":"content-bg","14":"loop-entry"},"_links":{"self":[{"href":"https:\/\/www.hediyepazar.com\/index.php?rest_route=\/wp\/v2\/product\/102297","targetHints":{"allow":["GET"]}}],"collection":[{"href":"https:\/\/www.hediyepazar.com\/index.php?rest_route=\/wp\/v2\/product"}],"about":[{"href":"https:\/\/www.hediyepazar.com\/index.php?rest_route=\/wp\/v2\/types\/product"}],"replies":[{"embeddable":true,"href":"https:\/\/www.hediyepazar.com\/index.php?rest_route=%2Fwp%2Fv2%2Fcomments&post=102297"}],"wp:featuredmedia":[{"embeddable":true,"href":"https:\/\/www.hediyepazar.com\/index.php?rest_route=\/wp\/v2\/media\/102296"}],"wp:attachment":[{"href":"https:\/\/www.hediyepazar.com\/index.php?rest_route=%2Fwp%2Fv2%2Fmedia&parent=102297"}],"wp:term":[{"taxonomy":"product_brand","embeddable":true,"href":"https:\/\/www.hediyepazar.com\/index.php?rest_route=%2Fwp%2Fv2%2Fproduct_brand&post=102297"},{"taxonomy":"product_cat","embeddable":true,"href":"https:\/\/www.hediyepazar.com\/index.php?rest_route=%2Fwp%2Fv2%2Fproduct_cat&post=102297"},{"taxonomy":"product_tag","embeddable":true,"href":"https:\/\/www.hediyepazar.com\/index.php?rest_route=%2Fwp%2Fv2%2Fproduct_tag&post=102297"}],"curies":[{"name":"wp","href":"https:\/\/api.w.org\/{rel}","templated":true}]}}