{"id":102303,"date":"2026-05-04T05:40:20","date_gmt":"2026-05-04T08:40:20","guid":{"rendered":"https:\/\/www.hediyepazar.com\/?product=turk-kozleme-tavasi-emaye-dauria-design"},"modified":"2026-05-04T05:40:20","modified_gmt":"2026-05-04T08:40:20","slug":"turk-kozleme-tavasi-emaye-dauria-design","status":"publish","type":"product","link":"https:\/\/www.hediyepazar.com\/?product=turk-kozleme-tavasi-emaye-dauria-design","title":{"rendered":"Turk K\u00f6zleme Tavas\u0131 Emaye D&#8217;Auria Design"},"content":{"rendered":"<p>\n\t<strong>\u00dcr\u00fcn \u00d6zellikleri : <\/strong><\/p>\n<p>\t<strong>Materyal : Emaye Metal<\/strong><\/p>\n<p>\t<strong>Adet \/ Renk \/ Tasar\u0131m : <\/strong> 1 Adet, HSNET D&#8217;Auria Design olarak tasarlad\u0131\u011f\u0131m\u0131z, resimde yer alan tasar\u0131m\u0131 , s\u00fcrpriz ya\u015famaman\u0131z i\u00e7in birebir g\u00f6nderiyoruz<\/p>\n<p>\t<strong>\u00d6l\u00e7\u00fcler : <\/strong>30 cm \u00e7ap x 4,5 cm derinlik<\/p>\n<p>\n\tEmaye malzemenin kaplamas\u0131 \u00e7izilip bozulmad\u0131\u011f\u0131nda uzun y\u0131llar dayan\u0131kl\u0131d\u0131r. Bu nedenle ah\u015fap veya silikon ka\u015f\u0131k kullan\u0131n\u0131z. Emaye y\u00fcksek derecelere dayan\u0131kl\u0131d\u0131r.<br \/>\n\tKestabe, M\u0131s\u0131r, Biber, Patl\u0131can Domates vb k\u00f6zlenebilecek g\u0131dalar\u0131n t\u00fcm\u00fc k\u00f6zlenebilir.<br \/>\n\tT\u00fcm tip mutfak ocaklar\u0131, mangalda,k\u00f6zde kullan\u0131ma uygun tasarlad\u0131k<\/p>\n<p>\n\t<strong><strong>M\u00dcKEMMEL SATI\u015e SONRASI H\u0130ZMET : <\/strong>HSNET \/ HSNET olarak m\u00fc\u015fterilerimize en iyi hizmeti sunmay\u0131 ama\u00e7l\u0131yor, g\u00fcvenle sat\u0131n alabilmeniz i\u00e7in, ambalaj kalitemize g\u00fcveniyor, her \u00fcr\u00fcn sorunsuz teslimat i\u00e7in \u00f6zenle paketliyor ve resimde belirtilen renk, ebat, \u00f6zelikte \u00fcr\u00fcn g\u00f6ndermeyi taahh\u00fct ediyoruz. Hasarl\u0131 \u00fcr\u00fcn ald\u0131ysan\u0131z veya di\u011fer \u00fcr\u00fcn ve paket teslimat sorunlar\u0131 oldu\u011funda bizimle ileti\u015fime ge\u00e7mekten \u00e7ekinmeyin.<\/strong><\/p>\n","protected":false},"excerpt":{"rendered":"<p>\u00dcr\u00fcn \u00d6zellikleri : Materyal : Emaye Metal Adet \/ Renk \/ Tasar\u0131m : 1 Adet, HSNET D&#8217;Auria Design olarak tasarlad\u0131\u011f\u0131m\u0131z, resimde yer alan tasar\u0131m\u0131 , s\u00fcrpriz ya\u015famaman\u0131z i\u00e7in birebir g\u00f6nderiyoruz \u00d6l\u00e7\u00fcler : 30 cm \u00e7ap x 4,5 cm derinlik Emaye malzemenin kaplamas\u0131 \u00e7izilip bozulmad\u0131\u011f\u0131nda uzun y\u0131llar dayan\u0131kl\u0131d\u0131r. Bu nedenle ah\u015fap veya silikon ka\u015f\u0131k kullan\u0131n\u0131z. Emaye&#8230;<\/p>\n","protected":false},"featured_media":0,"comment_status":"open","ping_status":"closed","template":"","meta":{"_kad_post_transparent":"","_kad_post_title":"","_kad_post_layout":"","_kad_post_sidebar_id":"","_kad_post_content_style":"","_kad_post_vertical_padding":"","_kad_post_feature":"","_kad_post_feature_position":"","_kad_post_header":false,"_kad_post_footer":false,"_kad_post_classname":""},"product_brand":[],"product_cat":[14260],"product_tag":[],"class_list":{"0":"post-102303","1":"product","2":"type-product","3":"status-publish","5":"product_cat-tencere-pisirme-sofra-mutfak-ev-yasam-tencere","7":"first","8":"instock","9":"purchasable","10":"product-type-simple","11":"entry","12":"content-bg","13":"loop-entry"},"_links":{"self":[{"href":"https:\/\/www.hediyepazar.com\/index.php?rest_route=\/wp\/v2\/product\/102303","targetHints":{"allow":["GET"]}}],"collection":[{"href":"https:\/\/www.hediyepazar.com\/index.php?rest_route=\/wp\/v2\/product"}],"about":[{"href":"https:\/\/www.hediyepazar.com\/index.php?rest_route=\/wp\/v2\/types\/product"}],"replies":[{"embeddable":true,"href":"https:\/\/www.hediyepazar.com\/index.php?rest_route=%2Fwp%2Fv2%2Fcomments&post=102303"}],"wp:attachment":[{"href":"https:\/\/www.hediyepazar.com\/index.php?rest_route=%2Fwp%2Fv2%2Fmedia&parent=102303"}],"wp:term":[{"taxonomy":"product_brand","embeddable":true,"href":"https:\/\/www.hediyepazar.com\/index.php?rest_route=%2Fwp%2Fv2%2Fproduct_brand&post=102303"},{"taxonomy":"product_cat","embeddable":true,"href":"https:\/\/www.hediyepazar.com\/index.php?rest_route=%2Fwp%2Fv2%2Fproduct_cat&post=102303"},{"taxonomy":"product_tag","embeddable":true,"href":"https:\/\/www.hediyepazar.com\/index.php?rest_route=%2Fwp%2Fv2%2Fproduct_tag&post=102303"}],"curies":[{"name":"wp","href":"https:\/\/api.w.org\/{rel}","templated":true}]}}