{"id":102306,"date":"2026-05-04T05:43:17","date_gmt":"2026-05-04T08:43:17","guid":{"rendered":"https:\/\/www.hediyepazar.com\/?product=turk-5-cm-bigudi-6-li-paket"},"modified":"2026-05-04T05:43:17","modified_gmt":"2026-05-04T08:43:17","slug":"turk-5-cm-bigudi-6-li-paket","status":"publish","type":"product","link":"https:\/\/www.hediyepazar.com\/?product=turk-5-cm-bigudi-6-li-paket","title":{"rendered":"Turk 5 Cm Bigudi 6 li Paket"},"content":{"rendered":"<p>\n <strong>\u00dcr\u00fcn \u00d6zellikleri : <\/strong><\/p>\n<p> <strong>Materyal : Plastik halakalr, \u00fczeri c\u0131rt kaplama\u00a0<\/strong><\/p>\n<p> <strong>Adet \/ Renk \/ Tasar\u0131m : <\/strong> 6 Adet, HSNET olarak tasarlad\u0131\u011f\u0131m\u0131z, resimde yer alan tasar\u0131m\u0131, s\u00fcrpriz ya\u015famaman\u0131z i\u00e7in birebir g\u00f6nderiyoruz. Renkler siyah, k\u0131rm\u0131z\u0131, mavi olarak de\u011fi\u015fkenlik g\u00f6sterebilir\u00a0<\/p>\n<p> <strong>\u00d6l\u00e7\u00fcler : 5 cm \u00e7ap\u0131nda\u00a0<\/strong><\/p>\n<p> Bu k\u0131v\u0131rc\u0131klar her t\u00fcrl\u00fc sa\u00e7 i\u00e7in g\u00fczel k\u0131v\u0131rc\u0131klar olu\u015fturabilir ve sa\u00e7\u0131n\u0131za cazibe getirecektir. Dalgalar, retro rulolar, hava kak\u0131nt\u0131lar\u0131 ve di\u011fer \u015fekiller yapmak i\u00e7in kullanabilirsiniz<\/p>\n<p> Bu sa\u00e7 rulolar\u0131 m\u00fckemmel kalite ve performansa sahip esnek plastikten yap\u0131lm\u0131\u015ft\u0131r, yeniden kullan\u0131labilir, hafif ve g\u00fczel k\u0131v\u0131rc\u0131k sa\u00e7lar yaratmaya yard\u0131mc\u0131 olmak i\u00e7in ta\u015f\u0131nabilir; Bu dayan\u0131kl\u0131 sa\u00e7 rulolar\u0131, salona gitmeden sa\u00e7lar\u0131n\u0131z\u0131 kendiniz yapman\u0131za olanak tan\u0131r<\/p>\n<p> \u00c7OK FONKS\u0130YONLU &#8211; Bu sa\u00e7 \u015fekillendirme k\u0131v\u0131r\u0131c\u0131lar\u0131, g\u00fcnl\u00fck makyaj, y\u00fcz ve y\u00fcz bak\u0131m\u0131 i\u00e7in sa\u00e7lar\u0131n\u0131z\u0131 rulo hale getirmek i\u00e7in sa\u00e7 halkas\u0131 olarak da kullan\u0131labilir, seyahat, otel, g\u00fczel yer vb. i\u00e7in uygundur;<\/p>\n<p> KULLANIMI KOLAY: Hafif \u0131slak veya kuru sa\u00e7lar\u0131 k\u00fc\u00e7\u00fck bir b\u00f6l\u00fcme ay\u0131r\u0131n, sa\u00e7 ucunu sa\u00e7 rulolar\u0131na sar\u0131n ve sa\u00e7lar\u0131n do\u011fal olarak kurumas\u0131n\u0131 sa\u011flamak i\u00e7in kafa derisine yuvarlay\u0131n veya sa\u00e7 kurutma makinesi ile \u00fcflemesini sa\u011flay\u0131n; Silindirleri sa\u00e7tan nazik\u00e7e gev\u015fetin ve sa\u00e7\u0131 ihtiya\u00e7lar\u0131n\u0131za g\u00f6re ayarlay\u0131n<\/p>\n<p>\n <strong>M\u00dcKEMMEL SATI\u015e SONRASI H\u0130ZMET : <\/strong>HSNET \/ HSNET olarak m\u00fc\u015fterilerimize en iyi hizmeti sunmay\u0131 ama\u00e7l\u0131yor, g\u00fcvenle sat\u0131n alabilmeniz i\u00e7in, ambalaj kalitemize g\u00fcveniyor, her \u00fcr\u00fcn sorunsuz teslimat i\u00e7in \u00f6zenle paketliyor ve resimde belirtilen renk, ebat, \u00f6zelikte \u00fcr\u00fcn g\u00f6ndermeyi taahh\u00fct ediyoruz. Hasarl\u0131 \u00fcr\u00fcn ald\u0131ysan\u0131z veya di\u011fer \u00fcr\u00fcn ve paket teslimat sorunlar\u0131 oldu\u011funda bizimle ileti\u015fime ge\u00e7mekten \u00e7ekinmeyin.<\/p>\n<p>\n <strong>Detayl\u0131 bilgi i\u00e7in ek resimleri inceleyebilirsiniz<\/strong><\/p>\n<p><\/p>\n<p>\n <strong><img decoding=\"async\"  src=\"https:\/\/hepsicdn.com.tr\/static\/product_detail\/hbnetc81145b4_4790701.jpg\"><\/strong><\/p>\n<p>\n \u00a0<\/p>\n","protected":false},"excerpt":{"rendered":"<p>\u00dcr\u00fcn \u00d6zellikleri : Materyal : Plastik halakalr, \u00fczeri c\u0131rt kaplama\u00a0 Adet \/ Renk \/ Tasar\u0131m : 6 Adet, HSNET olarak tasarlad\u0131\u011f\u0131m\u0131z, resimde yer alan tasar\u0131m\u0131, s\u00fcrpriz ya\u015famaman\u0131z i\u00e7in birebir g\u00f6nderiyoruz. Renkler siyah, k\u0131rm\u0131z\u0131, mavi olarak de\u011fi\u015fkenlik g\u00f6sterebilir\u00a0 \u00d6l\u00e7\u00fcler : 5 cm \u00e7ap\u0131nda\u00a0 Bu k\u0131v\u0131rc\u0131klar her t\u00fcrl\u00fc sa\u00e7 i\u00e7in g\u00fczel k\u0131v\u0131rc\u0131klar olu\u015fturabilir ve sa\u00e7\u0131n\u0131za cazibe getirecektir&#8230;.<\/p>\n","protected":false},"featured_media":0,"comment_status":"open","ping_status":"closed","template":"","meta":{"_kad_post_transparent":"","_kad_post_title":"","_kad_post_layout":"","_kad_post_sidebar_id":"","_kad_post_content_style":"","_kad_post_vertical_padding":"","_kad_post_feature":"","_kad_post_feature_position":"","_kad_post_header":false,"_kad_post_footer":false,"_kad_post_classname":""},"product_brand":[],"product_cat":[14264],"product_tag":[],"class_list":{"0":"post-102306","1":"product","2":"type-product","3":"status-publish","5":"product_cat-rofle-perma-bigudi-kuafor-urunleri-erkek-kuafor-rofle-perma-bigudi","7":"first","8":"instock","9":"purchasable","10":"product-type-simple","11":"entry","12":"content-bg","13":"loop-entry"},"_links":{"self":[{"href":"https:\/\/www.hediyepazar.com\/index.php?rest_route=\/wp\/v2\/product\/102306","targetHints":{"allow":["GET"]}}],"collection":[{"href":"https:\/\/www.hediyepazar.com\/index.php?rest_route=\/wp\/v2\/product"}],"about":[{"href":"https:\/\/www.hediyepazar.com\/index.php?rest_route=\/wp\/v2\/types\/product"}],"replies":[{"embeddable":true,"href":"https:\/\/www.hediyepazar.com\/index.php?rest_route=%2Fwp%2Fv2%2Fcomments&post=102306"}],"wp:attachment":[{"href":"https:\/\/www.hediyepazar.com\/index.php?rest_route=%2Fwp%2Fv2%2Fmedia&parent=102306"}],"wp:term":[{"taxonomy":"product_brand","embeddable":true,"href":"https:\/\/www.hediyepazar.com\/index.php?rest_route=%2Fwp%2Fv2%2Fproduct_brand&post=102306"},{"taxonomy":"product_cat","embeddable":true,"href":"https:\/\/www.hediyepazar.com\/index.php?rest_route=%2Fwp%2Fv2%2Fproduct_cat&post=102306"},{"taxonomy":"product_tag","embeddable":true,"href":"https:\/\/www.hediyepazar.com\/index.php?rest_route=%2Fwp%2Fv2%2Fproduct_tag&post=102306"}],"curies":[{"name":"wp","href":"https:\/\/api.w.org\/{rel}","templated":true}]}}