{"id":102312,"date":"2026-05-04T05:46:18","date_gmt":"2026-05-04T08:46:18","guid":{"rendered":"https:\/\/www.hediyepazar.com\/?product=turk-sef-cimbizi-ince-masa-kragness-design"},"modified":"2026-05-04T05:46:18","modified_gmt":"2026-05-04T08:46:18","slug":"turk-sef-cimbizi-ince-masa-kragness-design","status":"publish","type":"product","link":"https:\/\/www.hediyepazar.com\/?product=turk-sef-cimbizi-ince-masa-kragness-design","title":{"rendered":"Turk \u015eef C\u0131mb\u0131z\u0131 \u0130nce Ma\u015fa Kragness Design"},"content":{"rendered":"<p>\n\t<strong>\u00dcr\u00fcn \u00d6zellikleri : <\/strong><br \/>\n\t\u00a0<br \/>\n\t<strong>Materyal : Teflon Plastik\u00a0<\/strong><\/p>\n<p>\t<strong>Adet \/ Renk \/ Tasar\u0131m : <\/strong> 2 Adet, HSNET\u00a0<span style=\"color: rgb(1, 15, 38); font-family: Roboto, sans-serif; font-size: 13px;\">Kragness\u00a0<\/span>Design olarak tasarlad\u0131\u011f\u0131m\u0131z, resimde yer alan model ve rengi , s\u00fcrpriz ya\u015famaman\u0131z i\u00e7in birebir g\u00f6nderiyoruz<\/p>\n<p>\t<strong>\u00d6l\u00e7\u00fcler : 29 cm<\/strong><\/p>\n<p>\n\t<span style=\"color: rgb(0, 128, 0);\">GEN\u0130\u015e KULLANIM ALANI :<\/span><\/p>\n<p>\n\t<span style=\"color:#008000;\">Restoranlar, b\u00fcfeler, d\u00fc\u011f\u00fcnler, partiler ve daha fazlas\u0131 i\u00e7in m\u00fckemmeldir. Yemek pi\u015firmek, k\u0131zartmak, k\u00fc\u00e7\u00fck nesneleri kapmak, eczane ama\u00e7l\u0131, sa\u00e7 \u00e7ekmek, elektrik tamiri. k\u00fc\u00e7\u00fck hayvanlar\u0131 beslemek, bir bah\u00e7eyi veya akvaryumu temizlemek, bitki bak\u0131m\u0131 i\u00e7in kullan\u0131labilir. Sallama \u00e7ay\u0131 al\u0131rken, Barmenler, i\u00e7kinize buz koyarken, kokteyl haz\u0131rlarken, kuyumcular ve sonsuz alanda kullan\u0131m ! <\/span><\/p>\n<p>\n\t<strong>DAYANIKLI MALZEME :<\/strong>\u00a0<span style=\"color: rgb(1, 15, 38); font-family: Roboto, sans-serif; font-size: 13px;\">Kragness\u00a0<\/span>c\u0131mb\u0131z ma\u015fas\u0131,\u00a0 toksik olmayan, kaplamas\u0131z, y\u00fcksek kaliteli teflon plastikten yap\u0131lm\u0131\u015ft\u0131r. Bula\u015f\u0131k makinesinde y\u0131kanabilir. Kal\u0131nla\u015ft\u0131r\u0131lm\u0131\u015f mutfak c\u0131mb\u0131zlar\u0131 \u00e7ok sa\u011flam, sa\u011flam ve dayan\u0131kl\u0131d\u0131r.<\/p>\n<p>\n\t<br \/>\n\t<strong>ERGONOM\u0130K TASARIM:<\/strong> Bu pi\u015firme c\u0131mb\u0131z\u0131, rahat ergonomik \u015fekle sahiptir. Rahat bir sap kullanarak, hareketlerinizi korumak i\u00e7in uzun pi\u015firme c\u0131mb\u0131z\u0131. U\u00e7, dokunmak ve hatta basmak i\u00e7in g\u00fcvenli olacak kadar k\u00f6rd\u00fcr ve yiyecekleri g\u00fcvenli bir \u015fekilde tutar, yiyeceklerin kayma ve kayma riskini en aza indirir.<\/p>\n<p>\t<strong>\u00c7OK AMA\u00c7LI KULLANIMLAR: <\/strong>Restoranlar, b\u00fcfeler, d\u00fc\u011f\u00fcnler, partiler ve daha fazlas\u0131 i\u00e7in m\u00fckemmeldir. Yemek pi\u015firmek, k\u0131zartmak, k\u00fc\u00e7\u00fck nesneleri kapmak, eczane ama\u00e7l\u0131, sa\u00e7 \u00e7ekmek, elektrik tamiri. k\u00fc\u00e7\u00fck hayvanlar\u0131 beslemek, bir bah\u00e7eyi veya akvaryumu temizlemek, bitki bak\u0131m\u0131 i\u00e7in kullan\u0131labilir.<\/p>\n<p>\n\t<strong>M\u00dcKEMMEL SATI\u015e SONRASI H\u0130ZMET : <\/strong>HSNET \/ HSNET olarak m\u00fc\u015fterilerimize en iyi hizmeti sunmay\u0131 ama\u00e7l\u0131yor, g\u00fcvenle sat\u0131n alabilmeniz i\u00e7in, ambalaj kalitemize g\u00fcveniyor, her \u00fcr\u00fcn sorunsuz teslimat i\u00e7in \u00f6zenle paketliyor ve resimde belirtilen renk, ebat, \u00f6zelikte \u00fcr\u00fcn g\u00f6ndermeyi taahh\u00fct ediyoruz. Hasarl\u0131 \u00fcr\u00fcn ald\u0131ysan\u0131z veya di\u011fer \u00fcr\u00fcn ve paket teslimat sorunlar\u0131 oldu\u011funda bizimle ileti\u015fime ge\u00e7mekten \u00e7ekinmeyin.<\/p>\n<p>\n\t<strong>Detayl\u0131 bilgi i\u00e7in ek resimleri inceleyebilirsiniz<\/strong><\/p>\n<p><\/p>\n<p>\n\t<strong><img decoding=\"async\"  src=\"https:\/\/hepsicdn.com.tr\/static\/product_detail\/hbnetcea24b2a_4791401.webp\"><\/strong><\/p>\n<p>\n\t\u00a0<\/p>\n","protected":false},"excerpt":{"rendered":"<p>\u00dcr\u00fcn \u00d6zellikleri : \u00a0 Materyal : Teflon Plastik\u00a0 Adet \/ Renk \/ Tasar\u0131m : 2 Adet, HSNET\u00a0Kragness\u00a0Design olarak tasarlad\u0131\u011f\u0131m\u0131z, resimde yer alan model ve rengi , s\u00fcrpriz ya\u015famaman\u0131z i\u00e7in birebir g\u00f6nderiyoruz \u00d6l\u00e7\u00fcler : 29 cm GEN\u0130\u015e KULLANIM ALANI : Restoranlar, b\u00fcfeler, d\u00fc\u011f\u00fcnler, partiler ve daha fazlas\u0131 i\u00e7in m\u00fckemmeldir. Yemek pi\u015firmek, k\u0131zartmak, k\u00fc\u00e7\u00fck nesneleri kapmak, eczane&#8230;<\/p>\n","protected":false},"featured_media":0,"comment_status":"open","ping_status":"closed","template":"","meta":{"_kad_post_transparent":"","_kad_post_title":"","_kad_post_layout":"","_kad_post_sidebar_id":"","_kad_post_content_style":"","_kad_post_vertical_padding":"","_kad_post_feature":"","_kad_post_feature_position":"","_kad_post_header":false,"_kad_post_footer":false,"_kad_post_classname":""},"product_brand":[],"product_cat":[14282],"product_tag":[],"class_list":{"0":"post-102312","1":"product","2":"type-product","3":"status-publish","5":"product_cat-pratik-mutfak-gerecleri-yemek-hazirlik-sofra-mutfak-ev-yasam-pratik-mutfak-gerecleri","7":"first","8":"instock","9":"purchasable","10":"product-type-simple","11":"entry","12":"content-bg","13":"loop-entry"},"_links":{"self":[{"href":"https:\/\/www.hediyepazar.com\/index.php?rest_route=\/wp\/v2\/product\/102312","targetHints":{"allow":["GET"]}}],"collection":[{"href":"https:\/\/www.hediyepazar.com\/index.php?rest_route=\/wp\/v2\/product"}],"about":[{"href":"https:\/\/www.hediyepazar.com\/index.php?rest_route=\/wp\/v2\/types\/product"}],"replies":[{"embeddable":true,"href":"https:\/\/www.hediyepazar.com\/index.php?rest_route=%2Fwp%2Fv2%2Fcomments&post=102312"}],"wp:attachment":[{"href":"https:\/\/www.hediyepazar.com\/index.php?rest_route=%2Fwp%2Fv2%2Fmedia&parent=102312"}],"wp:term":[{"taxonomy":"product_brand","embeddable":true,"href":"https:\/\/www.hediyepazar.com\/index.php?rest_route=%2Fwp%2Fv2%2Fproduct_brand&post=102312"},{"taxonomy":"product_cat","embeddable":true,"href":"https:\/\/www.hediyepazar.com\/index.php?rest_route=%2Fwp%2Fv2%2Fproduct_cat&post=102312"},{"taxonomy":"product_tag","embeddable":true,"href":"https:\/\/www.hediyepazar.com\/index.php?rest_route=%2Fwp%2Fv2%2Fproduct_tag&post=102312"}],"curies":[{"name":"wp","href":"https:\/\/api.w.org\/{rel}","templated":true}]}}