{"id":102314,"date":"2026-05-04T05:47:16","date_gmt":"2026-05-04T08:47:16","guid":{"rendered":"https:\/\/www.hediyepazar.com\/?product=turk-kivircik-sac-acici-afro-perma-taragi"},"modified":"2026-05-04T05:47:16","modified_gmt":"2026-05-04T08:47:16","slug":"turk-kivircik-sac-acici-afro-perma-taragi","status":"publish","type":"product","link":"https:\/\/www.hediyepazar.com\/?product=turk-kivircik-sac-acici-afro-perma-taragi","title":{"rendered":"Turk K\u0131v\u0131rc\u0131k Sa\u00e7 A\u00e7\u0131c\u0131 Afro Perma Tara\u011f\u0131"},"content":{"rendered":"<p>\n\t<strong>\u00dcr\u00fcn \u00d6zellikleri : <\/strong><\/p>\n<p>\t<strong>Materyal : Karbon Plastik\u00a0<\/strong><\/p>\n<p>\t<strong>Adet \/ Renk \/ Tasar\u0131m : <\/strong> 2 Adet, HSNET olarak tasarlad\u0131\u011f\u0131m\u0131z, resimde yer alan modeli , s\u00fcrpriz ya\u015famaman\u0131z i\u00e7in birebir g\u00f6nderiyoruz<\/p>\n<p>\t<strong>\u00d6l\u00e7\u00fcler :\u00a0<\/strong>Y\u00fckseklik 13 cm x Geni\u015flik 11 cm Tarak y\u00fcksekli\u011fi 6,5 cm<\/p>\n<p>\n\t\u00c7ift katmanl\u0131 sapl\u0131 afro perma tarak dayan\u0131kl\u0131 ve sa\u011flam, k\u0131r\u0131lmas\u0131 veya deforme olmas\u0131 kolay olmayan Polipropilenden yap\u0131lm\u0131\u015f dayan\u0131kl\u0131 bir tarakt\u0131r. Da\u011f\u0131n\u0131k sa\u00e7, birbirine kar\u0131\u015fm\u0131\u015f sa\u00e7, K\u0131v\u0131rc\u0131k sa\u00e7, erkeklerde sakallar, \u00e7ocuklar\u0131n sa\u00e7lar\u0131nda da \u00e7\u00f6zmek i\u00e7in m\u00fckemmel u\u00e7lara sahiptir.<\/p>\n<p>\n\tNazik dola\u015f\u0131k a\u00e7\u0131c\u0131 tarak olarak da kullan\u0131labilir, geni\u015f di\u015fleri sayesinde t\u00fcm sa\u00e7 tiplerinde yumu\u015fak olan bu tarak, kullan\u0131labilir. Geni\u015f di\u015fler, sa\u00e7ta kaymay\u0131 kolayla\u015ft\u0131r\u0131r.<br \/>\n\t\u00c7ift katmanl\u0131 di\u015flere sahiptir, n di\u015fler iki katmana geri yerle\u015ftirilir ve tara\u011f\u0131n kal\u0131n, sa\u00e7lara derinlemesine girmesine izin verir.<br \/>\n\t\u00c7antan\u0131za koyabilece\u011finiz ve yan\u0131n\u0131zda ta\u015f\u0131yabilece\u011finiz kadar k\u00fc\u00e7\u00fck.<br \/>\n\tKompakt ve ta\u015f\u0131nabilir: \u015fekillendirici sa\u00e7 kald\u0131rma tara\u011f\u0131n\u0131n boyutu uygun ve uygundur, elde tutulan boyut, onu hafif ve ta\u015f\u0131nabilir hale getirir, \u00e7antan\u0131za veya cebinize koyman\u0131z\u0131 kolayla\u015ft\u0131r\u0131r.<\/p>\n<p>\n\t<strong>M\u00dcKEMMEL SATI\u015e SONRASI H\u0130ZMET : <\/strong>HSNET \/ HSNET olarak m\u00fc\u015fterilerimize en iyi hizmeti sunmay\u0131 ama\u00e7l\u0131yor, g\u00fcvenle sat\u0131n alabilmeniz i\u00e7in, ambalaj kalitemize g\u00fcveniyor, her \u00fcr\u00fcn sorunsuz teslimat i\u00e7in \u00f6zenle paketliyor ve resimde belirtilen renk, ebat, \u00f6zelikte \u00fcr\u00fcn g\u00f6ndermeyi taahh\u00fct ediyoruz. Hasarl\u0131 \u00fcr\u00fcn ald\u0131ysan\u0131z veya di\u011fer \u00fcr\u00fcn ve paket teslimat sorunlar\u0131 oldu\u011funda bizimle ileti\u015fime ge\u00e7mekten \u00e7ekinmeyin.<\/p>\n<p>\n\t<strong>Detayl\u0131 bilgi i\u00e7in ek resimleri inceleyebilirsiniz<\/strong><\/p>\n<p>\n\t<img decoding=\"async\"  src=\"https:\/\/hepsicdn.com.tr\/static\/product_detail\/hbnet15f1046b_4791501.webp\"><\/p>\n<p>\n\t\u00a0<\/p>\n","protected":false},"excerpt":{"rendered":"<p>\u00dcr\u00fcn \u00d6zellikleri : Materyal : Karbon Plastik\u00a0 Adet \/ Renk \/ Tasar\u0131m : 2 Adet, HSNET olarak tasarlad\u0131\u011f\u0131m\u0131z, resimde yer alan modeli , s\u00fcrpriz ya\u015famaman\u0131z i\u00e7in birebir g\u00f6nderiyoruz \u00d6l\u00e7\u00fcler :\u00a0Y\u00fckseklik 13 cm x Geni\u015flik 11 cm Tarak y\u00fcksekli\u011fi 6,5 cm \u00c7ift katmanl\u0131 sapl\u0131 afro perma tarak dayan\u0131kl\u0131 ve sa\u011flam, k\u0131r\u0131lmas\u0131 veya deforme olmas\u0131 kolay olmayan&#8230;<\/p>\n","protected":false},"featured_media":102313,"comment_status":"open","ping_status":"closed","template":"","meta":{"_kad_post_transparent":"","_kad_post_title":"","_kad_post_layout":"","_kad_post_sidebar_id":"","_kad_post_content_style":"","_kad_post_vertical_padding":"","_kad_post_feature":"","_kad_post_feature_position":"","_kad_post_header":false,"_kad_post_footer":false,"_kad_post_classname":""},"product_brand":[],"product_cat":[14302],"product_tag":[],"class_list":{"0":"post-102314","1":"product","2":"type-product","3":"status-publish","4":"has-post-thumbnail","6":"product_cat-sac-fircasi-ve-tarak-sac-bakimi-kozmetik-sac-fircasi-ve-tarak-sac-bakimi-kozmetik","8":"first","9":"instock","10":"purchasable","11":"product-type-simple","12":"entry","13":"content-bg","14":"loop-entry"},"_links":{"self":[{"href":"https:\/\/www.hediyepazar.com\/index.php?rest_route=\/wp\/v2\/product\/102314","targetHints":{"allow":["GET"]}}],"collection":[{"href":"https:\/\/www.hediyepazar.com\/index.php?rest_route=\/wp\/v2\/product"}],"about":[{"href":"https:\/\/www.hediyepazar.com\/index.php?rest_route=\/wp\/v2\/types\/product"}],"replies":[{"embeddable":true,"href":"https:\/\/www.hediyepazar.com\/index.php?rest_route=%2Fwp%2Fv2%2Fcomments&post=102314"}],"wp:featuredmedia":[{"embeddable":true,"href":"https:\/\/www.hediyepazar.com\/index.php?rest_route=\/wp\/v2\/media\/102313"}],"wp:attachment":[{"href":"https:\/\/www.hediyepazar.com\/index.php?rest_route=%2Fwp%2Fv2%2Fmedia&parent=102314"}],"wp:term":[{"taxonomy":"product_brand","embeddable":true,"href":"https:\/\/www.hediyepazar.com\/index.php?rest_route=%2Fwp%2Fv2%2Fproduct_brand&post=102314"},{"taxonomy":"product_cat","embeddable":true,"href":"https:\/\/www.hediyepazar.com\/index.php?rest_route=%2Fwp%2Fv2%2Fproduct_cat&post=102314"},{"taxonomy":"product_tag","embeddable":true,"href":"https:\/\/www.hediyepazar.com\/index.php?rest_route=%2Fwp%2Fv2%2Fproduct_tag&post=102314"}],"curies":[{"name":"wp","href":"https:\/\/api.w.org\/{rel}","templated":true}]}}