{"id":102316,"date":"2026-05-04T05:47:20","date_gmt":"2026-05-04T08:47:20","guid":{"rendered":"https:\/\/www.hediyepazar.com\/?product=turk-sarma-dolma-suzgeci-2-li-set"},"modified":"2026-05-04T05:47:20","modified_gmt":"2026-05-04T08:47:20","slug":"turk-sarma-dolma-suzgeci-2-li-set","status":"publish","type":"product","link":"https:\/\/www.hediyepazar.com\/?product=turk-sarma-dolma-suzgeci-2-li-set","title":{"rendered":"Turk Sarma Dolma S\u00fczgeci 2 li Set"},"content":{"rendered":"<p>\n\t<strong>\u00dcr\u00fcn \u00d6zellikleri : <\/strong><\/p>\n<p>\t<strong>Materyal : Paslanmaz \u00c7elik\u00a0<\/strong><\/p>\n<p>\t<strong>Adet \/ Renk \/ Tasar\u0131m : <\/strong> 2 Adet (2 farkl\u0131 boy &#8211; 17 ve 23 cm) , HSNET\u00a0 Design olarak tasarlad\u0131\u011f\u0131m\u0131z, resimde yer alan tasar\u0131m\u0131 , s\u00fcrpriz ya\u015famaman\u0131z i\u00e7in birebir g\u00f6nderiyoruz<\/p>\n<p>\t\u00a0<\/p>\n<p><\/p>\n<p>\n\tBu aparatlar sayesinde yaprak sarmalar\u0131n\u0131z, dolmalar\u0131n\u0131z art\u0131k tencere dibine yap\u0131\u015fmayacak.<br \/>\n\tKullan\u0131m \u015fekli; Uygun ebatl\u0131 \u00fcr\u00fcn\u00fc tencere dibine yerle\u015ftirip dolmalar\u0131n\u0131z\u0131 bunun \u00fczerine dizebilirsiniz. Bu sayede dolmalar\u0131n tencere dibine yap\u0131\u015fmas\u0131n\u0131 engellemi\u015f olacaks\u0131n\u0131z.<br \/>\n\tSarma ve dolmalar\u0131n daha lezzetli pi\u015fmesine yard\u0131mc\u0131 olur.<\/p>\n<p>\n\t<strong>M\u00dcKEMMEL SATI\u015e SONRASI H\u0130ZMET : <\/strong>HSNET \/ HSNET olarak m\u00fc\u015fterilerimize en iyi hizmeti sunmay\u0131 ama\u00e7l\u0131yor, g\u00fcvenle sat\u0131n alabilmeniz i\u00e7in, ambalaj kalitemize g\u00fcveniyor, her \u00fcr\u00fcn sorunsuz teslimat i\u00e7in \u00f6zenle paketliyor ve resimde belirtilen renk, ebat, \u00f6zelikte \u00fcr\u00fcn g\u00f6ndermeyi taahh\u00fct ediyoruz. Hasarl\u0131 \u00fcr\u00fcn ald\u0131ysan\u0131z veya di\u011fer \u00fcr\u00fcn ve paket teslimat sorunlar\u0131 oldu\u011funda bizimle ileti\u015fime ge\u00e7mekten \u00e7ekinmeyin.<\/p>\n<p>\n\t<strong>Detayl\u0131 bilgi i\u00e7in ek resimleri inceleyebilirsiniz<\/strong><\/p>\n<p><\/p>\n<p>\n\t<strong><img decoding=\"async\"  src=\"https:\/\/hepsicdn.com.tr\/static\/product_detail\/hbnet369fc755_4791601.jpg\"><\/strong><\/p>\n<p>\n\t\u00a0<\/p>\n","protected":false},"excerpt":{"rendered":"<p>\u00dcr\u00fcn \u00d6zellikleri : Materyal : Paslanmaz \u00c7elik\u00a0 Adet \/ Renk \/ Tasar\u0131m : 2 Adet (2 farkl\u0131 boy &#8211; 17 ve 23 cm) , HSNET\u00a0 Design olarak tasarlad\u0131\u011f\u0131m\u0131z, resimde yer alan tasar\u0131m\u0131 , s\u00fcrpriz ya\u015famaman\u0131z i\u00e7in birebir g\u00f6nderiyoruz \u00a0 Bu aparatlar sayesinde yaprak sarmalar\u0131n\u0131z, dolmalar\u0131n\u0131z art\u0131k tencere dibine yap\u0131\u015fmayacak. Kullan\u0131m \u015fekli; Uygun ebatl\u0131 \u00fcr\u00fcn\u00fc tencere&#8230;<\/p>\n","protected":false},"featured_media":102315,"comment_status":"open","ping_status":"closed","template":"","meta":{"_kad_post_transparent":"","_kad_post_title":"","_kad_post_layout":"","_kad_post_sidebar_id":"","_kad_post_content_style":"","_kad_post_vertical_padding":"","_kad_post_feature":"","_kad_post_feature_position":"","_kad_post_header":false,"_kad_post_footer":false,"_kad_post_classname":""},"product_brand":[],"product_cat":[7826],"product_tag":[],"class_list":{"0":"post-102316","1":"product","2":"type-product","3":"status-publish","4":"has-post-thumbnail","6":"product_cat-endustriyel-mutfak-ekipmanlari-sofra-sofra-mutfak-ev-yasam-endustriyel-mutfak-ekipmanlari","8":"first","9":"instock","10":"purchasable","11":"product-type-simple","12":"entry","13":"content-bg","14":"loop-entry"},"_links":{"self":[{"href":"https:\/\/www.hediyepazar.com\/index.php?rest_route=\/wp\/v2\/product\/102316","targetHints":{"allow":["GET"]}}],"collection":[{"href":"https:\/\/www.hediyepazar.com\/index.php?rest_route=\/wp\/v2\/product"}],"about":[{"href":"https:\/\/www.hediyepazar.com\/index.php?rest_route=\/wp\/v2\/types\/product"}],"replies":[{"embeddable":true,"href":"https:\/\/www.hediyepazar.com\/index.php?rest_route=%2Fwp%2Fv2%2Fcomments&post=102316"}],"wp:featuredmedia":[{"embeddable":true,"href":"https:\/\/www.hediyepazar.com\/index.php?rest_route=\/wp\/v2\/media\/102315"}],"wp:attachment":[{"href":"https:\/\/www.hediyepazar.com\/index.php?rest_route=%2Fwp%2Fv2%2Fmedia&parent=102316"}],"wp:term":[{"taxonomy":"product_brand","embeddable":true,"href":"https:\/\/www.hediyepazar.com\/index.php?rest_route=%2Fwp%2Fv2%2Fproduct_brand&post=102316"},{"taxonomy":"product_cat","embeddable":true,"href":"https:\/\/www.hediyepazar.com\/index.php?rest_route=%2Fwp%2Fv2%2Fproduct_cat&post=102316"},{"taxonomy":"product_tag","embeddable":true,"href":"https:\/\/www.hediyepazar.com\/index.php?rest_route=%2Fwp%2Fv2%2Fproduct_tag&post=102316"}],"curies":[{"name":"wp","href":"https:\/\/api.w.org\/{rel}","templated":true}]}}