{"id":102317,"date":"2026-05-04T05:49:25","date_gmt":"2026-05-04T08:49:25","guid":{"rendered":"https:\/\/www.hediyepazar.com\/?product=turk-sakal-dolgunluk-kalemi"},"modified":"2026-05-04T05:49:25","modified_gmt":"2026-05-04T08:49:25","slug":"turk-sakal-dolgunluk-kalemi","status":"publish","type":"product","link":"https:\/\/www.hediyepazar.com\/?product=turk-sakal-dolgunluk-kalemi","title":{"rendered":"Turk Sakal Dolgunluk Kalemi"},"content":{"rendered":"<p>\n\t<strong>\u00dcr\u00fcn \u00d6zellikleri :<\/strong><\/div>\n<p>\n\t<strong>Renk : Resimdeki S\u0130YAH Renk\/tasar\u0131m birebir g\u00f6nderilir ve s\u00fcrpriz ya\u015famazs\u0131n\u0131z.\u00a0\u00a0<\/strong><\/p>\n<p>\n\t<strong>Adet : 1 SET <\/strong><\/p>\n<p>\n\tSakal Bo\u015flu\u011funu Doldurma : Sakal Kalemi Dolgu \u00c7ubu\u011fumuz D\u00fczensiz Sakal, Sakal Renk Fark\u0131, D\u00fczensiz Sakal Kal\u0131nl\u0131\u011f\u0131 vb. Sorunlar\u0131n\u0131 \u00c7\u00f6zmenize Yard\u0131mc\u0131 Olabilir.<\/p>\n<p>\n\tGri Sakal\u0131 Kapat\u0131n: Sakal Kalemi Dolgu \u00c7ubu\u011fumuz Y\u00fcz\u00fcn\u00fczdeki Gri Sakal ve Beyaz Sakal\u0131 Kapatman\u0131za Yard\u0131mc\u0131 Olacak, Daha Gen\u00e7 ve Yak\u0131\u015f\u0131kl\u0131 G\u00f6r\u00fcnmenizi Sa\u011flayacak<\/p>\n<p>\tKullan\u0131lacak Ad\u0131mlar: 1. \u00d6nce Kalem Ucunun Kapa\u011f\u0131n\u0131 A\u00e7\u0131n, 2. Sakal Rengi Dolgu \u00c7ubu\u011funu D\u00f6nd\u00fcrerek a\u00e7\u0131n (RUJ G\u0130B\u0130)\u00a0 3. \u0130stedi\u011finiz Alana Nazik\u00e7e Uygulay\u0131n (Not L\u00fctfen Rengin \u00c7ok Koyu Olmas\u0131n\u0131 \u00d6nlemek \u0130\u00e7in \u00c7ok Fazla G\u00fc\u00e7 Kullanmay\u0131n), 4. Rengi E\u015fit \u015eekilde F\u0131r\u00e7alamak \u0130\u00e7in F\u0131r\u00e7an\u0131n Di\u011fer Ucunu Kullan\u0131n<\/p>\n<p>\tSuya ve Tere Dayan\u0131kl\u0131: Sakal Kalemi Renkli Dolgu \u00c7ubuklar\u0131, Cildinize veya Sakal\u0131n\u0131za Zarar Vermeyen Y\u00fcksek Kaliteli Do\u011fal Malzemelerden Yap\u0131lm\u0131\u015ft\u0131r ve \u0130ster Terleyin \u0130ster Ya\u011fmurla Kar\u015f\u0131la\u015f\u0131n, \u015eekillerini \u0130yi Tutarlar! M\u00fckemmel su ge\u00e7irmez ve ter ge\u00e7irmez fonksiyona sahiptir. Tere dayan\u0131kl\u0131 ve su ge\u00e7irmez uygulama, solmay\u0131 veya lekelenmeyi en aza indiren verimli ve dayan\u0131kl\u0131 kaplama sa\u011flar. Erkek renk sakal dolgusu cilt dostu olmas\u0131 ve t\u00fcm SAKAL\/BIYIK tiplerinde kullan\u0131lmas\u0131 g\u00fcvenli olmas\u0131 sayesinde uzun s\u00fcre kullanman\u0131za olanak sa\u011flar. Bula\u015fma, solma, erime endi\u015fesi duymadan g\u00fcvenle kullanabilirsiniz.<\/p>\n<p>\n\t<strong>M\u00dcKEMMEL SATI\u015e SONRASI H\u0130ZMET : <\/strong>HSNET \/ HSNET olarak m\u00fc\u015fterilerimize en iyi hizmeti sunmay\u0131 ama\u00e7l\u0131yor, g\u00fcvenle sat\u0131n alabilmeniz i\u00e7in, ambalaj kalitemize g\u00fcveniyor, her \u00fcr\u00fcn sorunsuz teslimat i\u00e7in \u00f6zenle paketliyor ve resimde belirtilen renk, ebat, \u00f6zelikte \u00fcr\u00fcn g\u00f6ndermeyi taahh\u00fct ediyoruz. Hasarl\u0131 \u00fcr\u00fcn ald\u0131ysan\u0131z veya di\u011fer \u00fcr\u00fcn ve paket teslimat sorunlar\u0131 oldu\u011funda bizimle ileti\u015fime ge\u00e7mekten \u00e7ekinmeyin.<\/p>\n<p>\n\t<strong>Detayl\u0131 bilgi i\u00e7in ek resimleri inceleyebilirsiniz<\/strong><\/p>\n<p><\/p>\n<p>\n\t<strong><img decoding=\"async\"  src=\"https:\/\/hepsicdn.com.tr\/static\/product_detail\/hbnetd0e35118_4792001.jpg\"><\/strong><\/p>\n<p>\n\t\u00a0<\/p>\n","protected":false},"excerpt":{"rendered":"<p>\u00dcr\u00fcn \u00d6zellikleri : Renk : Resimdeki S\u0130YAH Renk\/tasar\u0131m birebir g\u00f6nderilir ve s\u00fcrpriz ya\u015famazs\u0131n\u0131z.\u00a0\u00a0 Adet : 1 SET Sakal Bo\u015flu\u011funu Doldurma : Sakal Kalemi Dolgu \u00c7ubu\u011fumuz D\u00fczensiz Sakal, Sakal Renk Fark\u0131, D\u00fczensiz Sakal Kal\u0131nl\u0131\u011f\u0131 vb. Sorunlar\u0131n\u0131 \u00c7\u00f6zmenize Yard\u0131mc\u0131 Olabilir. Gri Sakal\u0131 Kapat\u0131n: Sakal Kalemi Dolgu \u00c7ubu\u011fumuz Y\u00fcz\u00fcn\u00fczdeki Gri Sakal ve Beyaz Sakal\u0131 Kapatman\u0131za Yard\u0131mc\u0131 Olacak, Daha&#8230;<\/p>\n","protected":false},"featured_media":0,"comment_status":"open","ping_status":"closed","template":"","meta":{"_kad_post_transparent":"","_kad_post_title":"","_kad_post_layout":"","_kad_post_sidebar_id":"","_kad_post_content_style":"","_kad_post_vertical_padding":"","_kad_post_feature":"","_kad_post_feature_position":"","_kad_post_header":false,"_kad_post_footer":false,"_kad_post_classname":""},"product_brand":[],"product_cat":[14227],"product_tag":[],"class_list":{"0":"post-102317","1":"product","2":"type-product","3":"status-publish","5":"product_cat-kuafor-urunleri-erkek-kuafor-kuafor-urunleri","7":"first","8":"instock","9":"purchasable","10":"product-type-simple","11":"entry","12":"content-bg","13":"loop-entry"},"_links":{"self":[{"href":"https:\/\/www.hediyepazar.com\/index.php?rest_route=\/wp\/v2\/product\/102317","targetHints":{"allow":["GET"]}}],"collection":[{"href":"https:\/\/www.hediyepazar.com\/index.php?rest_route=\/wp\/v2\/product"}],"about":[{"href":"https:\/\/www.hediyepazar.com\/index.php?rest_route=\/wp\/v2\/types\/product"}],"replies":[{"embeddable":true,"href":"https:\/\/www.hediyepazar.com\/index.php?rest_route=%2Fwp%2Fv2%2Fcomments&post=102317"}],"wp:attachment":[{"href":"https:\/\/www.hediyepazar.com\/index.php?rest_route=%2Fwp%2Fv2%2Fmedia&parent=102317"}],"wp:term":[{"taxonomy":"product_brand","embeddable":true,"href":"https:\/\/www.hediyepazar.com\/index.php?rest_route=%2Fwp%2Fv2%2Fproduct_brand&post=102317"},{"taxonomy":"product_cat","embeddable":true,"href":"https:\/\/www.hediyepazar.com\/index.php?rest_route=%2Fwp%2Fv2%2Fproduct_cat&post=102317"},{"taxonomy":"product_tag","embeddable":true,"href":"https:\/\/www.hediyepazar.com\/index.php?rest_route=%2Fwp%2Fv2%2Fproduct_tag&post=102317"}],"curies":[{"name":"wp","href":"https:\/\/api.w.org\/{rel}","templated":true}]}}