{"id":102341,"date":"2026-05-04T05:58:00","date_gmt":"2026-05-04T08:58:00","guid":{"rendered":"https:\/\/www.hediyepazar.com\/?product=turk-lavabo-acici-pompa-2-adet-barnhardt-design"},"modified":"2026-05-04T05:58:00","modified_gmt":"2026-05-04T08:58:00","slug":"turk-lavabo-acici-pompa-2-adet-barnhardt-design","status":"publish","type":"product","link":"https:\/\/www.hediyepazar.com\/?product=turk-lavabo-acici-pompa-2-adet-barnhardt-design","title":{"rendered":"Turk Lavabo A\u00e7\u0131c\u0131 Pompa 2 ADET Barnhardt Design"},"content":{"rendered":"<p>\t<strong>\u00dcr\u00fcn \u00d6zellikleri : <\/strong><\/p>\n<p>\t<strong>Adet \/ Renk \/ Tasar\u0131m : <\/strong> 2 Adet, Turk\u00a0<span style=\"color: rgb(1, 15, 38); font-family: Roboto, sans-serif; font-size: 13px;\">Barnhardt\u00a0<\/span>Design olarak tasarlad\u0131\u011f\u0131m\u0131z 2 RENK kombinasyon \u00fcr\u00fcn\u00fc s\u00fcrpriz ya\u015famaman\u0131z i\u00e7in birebir g\u00f6nderiyoruz<\/p>\n<p>\t<strong>Materyal : Plastik tutma sap\u0131 + Kau\u00e7uk-silikon pompa\u00a0<\/strong><\/p>\n<p>\t<strong>\u00d6l\u00e7\u00fcler : 13 cm uzunluk x 10 cm pompa alt \u00e7ap\u0131\u00a0<\/strong>&#8211; Ekran yan\u0131lmalar\u0131na kar\u015f\u0131 l\u00fctfen \u00f6l\u00e7\u00fcleri kar\u015f\u0131la\u015ft\u0131r\u0131n.<\/p>\n<p>\t<strong>G\u00dc\u00c7L\u00dc EM\u0130\u015e G\u00dcC\u00dc \u2013\u00a0<\/strong>G\u00fc\u00e7l\u00fc pompa sayesinde g\u00fc\u00e7l\u00fc emi\u015f g\u00fcc\u00fc ile t\u0131kan\u0131kl\u0131klar\u0131 ve kiri giderir | G\u00fc\u00e7l\u00fc vantuz sayesinde birka\u00e7 bas\u0131\u015ftan sonra serbest kal\u0131r.<\/p>\n<p>\t<strong>YAVA\u015e VE ENGELL\u0130 KANALLARI TEM\u0130ZL\u0130YOR :<\/strong>\u00a0Yava\u015f akan du\u015flar ve banyolar yayg\u0131n bir sorundursorundur,. Du\u015f tekneniz, lavabonuz doluyken bile giderin \u00fczerine uygulay\u0131n ve birka\u00e7 pompa i\u00e7inde t\u0131kanman\u0131n nedeni ortadan kalkacakt\u0131r.<\/p>\n<p>\t<strong>BLOKAJLARI HIZLI TEM\u0130ZLER &#8211;\u00a0<\/strong>B\u00fcy\u00fck a\u00e7\u0131kl\u0131\u011f\u0131 t\u0131kanm\u0131\u015f tapan\u0131z\u0131n \u00fczerine yerle\u015ftirin ve 2-3 (TIKANIKLI\u011eA G\u00d6RE) pompalay\u0131n. 10 saniye i\u00e7inde di\u011fer pompa t\u00fcrlerinden daha fazlas\u0131n\u0131 temizleyeceksiniz.<\/p>\n<p>\tG\u00fc\u00e7, pompay\u0131, \u00fczerindeyken k\u00f6r\u00fc\u011f\u00fc a\u015fa\u011f\u0131 do\u011fru bast\u0131rman\u0131zdan gelir ve s\u0131k\u0131\u015fan havay\u0131 fi\u015f deli\u011finden a\u015fa\u011f\u0131 itmeye zorlar. Bu, geleneksel bir pompa ayn\u0131 y\u00f6ntemdir, ancak \u00e7ok daha b\u00fcy\u00fck (6x) hava hacmi a\u015fa\u011f\u0131 do\u011fru bast\u0131r\u0131l\u0131r.<\/p>\n<p>\t<strong>KOLAY TEM\u0130ZLEME :<\/strong>\u00a0\u0130\u015finiz bitti\u011finde \u00e7ama\u015f\u0131r suyu ile p\u00fcsk\u00fcrt\u00fcn ve musluk\/du\u015f alt\u0131nda y\u0131kay\u0131n.<\/p>\n<p>\t<strong>KOKULARI \u00d6NLER \u2013<\/strong>\u00a0Banyo veya mutfaktaki t\u0131kan\u0131kl\u0131klar\u0131 ve kokular\u0131 kolayca gidermek i\u00e7in m\u00fckemmeldir.<\/p>\n<p>\tBu benzersiz pompa, t\u0131kan\u0131kl\u0131klar\u0131 gidermek i\u00e7in hava yerine su kullan\u0131r. Akordeon tasar\u0131m\u0131, tipik bir pompadan 8 kat daha fazla kuvvet i\u00e7in her iti\u015fte g\u00fc\u00e7l\u00fc bir bas\u0131n\u00e7 ve her \u00e7eki\u015fte g\u00fc\u00e7l\u00fc bir vakum olu\u015fturur.<\/p>\n<p>\tGeleneksel pompalardan farkl\u0131 olarak, lavabo hatlar\u0131n\u0131n U-b\u00fck\u00fcm\u00fc veya at\u0131k hatlar\u0131na derinden s\u0131k\u0131\u015fm\u0131\u015f t\u0131kan\u0131kl\u0131klar\u0131n \u00f6tesindeki birikintileri \u00e7\u0131karmak i\u00e7in t\u00fcm kanalizasyonlara uyan yumu\u015fak, esnek bir k\u00f6r\u00fck i\u00e7erir.<\/p>\n<p>\tBu pompa kullan\u0131m\u0131 sadece kolay olmakla kalmaz, ayn\u0131 zamanda tekrar tekrar kullan\u0131labilir, bu nedenle uygun maliyetli bir se\u00e7enek sunar. Tesisat\u00e7\u0131y\u0131 aramadan kendin yap \u00e7\u00f6z\u00fcm\u00fcm\u00fcz\u00fc tercih edin ve i\u015fi \u00e7ok daha ucuza halledin.<\/p>\n","protected":false},"excerpt":{"rendered":"<p>\u00dcr\u00fcn \u00d6zellikleri : Adet \/ Renk \/ Tasar\u0131m : 2 Adet, Turk\u00a0Barnhardt\u00a0Design olarak tasarlad\u0131\u011f\u0131m\u0131z 2 RENK kombinasyon \u00fcr\u00fcn\u00fc s\u00fcrpriz ya\u015famaman\u0131z i\u00e7in birebir g\u00f6nderiyoruz Materyal : Plastik tutma sap\u0131 + Kau\u00e7uk-silikon pompa\u00a0 \u00d6l\u00e7\u00fcler : 13 cm uzunluk x 10 cm pompa alt \u00e7ap\u0131\u00a0&#8211; Ekran yan\u0131lmalar\u0131na kar\u015f\u0131 l\u00fctfen \u00f6l\u00e7\u00fcleri kar\u015f\u0131la\u015ft\u0131r\u0131n. G\u00dc\u00c7L\u00dc EM\u0130\u015e G\u00dcC\u00dc \u2013\u00a0G\u00fc\u00e7l\u00fc pompa sayesinde g\u00fc\u00e7l\u00fc&#8230;<\/p>\n","protected":false},"featured_media":102340,"comment_status":"open","ping_status":"closed","template":"","meta":{"_kad_post_transparent":"","_kad_post_title":"","_kad_post_layout":"","_kad_post_sidebar_id":"","_kad_post_content_style":"","_kad_post_vertical_padding":"","_kad_post_feature":"","_kad_post_feature_position":"","_kad_post_header":false,"_kad_post_footer":false,"_kad_post_classname":""},"product_brand":[],"product_cat":[14212],"product_tag":[],"class_list":{"0":"post-102341","1":"product","2":"type-product","3":"status-publish","4":"has-post-thumbnail","6":"product_cat-lavabo-acici-ve-tikaclar-sofra-sofra-mutfak-ev-yasam-lavabo-acici-ve-tikaclar","8":"first","9":"instock","10":"purchasable","11":"product-type-simple","12":"entry","13":"content-bg","14":"loop-entry"},"_links":{"self":[{"href":"https:\/\/www.hediyepazar.com\/index.php?rest_route=\/wp\/v2\/product\/102341","targetHints":{"allow":["GET"]}}],"collection":[{"href":"https:\/\/www.hediyepazar.com\/index.php?rest_route=\/wp\/v2\/product"}],"about":[{"href":"https:\/\/www.hediyepazar.com\/index.php?rest_route=\/wp\/v2\/types\/product"}],"replies":[{"embeddable":true,"href":"https:\/\/www.hediyepazar.com\/index.php?rest_route=%2Fwp%2Fv2%2Fcomments&post=102341"}],"wp:featuredmedia":[{"embeddable":true,"href":"https:\/\/www.hediyepazar.com\/index.php?rest_route=\/wp\/v2\/media\/102340"}],"wp:attachment":[{"href":"https:\/\/www.hediyepazar.com\/index.php?rest_route=%2Fwp%2Fv2%2Fmedia&parent=102341"}],"wp:term":[{"taxonomy":"product_brand","embeddable":true,"href":"https:\/\/www.hediyepazar.com\/index.php?rest_route=%2Fwp%2Fv2%2Fproduct_brand&post=102341"},{"taxonomy":"product_cat","embeddable":true,"href":"https:\/\/www.hediyepazar.com\/index.php?rest_route=%2Fwp%2Fv2%2Fproduct_cat&post=102341"},{"taxonomy":"product_tag","embeddable":true,"href":"https:\/\/www.hediyepazar.com\/index.php?rest_route=%2Fwp%2Fv2%2Fproduct_tag&post=102341"}],"curies":[{"name":"wp","href":"https:\/\/api.w.org\/{rel}","templated":true}]}}