{"id":102345,"date":"2026-05-04T05:58:28","date_gmt":"2026-05-04T08:58:28","guid":{"rendered":"https:\/\/www.hediyepazar.com\/?product=turk-tirnak-makasi-seti-solingen-professional"},"modified":"2026-05-04T05:58:28","modified_gmt":"2026-05-04T08:58:28","slug":"turk-tirnak-makasi-seti-solingen-professional","status":"publish","type":"product","link":"https:\/\/www.hediyepazar.com\/?product=turk-tirnak-makasi-seti-solingen-professional","title":{"rendered":"Turk T\u0131rnak Makas\u0131 Seti Solingen Professional"},"content":{"rendered":"<p>\n\t<strong>\u00dcr\u00fcn \u00d6zellikleri : <\/strong><\/p>\n<p>\t<strong>RENK : <\/strong> HSNET\u00a0\u00a0<span style=\"color: rgb(1, 15, 38); font-family: Roboto, sans-serif; font-size: 13px;\">Solingen Profesyonel\u00a0<\/span>serisi olarak tasarlad\u0131\u011f\u0131m\u0131z bu \u00fcr\u00fcn\u00fc\u00a0 tasar\u0131m\u0131 birebir g\u00f6re g\u00f6nderiyoruz. S\u00fcrpriz ya\u015famazs\u0131n\u0131z.<\/p>\n<p>\n\t<strong>MATERYAL : % 100 Paslanmaz \u00e7elik\u00a0<\/strong><\/p>\n<p>\t<strong>ADET : 2 li set\u00a0 &#8211; 1 k\u00fc\u00e7\u00fck 1 b\u00fcy\u00fck boy<\/strong><br \/>\n\tT\u0131rnaklar\u0131n\u0131z\u0131 daha do\u011fal ve rahat a\u00e7\u0131lardan kesmeniz i\u00e7in ergonomik uygulama b\u00f6lgesi<\/p>\n<p>\n\t\u00f6zel parmak g\u00fc\u00e7 tasar\u0131m\u0131 sayesinde t\u0131rnak\u00a0 kesmek i\u00e7in daha az g\u00fc\u00e7 kullan\u0131n.<\/p>\n<p>\n\t\u00c7ok keskindir ve kontrol sizdedir.\u00a0 \u00a0<br \/>\n\t\u00a0<\/p>\n<p>\n\t<strong>M\u00dcKEMMEL SATI\u015e SONRASI H\u0130ZMET : <\/strong>HSNET \/ HSNET olarak m\u00fc\u015fterilerimize en iyi hizmeti sunmay\u0131 ama\u00e7l\u0131yor, g\u00fcvenle sat\u0131n alabilmeniz i\u00e7in, ambalaj kalitemize g\u00fcveniyor, her \u00fcr\u00fcn sorunsuz teslimat i\u00e7in \u00f6zenle paketliyor ve resimde belirtilen renk, ebat, \u00f6zelikte \u00fcr\u00fcn g\u00f6ndermeyi taahh\u00fct ediyoruz. Hasarl\u0131 \u00fcr\u00fcn ald\u0131ysan\u0131z veya di\u011fer \u00fcr\u00fcn ve paket teslimat sorunlar\u0131 oldu\u011funda bizimle ileti\u015fime ge\u00e7mekten \u00e7ekinmeyin.<\/p>\n<p>\n\t<strong>Detayl\u0131 bilgi i\u00e7in ek resimleri inceleyebilirsiniz<\/strong><\/p>\n<p><\/p>\n<p>\n\t<strong><img decoding=\"async\"  src=\"https:\/\/hepsicdn.com.tr\/static\/product_detail\/hbnetfb46b0e4_4794501.jpg\"><\/strong><\/p>\n<p>\n\t\u00a0<\/p>\n","protected":false},"excerpt":{"rendered":"<p>\u00dcr\u00fcn \u00d6zellikleri : RENK : HSNET\u00a0\u00a0Solingen Profesyonel\u00a0serisi olarak tasarlad\u0131\u011f\u0131m\u0131z bu \u00fcr\u00fcn\u00fc\u00a0 tasar\u0131m\u0131 birebir g\u00f6re g\u00f6nderiyoruz. S\u00fcrpriz ya\u015famazs\u0131n\u0131z. MATERYAL : % 100 Paslanmaz \u00e7elik\u00a0 ADET : 2 li set\u00a0 &#8211; 1 k\u00fc\u00e7\u00fck 1 b\u00fcy\u00fck boy T\u0131rnaklar\u0131n\u0131z\u0131 daha do\u011fal ve rahat a\u00e7\u0131lardan kesmeniz i\u00e7in ergonomik uygulama b\u00f6lgesi \u00f6zel parmak g\u00fc\u00e7 tasar\u0131m\u0131 sayesinde t\u0131rnak\u00a0 kesmek i\u00e7in daha az&#8230;<\/p>\n","protected":false},"featured_media":102344,"comment_status":"open","ping_status":"closed","template":"","meta":{"_kad_post_transparent":"","_kad_post_title":"","_kad_post_layout":"","_kad_post_sidebar_id":"","_kad_post_content_style":"","_kad_post_vertical_padding":"","_kad_post_feature":"","_kad_post_feature_position":"","_kad_post_header":false,"_kad_post_footer":false,"_kad_post_classname":""},"product_brand":[],"product_cat":[14207],"product_tag":[],"class_list":{"0":"post-102345","1":"product","2":"type-product","3":"status-publish","4":"has-post-thumbnail","6":"product_cat-el-tirnak-bakim-ve-aksesuarlar-kisisel-bakim-aletleri-elektronik-el-tirnak-bakim-ve-aksesuarlar","8":"first","9":"instock","10":"purchasable","11":"product-type-simple","12":"entry","13":"content-bg","14":"loop-entry"},"_links":{"self":[{"href":"https:\/\/www.hediyepazar.com\/index.php?rest_route=\/wp\/v2\/product\/102345","targetHints":{"allow":["GET"]}}],"collection":[{"href":"https:\/\/www.hediyepazar.com\/index.php?rest_route=\/wp\/v2\/product"}],"about":[{"href":"https:\/\/www.hediyepazar.com\/index.php?rest_route=\/wp\/v2\/types\/product"}],"replies":[{"embeddable":true,"href":"https:\/\/www.hediyepazar.com\/index.php?rest_route=%2Fwp%2Fv2%2Fcomments&post=102345"}],"wp:featuredmedia":[{"embeddable":true,"href":"https:\/\/www.hediyepazar.com\/index.php?rest_route=\/wp\/v2\/media\/102344"}],"wp:attachment":[{"href":"https:\/\/www.hediyepazar.com\/index.php?rest_route=%2Fwp%2Fv2%2Fmedia&parent=102345"}],"wp:term":[{"taxonomy":"product_brand","embeddable":true,"href":"https:\/\/www.hediyepazar.com\/index.php?rest_route=%2Fwp%2Fv2%2Fproduct_brand&post=102345"},{"taxonomy":"product_cat","embeddable":true,"href":"https:\/\/www.hediyepazar.com\/index.php?rest_route=%2Fwp%2Fv2%2Fproduct_cat&post=102345"},{"taxonomy":"product_tag","embeddable":true,"href":"https:\/\/www.hediyepazar.com\/index.php?rest_route=%2Fwp%2Fv2%2Fproduct_tag&post=102345"}],"curies":[{"name":"wp","href":"https:\/\/api.w.org\/{rel}","templated":true}]}}