{"id":102347,"date":"2026-05-04T05:59:18","date_gmt":"2026-05-04T08:59:18","guid":{"rendered":"https:\/\/www.hediyepazar.com\/?product=turk-topuk-rendesi-ve-torpu-2-li-set-solingen-professional"},"modified":"2026-05-04T05:59:18","modified_gmt":"2026-05-04T08:59:18","slug":"turk-topuk-rendesi-ve-torpu-2-li-set-solingen-professional","status":"publish","type":"product","link":"https:\/\/www.hediyepazar.com\/?product=turk-topuk-rendesi-ve-torpu-2-li-set-solingen-professional","title":{"rendered":"Turk Topuk Rendesi ve T\u00f6rp\u00fc 2 li Set Solingen Professional"},"content":{"rendered":"<p>\n\t<strong>\u00dcr\u00fcn \u00d6zellikleri :\u00a0<\/strong><\/p>\n<p>\t<strong>Materyal : Solingen Professional &#8211; Paslanmaz 304 \u00c7elik + Ergonomik Sa\u011flam Plastik Sap\u00a0<\/strong><\/p>\n<p>\t<strong>GEN\u0130\u015e KULLANIM ALANI : Ayaklar\u0131nda sert ve \u00e7atlak deri olan bayanlar, erkekler ve ya\u015fl\u0131lar i\u00e7in uygun profesyonel paslanmaz \u00e7elik ayak rendesi<\/strong><\/p>\n<p>\t<strong>\u00d6NE \u00c7IKAN \u00d6ZELL\u0130K : S\u00f6k\u00fcl\u00fcp tekrar tak\u0131labilir, temizlemesi kolay rende b\u00f6lgesine sahiptir. \u00c7ift y\u00f6nl\u00fc \u00f6zeli\u011fe sahiptir. step1 alan\u0131 Rende taraf\u0131 \u00f6l\u00fc h\u00fccreleri temizlerken, step2 alan\u0131 son kat d\u00fczeltmeyi yaparak tedaviyi h\u0131zland\u0131r\u0131r<\/strong><\/p>\n<p>\t<strong>KEND\u0130N\u0130Z \u015eIMARTIN :<\/strong> Her seferinde bir ayak t\u00f6rp\u00fcs\u00fc ve bebek yumu\u015fak ayaklar\u0131 ile bitirin. Ponza ta\u015flar\u0131ndan, peeling kremlerinden, nas\u0131r temizleme jellerinden, topuklar i\u00e7in harika, ayak toplar\u0131ndan daha iyidir. 304 paslanmaz \u00e7elik ve kaymaz plastik sap ile yap\u0131lm\u0131\u015f, asla paslanmayacak ve \u015farj etmeye gerek yok, profesyonel salonlarda ve ev pedielerinde olmas\u0131 gereken, \u00f6zellikle y\u00fcksek topuklu, parmak aras\u0131 terlik, sandalet veya spor ayakkab\u0131 giymeyi sevenler i\u00e7in m\u00fckemmel. Modeller, Beyaz Yakal\u0131 Bayan Spor Merakl\u0131lar\u0131, Garsonlar\/Garsonlar, Ya\u015fl\u0131lar ve \u00d6\u011fretmenler. Kendinizi bug\u00fcn muhte\u015fem bir HSNET 2Step ile tamamlanan bir evde spa g\u00fcn\u00fc ile \u015f\u0131mart\u0131n! Buna de\u011fersin!<\/p>\n<p>\n\t<strong>NASIRDAN KURTULMANIN EN \u0130Y\u0130 YOLU : <\/strong>HSNET 2Step profesyonel nas\u0131r s\u00f6k\u00fcc\u00fc, \u0131slak ve kuru ayaklardaki kal\u0131n nas\u0131r, k\u00f6t\u00fc topuk ve sert derin cildi \u00e7\u0131karmak i\u00e7in tasarlanm\u0131\u015ft\u0131r ve size \u00e7ok az \u00e7abayla bebek gibi yumu\u015fak, p\u00fcr\u00fczs\u00fcz ve g\u00fczel ayaklar verir.<\/p>\n<p>\n\t<strong>SALON KAL\u0130TES\u0130 : <\/strong>Y\u00fcksek kaliteli paslanmaz \u00e7elik y\u00fczeyden yap\u0131lm\u0131\u015f bu ayak t\u00f6rp\u00fcs\u00fc salon kalitesindedir. B\u0131\u00e7ak, \u201cBig Sharp Holes\u201d ile tasarlanm\u0131\u015ft\u0131r ve hem yukar\u0131 hem a\u015fa\u011f\u0131 y\u00f6nde \u00e7al\u0131\u015f\u0131r. Rendeleme aleti gibi davran\u0131r, nas\u0131rlar\u0131 \u00e7abucak yok eder &#8211; t\u0131pk\u0131 t\u0131rnak salonundaki teknisyenler gibi!<\/p>\n<p>\n\t<strong>G\u00dc\u00c7L\u00dc &#8211; M\u0130N\u0130 SAPLI\u00a0 \u00a0: <\/strong>17 CM X 3 CM (Uzunluk x Geni\u015flik), bu ayak t\u00f6rp\u00fcs\u00fc M\u0130N\u0130 G\u00dc\u00c7L\u00dc ve sa\u011flamd\u0131r. Ergonomik kaymaz sap ile birlikte, kuru cildi h\u0131zl\u0131 ve etkili bir \u015fekilde \u00e7\u0131karmak i\u00e7in pedik\u00fcr t\u00f6rp\u00fcs\u00fc ile daha kolay kavrayabilirsiniz!<\/p>\n<p>\t<strong>ZAMANDAN VE PARADAN TASARRUF : <\/strong>En iyi pedik\u00fcr, ev pedik\u00fcr\u00fcn\u00fczd\u00fcr! Banyo yapmadan \u00f6nce bu ayak temizleyiciyi kullan\u0131n, sadece birka\u00e7 dakika, sert nas\u0131rlar\u0131n\u0131z al\u0131nacak ve sizin i\u00e7in \u00e7ok zaman ve para tasarrufu sa\u011flayacakt\u0131r! Kesinlikle hayat\u0131n\u0131z\u0131 daha iyi hale getiriyor! Islak ayak veya herhangi bir \u0131slak durumda kullan\u0131labilir, \u00f6l\u00fc deriyi, nas\u0131rlar\u0131 ve sertle\u015fmi\u015f deriyi yok eder. Ayaklar\u0131n\u0131z\u0131n yeniden bebek gibi yumu\u015fak, p\u00fcr\u00fczs\u00fcz ve g\u00fczel olmas\u0131na izin verin.<\/p>\n<p>\t<strong>ERGONOM\u0130K TASARIM: <\/strong>B\u00fcy\u00fck ve keskin paslanmaz \u00e7elik dalgal\u0131 desen y\u00fczeyi ile paslanmaz \u00e7elik ayak t\u00f6rp\u00fcs\u00fc ayr\u0131ca her a\u00e7\u0131da kullan\u0131m i\u00e7in hafif\u00e7e kavislidir, ula\u015f\u0131lmas\u0131 zor alanlar\u0131 kolayca d\u00fczle\u015ftirir.<\/p>\n<p>\t<strong>Y\u00dcKSEK KAL\u0130TE MALZEME: <\/strong>Profesyonel paslanmaz \u00e7elikten yap\u0131lm\u0131\u015f ayak t\u00f6rp\u00fcs\u00fc seti y\u0131kanabilir ve tekrar kullan\u0131labilir. Ve cildinize kar\u015f\u0131 yumu\u015fakt\u0131rlar ve \u00f6l\u00fc deriyi ayaklar\u0131n\u0131zdan g\u00fcvenli ve ac\u0131s\u0131z bir \u015fekilde temizlerler.<\/p>\n<p>\t<strong>Nas\u0131l kullan\u0131l\u0131r:<\/strong><\/p>\n<p>\t1. Bu aleti kullanmadan \u00f6nce ayaklar\u0131n\u0131z\u0131 ihtiya\u00e7lar\u0131n\u0131za g\u00f6re \u00f6nceden \u0131slat\u0131n. Kuru veya \u0131slak ciltte kullan\u0131lmak \u00fczere geli\u015ftirilmi\u015ftir.<br \/>\n\t2. Aleti, \u00fczerinde \u00e7al\u0131\u015f\u0131lacak alana b\u0131\u00e7ak taraf\u0131 ile hizalay\u0131n.<br \/>\n\t3. Aleti nazik\u00e7e ileri geri hareket ettirin, nas\u0131rl\u0131 veya kuru cilt \u00e7\u0131kana kadar yava\u015f\u00e7a daha fazla bas\u0131n\u00e7 uygulay\u0131n.<\/p>\n<p><\/p>\n<p><p><strong>M\u00dcKEMMEL SATI\u015e SONRASI H\u0130ZMET : <\/strong>HSNET \/ HSNET olarak m\u00fc\u015fterilerimize en iyi hizmeti sunmay\u0131 ama\u00e7l\u0131yor, g\u00fcvenle sat\u0131n alabilmeniz i\u00e7in, ambalaj kalitemize g\u00fcveniyor, her \u00fcr\u00fcn sorunsuz teslimat i\u00e7in \u00f6zenle paketliyor ve resimde belirtilen renk, ebat, \u00f6zelikte \u00fcr\u00fcn g\u00f6ndermeyi taahh\u00fct ediyoruz. Hasarl\u0131 \u00fcr\u00fcn ald\u0131ysan\u0131z veya di\u011fer \u00fcr\u00fcn ve paket teslimat sorunlar\u0131 oldu\u011funda bizimle ileti\u015fime ge\u00e7mekten \u00e7ekinmeyin.<\/p>\n<p>\t<strong>DETAYLI B\u0130LG\u0130 \u0130\u00c7\u0130N EK RES\u0130MLER\u0130 \u0130NCELEYEB\u0130L\u0130RS\u0130N\u0130Z.<br \/>\n\t<img decoding=\"async\"  src=\"https:\/\/hepsicdn.com.tr\/static\/product_detail\/hbnet2ed6f337_4794601.jpg\"> <\/strong><\/strong><\/p>\n","protected":false},"excerpt":{"rendered":"<p>\u00dcr\u00fcn \u00d6zellikleri :\u00a0 Materyal : Solingen Professional &#8211; Paslanmaz 304 \u00c7elik + Ergonomik Sa\u011flam Plastik Sap\u00a0 GEN\u0130\u015e KULLANIM ALANI : Ayaklar\u0131nda sert ve \u00e7atlak deri olan bayanlar, erkekler ve ya\u015fl\u0131lar i\u00e7in uygun profesyonel paslanmaz \u00e7elik ayak rendesi \u00d6NE \u00c7IKAN \u00d6ZELL\u0130K : S\u00f6k\u00fcl\u00fcp tekrar tak\u0131labilir, temizlemesi kolay rende b\u00f6lgesine sahiptir. \u00c7ift y\u00f6nl\u00fc \u00f6zeli\u011fe sahiptir. step1 alan\u0131&#8230;<\/p>\n","protected":false},"featured_media":102346,"comment_status":"open","ping_status":"closed","template":"","meta":{"_kad_post_transparent":"","_kad_post_title":"","_kad_post_layout":"","_kad_post_sidebar_id":"","_kad_post_content_style":"","_kad_post_vertical_padding":"","_kad_post_feature":"","_kad_post_feature_position":"","_kad_post_header":false,"_kad_post_footer":false,"_kad_post_classname":""},"product_brand":[],"product_cat":[7853],"product_tag":[],"class_list":{"0":"post-102347","1":"product","2":"type-product","3":"status-publish","4":"has-post-thumbnail","6":"product_cat-ayak-tirnak-ve-bakim-malzemeleri-kisisel-bakim-aletleri-elektronik-ayak-tirnak-ve-bakim-malzemeleri","8":"first","9":"instock","10":"purchasable","11":"product-type-simple","12":"entry","13":"content-bg","14":"loop-entry"},"_links":{"self":[{"href":"https:\/\/www.hediyepazar.com\/index.php?rest_route=\/wp\/v2\/product\/102347","targetHints":{"allow":["GET"]}}],"collection":[{"href":"https:\/\/www.hediyepazar.com\/index.php?rest_route=\/wp\/v2\/product"}],"about":[{"href":"https:\/\/www.hediyepazar.com\/index.php?rest_route=\/wp\/v2\/types\/product"}],"replies":[{"embeddable":true,"href":"https:\/\/www.hediyepazar.com\/index.php?rest_route=%2Fwp%2Fv2%2Fcomments&post=102347"}],"wp:featuredmedia":[{"embeddable":true,"href":"https:\/\/www.hediyepazar.com\/index.php?rest_route=\/wp\/v2\/media\/102346"}],"wp:attachment":[{"href":"https:\/\/www.hediyepazar.com\/index.php?rest_route=%2Fwp%2Fv2%2Fmedia&parent=102347"}],"wp:term":[{"taxonomy":"product_brand","embeddable":true,"href":"https:\/\/www.hediyepazar.com\/index.php?rest_route=%2Fwp%2Fv2%2Fproduct_brand&post=102347"},{"taxonomy":"product_cat","embeddable":true,"href":"https:\/\/www.hediyepazar.com\/index.php?rest_route=%2Fwp%2Fv2%2Fproduct_cat&post=102347"},{"taxonomy":"product_tag","embeddable":true,"href":"https:\/\/www.hediyepazar.com\/index.php?rest_route=%2Fwp%2Fv2%2Fproduct_tag&post=102347"}],"curies":[{"name":"wp","href":"https:\/\/api.w.org\/{rel}","templated":true}]}}