{"id":102351,"date":"2026-05-04T06:00:18","date_gmt":"2026-05-04T09:00:18","guid":{"rendered":"https:\/\/www.hediyepazar.com\/?product=turk-uzun-oyun-kasigi-14-adet"},"modified":"2026-05-04T06:00:18","modified_gmt":"2026-05-04T09:00:18","slug":"turk-uzun-oyun-kasigi-14-adet","status":"publish","type":"product","link":"https:\/\/www.hediyepazar.com\/?product=turk-uzun-oyun-kasigi-14-adet","title":{"rendered":"Turk Uzun Oyun Ka\u015f\u0131\u011f\u0131 14 ADET"},"content":{"rendered":"<p>\n\t<strong>\u00dcr\u00fcn \u00d6zellikleri : <\/strong><\/p>\n<p>\t<strong>Materyal : Mika\u00a0<\/strong><\/p>\n<p>\t<strong>Adet \/ Renk \/ Tasar\u0131m : 14\u00a0<\/strong> Adet,\u00a0 \u00a0resimde yer alan rengi, s\u00fcrpriz ya\u015famaman\u0131z i\u00e7in birebir g\u00f6nderiyoruz<\/p>\n<p>\t<strong>\u00d6l\u00e7\u00fcler : <\/strong> uzunluk 19,5 cm x Ka\u015f\u0131k geni\u015fli\u011fi 5 cm x Ka\u015f\u0131k derinli\u011fi 1,5 cm<\/p>\n<p>\n\tOyunlarda kullan\u0131lan \u00f6zel materyal oyun ka\u015f\u0131\u011f\u0131d\u0131r.<\/p>\n<p>\n\t<strong>M\u00dcKEMMEL SATI\u015e SONRASI H\u0130ZMET : <\/strong>HSNET \/ HSNET olarak m\u00fc\u015fterilerimize en iyi hizmeti sunmay\u0131 ama\u00e7l\u0131yor, g\u00fcvenle sat\u0131n alabilmeniz i\u00e7in, ambalaj kalitemize g\u00fcveniyor, her \u00fcr\u00fcn sorunsuz teslimat i\u00e7in \u00f6zenle paketliyor ve resimde belirtilen renk, ebat, \u00f6zelikte \u00fcr\u00fcn g\u00f6ndermeyi taahh\u00fct ediyoruz. Hasarl\u0131 \u00fcr\u00fcn ald\u0131ysan\u0131z veya di\u011fer \u00fcr\u00fcn ve paket teslimat sorunlar\u0131 oldu\u011funda bizimle ileti\u015fime ge\u00e7mekten \u00e7ekinmeyin.<\/p>\n","protected":false},"excerpt":{"rendered":"<p>\u00dcr\u00fcn \u00d6zellikleri : Materyal : Mika\u00a0 Adet \/ Renk \/ Tasar\u0131m : 14\u00a0 Adet,\u00a0 \u00a0resimde yer alan rengi, s\u00fcrpriz ya\u015famaman\u0131z i\u00e7in birebir g\u00f6nderiyoruz \u00d6l\u00e7\u00fcler : uzunluk 19,5 cm x Ka\u015f\u0131k geni\u015fli\u011fi 5 cm x Ka\u015f\u0131k derinli\u011fi 1,5 cm Oyunlarda kullan\u0131lan \u00f6zel materyal oyun ka\u015f\u0131\u011f\u0131d\u0131r. M\u00dcKEMMEL SATI\u015e SONRASI H\u0130ZMET : HSNET \/ HSNET olarak m\u00fc\u015fterilerimize en&#8230;<\/p>\n","protected":false},"featured_media":102350,"comment_status":"open","ping_status":"closed","template":"","meta":{"_kad_post_transparent":"","_kad_post_title":"","_kad_post_layout":"","_kad_post_sidebar_id":"","_kad_post_content_style":"","_kad_post_vertical_padding":"","_kad_post_feature":"","_kad_post_feature_position":"","_kad_post_header":false,"_kad_post_footer":false,"_kad_post_classname":""},"product_brand":[],"product_cat":[7831],"product_tag":[],"class_list":{"0":"post-102351","1":"product","2":"type-product","3":"status-publish","4":"has-post-thumbnail","6":"product_cat-hobi-malzemeleri-hobi-ev-yasam-hobi-malzemeleri-hobi-ev-yasam","8":"first","9":"instock","10":"purchasable","11":"product-type-simple","12":"entry","13":"content-bg","14":"loop-entry"},"_links":{"self":[{"href":"https:\/\/www.hediyepazar.com\/index.php?rest_route=\/wp\/v2\/product\/102351","targetHints":{"allow":["GET"]}}],"collection":[{"href":"https:\/\/www.hediyepazar.com\/index.php?rest_route=\/wp\/v2\/product"}],"about":[{"href":"https:\/\/www.hediyepazar.com\/index.php?rest_route=\/wp\/v2\/types\/product"}],"replies":[{"embeddable":true,"href":"https:\/\/www.hediyepazar.com\/index.php?rest_route=%2Fwp%2Fv2%2Fcomments&post=102351"}],"wp:featuredmedia":[{"embeddable":true,"href":"https:\/\/www.hediyepazar.com\/index.php?rest_route=\/wp\/v2\/media\/102350"}],"wp:attachment":[{"href":"https:\/\/www.hediyepazar.com\/index.php?rest_route=%2Fwp%2Fv2%2Fmedia&parent=102351"}],"wp:term":[{"taxonomy":"product_brand","embeddable":true,"href":"https:\/\/www.hediyepazar.com\/index.php?rest_route=%2Fwp%2Fv2%2Fproduct_brand&post=102351"},{"taxonomy":"product_cat","embeddable":true,"href":"https:\/\/www.hediyepazar.com\/index.php?rest_route=%2Fwp%2Fv2%2Fproduct_cat&post=102351"},{"taxonomy":"product_tag","embeddable":true,"href":"https:\/\/www.hediyepazar.com\/index.php?rest_route=%2Fwp%2Fv2%2Fproduct_tag&post=102351"}],"curies":[{"name":"wp","href":"https:\/\/api.w.org\/{rel}","templated":true}]}}