{"id":102353,"date":"2026-05-04T06:01:00","date_gmt":"2026-05-04T09:01:00","guid":{"rendered":"https:\/\/www.hediyepazar.com\/?product=turk-buz-masasi-tiffany-design-3-lu-paket"},"modified":"2026-05-04T06:01:00","modified_gmt":"2026-05-04T09:01:00","slug":"turk-buz-masasi-tiffany-design-3-lu-paket","status":"publish","type":"product","link":"https:\/\/www.hediyepazar.com\/?product=turk-buz-masasi-tiffany-design-3-lu-paket","title":{"rendered":"Turk Buz Ma\u015fas\u0131 Tiffany Design 3 l\u00fc PAKET"},"content":{"rendered":"<p>\n\t<strong>\u00dcr\u00fcn \u00d6zellikleri : <\/strong><\/p>\n<p>\t<strong>RENK : <\/strong> HSNET Tiffany serisi olarak tasarlad\u0131\u011f\u0131m\u0131z bu \u00fcr\u00fcn\u00fc Renk\/tasar\u0131m\u0131 birebir g\u00f6re g\u00f6nderiyoruz. S\u00fcrpriz ya\u015famazs\u0131n\u0131z.<\/p>\n<p>\t<strong>MATERYAL : Krom metal <\/strong><\/p>\n<p>\t<strong>ADET : 3 <\/strong><\/p>\n<p>\t<strong>\u00d6L\u00c7\u00dcLER : 15 cm <\/strong><\/p>\n<p>\t\u00c7e\u015fitli yiyeceklerin servis edilmesi i\u00e7in idealdir. Buz k\u00fcpleri, k\u00fcp \u015fekerler, limon dilimleri vb. i\u00e7in m\u00fckemmeldir. Ayr\u0131ca partiler, ak\u015fam yeme\u011fi partileri, ikindi \u00e7ay\u0131, b\u00fcfeler, catering, d\u00fc\u011f\u00fcn kutlamalar\u0131 veya ev, otel ve restoran i\u00e7in g\u00fcnl\u00fck kullan\u0131m i\u00e7in kullan\u0131labilir<br \/>\n\t<strong>Y\u00dcKSEK KAL\u0130TE: <\/strong>Y\u00fcksek kaliteli kal\u0131n \u00e7elikten, korozyona dayan\u0131kl\u0131, sa\u011flam, g\u00fcvenli Etkili tutu\u015f i\u00e7in her iki tarafta ayna cilal\u0131 ve net delik tasar\u0131m\u0131.<\/p>\n<p>\n\t<strong>M\u00dcKEMMEL TUTU\u015e <\/strong>Sa\u011flam bir tutu\u015f i\u00e7in kenar t\u0131rt\u0131kl\u0131, ergonomik tasar\u0131ml\u0131 tutamak kavramas\u0131 rahatt\u0131r, yay hareketi kolayca geri d\u00f6ner, uzun \u00f6m\u00fcrl\u00fc kullan\u0131m.<\/p>\n<p>\n\t<strong>KOLAY TEM\u0130ZL\u0130K :<\/strong> Bula\u015f\u0131k makinesinde y\u0131kanabilir: temizlenmesi ve saklanmas\u0131 kolayd\u0131r. Kulland\u0131ktan sonra kuru olarak saklay\u0131n.<\/p>\n<p><strong>M\u00dcKEMMEL SATI\u015e SONRASI H\u0130ZMET : <\/strong>HSNET \/ HSNET olarak m\u00fc\u015fterilerimize en iyi hizmeti sunmay\u0131 ama\u00e7l\u0131yor, g\u00fcvenle sat\u0131n alabilmeniz i\u00e7in, ambalaj kalitemize g\u00fcveniyor, her \u00fcr\u00fcn sorunsuz teslimat i\u00e7in \u00f6zenle paketliyor ve resimde belirtilen renk, ebat, \u00f6zelikte \u00fcr\u00fcn g\u00f6ndermeyi taahh\u00fct ediyoruz. Hasarl\u0131 \u00fcr\u00fcn ald\u0131ysan\u0131z veya di\u011fer \u00fcr\u00fcn ve paket teslimat sorunlar\u0131 oldu\u011funda bizimle ileti\u015fime ge\u00e7mekten \u00e7ekinmeyin.<\/p>\n","protected":false},"excerpt":{"rendered":"<p>\u00dcr\u00fcn \u00d6zellikleri : RENK : HSNET Tiffany serisi olarak tasarlad\u0131\u011f\u0131m\u0131z bu \u00fcr\u00fcn\u00fc Renk\/tasar\u0131m\u0131 birebir g\u00f6re g\u00f6nderiyoruz. S\u00fcrpriz ya\u015famazs\u0131n\u0131z. MATERYAL : Krom metal ADET : 3 \u00d6L\u00c7\u00dcLER : 15 cm \u00c7e\u015fitli yiyeceklerin servis edilmesi i\u00e7in idealdir. Buz k\u00fcpleri, k\u00fcp \u015fekerler, limon dilimleri vb. i\u00e7in m\u00fckemmeldir. Ayr\u0131ca partiler, ak\u015fam yeme\u011fi partileri, ikindi \u00e7ay\u0131, b\u00fcfeler, catering, d\u00fc\u011f\u00fcn kutlamalar\u0131&#8230;<\/p>\n","protected":false},"featured_media":102352,"comment_status":"open","ping_status":"closed","template":"","meta":{"_kad_post_transparent":"","_kad_post_title":"","_kad_post_layout":"","_kad_post_sidebar_id":"","_kad_post_content_style":"","_kad_post_vertical_padding":"","_kad_post_feature":"","_kad_post_feature_position":"","_kad_post_header":false,"_kad_post_footer":false,"_kad_post_classname":""},"product_brand":[],"product_cat":[14282],"product_tag":[],"class_list":{"0":"post-102353","1":"product","2":"type-product","3":"status-publish","4":"has-post-thumbnail","6":"product_cat-pratik-mutfak-gerecleri-yemek-hazirlik-sofra-mutfak-ev-yasam-pratik-mutfak-gerecleri","8":"first","9":"instock","10":"purchasable","11":"product-type-simple","12":"entry","13":"content-bg","14":"loop-entry"},"_links":{"self":[{"href":"https:\/\/www.hediyepazar.com\/index.php?rest_route=\/wp\/v2\/product\/102353","targetHints":{"allow":["GET"]}}],"collection":[{"href":"https:\/\/www.hediyepazar.com\/index.php?rest_route=\/wp\/v2\/product"}],"about":[{"href":"https:\/\/www.hediyepazar.com\/index.php?rest_route=\/wp\/v2\/types\/product"}],"replies":[{"embeddable":true,"href":"https:\/\/www.hediyepazar.com\/index.php?rest_route=%2Fwp%2Fv2%2Fcomments&post=102353"}],"wp:featuredmedia":[{"embeddable":true,"href":"https:\/\/www.hediyepazar.com\/index.php?rest_route=\/wp\/v2\/media\/102352"}],"wp:attachment":[{"href":"https:\/\/www.hediyepazar.com\/index.php?rest_route=%2Fwp%2Fv2%2Fmedia&parent=102353"}],"wp:term":[{"taxonomy":"product_brand","embeddable":true,"href":"https:\/\/www.hediyepazar.com\/index.php?rest_route=%2Fwp%2Fv2%2Fproduct_brand&post=102353"},{"taxonomy":"product_cat","embeddable":true,"href":"https:\/\/www.hediyepazar.com\/index.php?rest_route=%2Fwp%2Fv2%2Fproduct_cat&post=102353"},{"taxonomy":"product_tag","embeddable":true,"href":"https:\/\/www.hediyepazar.com\/index.php?rest_route=%2Fwp%2Fv2%2Fproduct_tag&post=102353"}],"curies":[{"name":"wp","href":"https:\/\/api.w.org\/{rel}","templated":true}]}}