{"id":102357,"date":"2026-05-04T06:03:28","date_gmt":"2026-05-04T09:03:28","guid":{"rendered":"https:\/\/www.hediyepazar.com\/?product=turk-50-mt-celik-camasir-ipi"},"modified":"2026-05-04T06:03:28","modified_gmt":"2026-05-04T09:03:28","slug":"turk-50-mt-celik-camasir-ipi","status":"publish","type":"product","link":"https:\/\/www.hediyepazar.com\/?product=turk-50-mt-celik-camasir-ipi","title":{"rendered":"Turk 50 mt \u00c7elik \u00c7ama\u015f\u0131r \u0130pi"},"content":{"rendered":"<p>\n\t<strong>\u00dcr\u00fcn \u00d6zellikleri :\u00a0<\/strong><\/p>\n<p>\t<strong>Materyal : \u00c7elik tel \u00fczeri PVC Kaplama<\/strong><\/p>\n<p>\t<strong>Ne alacaks\u0131n\u0131z ? : 50 metre uzunluk (5 top 10 ar metrelik )<\/strong><\/p>\n<p>\t<b>\u00a0<\/b><br \/>\n\t<strong>KAL\u0130TEL\u0130 MATERYAL : <\/strong>G\u00fc\u00e7l\u00fc \u00e7eik telden yap\u0131lm\u0131\u015f, \u00fczeri pvc kaplamal\u0131 \u00e7ama\u015f\u0131r ipi, iyi mukavemet ve dayan\u0131kl\u0131l\u0131\u011fa sahiptir.<\/p>\n<p>\t<strong>DAYANIKLI :<\/strong> Standart iplere nazaran, daha kal\u0131n, daha g\u00fc\u00e7l\u00fcd\u00fcr ve s\u0131k\u0131 gerdi\u011finizde k\u0131r\u0131lmaz, \u00e7\u00f6z\u00fclmesi veya yeniden ba\u011flanmas\u0131 kolayd\u0131r<\/p>\n<p>\t<strong>KULLANI\u015eLI :<\/strong> \u00c7ama\u015f\u0131r ipi g\u00fcnl\u00fck olarak evde, arka bah\u00e7ede, verandada, banyoda, balkonda, \u00e7ama\u015f\u0131rhanede, karavanda, otelde, yurtta veya kamp aletleri \u00e7ama\u015f\u0131r ipi olarak kullan\u0131labilir, bu seyahat etmeyi, kamp yapmay\u0131, bal\u0131k tutmay\u0131 sevenler i\u00e7in iyi bir se\u00e7im olacakt\u0131r. A\u011fa\u00e7lar\u0131n aras\u0131nda veya g\u00f6lgeliklerinde \u0131slak havlu ve sand\u0131klar\u0131 takmak i\u00e7in kullan\u0131n.<\/p>\n<p>\t<strong>\u0130\u00c7ER\u0130DE VEYA DI\u015eARIDA M\u00dcKEMMEL : <\/strong>Hafif ve \u00e7ok y\u00f6nl\u00fc, geziler \/ seyahatler, a\u00e7\u0131k hava kamplar\u0131 i\u00e7in m\u00fckemmel, kal\u0131c\u0131 bir ip takmadan d\u0131\u015far\u0131da k\u0131yafet asmak i\u00e7in harika. Veya ev \u00e7ama\u015f\u0131r ipleri i\u00e7in kullan\u0131n, \u00e7e\u015fitli yerlerde as\u0131lmas\u0131 kolay, kullanabilirsiniz garaj\u0131n\u0131zda kurumas\u0131 i\u00e7in k\u0131\u015fl\u0131k paltolar\u0131 asmak i\u00e7in veya bodrumda daha b\u00fcy\u00fck \u00e7ar\u015faflar\u0131 \/ battaniyeleri vb. asmak ve kurutmak i\u00e7in evde bir \u00e7ama\u015f\u0131r ipi olarak kullan\u0131l\u0131r. Ailenin \u00e7ok pratik bir par\u00e7as\u0131, bunlar\u0131 g\u00fcnl\u00fck olarak \u00e7ama\u015f\u0131r kurutmak, normal k\u0131yafet ve havlular\u0131 asmak, g\u00f6mlekleri vb. ask\u0131lara kurutmak i\u00e7in kullan\u0131n. Giysiler \u00fczerinde iz b\u0131rakmaz.<\/p>\n","protected":false},"excerpt":{"rendered":"<p>\u00dcr\u00fcn \u00d6zellikleri :\u00a0 Materyal : \u00c7elik tel \u00fczeri PVC Kaplama Ne alacaks\u0131n\u0131z ? : 50 metre uzunluk (5 top 10 ar metrelik ) \u00a0 KAL\u0130TEL\u0130 MATERYAL : G\u00fc\u00e7l\u00fc \u00e7eik telden yap\u0131lm\u0131\u015f, \u00fczeri pvc kaplamal\u0131 \u00e7ama\u015f\u0131r ipi, iyi mukavemet ve dayan\u0131kl\u0131l\u0131\u011fa sahiptir. DAYANIKLI : Standart iplere nazaran, daha kal\u0131n, daha g\u00fc\u00e7l\u00fcd\u00fcr ve s\u0131k\u0131 gerdi\u011finizde k\u0131r\u0131lmaz, \u00e7\u00f6z\u00fclmesi&#8230;<\/p>\n","protected":false},"featured_media":0,"comment_status":"open","ping_status":"closed","template":"","meta":{"_kad_post_transparent":"","_kad_post_title":"","_kad_post_layout":"","_kad_post_sidebar_id":"","_kad_post_content_style":"","_kad_post_vertical_padding":"","_kad_post_feature":"","_kad_post_feature_position":"","_kad_post_header":false,"_kad_post_footer":false,"_kad_post_classname":""},"product_brand":[],"product_cat":[14298],"product_tag":[],"class_list":{"0":"post-102357","1":"product","2":"type-product","3":"status-publish","5":"product_cat-camasirlik-ev-gerecleri-ev-yasam-camasirlik-ev-gerecleri-ev-yasam","7":"first","8":"instock","9":"purchasable","10":"product-type-simple","11":"entry","12":"content-bg","13":"loop-entry"},"_links":{"self":[{"href":"https:\/\/www.hediyepazar.com\/index.php?rest_route=\/wp\/v2\/product\/102357","targetHints":{"allow":["GET"]}}],"collection":[{"href":"https:\/\/www.hediyepazar.com\/index.php?rest_route=\/wp\/v2\/product"}],"about":[{"href":"https:\/\/www.hediyepazar.com\/index.php?rest_route=\/wp\/v2\/types\/product"}],"replies":[{"embeddable":true,"href":"https:\/\/www.hediyepazar.com\/index.php?rest_route=%2Fwp%2Fv2%2Fcomments&post=102357"}],"wp:attachment":[{"href":"https:\/\/www.hediyepazar.com\/index.php?rest_route=%2Fwp%2Fv2%2Fmedia&parent=102357"}],"wp:term":[{"taxonomy":"product_brand","embeddable":true,"href":"https:\/\/www.hediyepazar.com\/index.php?rest_route=%2Fwp%2Fv2%2Fproduct_brand&post=102357"},{"taxonomy":"product_cat","embeddable":true,"href":"https:\/\/www.hediyepazar.com\/index.php?rest_route=%2Fwp%2Fv2%2Fproduct_cat&post=102357"},{"taxonomy":"product_tag","embeddable":true,"href":"https:\/\/www.hediyepazar.com\/index.php?rest_route=%2Fwp%2Fv2%2Fproduct_tag&post=102357"}],"curies":[{"name":"wp","href":"https:\/\/api.w.org\/{rel}","templated":true}]}}