{"id":102359,"date":"2026-05-04T06:03:58","date_gmt":"2026-05-04T09:03:58","guid":{"rendered":"https:\/\/www.hediyepazar.com\/?product=turk-40-metre-cok-amacli-hamak-ipi"},"modified":"2026-05-04T06:03:58","modified_gmt":"2026-05-04T09:03:58","slug":"turk-40-metre-cok-amacli-hamak-ipi","status":"publish","type":"product","link":"https:\/\/www.hediyepazar.com\/?product=turk-40-metre-cok-amacli-hamak-ipi","title":{"rendered":"Turk 40 Metre \u00c7ok Ama\u00e7l\u0131 Hamak \u0130pi"},"content":{"rendered":"<p><strong>\u00dcr\u00fcn \u00d6zellikleri :   <\/strong>  <\/p>\n<p><strong>Adet  : <\/strong> 4 TOP , HER TOP 10 METRED\u0130R. Toplamda 40 metre g\u00f6nderilir  <\/p>\n<p>Hamak, \u00c7ama\u015f\u0131r, kamp, piknik vb ama\u00e7larla kullan\u0131m i\u00e7in tasarlanm\u0131\u015ft\u0131r. <\/p>\n<p><strong>M\u00dcKEMMEL SATI\u015e SONRASI H\u0130ZMET : <\/strong>HSNET \/ HSNET olarak m\u00fc\u015fterilerimize en iyi hizmeti sunmay\u0131 ama\u00e7l\u0131yor, g\u00fcvenle sat\u0131n alabilmeniz i\u00e7in, ambalaj kalitemize g\u00fcveniyor, her \u00fcr\u00fcn sorunsuz teslimat i\u00e7in \u00f6zenle paketliyor ve resimde belirtilen renk, ebat, \u00f6zelikte \u00fcr\u00fcn g\u00f6ndermeyi taahh\u00fct ediyoruz. Hasarl\u0131 \u00fcr\u00fcn ald\u0131ysan\u0131z veya di\u011fer \u00fcr\u00fcn ve paket teslimat sorunlar\u0131 oldu\u011funda bizimle ileti\u015fime ge\u00e7mekten \u00e7ekinmeyin.<\/p>\n","protected":false},"excerpt":{"rendered":"<p>\u00dcr\u00fcn \u00d6zellikleri : Adet : 4 TOP , HER TOP 10 METRED\u0130R. Toplamda 40 metre g\u00f6nderilir Hamak, \u00c7ama\u015f\u0131r, kamp, piknik vb ama\u00e7larla kullan\u0131m i\u00e7in tasarlanm\u0131\u015ft\u0131r. M\u00dcKEMMEL SATI\u015e SONRASI H\u0130ZMET : HSNET \/ HSNET olarak m\u00fc\u015fterilerimize en iyi hizmeti sunmay\u0131 ama\u00e7l\u0131yor, g\u00fcvenle sat\u0131n alabilmeniz i\u00e7in, ambalaj kalitemize g\u00fcveniyor, her \u00fcr\u00fcn sorunsuz teslimat i\u00e7in \u00f6zenle paketliyor ve&#8230;<\/p>\n","protected":false},"featured_media":102358,"comment_status":"open","ping_status":"closed","template":"","meta":{"_kad_post_transparent":"","_kad_post_title":"","_kad_post_layout":"","_kad_post_sidebar_id":"","_kad_post_content_style":"","_kad_post_vertical_padding":"","_kad_post_feature":"","_kad_post_feature_position":"","_kad_post_header":false,"_kad_post_footer":false,"_kad_post_classname":""},"product_brand":[],"product_cat":[14298],"product_tag":[],"class_list":{"0":"post-102359","1":"product","2":"type-product","3":"status-publish","4":"has-post-thumbnail","6":"product_cat-camasirlik-ev-gerecleri-ev-yasam-camasirlik-ev-gerecleri-ev-yasam","8":"first","9":"instock","10":"purchasable","11":"product-type-simple","12":"entry","13":"content-bg","14":"loop-entry"},"_links":{"self":[{"href":"https:\/\/www.hediyepazar.com\/index.php?rest_route=\/wp\/v2\/product\/102359","targetHints":{"allow":["GET"]}}],"collection":[{"href":"https:\/\/www.hediyepazar.com\/index.php?rest_route=\/wp\/v2\/product"}],"about":[{"href":"https:\/\/www.hediyepazar.com\/index.php?rest_route=\/wp\/v2\/types\/product"}],"replies":[{"embeddable":true,"href":"https:\/\/www.hediyepazar.com\/index.php?rest_route=%2Fwp%2Fv2%2Fcomments&post=102359"}],"wp:featuredmedia":[{"embeddable":true,"href":"https:\/\/www.hediyepazar.com\/index.php?rest_route=\/wp\/v2\/media\/102358"}],"wp:attachment":[{"href":"https:\/\/www.hediyepazar.com\/index.php?rest_route=%2Fwp%2Fv2%2Fmedia&parent=102359"}],"wp:term":[{"taxonomy":"product_brand","embeddable":true,"href":"https:\/\/www.hediyepazar.com\/index.php?rest_route=%2Fwp%2Fv2%2Fproduct_brand&post=102359"},{"taxonomy":"product_cat","embeddable":true,"href":"https:\/\/www.hediyepazar.com\/index.php?rest_route=%2Fwp%2Fv2%2Fproduct_cat&post=102359"},{"taxonomy":"product_tag","embeddable":true,"href":"https:\/\/www.hediyepazar.com\/index.php?rest_route=%2Fwp%2Fv2%2Fproduct_tag&post=102359"}],"curies":[{"name":"wp","href":"https:\/\/api.w.org\/{rel}","templated":true}]}}