{"id":102362,"date":"2026-05-04T06:04:27","date_gmt":"2026-05-04T09:04:27","guid":{"rendered":"https:\/\/www.hediyepazar.com\/?product=turk-kaucuk-kapi-stopperi-colico-design-5-adet"},"modified":"2026-05-04T06:04:27","modified_gmt":"2026-05-04T09:04:27","slug":"turk-kaucuk-kapi-stopperi-colico-design-5-adet","status":"publish","type":"product","link":"https:\/\/www.hediyepazar.com\/?product=turk-kaucuk-kapi-stopperi-colico-design-5-adet","title":{"rendered":"Turk Kau\u00e7uk Kap\u0131 Stopperi Colico Design 5 Adet"},"content":{"rendered":"<p>\n\t<strong>\u00dcr\u00fcn \u00d6zellikleri : <\/strong><\/p>\n<p>\n\t<strong>RENK : <\/strong> HSNET\u00a0<span style=\"color: rgb(1, 15, 38); font-family: Roboto, sans-serif; font-size: 13px;\">Colico\u00a0<\/span>serisi olarak tasarlad\u0131\u011f\u0131m\u0131z bu \u00fcr\u00fcn\u00fc GR\u0130 Renk\/tasar\u0131m\u0131 birebir g\u00f6re g\u00f6nderiyoruz. S\u00fcrpriz ya\u015famazs\u0131n\u0131z.<\/p>\n<p>\n\t<strong>MATERYAL : % 100 Kau\u00e7uk\u00a0<\/strong><\/p>\n<p>\n\t<strong>ADET : 5 KAPI \u0130\u00c7\u0130N 5 ADET\u00a0<\/strong><\/p>\n<p>\n\t<strong>\u00d6L\u00c7\u00dcLER : 12 cm x 3 x 3 cm\u00a0<\/strong><\/p>\n<p>\n\t<strong>GEN\u0130\u015e KULLANIM ALANI : Hal\u0131, Ah\u015fap, Parke, Seramik, \u015eap vb t\u00fcm y\u00fczeylerde\u00a0<\/strong><\/p>\n<p>\n\t<strong>\u00d6NE \u00c7IKAN \u00d6ZELL\u0130K : Darbe emici, % 100 kau\u00e7uk\u00a0<\/strong><\/p>\n<p>\n\t<br \/>\n\t<strong>GEN\u0130\u015e KULLANIM ALANI : Sa\u011flam, kaymaz kau\u00e7uk kap\u0131 durdurma kamas\u0131, ah\u015fap kap\u0131lar, a\u011f\u0131r hizmet tipi kap\u0131lar, cam kap\u0131lar ve metal kap\u0131lar i\u00e7in uygundur. Ah\u015fap zeminler, hal\u0131lar, beton, seramik karolar ve di\u011fer zeminlerde iyi \u00e7al\u0131\u015f\u0131rlar ve m\u00fckemmel tutu\u015f sa\u011flarlar. <\/strong><\/p>\n<p>\n\tBu \u00fcr\u00fcn, kap\u0131n\u0131za a\u011f\u0131r bir saks\u0131 veya bitki yerle\u015ftirmekten veya kap\u0131 pervaz\u0131na karton veya tahta par\u00e7as\u0131 s\u0131k\u0131\u015ft\u0131rmaktan daha kolay bir \u00e7\u00f6z\u00fcm sunar. Kau\u00e7uktan yap\u0131lm\u0131\u015ft\u0131r, \u00e7ok dayan\u0131kl\u0131d\u0131r ve kesinlikle uzun s\u00fcre dayanacakt\u0131r. Bu kap\u0131 durdurucu, a\u011f\u0131r kap\u0131lar\u0131n\u0131zla oynayan \u00e7ocuklar gibi olas\u0131 tehlikeleri de hafifletmeye yard\u0131mc\u0131 olabilir. Bu sayede kap\u0131lar\u0131n\u0131z oldu\u011fu gibi kalacakt\u0131r. Mutfa\u011f\u0131n\u0131z\u0131n arka kap\u0131s\u0131 varsa, serin esintinin i\u00e7eri girmesi i\u00e7in kap\u0131y\u0131 a\u00e7\u0131k tutmak i\u00e7in bu kap\u0131 durdurucuyu da kullanabilirsiniz<\/p>\n<p>\t<strong>KAPI DURDURUCU : <\/strong>: Kap\u0131 durdurucusu\u00a0<strong>12 cm x 3 x 3 cm\u00a0<\/strong>\u00a0cm boyutlar\u0131ndad\u0131r ve t\u00fcm kap\u0131lara uyar. Kap\u0131 durdurma, kap\u0131n\u0131z\u0131 ve duvar\u0131n\u0131z\u0131 hasardan koruyacakt\u0131r. Evde\/ofis\/yazl\u0131k\/garaj\/okul\/i\u015f yerlerinde ve hastanede i\u00e7 ve d\u0131\u015f mekan kullan\u0131m\u0131 i\u00e7in m\u00fckemmeldir.<\/p>\n<p>\t<strong>DAYANIKLI: <\/strong>Kau\u00e7uk malzemeden \u00fcretilmi\u015ftir, uzun s\u00fcre kullan\u0131mdan sonra deforme olmaz ve y\u00fcksek ta\u015f\u0131ma performans\u0131na sahiptir. Kap\u0131 alt\u0131 kap\u0131 stoperi, kap\u0131n\u0131n kendili\u011finden kapanmas\u0131n\u0131 \u00f6nlemek i\u00e7in e\u011fimli tasar\u0131ma ba\u011fl\u0131d\u0131r. \u00c7o\u011fu kap\u0131 bo\u015flu\u011funa uyarlar ve \u00e7atlamazlar.<\/p>\n<p>\t<strong>ANTI-SLIP: <\/strong>Alt k\u0131s\u0131mdaki kaymaz tasar\u0131m, g\u00fc\u00e7l\u00fc s\u00fcrt\u00fcnme sa\u011flayabilir ve kap\u0131y\u0131 sabit tutabilir. A\u011f\u0131r kap\u0131da bile kaymaz. \u00c7ocuklar\u0131n\u0131z\u0131, bebeklerinizi ve evcil hayvanlar\u0131n\u0131z\u0131 kap\u0131 \u00e7arpmalar\u0131ndan koruyun. Kap\u0131 stoperleri, onlar\u0131 d\u00fc\u015f\u00fcnmedi\u011fimiz zaman en kullan\u0131\u015fl\u0131 olan\u0131d\u0131r.<\/p>\n<p>\n\t\u00a0<\/p>\n<p>\n\t<strong>M\u00dcKEMMEL SATI\u015e SONRASI H\u0130ZMET : <\/strong>HSNET \/ HSNET olarak m\u00fc\u015fterilerimize en iyi hizmeti sunmay\u0131 ama\u00e7l\u0131yor, g\u00fcvenle sat\u0131n alabilmeniz i\u00e7in, ambalaj kalitemize g\u00fcveniyor, her \u00fcr\u00fcn sorunsuz teslimat i\u00e7in \u00f6zenle paketliyor ve resimde belirtilen renk, ebat, \u00f6zelikte \u00fcr\u00fcn g\u00f6ndermeyi taahh\u00fct ediyoruz. Hasarl\u0131 \u00fcr\u00fcn ald\u0131ysan\u0131z veya di\u011fer \u00fcr\u00fcn ve paket teslimat sorunlar\u0131 oldu\u011funda bizimle ileti\u015fime ge\u00e7mekten \u00e7ekinmeyin.<\/p>\n<p>\n\t<strong><strong>\u00a0<br \/>\n\tDETAYLI B\u0130LG\u0130 \u0130\u00c7\u0130N EK RES\u0130MLER\u0130 \u0130NCELEYEB\u0130L\u0130RS\u0130N\u0130Z.<br \/>\n\t<img decoding=\"async\"  src=\"https:\/\/hepsicdn.com.tr\/static\/product_detail\/hbnet1a273ece_4796201.webp\"><\/strong><\/strong><\/p>\n","protected":false},"excerpt":{"rendered":"<p>\u00dcr\u00fcn \u00d6zellikleri : RENK : HSNET\u00a0Colico\u00a0serisi olarak tasarlad\u0131\u011f\u0131m\u0131z bu \u00fcr\u00fcn\u00fc GR\u0130 Renk\/tasar\u0131m\u0131 birebir g\u00f6re g\u00f6nderiyoruz. S\u00fcrpriz ya\u015famazs\u0131n\u0131z. MATERYAL : % 100 Kau\u00e7uk\u00a0 ADET : 5 KAPI \u0130\u00c7\u0130N 5 ADET\u00a0 \u00d6L\u00c7\u00dcLER : 12 cm x 3 x 3 cm\u00a0 GEN\u0130\u015e KULLANIM ALANI : Hal\u0131, Ah\u015fap, Parke, Seramik, \u015eap vb t\u00fcm y\u00fczeylerde\u00a0 \u00d6NE \u00c7IKAN \u00d6ZELL\u0130K : Darbe&#8230;<\/p>\n","protected":false},"featured_media":0,"comment_status":"open","ping_status":"closed","template":"","meta":{"_kad_post_transparent":"","_kad_post_title":"","_kad_post_layout":"","_kad_post_sidebar_id":"","_kad_post_content_style":"","_kad_post_vertical_padding":"","_kad_post_feature":"","_kad_post_feature_position":"","_kad_post_header":false,"_kad_post_footer":false,"_kad_post_classname":""},"product_brand":[],"product_cat":[14156],"product_tag":[],"class_list":{"0":"post-102362","1":"product","2":"type-product","3":"status-publish","5":"product_cat-pratik-ev-esyalari-ev-gerecleri-ev-yasam-pratik-ev-esyalari-ev-gerecleri-ev-yasam","7":"first","8":"instock","9":"purchasable","10":"product-type-simple","11":"entry","12":"content-bg","13":"loop-entry"},"_links":{"self":[{"href":"https:\/\/www.hediyepazar.com\/index.php?rest_route=\/wp\/v2\/product\/102362","targetHints":{"allow":["GET"]}}],"collection":[{"href":"https:\/\/www.hediyepazar.com\/index.php?rest_route=\/wp\/v2\/product"}],"about":[{"href":"https:\/\/www.hediyepazar.com\/index.php?rest_route=\/wp\/v2\/types\/product"}],"replies":[{"embeddable":true,"href":"https:\/\/www.hediyepazar.com\/index.php?rest_route=%2Fwp%2Fv2%2Fcomments&post=102362"}],"wp:attachment":[{"href":"https:\/\/www.hediyepazar.com\/index.php?rest_route=%2Fwp%2Fv2%2Fmedia&parent=102362"}],"wp:term":[{"taxonomy":"product_brand","embeddable":true,"href":"https:\/\/www.hediyepazar.com\/index.php?rest_route=%2Fwp%2Fv2%2Fproduct_brand&post=102362"},{"taxonomy":"product_cat","embeddable":true,"href":"https:\/\/www.hediyepazar.com\/index.php?rest_route=%2Fwp%2Fv2%2Fproduct_cat&post=102362"},{"taxonomy":"product_tag","embeddable":true,"href":"https:\/\/www.hediyepazar.com\/index.php?rest_route=%2Fwp%2Fv2%2Fproduct_tag&post=102362"}],"curies":[{"name":"wp","href":"https:\/\/api.w.org\/{rel}","templated":true}]}}