{"id":102372,"date":"2026-05-04T06:07:24","date_gmt":"2026-05-04T09:07:24","guid":{"rendered":"https:\/\/www.hediyepazar.com\/?product=turk-findik-ve-ceviz-kirici-set-sibylle-design"},"modified":"2026-05-04T06:07:24","modified_gmt":"2026-05-04T09:07:24","slug":"turk-findik-ve-ceviz-kirici-set-sibylle-design","status":"publish","type":"product","link":"https:\/\/www.hediyepazar.com\/?product=turk-findik-ve-ceviz-kirici-set-sibylle-design","title":{"rendered":"Turk F\u0131nd\u0131k ve Ceviz K\u0131r\u0131c\u0131 Set Sibylle Design"},"content":{"rendered":"<p>\n\t<strong>NEYE SAH\u0130P OLACAKSINIZ ? <\/strong> HSNET Sibylle Design olarak tasarlad\u0131\u011f\u0131m\u0131z \u00fcr\u00fcn\u00fc g\u00f6nderiyoruz. Renk birebir g\u00f6nderilir ve s\u00fcrpriz ya\u015famazs\u0131n\u0131z. \/strong><\/p>\n<p>\t<strong>\u00dcr\u00fcn \u00d6zellikleri : <\/strong><\/p>\n<p>\t<strong>Kolay k\u0131rma i\u00e7in yayl\u0131 tasar\u0131m:<\/strong> Bu g\u00fc\u00e7l\u00fc yayl\u0131 f\u0131nd\u0131k ve ceviz k\u0131r\u0131c\u0131 k\u0131ran, her t\u00fcrl\u00fc yemi\u015fin h\u0131zl\u0131 ve kolay bir \u015fekilde k\u0131r\u0131lmas\u0131n\u0131 sa\u011flar. Ceviz, f\u0131nd\u0131k, badem vb. Sa\u011fl\u0131kl\u0131 k\u0131r\u0131k f\u0131nd\u0131klar\u0131n tad\u0131n\u0131 \u00e7\u0131kar\u0131n.. \u0130\u00e7erideki somunu k\u0131rmadan veya zarar vermeden g\u00f6vdeye s\u0131k\u0131ca tak\u0131l\u0131r.<\/p>\n<p>\t<strong>RAHAT TUTU\u015e \u0130\u00c7\u0130N SA\u011eLAM ERGONOM\u0130K SAP:<\/strong> G\u00fc\u00e7l\u00fc bir tutu\u015f ve g\u00fcvenilir bir \u00e7\u0131tlatma eylemi i\u00e7in kaymay\u0131 \u00f6nleyecek \u015fekilde tasarlanm\u0131\u015f d\u00fcz bir sapa sahiptir. Ergonomik tasar\u0131m, kuruyemi\u015fleri daha keyifli hale getirir ve a\u011fr\u0131yan eller i\u00e7in endi\u015felenmenize gerek kalmaz. T\u0131rt\u0131kl\u0131 y\u00fczey, her boyuttaki somunlar\u0131 k\u0131rmak i\u00e7in idealdir.<\/p>\n<p>\tRestoranlar ve ev i\u00e7in idealdir<\/p>\n<p>\tDAYANIKLI VE TEM\u0130ZL\u0130\u011e\u0130 KOLAY: Y\u00fcksek kaliteli emaye d\u00f6k\u00fcm al\u00fcminyumdan yap\u0131lm\u0131\u015ft\u0131r. Temizlemek i\u00e7in kabuk par\u00e7alar\u0131n\u0131 durulay\u0131n ve hemen tekrar kullanmak \u00fczere havayla kurutun. Ak\u0131ll\u0131 tasar\u0131m, uzun s\u00fcre dayanacak ve f\u0131nd\u0131k k\u0131rmay\u0131 seven ancak eklemleri veya elleri hassas olan ki\u015filer i\u00e7in m\u00fckemmel olacak \u015fekilde yap\u0131lm\u0131\u015ft\u0131r.<\/p>\n<p><strong>M\u00dcKEMMEL SATI\u015e SONRASI H\u0130ZMET : <\/strong>HSNET \/ HSNET m\u00fc\u015fterilerimize en iyi hizmeti sunmay\u0131 ama\u00e7l\u0131yor ve resimde belirtilen renk, ebat, \u00f6zelikte \u00fcr\u00fcn g\u00f6ndermeyi taahh\u00fct ediyoruz. G\u00fcvenle sat\u0131n alabilirsiniz. Hasarl\u0131 \u00fcr\u00fcn ald\u0131ysan\u0131z veya di\u011fer \u00fcr\u00fcn ve paket teslimat sorunlar\u0131 oldu\u011funda bizimle ileti\u015fime ge\u00e7mekten \u00e7ekinmeyin.<\/p>\n<p> <img decoding=\"async\"  src=\"https:\/\/hepsicdn.com.tr\/static\/product_detail\/hbnet846ad10f_4797501.webp\"><\/strong><\/strong><\/p>\n","protected":false},"excerpt":{"rendered":"<p>NEYE SAH\u0130P OLACAKSINIZ ? HSNET Sibylle Design olarak tasarlad\u0131\u011f\u0131m\u0131z \u00fcr\u00fcn\u00fc g\u00f6nderiyoruz. Renk birebir g\u00f6nderilir ve s\u00fcrpriz ya\u015famazs\u0131n\u0131z. \/strong> \u00dcr\u00fcn \u00d6zellikleri : Kolay k\u0131rma i\u00e7in yayl\u0131 tasar\u0131m: Bu g\u00fc\u00e7l\u00fc yayl\u0131 f\u0131nd\u0131k ve ceviz k\u0131r\u0131c\u0131 k\u0131ran, her t\u00fcrl\u00fc yemi\u015fin h\u0131zl\u0131 ve kolay bir \u015fekilde k\u0131r\u0131lmas\u0131n\u0131 sa\u011flar. Ceviz, f\u0131nd\u0131k, badem vb. Sa\u011fl\u0131kl\u0131 k\u0131r\u0131k f\u0131nd\u0131klar\u0131n tad\u0131n\u0131 \u00e7\u0131kar\u0131n.. \u0130\u00e7erideki somunu&#8230;<\/p>\n","protected":false},"featured_media":0,"comment_status":"open","ping_status":"closed","template":"","meta":{"_kad_post_transparent":"","_kad_post_title":"","_kad_post_layout":"","_kad_post_sidebar_id":"","_kad_post_content_style":"","_kad_post_vertical_padding":"","_kad_post_feature":"","_kad_post_feature_position":"","_kad_post_header":false,"_kad_post_footer":false,"_kad_post_classname":""},"product_brand":[],"product_cat":[7826],"product_tag":[],"class_list":{"0":"post-102372","1":"product","2":"type-product","3":"status-publish","5":"product_cat-endustriyel-mutfak-ekipmanlari-sofra-sofra-mutfak-ev-yasam-endustriyel-mutfak-ekipmanlari","7":"first","8":"instock","9":"purchasable","10":"product-type-simple","11":"entry","12":"content-bg","13":"loop-entry"},"_links":{"self":[{"href":"https:\/\/www.hediyepazar.com\/index.php?rest_route=\/wp\/v2\/product\/102372","targetHints":{"allow":["GET"]}}],"collection":[{"href":"https:\/\/www.hediyepazar.com\/index.php?rest_route=\/wp\/v2\/product"}],"about":[{"href":"https:\/\/www.hediyepazar.com\/index.php?rest_route=\/wp\/v2\/types\/product"}],"replies":[{"embeddable":true,"href":"https:\/\/www.hediyepazar.com\/index.php?rest_route=%2Fwp%2Fv2%2Fcomments&post=102372"}],"wp:attachment":[{"href":"https:\/\/www.hediyepazar.com\/index.php?rest_route=%2Fwp%2Fv2%2Fmedia&parent=102372"}],"wp:term":[{"taxonomy":"product_brand","embeddable":true,"href":"https:\/\/www.hediyepazar.com\/index.php?rest_route=%2Fwp%2Fv2%2Fproduct_brand&post=102372"},{"taxonomy":"product_cat","embeddable":true,"href":"https:\/\/www.hediyepazar.com\/index.php?rest_route=%2Fwp%2Fv2%2Fproduct_cat&post=102372"},{"taxonomy":"product_tag","embeddable":true,"href":"https:\/\/www.hediyepazar.com\/index.php?rest_route=%2Fwp%2Fv2%2Fproduct_tag&post=102372"}],"curies":[{"name":"wp","href":"https:\/\/api.w.org\/{rel}","templated":true}]}}