{"id":102375,"date":"2026-05-04T06:10:00","date_gmt":"2026-05-04T09:10:00","guid":{"rendered":"https:\/\/www.hediyepazar.com\/?product=turk-gamboc-fermuarli-elbise-kilifi-3-adet-lauliven-design"},"modified":"2026-05-04T06:10:00","modified_gmt":"2026-05-04T09:10:00","slug":"turk-gamboc-fermuarli-elbise-kilifi-3-adet-lauliven-design","status":"publish","type":"product","link":"https:\/\/www.hediyepazar.com\/?product=turk-gamboc-fermuarli-elbise-kilifi-3-adet-lauliven-design","title":{"rendered":"Turk Gambo\u00e7 Fermuarl\u0131 Elbise K\u0131l\u0131f\u0131 3 Adet Lauliven Design"},"content":{"rendered":"<p>\t<strong>\u00dcr\u00fcn \u00d6zellikleri : <\/strong><\/p>\n<p>\t<strong>AKSESUARLAR \u00dcR\u00dcNE DAH\u0130L DE\u011e\u0130LD\u0130R. <\/strong><\/p>\n<p>\t<strong>Materyal : Tela\u00a0<\/strong><\/p>\n<p>\t<strong>Adet \/ Renk \/ Tasar\u0131m : <\/strong> 3 Adet, Turk Nano Absolute Professional Design olarak tasarlad\u0131\u011f\u0131m\u0131z, resimde yer alan rengi, s\u00fcrpriz ya\u015famaman\u0131z i\u00e7in birebir g\u00f6nderiyoruz<\/p>\n<p>\t<strong>\u00d6l\u00e7\u00fcler (bir cep telefonu ortalama 16 cm dir. K\u0131yaslaman\u0131z i\u00e7in kolayl\u0131k de\u011fil mi ? ) :\u00a0<\/strong><span style=\"background-color: transparent; color: rgb(0, 0, 0); font-family: Arial, sans-serif; font-size: 11pt; white-space-collapse: preserve;\">63 x100 cm <\/span><\/p>\n<p>\tB\u00dcY\u00dcK EBATLAR :63 X 100 CM boyutlar\u0131yla, \u00e7e\u015fitli boyutlardaki giysileri yerle\u015ftirmek i\u00e7in yeterli alana sahiptir, ;<\/p>\n<p>\tDAYANIKLI KUMA\u015e :Giysi saklama \u00e7antalar\u0131m\u0131z sa\u011flam, dokunmam\u0131\u015f kuma\u015ftan, dayan\u0131kl\u0131, toksik olmayan, yeniden kullan\u0131labilir ve g\u00fcvenlidir. Ayr\u0131ca nefes alabilen dokunmam\u0131\u015f kuma\u015flar giysileri tozdan uzak tutabilir ve giysi k\u0131l\u0131flar\u0131 da iyi havaland\u0131rma sa\u011flayabilir. Y\u00fcksek kaliteli y\u00fckseltilmi\u015f fermuarlar, fermuar\u0131n k\u0131r\u0131lmas\u0131 veya kaymas\u0131 nedeniyle travmaya neden olabilir, ancak giyim \u00e7anta k\u0131l\u0131flar\u0131m\u0131z bir daha b\u00f6yle olmayacak. ;<\/p>\n<p>\tDAYANIKLI FERMUAR :Giysi k\u0131l\u0131f\u0131, dayan\u0131kl\u0131 ve p\u00fcr\u00fczs\u00fcz bir fermuarla donat\u0131lm\u0131\u015ft\u0131r. Tozun girmesini \u00f6nlemek i\u00e7in \u00e7ekmesi kolayd\u0131r. ;<\/p>\n<p>\tKULLANI\u015eLI SAKLAMA :Bu tak\u0131m \u00e7antas\u0131 hafiftir ve katlanmas\u0131 kolayd\u0131r. \u00c7ok yer kazan\u0131n. Giyim \u00e7antas\u0131n\u0131n \u00fcst k\u0131sm\u0131ndaki a\u00e7\u0131kl\u0131k, bir ask\u0131n\u0131n yerle\u015ftirilmesine izin verir ve ask\u0131 kancas\u0131, seyahat s\u0131ras\u0131nda katlan\u0131p saklanmas\u0131 i\u00e7in giyim \u00e7antas\u0131n\u0131n alt\u0131ndaki metal rondeladan ge\u00e7ebilir. ;<\/p>\n<p>\t<strong>M\u00dcKEMMEL SATI\u015e SONRASI H\u0130ZMET : <\/strong>Bu \u00fcr\u00fcne daha avantajl\u0131 sahip olabilmeniz i\u00e7in ma\u011fazam\u0131z\u0131 ziyaret ederek, kampanyalar\u0131 inceleyebilirsiniz. Turk \/ Turk olarak m\u00fc\u015fterilerimize en iyi hizmeti sunmay\u0131 ama\u00e7l\u0131yor, g\u00fcvenle sat\u0131n alabilmeniz i\u00e7in, ambalaj kalitemize g\u00fcveniyor, her \u00fcr\u00fcn sorunsuz teslimat i\u00e7in \u00f6zenle paketliyor ve resimde belirtilen renk, ebat, \u00f6zelikte \u00fcr\u00fcn g\u00f6ndermeyi taahh\u00fct ediyoruz. Hasarl\u0131 \u00fcr\u00fcn ald\u0131ysan\u0131z veya di\u011fer \u00fcr\u00fcn ve paket teslimat sorunlar\u0131 oldu\u011funda bizimle ileti\u015fime ge\u00e7mekten \u00e7ekinmeyin.<\/p>\n<p><p><strong>Detayl\u0131 bilgi i\u00e7in ek resimleri inceleyebilirsiniz<\/p>\n<p> <strong> <\/strong><\/strong><\/strong><\/p>\n","protected":false},"excerpt":{"rendered":"<p>\u00dcr\u00fcn \u00d6zellikleri : AKSESUARLAR \u00dcR\u00dcNE DAH\u0130L DE\u011e\u0130LD\u0130R. Materyal : Tela\u00a0 Adet \/ Renk \/ Tasar\u0131m : 3 Adet, Turk Nano Absolute Professional Design olarak tasarlad\u0131\u011f\u0131m\u0131z, resimde yer alan rengi, s\u00fcrpriz ya\u015famaman\u0131z i\u00e7in birebir g\u00f6nderiyoruz \u00d6l\u00e7\u00fcler (bir cep telefonu ortalama 16 cm dir. K\u0131yaslaman\u0131z i\u00e7in kolayl\u0131k de\u011fil mi ? ) :\u00a063 x100 cm B\u00dcY\u00dcK EBATLAR :63&#8230;<\/p>\n","protected":false},"featured_media":102374,"comment_status":"open","ping_status":"closed","template":"","meta":{"_kad_post_transparent":"","_kad_post_title":"","_kad_post_layout":"","_kad_post_sidebar_id":"","_kad_post_content_style":"","_kad_post_vertical_padding":"","_kad_post_feature":"","_kad_post_feature_position":"","_kad_post_header":false,"_kad_post_footer":false,"_kad_post_classname":""},"product_brand":[],"product_cat":[14324],"product_tag":[],"class_list":{"0":"post-102375","1":"product","2":"type-product","3":"status-publish","4":"has-post-thumbnail","6":"product_cat-dikis-urunleri-ev-gerecleri-ev-yasam-dikis-urunleri","8":"first","9":"instock","10":"purchasable","11":"product-type-simple","12":"entry","13":"content-bg","14":"loop-entry"},"_links":{"self":[{"href":"https:\/\/www.hediyepazar.com\/index.php?rest_route=\/wp\/v2\/product\/102375","targetHints":{"allow":["GET"]}}],"collection":[{"href":"https:\/\/www.hediyepazar.com\/index.php?rest_route=\/wp\/v2\/product"}],"about":[{"href":"https:\/\/www.hediyepazar.com\/index.php?rest_route=\/wp\/v2\/types\/product"}],"replies":[{"embeddable":true,"href":"https:\/\/www.hediyepazar.com\/index.php?rest_route=%2Fwp%2Fv2%2Fcomments&post=102375"}],"wp:featuredmedia":[{"embeddable":true,"href":"https:\/\/www.hediyepazar.com\/index.php?rest_route=\/wp\/v2\/media\/102374"}],"wp:attachment":[{"href":"https:\/\/www.hediyepazar.com\/index.php?rest_route=%2Fwp%2Fv2%2Fmedia&parent=102375"}],"wp:term":[{"taxonomy":"product_brand","embeddable":true,"href":"https:\/\/www.hediyepazar.com\/index.php?rest_route=%2Fwp%2Fv2%2Fproduct_brand&post=102375"},{"taxonomy":"product_cat","embeddable":true,"href":"https:\/\/www.hediyepazar.com\/index.php?rest_route=%2Fwp%2Fv2%2Fproduct_cat&post=102375"},{"taxonomy":"product_tag","embeddable":true,"href":"https:\/\/www.hediyepazar.com\/index.php?rest_route=%2Fwp%2Fv2%2Fproduct_tag&post=102375"}],"curies":[{"name":"wp","href":"https:\/\/api.w.org\/{rel}","templated":true}]}}