{"id":102377,"date":"2026-05-04T06:11:18","date_gmt":"2026-05-04T09:11:18","guid":{"rendered":"https:\/\/www.hediyepazar.com\/?product=turk-sac-pensi-sac-klipsi-5-adet-crocodile-design"},"modified":"2026-05-04T06:11:18","modified_gmt":"2026-05-04T09:11:18","slug":"turk-sac-pensi-sac-klipsi-5-adet-crocodile-design","status":"publish","type":"product","link":"https:\/\/www.hediyepazar.com\/?product=turk-sac-pensi-sac-klipsi-5-adet-crocodile-design","title":{"rendered":"Turk Sa\u00e7 Pensi Sa\u00e7 Klipsi 5 Adet Crocodile Design"},"content":{"rendered":"<div class=\"embed-responsive embed-responsive-16by9\">\n\t<iframe class=\"embed-responsive-item\" src=\"https:\/\/www.youtube.com\/embed\/s1Z7QkOfWmY\"><\/iframe><\/div>\n<p>\n\t<br \/>\n\t<strong>\u00dcr\u00fcn \u00d6zellikleri : <\/strong><\/p>\n<p>\t<strong>AKSESUARLAR \u00dcR\u00dcNE DAH\u0130L DE\u011e\u0130LD\u0130R. <\/strong><\/p>\n<p>\t<strong>Materyal : Karbon Plastik\u00a0<\/strong><\/p>\n<p>\t<strong>Adet \/ Renk \/ Tasar\u0131m : <\/strong> 5 Adet, HSNET\u00a0 Design olarak tasarlad\u0131\u011f\u0131m\u0131z, resimde yer alan modeli , s\u00fcrpriz ya\u015famaman\u0131z i\u00e7in birebir g\u00f6nderiyoruz<\/p>\n<p>\t<strong>\u00d6l\u00e7\u00fcler (bir cep telefonu ortalama 16 cm dir. K\u0131yaslaman\u0131z i\u00e7in kolayl\u0131k de\u011fil mi ? ) : <\/strong><br \/>\n\t\u00a0<\/p>\n<p>\n\t<strong>GEN\u0130\u015e KULLANIM ALANI : \u00c7o\u011fu sa\u00e7 stiline uyar ve partilerde, danslarda, g\u00fcnl\u00fck ya\u015famda vb. \u00e7e\u015fitli durumlarda kullan\u0131labilir. Salon \u015fekillendirme, F\u00f6n \u00e7ekerken, sa\u00e7 kurutma, renklendirme, d\u00fczle\u015ftirme, k\u0131v\u0131rma ve makyaj uygulamalar\u0131 i\u00e7in m\u00fckemmeldir.Uzun ve sa\u00e7 k\u0131s\u0131mlar\u0131n\u0131 tutacak kadar s\u0131k\u0131d\u0131r. Plastik sa\u00e7 tokalar\u0131n\u0131n kullan\u0131m\u0131 metal olanlardan daha kolayd\u0131r. Bu harika sa\u00e7 kesme klipsleri, \u015fekillendirmeyi ve f\u00f6n \u00e7ekmeyi kolayla\u015ft\u0131r\u0131r.<\/strong><\/p>\n<p>\n\t<br \/>\n\t<strong>SA\u00c7INIZI M\u00dcKEMMEL TUTAR &#8211;<\/strong> Kliplerimiz, \u00e7al\u0131\u015f\u0131rken ve \u015fekillendirirken sa\u00e7a zarar vermeden veya k\u0131vr\u0131lmadan ince veya kal\u0131n sa\u00e7lar\u0131 g\u00fcvenli bir \u015fekilde tutar. Plastik klipslerin kaymaz tasar\u0131m\u0131 sayesinde \u0131slak veya kuru hassas sa\u00e7lar\u0131n\u0131z\u0131 s\u0131k\u0131ca tutarlar.<\/p>\n<p>\t<strong>PREMIUM MALZEME: <\/strong>Profesyonel Klips-tokalar sa\u011flam karbon plastikten yap\u0131lm\u0131\u015ft\u0131r. Y\u00fcz maskenizi uygularken ve y\u00fcz\u00fcn\u00fcz\u00fc y\u0131karken sa\u00e7\u0131n\u0131z\u0131 gergin tutabilir.<\/p>\n<p>\t<strong>SA\u00c7INIZI M\u00dcKEMMEL TUTUN : <\/strong>Sa\u00e7\u0131n\u0131z \u0131slak veya kuru olursa olsun, \u015fekillendirici klipsler sa\u00e7\u0131n\u0131z\u0131n b\u00fcy\u00fck veya k\u00fc\u00e7\u00fck b\u00f6l\u00fcmlerini sa\u00e7\u0131n\u0131za zarar vermeden veya b\u00fckmeden tutmak i\u00e7in kullan\u0131labilir. Uzant\u0131lara y\u00f6nelik bu \u015fekillendirici klipslerin tutma yerinde, sa\u00e7\u0131n\u0131z\u0131n yerinde kalmas\u0131n\u0131 ve sa\u00e7\u0131 tutmamas\u0131n\u0131 sa\u011flayan kaymay\u0131 \u00f6nleyici par\u00e7ac\u0131klar bulunur. Ve bu sa\u00e7 aksesuarlar\u0131 minimalist tasar\u0131mlar\u0131 sayesinde \u00e7ok hafif hissettiriyor. Di\u011fer sa\u00e7 tokalar\u0131ndan farkl\u0131 olarak sa\u00e7\u0131n\u0131za a\u011f\u0131rl\u0131k katmazlar.<\/p>\n<p>\t<strong>B\u00dcY\u00dcK VE KAYMAZ : <\/strong>Sa\u00e7\u0131n\u0131z kal\u0131n veya ince olursa olsun, sa\u00e7 k\u0131s\u0131mlar\u0131n\u0131 s\u0131k\u0131ca tutun. Tekrarlanan kullan\u0131mdan sonra bile uzun s\u00fcre dayanan y\u00fcksek elastikiyetli yayl\u0131 sa\u00e7 tokas\u0131. Kesit klipsleri ince fakat g\u00fc\u00e7l\u00fcd\u00fcr, bu da hassas alanlar\u0131n kesilmesi i\u00e7in iyidir. Kad\u0131nlara y\u00f6nelik bu sa\u00e7 tokalar\u0131, sa\u00e7lar\u0131 b\u00f6lmek ve g\u00fczel bukleler olu\u015fturmak i\u00e7in idealdir.<\/p>\n<p>\t<strong>KOLAY KULLANIM : <\/strong>T\u00fcm sa\u00e7lar\u0131 klipslerle sabitleyin ve sa\u00e7\u0131n kurumas\u0131 ve \u015fekillendirilmesi i\u00e7in yeterli zaman verin; ard\u0131ndan her bir klipsi \u00e7\u0131kar\u0131n ve g\u00f6z al\u0131c\u0131 bir g\u00f6r\u00fcn\u00fcm i\u00e7in \u015fekillendirici bir tarakla bukleleri nazik\u00e7e taray\u0131n.<\/p>\n<p>\n\t<strong>M\u00dcKEMMEL SATI\u015e SONRASI H\u0130ZMET : <\/strong>Bu \u00fcr\u00fcne daha avantajl\u0131 sahip olabilmeniz i\u00e7in ma\u011fazam\u0131z\u0131 ziyaret ederek, kampanyalar\u0131 inceleyebilirsiniz. HSNET \/ HSNET olarak m\u00fc\u015fterilerimize en iyi hizmeti sunmay\u0131 ama\u00e7l\u0131yor, g\u00fcvenle sat\u0131n alabilmeniz i\u00e7in, ambalaj kalitemize g\u00fcveniyor, her \u00fcr\u00fcn sorunsuz teslimat i\u00e7in \u00f6zenle paketliyor ve resimde belirtilen renk, ebat, \u00f6zelikte \u00fcr\u00fcn g\u00f6ndermeyi taahh\u00fct ediyoruz. Hasarl\u0131 \u00fcr\u00fcn ald\u0131ysan\u0131z veya di\u011fer \u00fcr\u00fcn ve paket teslimat sorunlar\u0131 oldu\u011funda bizimle ileti\u015fime ge\u00e7mekten \u00e7ekinmeyin.<\/p>\n<p>\n\t<strong>Detayl\u0131 bilgi i\u00e7in ek resimleri inceleyebilirsiniz<\/strong><\/p>\n<p>\n\t<img decoding=\"async\" height=\"100%\" width=\"100%\" src=\"https:\/\/hepsicdn.com.tr\/static\/product_detail\/hbnetac302e3b_4798001.jpg\"><\/p>\n<p>\n\t\u00a0<\/p>\n","protected":false},"excerpt":{"rendered":"<p>\u00dcr\u00fcn \u00d6zellikleri : AKSESUARLAR \u00dcR\u00dcNE DAH\u0130L DE\u011e\u0130LD\u0130R. Materyal : Karbon Plastik\u00a0 Adet \/ Renk \/ Tasar\u0131m : 5 Adet, HSNET\u00a0 Design olarak tasarlad\u0131\u011f\u0131m\u0131z, resimde yer alan modeli , s\u00fcrpriz ya\u015famaman\u0131z i\u00e7in birebir g\u00f6nderiyoruz \u00d6l\u00e7\u00fcler (bir cep telefonu ortalama 16 cm dir. K\u0131yaslaman\u0131z i\u00e7in kolayl\u0131k de\u011fil mi ? ) : \u00a0 GEN\u0130\u015e KULLANIM ALANI : \u00c7o\u011fu&#8230;<\/p>\n","protected":false},"featured_media":0,"comment_status":"open","ping_status":"closed","template":"","meta":{"_kad_post_transparent":"","_kad_post_title":"","_kad_post_layout":"","_kad_post_sidebar_id":"","_kad_post_content_style":"","_kad_post_vertical_padding":"","_kad_post_feature":"","_kad_post_feature_position":"","_kad_post_header":false,"_kad_post_footer":false,"_kad_post_classname":""},"product_brand":[],"product_cat":[7813],"product_tag":[],"class_list":{"0":"post-102377","1":"product","2":"type-product","3":"status-publish","5":"product_cat-toka-tac-sac-bandi-toka-aksesuar-kadin-toka","7":"first","8":"instock","9":"purchasable","10":"product-type-simple","11":"entry","12":"content-bg","13":"loop-entry"},"_links":{"self":[{"href":"https:\/\/www.hediyepazar.com\/index.php?rest_route=\/wp\/v2\/product\/102377","targetHints":{"allow":["GET"]}}],"collection":[{"href":"https:\/\/www.hediyepazar.com\/index.php?rest_route=\/wp\/v2\/product"}],"about":[{"href":"https:\/\/www.hediyepazar.com\/index.php?rest_route=\/wp\/v2\/types\/product"}],"replies":[{"embeddable":true,"href":"https:\/\/www.hediyepazar.com\/index.php?rest_route=%2Fwp%2Fv2%2Fcomments&post=102377"}],"wp:attachment":[{"href":"https:\/\/www.hediyepazar.com\/index.php?rest_route=%2Fwp%2Fv2%2Fmedia&parent=102377"}],"wp:term":[{"taxonomy":"product_brand","embeddable":true,"href":"https:\/\/www.hediyepazar.com\/index.php?rest_route=%2Fwp%2Fv2%2Fproduct_brand&post=102377"},{"taxonomy":"product_cat","embeddable":true,"href":"https:\/\/www.hediyepazar.com\/index.php?rest_route=%2Fwp%2Fv2%2Fproduct_cat&post=102377"},{"taxonomy":"product_tag","embeddable":true,"href":"https:\/\/www.hediyepazar.com\/index.php?rest_route=%2Fwp%2Fv2%2Fproduct_tag&post=102377"}],"curies":[{"name":"wp","href":"https:\/\/api.w.org\/{rel}","templated":true}]}}