{"id":102388,"date":"2026-05-04T06:12:36","date_gmt":"2026-05-04T09:12:36","guid":{"rendered":"https:\/\/www.hediyepazar.com\/?product=turk-xl-yorgan-nevresim-carsaf-mandali-8-adet-mucca-design"},"modified":"2026-05-04T06:12:36","modified_gmt":"2026-05-04T09:12:36","slug":"turk-xl-yorgan-nevresim-carsaf-mandali-8-adet-mucca-design","status":"publish","type":"product","link":"https:\/\/www.hediyepazar.com\/?product=turk-xl-yorgan-nevresim-carsaf-mandali-8-adet-mucca-design","title":{"rendered":"Turk XL Yorgan Nevresim \u00c7ar\u015faf Mandal\u0131 8 ADET Mucca Design"},"content":{"rendered":"<p>\t<span style=\"color:#ff0000;\"><strong>Spesifikasyonlar : <\/strong><\/span><\/p>\n<p>\t<span style=\"color:#ff0000;\"><strong>Materyal : Sa\u011flaml\u0131\u015ft\u0131r\u0131lm\u0131\u015f plastik g\u00f6vde, paslanmaz \u00e7elik yaylar <\/strong><\/span><\/p>\n<p>\t<span style=\"color:#ff0000;\"><strong>Ne alacaks\u0131n\u0131z ? : 8 adet A\u011eIR H\u0130ZMET Mandal\u0131 <\/strong><\/span><\/p>\n<p>\t<span style=\"color:#ff0000;\"><strong>\u00d6l\u00e7\u00fcler : 15 x 4,5 cm Ekran yan\u0131lmalar\u0131na kar\u015f\u0131 l\u00fctfen \u00f6l\u00e7\u00fcleri kar\u015f\u0131la\u015ft\u0131r\u0131n. Manuel \u00f6l\u00e7\u00fcm nedeniyle MM fark olabilir. L\u00fctfen anlay\u0131\u015f g\u00f6sterin <\/strong><\/span><\/p>\n<p>\t<strong style=\"color: rgb(0, 128, 0);\">GEN\u0130\u015e KULLANIM ALANI : Bornoz, battaniye, yatak \u00f6rt\u00fcs\u00fc, havlu, \u00e7ar\u015faf gibi a\u011f\u0131r \u00e7ama\u015f\u0131rlar as\u0131lmas\u0131 i\u00e7in idelaidir. Bunun yan\u0131s\u0131ra, ofiste veya mutfakta at\u0131\u015ft\u0131rmal\u0131k po\u015feti ve yiyecek po\u015fetini sabitlemek i\u00e7in idealdir.<\/strong><\/p>\n<p>\t<span style=\"color:#008000;\"><strong>\u00d6NE \u00c7IKAN \u00d6ZELL\u0130K : XL Tasar\u0131m &#8211; 10 CM E kadar a\u011f\u0131z a\u00e7\u0131kl\u0131\u011f\u0131\u00a0\u00a0<\/strong><\/span>B\u00dcY\u00dcK BOYUTLAR : 15 x 4,5 cm<\/p>\n<p>\t<strong>\u0130Y\u0130 KAL\u0130TE: <\/strong>Plastik malzemeden ve paslanmaz \u00e7elik yaydan yap\u0131lm\u0131\u015ft\u0131r. Bu tasar\u0131m, \u00e7ama\u015f\u0131r klipslerini su ge\u00e7irmez ve paslanmaya kar\u015f\u0131 dayan\u0131kl\u0131 hale getirir. Kolay deforme olmazlar. Kelep\u00e7e p\u00fcr\u00fczs\u00fczd\u00fcr ve k\u0131yafetleri \u00e7izmez, g\u00fc\u00e7l\u00fc ve uzun \u00f6m\u00fcrl\u00fc kullan\u0131m.<br \/>\t\u00c7ama\u015f\u0131r mandallar\u0131 i\u00e7 ve d\u0131\u015f mekanlarda kullan\u0131labilir. Hafif \u00e7ama\u015f\u0131rlar\u0131, \u00e7ar\u015faf\u0131 ve battaniyeyi \u00e7ama\u015f\u0131r ipine veya \u00e7ama\u015f\u0131r kurutma raf\u0131na asabilir, k\u0131yafetlerin havaya u\u00e7mas\u0131n\u0131 engelleyebilirler. Banyoda havlu ve \u00e7oraplar\u0131n\u0131z\u0131 kurutmak ve ofiste veya mutfakta at\u0131\u015ft\u0131rmal\u0131k po\u015feti ve yiyecek po\u015fetini sabitlemek i\u00e7in idealdir.<\/p>\n<p><\/p>\n<p>\tDETAYLI B\u0130LG\u0130 \u0130\u00c7\u0130N EK RES\u0130MLER\u0130 \u0130NCELEYEB\u0130L\u0130RS\u0130N\u0130Z.\t<\/p>\n","protected":false},"excerpt":{"rendered":"<p>Spesifikasyonlar : Materyal : Sa\u011flaml\u0131\u015ft\u0131r\u0131lm\u0131\u015f plastik g\u00f6vde, paslanmaz \u00e7elik yaylar Ne alacaks\u0131n\u0131z ? : 8 adet A\u011eIR H\u0130ZMET Mandal\u0131 \u00d6l\u00e7\u00fcler : 15 x 4,5 cm Ekran yan\u0131lmalar\u0131na kar\u015f\u0131 l\u00fctfen \u00f6l\u00e7\u00fcleri kar\u015f\u0131la\u015ft\u0131r\u0131n. Manuel \u00f6l\u00e7\u00fcm nedeniyle MM fark olabilir. L\u00fctfen anlay\u0131\u015f g\u00f6sterin GEN\u0130\u015e KULLANIM ALANI : Bornoz, battaniye, yatak \u00f6rt\u00fcs\u00fc, havlu, \u00e7ar\u015faf gibi a\u011f\u0131r \u00e7ama\u015f\u0131rlar as\u0131lmas\u0131 i\u00e7in&#8230;<\/p>\n","protected":false},"featured_media":0,"comment_status":"open","ping_status":"closed","template":"","meta":{"_kad_post_transparent":"","_kad_post_title":"","_kad_post_layout":"","_kad_post_sidebar_id":"","_kad_post_content_style":"","_kad_post_vertical_padding":"","_kad_post_feature":"","_kad_post_feature_position":"","_kad_post_header":false,"_kad_post_footer":false,"_kad_post_classname":""},"product_brand":[],"product_cat":[14298],"product_tag":[],"class_list":{"0":"post-102388","1":"product","2":"type-product","3":"status-publish","5":"product_cat-camasirlik-ev-gerecleri-ev-yasam-camasirlik-ev-gerecleri-ev-yasam","7":"first","8":"instock","9":"purchasable","10":"product-type-simple","11":"entry","12":"content-bg","13":"loop-entry"},"_links":{"self":[{"href":"https:\/\/www.hediyepazar.com\/index.php?rest_route=\/wp\/v2\/product\/102388","targetHints":{"allow":["GET"]}}],"collection":[{"href":"https:\/\/www.hediyepazar.com\/index.php?rest_route=\/wp\/v2\/product"}],"about":[{"href":"https:\/\/www.hediyepazar.com\/index.php?rest_route=\/wp\/v2\/types\/product"}],"replies":[{"embeddable":true,"href":"https:\/\/www.hediyepazar.com\/index.php?rest_route=%2Fwp%2Fv2%2Fcomments&post=102388"}],"wp:attachment":[{"href":"https:\/\/www.hediyepazar.com\/index.php?rest_route=%2Fwp%2Fv2%2Fmedia&parent=102388"}],"wp:term":[{"taxonomy":"product_brand","embeddable":true,"href":"https:\/\/www.hediyepazar.com\/index.php?rest_route=%2Fwp%2Fv2%2Fproduct_brand&post=102388"},{"taxonomy":"product_cat","embeddable":true,"href":"https:\/\/www.hediyepazar.com\/index.php?rest_route=%2Fwp%2Fv2%2Fproduct_cat&post=102388"},{"taxonomy":"product_tag","embeddable":true,"href":"https:\/\/www.hediyepazar.com\/index.php?rest_route=%2Fwp%2Fv2%2Fproduct_tag&post=102388"}],"curies":[{"name":"wp","href":"https:\/\/api.w.org\/{rel}","templated":true}]}}