{"id":102390,"date":"2026-05-04T06:13:16","date_gmt":"2026-05-04T09:13:16","guid":{"rendered":"https:\/\/www.hediyepazar.com\/?product=turk-savino-4-adet-ayarlanabilir-sikistirmali-gozluk-ipi"},"modified":"2026-05-04T06:13:16","modified_gmt":"2026-05-04T09:13:16","slug":"turk-savino-4-adet-ayarlanabilir-sikistirmali-gozluk-ipi","status":"publish","type":"product","link":"https:\/\/www.hediyepazar.com\/?product=turk-savino-4-adet-ayarlanabilir-sikistirmali-gozluk-ipi","title":{"rendered":"Turk Savino 4 Adet Ayarlanabilir S\u0131k\u0131\u015ft\u0131rmal\u0131 G\u00f6zl\u00fck \u0130pi"},"content":{"rendered":"<p>\n\t<strong>\u00dcr\u00fcn \u00d6zellikleri :\u00a0<\/strong><\/p>\n<p>\t<strong>Renk : <\/strong>Resimdeki Renk S\u0130YAH birebir g\u00f6nderilir ve s\u00fcrpriz ya\u015famazs\u0131n\u0131z.<\/p>\n<p>\t<strong>Ne alacaks\u0131n\u0131z ? : 4 adet g\u00f6zl\u00fck kordunu (g\u00f6zl\u00fck \u00fcr\u00fcne dahil de\u011fildir) <\/strong><\/p>\n<p>\t<strong>\u00d6l\u00e7\u00fcler : <\/strong> 60 cm &#8211; Ekran yan\u0131lmalar\u0131na kar\u015f\u0131 l\u00fctfen \u00f6l\u00e7\u00fcleri kar\u015f\u0131la\u015ft\u0131r\u0131n.<\/p>\n<p>\t<strong>GEN\u0130\u015e KULLANIM ALANI :Ta\u015f\u0131nabilir. inan\u0131lmaz esneklik, g\u00f6zl\u00fckler g\u00f6zl\u00fck kutusunda tutulurken m\u00fckemmel bir saklama sa\u011flar. Ofis \u00e7al\u0131\u015fanlar\u0131, Bal\u0131k tutma, yelkencilik, k\u00fcrek \u00e7ekme, y\u00fcr\u00fcy\u00fc\u015f, avc\u0131l\u0131k, at\u0131c\u0131l\u0131k, ko\u015fma, bisiklete binme, araba kullanma, motosiklet-bisiklet kullananlar vb <\/strong><\/p>\n<p>\t<strong>\u00d6NE \u00c7IKAN \u00d6ZELL\u0130K : G\u00f6zl\u00fc\u011f\u00fcn\u00fcz\u00fcn ucuna(\u015fakak k\u0131sm\u0131na gelen yer) KORDON ucundaki k\u0131s\u0131m ge\u00e7irilerek kullan\u0131l\u0131r ve buray\u0131 s\u0131k\u0131ca kavrar <\/strong><\/p>\n<p>\t<strong>AKT\u0130F \u0130NSANLAR \u0130\u00c7\u0130N :<\/strong>Bu g\u00f6zl\u00fck band\u0131, g\u00f6zl\u00fck veya g\u00fcne\u015f g\u00f6zl\u00fc\u011f\u00fc sahibi olan herkes i\u00e7in idealdir. G\u00fcne\u015f g\u00f6zl\u00fc\u011f\u00fc kordonu, g\u00fczelli\u011fi ve stili i\u015flevsellikle birle\u015ftiren siyah renkte mevcuttur.<\/p>\n<p>\t<strong>G\u00d6ZL\u00dc\u011e\u00dc YER\u0130NDE TUTUN :<\/strong>Boyun ask\u0131s\u0131 37 cm uzunlu\u011fundad\u0131r ve istedi\u011finiz kadar s\u0131k\u0131 veya gev\u015fek bir \u015fekilde ayarlanabilen siyah kaymaz d\u00fc\u011fmeyle g\u00f6nderilir. U\u00e7lardaki t\u00fcpler, s\u0131k\u0131ld\u0131\u011f\u0131nda g\u00f6zl\u00fckleri ba\u015fa sabitlemek i\u00e7in \u015fakaklar\u0131 s\u0131k\u0131ca kavrar. Boyun ba\u011f\u0131 tarz\u0131 g\u00f6zl\u00fck tutucuyu kullanmad\u0131\u011f\u0131n\u0131z zamanlarda boynunuza as\u0131n ve g\u00fcne\u015f g\u00f6zl\u00fcklerinizi bir daha asla kaybetmezsiniz.<\/p>\n<p>\t<strong>KONFORLU, DAYANIKLI, AYARLANAB\u0130L\u0130R: <\/strong>G\u00f6zl\u00fck ipi , g\u00fc\u00e7l\u00fc ve y\u0131pranmayan maksimum g\u00fc\u00e7 ve stre\u00e7 i\u00e7in y\u00fcksek kaliteli naylon ve spandeks kar\u0131\u015f\u0131m\u0131 malzemeden yap\u0131lm\u0131\u015ft\u0131r. Yumu\u015fak malzeme ve hafif tasar\u0131m do\u011fal olarak rahatt\u0131r, bu nedenle hassas cilde sahip ki\u015filer i\u00e7in g\u00fcvenlidir. Sadece moda g\u00f6zl\u00fck aksesuar\u0131 de\u011fil, ayn\u0131 zamanda tamamen pratiktirler.<\/p>\n<p>\t<strong>TEK BEDEN HERKESE UYGUN : <\/strong>Her g\u00f6zl\u00fck tutucusu, kafa \u015feklinize ve bedeninize daha iyi uymas\u0131 i\u00e7in s\u0131kmak veya gev\u015fetmek i\u00e7in ipte kolayca yukar\u0131 ve a\u015fa\u011f\u0131 kayd\u0131r\u0131labilen yuvarlak bir plastik ayarlay\u0131c\u0131ya sahiptir ve dokuma elastik bant malzemesi, esnemesini sa\u011flar Bu ayn\u0131 zamanda g\u00f6zl\u00fck tutucu kay\u0131\u015f\u0131n\u0131n bebekten \u00e7ocuklara ve yeti\u015fkinlere kadar her ya\u015f i\u00e7in uygun oldu\u011fu anlam\u0131na gelir.<\/p>\n<p>\n\t<strong>Ekran fark\u0131 nedeniyle, renk tonlar\u0131 %0,5 oran\u0131nda fark, Manuel \u00f6l\u00e7\u00fcm nedeniyle MM fark olabilir. anlay\u0131\u015f g\u00f6stermenizi rica ederiz. <\/strong><br \/>\n\t<strong>DETAYLI B\u0130LG\u0130 \u0130\u00c7\u0130N EK RES\u0130MLER\u0130 \u0130NCELEYEB\u0130L\u0130RS\u0130N\u0130Z. <img decoding=\"async\" height=\"100%\" width=\"100%\" src=\"https:\/\/hepsicdn.com.tr\/static\/product_detail\/hbnet551f5c67_4799001.webp\"><\/strong><\/p>\n","protected":false},"excerpt":{"rendered":"<p>\u00dcr\u00fcn \u00d6zellikleri :\u00a0 Renk : Resimdeki Renk S\u0130YAH birebir g\u00f6nderilir ve s\u00fcrpriz ya\u015famazs\u0131n\u0131z. Ne alacaks\u0131n\u0131z ? : 4 adet g\u00f6zl\u00fck kordunu (g\u00f6zl\u00fck \u00fcr\u00fcne dahil de\u011fildir) \u00d6l\u00e7\u00fcler : 60 cm &#8211; Ekran yan\u0131lmalar\u0131na kar\u015f\u0131 l\u00fctfen \u00f6l\u00e7\u00fcleri kar\u015f\u0131la\u015ft\u0131r\u0131n. GEN\u0130\u015e KULLANIM ALANI :Ta\u015f\u0131nabilir. inan\u0131lmaz esneklik, g\u00f6zl\u00fckler g\u00f6zl\u00fck kutusunda tutulurken m\u00fckemmel bir saklama sa\u011flar. Ofis \u00e7al\u0131\u015fanlar\u0131, Bal\u0131k tutma, yelkencilik,&#8230;<\/p>\n","protected":false},"featured_media":102389,"comment_status":"open","ping_status":"closed","template":"","meta":{"_kad_post_transparent":"","_kad_post_title":"","_kad_post_layout":"","_kad_post_sidebar_id":"","_kad_post_content_style":"","_kad_post_vertical_padding":"","_kad_post_feature":"","_kad_post_feature_position":"","_kad_post_header":false,"_kad_post_footer":false,"_kad_post_classname":""},"product_brand":[],"product_cat":[14342],"product_tag":[],"class_list":{"0":"post-102390","1":"product","2":"type-product","3":"status-publish","4":"has-post-thumbnail","6":"product_cat-gunes-gozlugu-aksesuar-kadin-gunes-gozlugu","8":"first","9":"instock","10":"purchasable","11":"product-type-simple","12":"entry","13":"content-bg","14":"loop-entry"},"_links":{"self":[{"href":"https:\/\/www.hediyepazar.com\/index.php?rest_route=\/wp\/v2\/product\/102390","targetHints":{"allow":["GET"]}}],"collection":[{"href":"https:\/\/www.hediyepazar.com\/index.php?rest_route=\/wp\/v2\/product"}],"about":[{"href":"https:\/\/www.hediyepazar.com\/index.php?rest_route=\/wp\/v2\/types\/product"}],"replies":[{"embeddable":true,"href":"https:\/\/www.hediyepazar.com\/index.php?rest_route=%2Fwp%2Fv2%2Fcomments&post=102390"}],"wp:featuredmedia":[{"embeddable":true,"href":"https:\/\/www.hediyepazar.com\/index.php?rest_route=\/wp\/v2\/media\/102389"}],"wp:attachment":[{"href":"https:\/\/www.hediyepazar.com\/index.php?rest_route=%2Fwp%2Fv2%2Fmedia&parent=102390"}],"wp:term":[{"taxonomy":"product_brand","embeddable":true,"href":"https:\/\/www.hediyepazar.com\/index.php?rest_route=%2Fwp%2Fv2%2Fproduct_brand&post=102390"},{"taxonomy":"product_cat","embeddable":true,"href":"https:\/\/www.hediyepazar.com\/index.php?rest_route=%2Fwp%2Fv2%2Fproduct_cat&post=102390"},{"taxonomy":"product_tag","embeddable":true,"href":"https:\/\/www.hediyepazar.com\/index.php?rest_route=%2Fwp%2Fv2%2Fproduct_tag&post=102390"}],"curies":[{"name":"wp","href":"https:\/\/api.w.org\/{rel}","templated":true}]}}