{"id":102392,"date":"2026-05-04T06:13:20","date_gmt":"2026-05-04T09:13:20","guid":{"rendered":"https:\/\/www.hediyepazar.com\/?product=turk-360-derece-tirnak-makasi-solingen-profesyonel"},"modified":"2026-05-04T06:13:20","modified_gmt":"2026-05-04T09:13:20","slug":"turk-360-derece-tirnak-makasi-solingen-profesyonel","status":"publish","type":"product","link":"https:\/\/www.hediyepazar.com\/?product=turk-360-derece-tirnak-makasi-solingen-profesyonel","title":{"rendered":"Turk 360 Derece T\u0131rnak Makas\u0131 Solingen Profesyonel"},"content":{"rendered":"<p>\t<strong>\u00dcr\u00fcn \u00d6zellikleri : <\/strong><\/p>\n<p>\t<strong>RENK : <\/strong> Turk\u00a0\u00a0<span style=\"color: rgb(1, 15, 38); font-family: Roboto, sans-serif; font-size: 13px;\">Solingen Profesyonel\u00a0<\/span>serisi olarak tasarlad\u0131\u011f\u0131m\u0131z bu \u00fcr\u00fcn\u00fc Renk\/tasar\u0131m\u0131 birebir g\u00f6re g\u00f6nderiyoruz. S\u00fcrpriz ya\u015famazs\u0131n\u0131z.<\/p>\n<p>\t<strong>MATERYAL : % 100 Paslanmaz \u00e7elik\u00a0<\/strong><\/p>\n<p>\t<strong>ADET : 1<\/strong><\/p>\n<p>\t<strong>\u00d6L\u00c7\u00dcLER : 9,8 cm<\/strong><\/p>\n<p>\t<strong>\u00d6NE \u00c7IKAN \u00d6ZELL\u0130K : 90 &#8211; 180 ve 360 derece hareket edebilen kafa tasar\u0131m\u0131\u00a0<\/strong><\/p>\n<p>\tT\u0131rnaklar\u0131n\u0131z\u0131 daha do\u011fal ve rahat a\u00e7\u0131lardan kesmeniz i\u00e7in ellerinizi yerine kafa k\u0131sm\u0131n\u0131 ayarlayarak t\u0131rnaklar\u0131n\u0131z\u0131 kesmeyi kolayla\u015ft\u0131ran benzersiz 360 derece d\u00f6nen kafa.<\/p>\n<p>\tUzun sap\u0131 sayesinde, t\u0131rnak\u00a0 kesmek i\u00e7in daha az g\u00fc\u00e7 kullan\u0131n.<\/p>\n<p>\t\u00c7ok keskindir ve kontrol sizdedir.\u00a0 \u00a0<\/p>\n<p>\t<strong>Ekran fark\u0131 nedeniyle, renk tonlar\u0131 %0,5 oran\u0131nda fark, Manuel \u00f6l\u00e7\u00fcm nedeniyle Milimetre fark olabilir. anlay\u0131\u015f g\u00f6stermenizi rica ederiz. <\/strong><\/p>\n<p>\tDETAYLI B\u0130LG\u0130 \u0130\u00c7\u0130N EK RES\u0130MLER\u0130 \u0130NCELEYEB\u0130L\u0130RS\u0130N\u0130Z.\t<\/p>\n<p>\t\u00a0<\/p>\n","protected":false},"excerpt":{"rendered":"<p>\u00dcr\u00fcn \u00d6zellikleri : RENK : Turk\u00a0\u00a0Solingen Profesyonel\u00a0serisi olarak tasarlad\u0131\u011f\u0131m\u0131z bu \u00fcr\u00fcn\u00fc Renk\/tasar\u0131m\u0131 birebir g\u00f6re g\u00f6nderiyoruz. S\u00fcrpriz ya\u015famazs\u0131n\u0131z. MATERYAL : % 100 Paslanmaz \u00e7elik\u00a0 ADET : 1 \u00d6L\u00c7\u00dcLER : 9,8 cm \u00d6NE \u00c7IKAN \u00d6ZELL\u0130K : 90 &#8211; 180 ve 360 derece hareket edebilen kafa tasar\u0131m\u0131\u00a0 T\u0131rnaklar\u0131n\u0131z\u0131 daha do\u011fal ve rahat a\u00e7\u0131lardan kesmeniz i\u00e7in ellerinizi yerine kafa&#8230;<\/p>\n","protected":false},"featured_media":102391,"comment_status":"open","ping_status":"closed","template":"","meta":{"_kad_post_transparent":"","_kad_post_title":"","_kad_post_layout":"","_kad_post_sidebar_id":"","_kad_post_content_style":"","_kad_post_vertical_padding":"","_kad_post_feature":"","_kad_post_feature_position":"","_kad_post_header":false,"_kad_post_footer":false,"_kad_post_classname":""},"product_brand":[],"product_cat":[14207],"product_tag":[],"class_list":{"0":"post-102392","1":"product","2":"type-product","3":"status-publish","4":"has-post-thumbnail","6":"product_cat-el-tirnak-bakim-ve-aksesuarlar-kisisel-bakim-aletleri-elektronik-el-tirnak-bakim-ve-aksesuarlar","8":"first","9":"instock","10":"purchasable","11":"product-type-simple","12":"entry","13":"content-bg","14":"loop-entry"},"_links":{"self":[{"href":"https:\/\/www.hediyepazar.com\/index.php?rest_route=\/wp\/v2\/product\/102392","targetHints":{"allow":["GET"]}}],"collection":[{"href":"https:\/\/www.hediyepazar.com\/index.php?rest_route=\/wp\/v2\/product"}],"about":[{"href":"https:\/\/www.hediyepazar.com\/index.php?rest_route=\/wp\/v2\/types\/product"}],"replies":[{"embeddable":true,"href":"https:\/\/www.hediyepazar.com\/index.php?rest_route=%2Fwp%2Fv2%2Fcomments&post=102392"}],"wp:featuredmedia":[{"embeddable":true,"href":"https:\/\/www.hediyepazar.com\/index.php?rest_route=\/wp\/v2\/media\/102391"}],"wp:attachment":[{"href":"https:\/\/www.hediyepazar.com\/index.php?rest_route=%2Fwp%2Fv2%2Fmedia&parent=102392"}],"wp:term":[{"taxonomy":"product_brand","embeddable":true,"href":"https:\/\/www.hediyepazar.com\/index.php?rest_route=%2Fwp%2Fv2%2Fproduct_brand&post=102392"},{"taxonomy":"product_cat","embeddable":true,"href":"https:\/\/www.hediyepazar.com\/index.php?rest_route=%2Fwp%2Fv2%2Fproduct_cat&post=102392"},{"taxonomy":"product_tag","embeddable":true,"href":"https:\/\/www.hediyepazar.com\/index.php?rest_route=%2Fwp%2Fv2%2Fproduct_tag&post=102392"}],"curies":[{"name":"wp","href":"https:\/\/api.w.org\/{rel}","templated":true}]}}