{"id":102394,"date":"2026-05-04T06:14:41","date_gmt":"2026-05-04T09:14:41","guid":{"rendered":"https:\/\/www.hediyepazar.com\/?product=turk-profesyonel-kuafor-sac-makyaj-egitim-basligi"},"modified":"2026-05-04T06:14:41","modified_gmt":"2026-05-04T09:14:41","slug":"turk-profesyonel-kuafor-sac-makyaj-egitim-basligi","status":"publish","type":"product","link":"https:\/\/www.hediyepazar.com\/?product=turk-profesyonel-kuafor-sac-makyaj-egitim-basligi","title":{"rendered":"Turk Profesyonel Kuaf\u00f6r Sa\u00e7 Makyaj E\u011fitim Ba\u015fl\u0131\u011f\u0131"},"content":{"rendered":"<p><strong>\u00dcr\u00fcn \u00d6zellikleri : <\/strong><\/p>\n<p><strong>RENK : <\/strong> Turk GOLD sa\u00e7 rengi\/ tasar\u0131m\u0131  birebir g\u00f6re g\u00f6nderiyoruz. S\u00fcrpriz ya\u015famazs\u0131n\u0131z. <\/p>\n<p><strong>ADET : 1 <\/strong>   <\/p>\n<p>Y\u00dcKSEK KAL\u0130TE : Kuaf\u00f6r ba\u015fl\u0131\u011f\u0131 %100 POLYESTER \u2018den  yap\u0131lm\u0131\u015ft\u0131r. Farkl\u0131 sa\u00e7 modelleri yapmay\u0131 kolayla\u015ft\u0131r\u0131r.<br \/>PROFESYONEL : Y\u0131kama ve yumu\u015fatma, kesme, k\u0131v\u0131rma ve d\u00fczle\u015ftirme, a\u011fartma ve boyama, \u00f6rg\u00fc ve sa\u00e7 \u015fekillendirme i\u00e7in ideal bir se\u00e7imdir. G\u00fczellik okulu ve salon e\u011fitimi i\u00e7in m\u00fckemmeldir. Kuaf\u00f6rler, kuaf\u00f6rler ve kozmetik okulu \u00f6\u011frencileri taraf\u0131ndan kullan\u0131labilir.<br \/>MANKEN KAFASI + TUTUCU  Masaya\/s\u0131raya takmak i\u00e7in braket ile birlikte gelir. Partiler ve \u00f6nemli t\u00f6renler i\u00e7in farkl\u0131 sa\u00e7 modellerinin yan\u0131 s\u0131ra kuyruk ve \u00f6rg\u00fcler gibi \u00e7e\u015fitli stiller olu\u015fturabilirsiniz.<br \/>HED\u0130YE DE OLAB\u0130L\u0130R : Sa\u00e7 modeli ba\u015fl\u0131\u011f\u0131, farkl\u0131 stiller yapmay\u0131 seven k\u00fc\u00e7\u00fck \u00e7ocuklar i\u00e7in m\u00fckemmel bir hediyedir. Bo\u015f zamanlar\u0131nda, \u00e7ocuklar\u0131n\u0131zla yapaca\u011f\u0131n\u0131z sa\u00e7 modelleri, pratik sa\u00e7 stilini te\u015fvik edecek ve k\u00fc\u00e7\u00fck \u00e7ocuklar\u0131n\u0131z\u0131n hayal g\u00fcc\u00fcn\u00fc geli\u015ftirecektir. \u0130nsan sa\u00e7\u0131 kuaf\u00f6r ba\u015fl\u0131\u011f\u0131, ailelerle harika vakit ge\u00e7irmek i\u00e7in ideal bir oyuncakt\u0131r. <br \/><strong>  Ekran fark\u0131 nedeniyle, renk tonlar\u0131 %0,5 oran\u0131nda fark, Manuel \u00f6l\u00e7\u00fcm nedeniyle Milimetre fark olabilir. anlay\u0131\u015f g\u00f6stermenizi rica ederiz. <\/strong>  <\/p>\n<p>DETAYLI B\u0130LG\u0130 \u0130\u00c7\u0130N EK RES\u0130MLER\u0130 \u0130NCELEYEB\u0130L\u0130RS\u0130N\u0130Z. <\/li><\/p>\n","protected":false},"excerpt":{"rendered":"<p>\u00dcr\u00fcn \u00d6zellikleri : RENK : Turk GOLD sa\u00e7 rengi\/ tasar\u0131m\u0131 birebir g\u00f6re g\u00f6nderiyoruz. S\u00fcrpriz ya\u015famazs\u0131n\u0131z. ADET : 1 Y\u00dcKSEK KAL\u0130TE : Kuaf\u00f6r ba\u015fl\u0131\u011f\u0131 %100 POLYESTER \u2018den yap\u0131lm\u0131\u015ft\u0131r. Farkl\u0131 sa\u00e7 modelleri yapmay\u0131 kolayla\u015ft\u0131r\u0131r.PROFESYONEL : Y\u0131kama ve yumu\u015fatma, kesme, k\u0131v\u0131rma ve d\u00fczle\u015ftirme, a\u011fartma ve boyama, \u00f6rg\u00fc ve sa\u00e7 \u015fekillendirme i\u00e7in ideal bir se\u00e7imdir. G\u00fczellik okulu ve salon&#8230;<\/p>\n","protected":false},"featured_media":0,"comment_status":"open","ping_status":"closed","template":"","meta":{"_kad_post_transparent":"","_kad_post_title":"","_kad_post_layout":"","_kad_post_sidebar_id":"","_kad_post_content_style":"","_kad_post_vertical_padding":"","_kad_post_feature":"","_kad_post_feature_position":"","_kad_post_header":false,"_kad_post_footer":false,"_kad_post_classname":""},"product_brand":[],"product_cat":[14227],"product_tag":[],"class_list":{"0":"post-102394","1":"product","2":"type-product","3":"status-publish","5":"product_cat-kuafor-urunleri-erkek-kuafor-kuafor-urunleri","7":"first","8":"instock","9":"purchasable","10":"product-type-simple","11":"entry","12":"content-bg","13":"loop-entry"},"_links":{"self":[{"href":"https:\/\/www.hediyepazar.com\/index.php?rest_route=\/wp\/v2\/product\/102394","targetHints":{"allow":["GET"]}}],"collection":[{"href":"https:\/\/www.hediyepazar.com\/index.php?rest_route=\/wp\/v2\/product"}],"about":[{"href":"https:\/\/www.hediyepazar.com\/index.php?rest_route=\/wp\/v2\/types\/product"}],"replies":[{"embeddable":true,"href":"https:\/\/www.hediyepazar.com\/index.php?rest_route=%2Fwp%2Fv2%2Fcomments&post=102394"}],"wp:attachment":[{"href":"https:\/\/www.hediyepazar.com\/index.php?rest_route=%2Fwp%2Fv2%2Fmedia&parent=102394"}],"wp:term":[{"taxonomy":"product_brand","embeddable":true,"href":"https:\/\/www.hediyepazar.com\/index.php?rest_route=%2Fwp%2Fv2%2Fproduct_brand&post=102394"},{"taxonomy":"product_cat","embeddable":true,"href":"https:\/\/www.hediyepazar.com\/index.php?rest_route=%2Fwp%2Fv2%2Fproduct_cat&post=102394"},{"taxonomy":"product_tag","embeddable":true,"href":"https:\/\/www.hediyepazar.com\/index.php?rest_route=%2Fwp%2Fv2%2Fproduct_tag&post=102394"}],"curies":[{"name":"wp","href":"https:\/\/api.w.org\/{rel}","templated":true}]}}