{"id":102397,"date":"2026-05-04T06:15:25","date_gmt":"2026-05-04T09:15:25","guid":{"rendered":"https:\/\/www.hediyepazar.com\/?product=turk-tonela-kiraz-zeytin-cekirdegi-cikarici"},"modified":"2026-05-04T06:15:25","modified_gmt":"2026-05-04T09:15:25","slug":"turk-tonela-kiraz-zeytin-cekirdegi-cikarici","status":"publish","type":"product","link":"https:\/\/www.hediyepazar.com\/?product=turk-tonela-kiraz-zeytin-cekirdegi-cikarici","title":{"rendered":"Turk Tonela Kiraz Zeytin \u00c7ekirde\u011fi \u00c7\u0131kar\u0131c\u0131"},"content":{"rendered":"<p>\n\t<strong>\u00dcr\u00fcn \u00d6zellikleri : <\/strong><\/p>\n<p>\t<strong>RENK : <\/strong> HSNET Tonela serisi olarak tasarlad\u0131\u011f\u0131m\u0131z bu \u00fcr\u00fcn\u00fc Renk\/tasar\u0131m\u0131 birebir g\u00f6re g\u00f6nderiyoruz. S\u00fcrpriz ya\u015famazs\u0131n\u0131z.<\/p>\n<p>\t<strong>MATERYAL : Pres D\u00f6k\u00fcm <\/strong><\/p>\n<p>\t<strong>ADET : 1<\/strong><\/p>\n<p>\t<strong>\u00d6L\u00c7\u00dcLER : 18 cm <\/strong><\/p>\n<p>\t<strong>GEN\u0130\u015e KULLANIM ALANI : Kirazlar, zeytinler, Hurma, al\u0131\u00e7 vb. i\u00e7in m\u00fckemmel \u015fekillendirme arac\u0131. Ev, ofis, okul, seyahat kullan\u0131m\u0131 ve \u00e7ok daha fazlas\u0131 i\u00e7in uygundur <\/strong><\/p>\n<p>\t<strong>KULLANIMI KOLAY :<\/strong> Sap\u0131 \u00e7\u0131karman\u0131z, zeytinleri ve kirazlar\u0131 koyman\u0131z ve sap\u0131n oldu\u011fu yeri z\u0131mba \u00e7ubu\u011fuyla hizalay\u0131p s\u0131kman\u0131z yeterli. \u00c7ocuklar i\u00e7in de kullan\u0131m\u0131 kolay<\/p>\n<p>\n\t<strong>KOLAY TEM\u0130ZL\u0130K : <\/strong>Tamamen bula\u015f\u0131k makinesinde y\u0131kanabilir, bu nedenle temizlik her zaman h\u0131zl\u0131d\u0131r. Muslu\u011fun alt\u0131nda da durulanabilir, mutfa\u011f\u0131n\u0131z\u0131 temiz tutun<\/p>\n<p>\n\t<strong>TA\u015eIMASI SAKLAMASI KOLAY: : <\/strong>Sap\u0131n tutulmas\u0131 ve kavranmas\u0131 kolayd\u0131r.<\/p>\n<p>\n\t<strong>DAYANIKLI VE G\u00dcVENL\u0130 : <\/strong>G\u00fcvenlik ve ekstra dayan\u0131kl\u0131l\u0131k sa\u011flamak i\u00e7in y\u00fcksek kaliteli PRES D\u00d6K\u00dcM malzemeden yap\u0131lm\u0131\u015ft\u0131<\/p>\n","protected":false},"excerpt":{"rendered":"<p>\u00dcr\u00fcn \u00d6zellikleri : RENK : HSNET Tonela serisi olarak tasarlad\u0131\u011f\u0131m\u0131z bu \u00fcr\u00fcn\u00fc Renk\/tasar\u0131m\u0131 birebir g\u00f6re g\u00f6nderiyoruz. S\u00fcrpriz ya\u015famazs\u0131n\u0131z. MATERYAL : Pres D\u00f6k\u00fcm ADET : 1 \u00d6L\u00c7\u00dcLER : 18 cm GEN\u0130\u015e KULLANIM ALANI : Kirazlar, zeytinler, Hurma, al\u0131\u00e7 vb. i\u00e7in m\u00fckemmel \u015fekillendirme arac\u0131. Ev, ofis, okul, seyahat kullan\u0131m\u0131 ve \u00e7ok daha fazlas\u0131 i\u00e7in uygundur KULLANIMI KOLAY&#8230;<\/p>\n","protected":false},"featured_media":102396,"comment_status":"open","ping_status":"closed","template":"","meta":{"_kad_post_transparent":"","_kad_post_title":"","_kad_post_layout":"","_kad_post_sidebar_id":"","_kad_post_content_style":"","_kad_post_vertical_padding":"","_kad_post_feature":"","_kad_post_feature_position":"","_kad_post_header":false,"_kad_post_footer":false,"_kad_post_classname":""},"product_brand":[],"product_cat":[7826],"product_tag":[],"class_list":{"0":"post-102397","1":"product","2":"type-product","3":"status-publish","4":"has-post-thumbnail","6":"product_cat-endustriyel-mutfak-ekipmanlari-sofra-sofra-mutfak-ev-yasam-endustriyel-mutfak-ekipmanlari","8":"first","9":"instock","10":"purchasable","11":"product-type-simple","12":"entry","13":"content-bg","14":"loop-entry"},"_links":{"self":[{"href":"https:\/\/www.hediyepazar.com\/index.php?rest_route=\/wp\/v2\/product\/102397","targetHints":{"allow":["GET"]}}],"collection":[{"href":"https:\/\/www.hediyepazar.com\/index.php?rest_route=\/wp\/v2\/product"}],"about":[{"href":"https:\/\/www.hediyepazar.com\/index.php?rest_route=\/wp\/v2\/types\/product"}],"replies":[{"embeddable":true,"href":"https:\/\/www.hediyepazar.com\/index.php?rest_route=%2Fwp%2Fv2%2Fcomments&post=102397"}],"wp:featuredmedia":[{"embeddable":true,"href":"https:\/\/www.hediyepazar.com\/index.php?rest_route=\/wp\/v2\/media\/102396"}],"wp:attachment":[{"href":"https:\/\/www.hediyepazar.com\/index.php?rest_route=%2Fwp%2Fv2%2Fmedia&parent=102397"}],"wp:term":[{"taxonomy":"product_brand","embeddable":true,"href":"https:\/\/www.hediyepazar.com\/index.php?rest_route=%2Fwp%2Fv2%2Fproduct_brand&post=102397"},{"taxonomy":"product_cat","embeddable":true,"href":"https:\/\/www.hediyepazar.com\/index.php?rest_route=%2Fwp%2Fv2%2Fproduct_cat&post=102397"},{"taxonomy":"product_tag","embeddable":true,"href":"https:\/\/www.hediyepazar.com\/index.php?rest_route=%2Fwp%2Fv2%2Fproduct_tag&post=102397"}],"curies":[{"name":"wp","href":"https:\/\/api.w.org\/{rel}","templated":true}]}}