{"id":102401,"date":"2026-05-04T06:16:11","date_gmt":"2026-05-04T09:16:11","guid":{"rendered":"https:\/\/www.hediyepazar.com\/?product=turk-rapira-20-adet-celik-tiras-jileti"},"modified":"2026-05-04T06:16:11","modified_gmt":"2026-05-04T09:16:11","slug":"turk-rapira-20-adet-celik-tiras-jileti","status":"publish","type":"product","link":"https:\/\/www.hediyepazar.com\/?product=turk-rapira-20-adet-celik-tiras-jileti","title":{"rendered":"Turk Rapira 20 Adet \u00c7elik T\u0131ra\u015f Jileti"},"content":{"rendered":"<p>\n\t<strong>\u00dcr\u00fcn \u00d6zellikleri : <\/strong><br \/>\n\t\u00a0<\/p>\n<p>\n\t<strong>Materyal : Paslanmaz \u00c7elik <\/strong><\/p>\n<p>\n\t<strong>Adet : 20 (10 luk kutularda x 2 paket) <\/strong><\/p>\n<p>\tManuel t\u0131ra\u015f b\u0131\u00e7aklar\u0131, ustura gibi aletlerde kullan\u0131labilen yaprak model jilettir.<\/p>\n","protected":false},"excerpt":{"rendered":"<p>\u00dcr\u00fcn \u00d6zellikleri : \u00a0 Materyal : Paslanmaz \u00c7elik Adet : 20 (10 luk kutularda x 2 paket) Manuel t\u0131ra\u015f b\u0131\u00e7aklar\u0131, ustura gibi aletlerde kullan\u0131labilen yaprak model jilettir.<\/p>\n","protected":false},"featured_media":102400,"comment_status":"open","ping_status":"closed","template":"","meta":{"_kad_post_transparent":"","_kad_post_title":"","_kad_post_layout":"","_kad_post_sidebar_id":"","_kad_post_content_style":"","_kad_post_vertical_padding":"","_kad_post_feature":"","_kad_post_feature_position":"","_kad_post_header":false,"_kad_post_footer":false,"_kad_post_classname":""},"product_brand":[],"product_cat":[14227],"product_tag":[],"class_list":{"0":"post-102401","1":"product","2":"type-product","3":"status-publish","4":"has-post-thumbnail","6":"product_cat-kuafor-urunleri-erkek-kuafor-kuafor-urunleri","8":"first","9":"instock","10":"purchasable","11":"product-type-simple","12":"entry","13":"content-bg","14":"loop-entry"},"_links":{"self":[{"href":"https:\/\/www.hediyepazar.com\/index.php?rest_route=\/wp\/v2\/product\/102401","targetHints":{"allow":["GET"]}}],"collection":[{"href":"https:\/\/www.hediyepazar.com\/index.php?rest_route=\/wp\/v2\/product"}],"about":[{"href":"https:\/\/www.hediyepazar.com\/index.php?rest_route=\/wp\/v2\/types\/product"}],"replies":[{"embeddable":true,"href":"https:\/\/www.hediyepazar.com\/index.php?rest_route=%2Fwp%2Fv2%2Fcomments&post=102401"}],"wp:featuredmedia":[{"embeddable":true,"href":"https:\/\/www.hediyepazar.com\/index.php?rest_route=\/wp\/v2\/media\/102400"}],"wp:attachment":[{"href":"https:\/\/www.hediyepazar.com\/index.php?rest_route=%2Fwp%2Fv2%2Fmedia&parent=102401"}],"wp:term":[{"taxonomy":"product_brand","embeddable":true,"href":"https:\/\/www.hediyepazar.com\/index.php?rest_route=%2Fwp%2Fv2%2Fproduct_brand&post=102401"},{"taxonomy":"product_cat","embeddable":true,"href":"https:\/\/www.hediyepazar.com\/index.php?rest_route=%2Fwp%2Fv2%2Fproduct_cat&post=102401"},{"taxonomy":"product_tag","embeddable":true,"href":"https:\/\/www.hediyepazar.com\/index.php?rest_route=%2Fwp%2Fv2%2Fproduct_tag&post=102401"}],"curies":[{"name":"wp","href":"https:\/\/api.w.org\/{rel}","templated":true}]}}