{"id":102404,"date":"2026-05-04T06:18:16","date_gmt":"2026-05-04T09:18:16","guid":{"rendered":"https:\/\/www.hediyepazar.com\/?product=turk-koseli-kesim-panosu-latte-kesim-tahtasi-jaakko-design-2"},"modified":"2026-05-04T06:18:16","modified_gmt":"2026-05-04T09:18:16","slug":"turk-koseli-kesim-panosu-latte-kesim-tahtasi-jaakko-design-2","status":"publish","type":"product","link":"https:\/\/www.hediyepazar.com\/?product=turk-koseli-kesim-panosu-latte-kesim-tahtasi-jaakko-design-2","title":{"rendered":"Turk K\u00f6\u015feli Kesim Panosu LATTE Kesim Tahtas\u0131 Jaakko Design"},"content":{"rendered":"<p>\n\t<strong>\u00dcr\u00fcn \u00d6zellikleri : HSNET\u00a0<\/strong><span style=\"color: rgb(1, 15, 38); font-family: Roboto, sans-serif; font-size: 13px;\">Jaakko Design<\/span><strong>\u00a0olarak tasarlad\u0131\u011f\u0131m\u0131z, resimde yer alan LATTE RENG\u0130 , s\u00fcrpriz ya\u015famaman\u0131z i\u00e7in birebir g\u00f6nderiyoruz . Detay resimdeki renkler \u00f6rnektir.<\/strong><\/p>\n<p>\n\t<strong>Materyal : Akrilik Plastik\u00a0<\/strong><\/p>\n<p>\t<strong>AKSESUARLAR \u00dcR\u00dcNE DAH\u0130L DE\u011e\u0130LD\u0130R. <\/strong><\/p>\n<p>\t<strong>\u00d6l\u00e7\u00fcler (bir cep telefonu ortalama 16 cm dir. K\u0131yaslaman\u0131z i\u00e7in kolayl\u0131k de\u011fil mi ? ) :\u00a0<\/strong><strong>1 Adet , 23.5 x 30 cm \u00f6l\u00e7\u00fclerinde<\/strong><\/p>\n<p>\t2 y\u00fczeyi de kullan\u0131labilir tasar\u0131m<\/p>\n<div>\n\t\u00dcst\u00fcn Dayan\u0131kl\u0131l\u0131k ve Denge: L K\u00f6\u015feli akrilik kesme tahtas\u0131, e\u011filmeye kar\u015f\u0131 dayan\u0131kl\u0131 olacak \u015fekilde 5 mm kal\u0131nl\u0131\u011f\u0131nda tasarlanm\u0131\u015ft\u0131r ve uzun \u00f6m\u00fcrl\u00fc d\u00fcz bir y\u00fczey sa\u011flar. B\u00fcy\u00fck bir plastik kesme tahtas\u0131 olarak ideal olan sa\u011flam yap\u0131s\u0131, onu mutfak i\u00e7in g\u00fcvenilir bir plastik kesme tahtas\u0131 yapar.<\/div>\n<p>\n\t<br \/>\n\tBenzersiz Tezgah K\u00f6\u015fesine uyumluluk: L Tasar\u0131m\u0131 bu akrilik kesme tahtas\u0131, yenilik\u00e7i 1.5 cm lik tezgah dudak tasar\u0131m\u0131yla \u00f6ne \u00e7\u0131k\u0131yor. Bu \u00f6zellik \u00e7ekmecelere kolay eri\u015fim sa\u011flayarak onu mutfak koleksiyonunuz i\u00e7in plastik kesme tahtalar\u0131n\u0131za kullan\u0131\u015fl\u0131 bir ek haline getiriyor.<\/p>\n<p>\tG\u00fcvenli ve Rahat Kullan\u0131m: Stili g\u00fcvenlikle birle\u015ftiren, k\u00fc\u00e7\u00fck plastik bir kesme tahtas\u0131na ihtiya\u00e7 duyanlar da dahil olmak \u00fczere her mutfa\u011fa uygun m\u00fckemmel bir akrilik \u015feffaf kesme tahtas\u0131d\u0131r.<\/p>\n<p>\tKolay Temizlenir: Tezgah i\u00e7in akrilik kesme tahtas\u0131 olarak g\u00f6zeneksiz malzemeden yap\u0131lm\u0131\u015ft\u0131r, koku emilimini ve bakteri olu\u015fumunu \u00f6nler. Bu hijyenik plastik kesme tahtas\u0131 mat\u0131 temizlemesi kolayd\u0131r, kesme y\u00fczeyinizi temiz tutar ve kullan\u0131ma haz\u0131r hale getirir.<\/p>\n<p>\n\t<strong>M\u00dcKEMMEL SATI\u015e SONRASI H\u0130ZMET : <\/strong>Bu \u00fcr\u00fcne daha avantajl\u0131 sahip olabilmeniz i\u00e7in ma\u011fazam\u0131z\u0131 ziyaret ederek, kampanyalar\u0131 inceleyebilirsiniz. HSNET \/ HSNET olarak m\u00fc\u015fterilerimize en iyi hizmeti sunmay\u0131 ama\u00e7l\u0131yor, g\u00fcvenle sat\u0131n alabilmeniz i\u00e7in, ambalaj kalitemize g\u00fcveniyor, her \u00fcr\u00fcn sorunsuz teslimat i\u00e7in \u00f6zenle paketliyor ve resimde belirtilen renk, ebat, \u00f6zelikte \u00fcr\u00fcn g\u00f6ndermeyi taahh\u00fct ediyoruz. Hasarl\u0131 \u00fcr\u00fcn ald\u0131ysan\u0131z veya di\u011fer \u00fcr\u00fcn ve paket teslimat sorunlar\u0131 oldu\u011funda bizimle ileti\u015fime ge\u00e7mekten \u00e7ekinmeyin.<\/p>\n<p>\n\t<strong>Detayl\u0131 bilgi i\u00e7in ek resimleri inceleyebilirsiniz<\/strong><\/p>\n<p><\/p>\n<p>\n\t<strong><img decoding=\"async\"  src=\"https:\/\/hepsicdn.com.tr\/static\/product_detail\/hbnet2e83fcf6_4801701.jpg\"><\/strong><\/p>\n<p>\n\t\u00a0<\/p>\n","protected":false},"excerpt":{"rendered":"<p>\u00dcr\u00fcn \u00d6zellikleri : HSNET\u00a0Jaakko Design\u00a0olarak tasarlad\u0131\u011f\u0131m\u0131z, resimde yer alan LATTE RENG\u0130 , s\u00fcrpriz ya\u015famaman\u0131z i\u00e7in birebir g\u00f6nderiyoruz . Detay resimdeki renkler \u00f6rnektir. Materyal : Akrilik Plastik\u00a0 AKSESUARLAR \u00dcR\u00dcNE DAH\u0130L DE\u011e\u0130LD\u0130R. \u00d6l\u00e7\u00fcler (bir cep telefonu ortalama 16 cm dir. K\u0131yaslaman\u0131z i\u00e7in kolayl\u0131k de\u011fil mi ? ) :\u00a01 Adet , 23.5 x 30 cm \u00f6l\u00e7\u00fclerinde 2 y\u00fczeyi&#8230;<\/p>\n","protected":false},"featured_media":0,"comment_status":"open","ping_status":"closed","template":"","meta":{"_kad_post_transparent":"","_kad_post_title":"","_kad_post_layout":"","_kad_post_sidebar_id":"","_kad_post_content_style":"","_kad_post_vertical_padding":"","_kad_post_feature":"","_kad_post_feature_position":"","_kad_post_header":false,"_kad_post_footer":false,"_kad_post_classname":""},"product_brand":[],"product_cat":[14151],"product_tag":[],"class_list":{"0":"post-102404","1":"product","2":"type-product","3":"status-publish","5":"product_cat-kesme-tahtasi-yemek-hazirlik-sofra-mutfak-ev-yasam-kesme-tahtasi","7":"first","8":"instock","9":"purchasable","10":"product-type-simple","11":"entry","12":"content-bg","13":"loop-entry"},"_links":{"self":[{"href":"https:\/\/www.hediyepazar.com\/index.php?rest_route=\/wp\/v2\/product\/102404","targetHints":{"allow":["GET"]}}],"collection":[{"href":"https:\/\/www.hediyepazar.com\/index.php?rest_route=\/wp\/v2\/product"}],"about":[{"href":"https:\/\/www.hediyepazar.com\/index.php?rest_route=\/wp\/v2\/types\/product"}],"replies":[{"embeddable":true,"href":"https:\/\/www.hediyepazar.com\/index.php?rest_route=%2Fwp%2Fv2%2Fcomments&post=102404"}],"wp:attachment":[{"href":"https:\/\/www.hediyepazar.com\/index.php?rest_route=%2Fwp%2Fv2%2Fmedia&parent=102404"}],"wp:term":[{"taxonomy":"product_brand","embeddable":true,"href":"https:\/\/www.hediyepazar.com\/index.php?rest_route=%2Fwp%2Fv2%2Fproduct_brand&post=102404"},{"taxonomy":"product_cat","embeddable":true,"href":"https:\/\/www.hediyepazar.com\/index.php?rest_route=%2Fwp%2Fv2%2Fproduct_cat&post=102404"},{"taxonomy":"product_tag","embeddable":true,"href":"https:\/\/www.hediyepazar.com\/index.php?rest_route=%2Fwp%2Fv2%2Fproduct_tag&post=102404"}],"curies":[{"name":"wp","href":"https:\/\/api.w.org\/{rel}","templated":true}]}}