{"id":102406,"date":"2026-05-04T06:18:59","date_gmt":"2026-05-04T09:18:59","guid":{"rendered":"https:\/\/www.hediyepazar.com\/?product=turk-parmak-yumusatma-manikur-kasesi"},"modified":"2026-05-04T06:18:59","modified_gmt":"2026-05-04T09:18:59","slug":"turk-parmak-yumusatma-manikur-kasesi","status":"publish","type":"product","link":"https:\/\/www.hediyepazar.com\/?product=turk-parmak-yumusatma-manikur-kasesi","title":{"rendered":"Turk Parmak Yumu\u015fatma Manik\u00fcr Kasesi"},"content":{"rendered":"<p>\n\t<strong>\u00dcr\u00fcn \u00d6zellikleri : <\/strong><\/p>\n<p>\n\t<strong>Materyal : PVC Plastik<\/strong><\/p>\n<p>\n\t<strong>Adet : 1<\/strong><\/p>\n<p>\n\t<strong>\u00d6l\u00e7\u00fcler : 14 x 7 cm <\/strong><\/p>\n<p>\n\t<strong>PRAT\u0130K TASARIM : <\/strong>Oluk tasar\u0131m\u0131, el \u015fekline uyum sa\u011flar, b\u00f6ylece be\u015f t\u0131rna\u011f\u0131n\u0131z uygun \u015fekilde yerle\u015ftirilir ve kullan\u0131m\u0131 kolayd\u0131r.<\/p>\n<p>\n\t<strong>SICAKLI\u011eI TUTAN TASARIM : <\/strong>Eller yerle\u015ftirildikten sonra do\u011fal olarak kapal\u0131 bir alan olu\u015fturabilir. K\u0131\u015f\u0131n, yumu\u015fatma etkisini artt\u0131rmak i\u00e7in su s\u0131cakl\u0131\u011f\u0131 uzun s\u00fcre korunabilir.<\/p>\n<p>\n\t<strong>Y\u00dcKSEK KAL\u0130TEL\u0130 MALZEME : <\/strong>Y\u00fcksek kaliteli PVC malzemelerden yap\u0131lm\u0131\u015ft\u0131r, tek par\u00e7a kal\u0131plama, ek bo\u015flu\u011fu yok, su s\u0131z\u0131nt\u0131s\u0131 endi\u015fesi yok, dayan\u0131kl\u0131 ve y\u00fcksek s\u0131cakl\u0131klarda deforme olmaz.<\/p>\n<p>\n\tKOLAY TEM\u0130ZL\u0130K : Kapa\u011f\u0131 ve taban kapa\u011f\u0131, i\u00e7 temizli\u011fini kolayla\u015ft\u0131rmak i\u00e7in kolayca ayr\u0131labilir.<\/p>\n<p>\n\t<strong>K\u00dc\u00c7\u00dcK VE KULLANI\u015eLI :<\/strong> Evde manik\u00fcr, oje \u00e7\u0131karma vb gereksinimlerini kar\u015f\u0131layan b\u00fcy\u00fck bir kapasiteye sahiptir.<\/p>\n<p><strong>  Ekran fark\u0131 nedeniyle, renk tonlar\u0131 %0,5 oran\u0131nda fark, Manuel \u00f6l\u00e7\u00fcm nedeniyle Milimetre fark olabilir. anlay\u0131\u015f g\u00f6stermenizi rica ederiz. <\/strong>  <\/p>\n","protected":false},"excerpt":{"rendered":"<p>\u00dcr\u00fcn \u00d6zellikleri : Materyal : PVC Plastik Adet : 1 \u00d6l\u00e7\u00fcler : 14 x 7 cm PRAT\u0130K TASARIM : Oluk tasar\u0131m\u0131, el \u015fekline uyum sa\u011flar, b\u00f6ylece be\u015f t\u0131rna\u011f\u0131n\u0131z uygun \u015fekilde yerle\u015ftirilir ve kullan\u0131m\u0131 kolayd\u0131r. SICAKLI\u011eI TUTAN TASARIM : Eller yerle\u015ftirildikten sonra do\u011fal olarak kapal\u0131 bir alan olu\u015fturabilir. K\u0131\u015f\u0131n, yumu\u015fatma etkisini artt\u0131rmak i\u00e7in su s\u0131cakl\u0131\u011f\u0131 uzun&#8230;<\/p>\n","protected":false},"featured_media":102405,"comment_status":"open","ping_status":"closed","template":"","meta":{"_kad_post_transparent":"","_kad_post_title":"","_kad_post_layout":"","_kad_post_sidebar_id":"","_kad_post_content_style":"","_kad_post_vertical_padding":"","_kad_post_feature":"","_kad_post_feature_position":"","_kad_post_header":false,"_kad_post_footer":false,"_kad_post_classname":""},"product_brand":[],"product_cat":[14207],"product_tag":[],"class_list":{"0":"post-102406","1":"product","2":"type-product","3":"status-publish","4":"has-post-thumbnail","6":"product_cat-el-tirnak-bakim-ve-aksesuarlar-kisisel-bakim-aletleri-elektronik-el-tirnak-bakim-ve-aksesuarlar","8":"first","9":"instock","10":"purchasable","11":"product-type-simple","12":"entry","13":"content-bg","14":"loop-entry"},"_links":{"self":[{"href":"https:\/\/www.hediyepazar.com\/index.php?rest_route=\/wp\/v2\/product\/102406","targetHints":{"allow":["GET"]}}],"collection":[{"href":"https:\/\/www.hediyepazar.com\/index.php?rest_route=\/wp\/v2\/product"}],"about":[{"href":"https:\/\/www.hediyepazar.com\/index.php?rest_route=\/wp\/v2\/types\/product"}],"replies":[{"embeddable":true,"href":"https:\/\/www.hediyepazar.com\/index.php?rest_route=%2Fwp%2Fv2%2Fcomments&post=102406"}],"wp:featuredmedia":[{"embeddable":true,"href":"https:\/\/www.hediyepazar.com\/index.php?rest_route=\/wp\/v2\/media\/102405"}],"wp:attachment":[{"href":"https:\/\/www.hediyepazar.com\/index.php?rest_route=%2Fwp%2Fv2%2Fmedia&parent=102406"}],"wp:term":[{"taxonomy":"product_brand","embeddable":true,"href":"https:\/\/www.hediyepazar.com\/index.php?rest_route=%2Fwp%2Fv2%2Fproduct_brand&post=102406"},{"taxonomy":"product_cat","embeddable":true,"href":"https:\/\/www.hediyepazar.com\/index.php?rest_route=%2Fwp%2Fv2%2Fproduct_cat&post=102406"},{"taxonomy":"product_tag","embeddable":true,"href":"https:\/\/www.hediyepazar.com\/index.php?rest_route=%2Fwp%2Fv2%2Fproduct_tag&post=102406"}],"curies":[{"name":"wp","href":"https:\/\/api.w.org\/{rel}","templated":true}]}}