{"id":102409,"date":"2026-05-04T06:19:56","date_gmt":"2026-05-04T09:19:56","guid":{"rendered":"https:\/\/www.hediyepazar.com\/?product=turk-cengelli-igne-4-boy-56-adet"},"modified":"2026-05-04T06:19:56","modified_gmt":"2026-05-04T09:19:56","slug":"turk-cengelli-igne-4-boy-56-adet","status":"publish","type":"product","link":"https:\/\/www.hediyepazar.com\/?product=turk-cengelli-igne-4-boy-56-adet","title":{"rendered":"Turk \u00c7engelli \u0130\u011fne 4 Boy 56 Adet"},"content":{"rendered":"<p>\n\t<strong>\u00dcr\u00fcn \u00d6zellikleri : <\/strong><\/p>\n<p>\t<strong>Renk : <\/strong>Resimdeki Silver Ton Renk birebir g\u00f6nderilir ve s\u00fcrpriz ya\u015famazs\u0131n\u0131z. \u0130plikler dekor ama\u00e7l\u0131d\u0131r ve \u00fcr\u00fcne dahil de\u011fildir.<\/p>\n<p>\t<strong>Materyal : Krom metal <\/strong><\/p>\n<p>\t<strong>Ne Alacaks\u0131n\u0131z ?\u00a0<\/strong><span style=\"color: rgb(102, 102, 102); font-family: source_sans_proregular, sans-serif; font-size: 14px;\">25 adet 2 cm &#8211; 17 ad 2,5 cm &#8211; 8 adet 4 cm &#8211; 6 adet 5,5 cm<\/span><\/p>\n<p>\n\tDe\u011fi\u015fik ama\u00e7larla kullan\u0131ma uygun, 4 boyda \u00e7engelli i\u011fnedir.<\/p>\n<p>\n\t<strong>M\u00dcKEMMEL SATI\u015e SONRASI H\u0130ZMET : <\/strong>Bu \u00fcr\u00fcne daha avantajl\u0131 sahip olabilmeniz i\u00e7in ma\u011fazam\u0131z\u0131 ziyaret ederek, kampanyalar\u0131 inceleyebilirsiniz. HSNET \/ HSNET olarak m\u00fc\u015fterilerimize en iyi hizmeti sunmay\u0131 ama\u00e7l\u0131yor, g\u00fcvenle sat\u0131n alabilmeniz i\u00e7in, ambalaj kalitemize g\u00fcveniyor, her \u00fcr\u00fcn sorunsuz teslimat i\u00e7in \u00f6zenle paketliyor ve resimde belirtilen renk, ebat, \u00f6zelikte \u00fcr\u00fcn g\u00f6ndermeyi taahh\u00fct ediyoruz. Hasarl\u0131 \u00fcr\u00fcn ald\u0131ysan\u0131z veya di\u011fer \u00fcr\u00fcn ve paket teslimat sorunlar\u0131 oldu\u011funda bizimle ileti\u015fime ge\u00e7mekten \u00e7ekinmeyin.<\/p>\n<p>\n\tDETAYLI B\u0130LG\u0130 \u0130\u00c7\u0130N EK RES\u0130MLER\u0130 \u0130NCELEYEB\u0130L\u0130RS\u0130N\u0130Z.<br \/>\n\t<img decoding=\"async\"  src=\"https:\/\/hepsicdn.com.tr\/static\/product_detail\/hbnet10f32734_4802301.webp\"><\/p>\n","protected":false},"excerpt":{"rendered":"<p>\u00dcr\u00fcn \u00d6zellikleri : Renk : Resimdeki Silver Ton Renk birebir g\u00f6nderilir ve s\u00fcrpriz ya\u015famazs\u0131n\u0131z. \u0130plikler dekor ama\u00e7l\u0131d\u0131r ve \u00fcr\u00fcne dahil de\u011fildir. Materyal : Krom metal Ne Alacaks\u0131n\u0131z ?\u00a025 adet 2 cm &#8211; 17 ad 2,5 cm &#8211; 8 adet 4 cm &#8211; 6 adet 5,5 cm De\u011fi\u015fik ama\u00e7larla kullan\u0131ma uygun, 4 boyda \u00e7engelli i\u011fnedir. M\u00dcKEMMEL&#8230;<\/p>\n","protected":false},"featured_media":102408,"comment_status":"open","ping_status":"closed","template":"","meta":{"_kad_post_transparent":"","_kad_post_title":"","_kad_post_layout":"","_kad_post_sidebar_id":"","_kad_post_content_style":"","_kad_post_vertical_padding":"","_kad_post_feature":"","_kad_post_feature_position":"","_kad_post_header":false,"_kad_post_footer":false,"_kad_post_classname":""},"product_brand":[],"product_cat":[14324],"product_tag":[],"class_list":{"0":"post-102409","1":"product","2":"type-product","3":"status-publish","4":"has-post-thumbnail","6":"product_cat-dikis-urunleri-ev-gerecleri-ev-yasam-dikis-urunleri","8":"first","9":"instock","10":"purchasable","11":"product-type-simple","12":"entry","13":"content-bg","14":"loop-entry"},"_links":{"self":[{"href":"https:\/\/www.hediyepazar.com\/index.php?rest_route=\/wp\/v2\/product\/102409","targetHints":{"allow":["GET"]}}],"collection":[{"href":"https:\/\/www.hediyepazar.com\/index.php?rest_route=\/wp\/v2\/product"}],"about":[{"href":"https:\/\/www.hediyepazar.com\/index.php?rest_route=\/wp\/v2\/types\/product"}],"replies":[{"embeddable":true,"href":"https:\/\/www.hediyepazar.com\/index.php?rest_route=%2Fwp%2Fv2%2Fcomments&post=102409"}],"wp:featuredmedia":[{"embeddable":true,"href":"https:\/\/www.hediyepazar.com\/index.php?rest_route=\/wp\/v2\/media\/102408"}],"wp:attachment":[{"href":"https:\/\/www.hediyepazar.com\/index.php?rest_route=%2Fwp%2Fv2%2Fmedia&parent=102409"}],"wp:term":[{"taxonomy":"product_brand","embeddable":true,"href":"https:\/\/www.hediyepazar.com\/index.php?rest_route=%2Fwp%2Fv2%2Fproduct_brand&post=102409"},{"taxonomy":"product_cat","embeddable":true,"href":"https:\/\/www.hediyepazar.com\/index.php?rest_route=%2Fwp%2Fv2%2Fproduct_cat&post=102409"},{"taxonomy":"product_tag","embeddable":true,"href":"https:\/\/www.hediyepazar.com\/index.php?rest_route=%2Fwp%2Fv2%2Fproduct_tag&post=102409"}],"curies":[{"name":"wp","href":"https:\/\/api.w.org\/{rel}","templated":true}]}}