{"id":102414,"date":"2026-05-04T06:20:58","date_gmt":"2026-05-04T09:20:58","guid":{"rendered":"https:\/\/www.hediyepazar.com\/?product=turk-kuafor-sac-yikama-boyun-yastigi"},"modified":"2026-05-04T06:20:58","modified_gmt":"2026-05-04T09:20:58","slug":"turk-kuafor-sac-yikama-boyun-yastigi","status":"publish","type":"product","link":"https:\/\/www.hediyepazar.com\/?product=turk-kuafor-sac-yikama-boyun-yastigi","title":{"rendered":"Turk Kuaf\u00f6r Sa\u00e7 Y\u0131kama Boyun Yast\u0131\u011f\u0131"},"content":{"rendered":"<p>\n\t<strong>\u00dcr\u00fcn \u00d6zellikleri : <\/strong><\/p>\n<p>\t<strong>Materyal :\u00a0<\/strong><strong>% 100 Dolgun kau\u00e7uk<\/strong><\/p>\n<p>\t<strong>Adet \/ Renk \/ Tasar\u0131m : <\/strong> 1 Adet, HSNET\u00a0 \u00a0olarak tasarlad\u0131\u011f\u0131m\u0131z, resimde yer alan rengi, s\u00fcrpriz ya\u015famaman\u0131z i\u00e7in birebir g\u00f6nderiyoruz<\/p>\n<p>\t<strong>\u00d6l\u00e7\u00fcler :\u00a0\u00a0<\/strong><strong>\u00a017 x 17 cm &#8211; lavaboya ge\u00e7en oval k\u0131s\u0131m 8,5cm e kadar a\u00e7\u0131labilir<\/strong><\/p>\n<p>\n\t<strong>\u00c7E\u015e\u0130TL\u0130 DURUMLAR \u0130\u00c7\u0130N UYGUN: <\/strong>Ergonomik tasar\u0131m, rahat boyunluk tasar\u0131m\u0131, sadece g\u00fczellik salonlar\u0131, kuaf\u00f6r salonlar\u0131 i\u00e7in de\u011fil, ayn\u0131 zamanda ev kullan\u0131m\u0131, engelli, engelli, ya\u015fl\u0131, yatalak hasta, Hamile kad\u0131n, \u00e7ocuk vb. se\u00e7im.<\/p>\n<p>\n\t<br \/>\n\t<strong>ERGONOM\u0130K TASARIM: <\/strong>Y\u0131kama lavabonuza uygun, kaymay\u0131 \u00f6nleyen rahat boyunluk tasar\u0131m\u0131. Profesyonel salon \u015fampuan kaselerinin \u00e7o\u011fu i\u00e7in uygundur.<\/p>\n<p>\t<strong>Y\u00dcKSEK KAL\u0130TE MALZEMELER:<\/strong> Asit direnci, korozyon direnci, cilt dostu ve kullan\u0131m\u0131 g\u00fcvenli olan ve daha uzun s\u00fcre kullanabilmek i\u00e7in k\u0131r\u0131lan ta\u015flar veya k\u00fc\u00e7\u00fck kumlar taraf\u0131ndan deformasyona neden olmayan silikon jel malzemesinin benimsenmesi. Esnek, yumu\u015fak silikon jel sa\u00e7 y\u0131kan\u0131rken boyun \u00fczerindeki bask\u0131y\u0131 azalt\u0131r, m\u00fc\u015fteriye rahatl\u0131k ve destek sunar.<\/p>\n<p>\n\t<strong>\u00c7IKARILMASI VE TEM\u0130ZLENMES\u0130 KOLAY:<\/strong> Bu rahat boyun deste\u011fi tasar\u0131m\u0131 basit stili, kurulumu kolay ve sa\u00e7 y\u0131kama lavabosundan ayr\u0131labilen ve ard\u0131ndan y\u0131kanabilen profesyonel salon \u015fampuan kaselerinin \u00e7o\u011fu i\u00e7in uygundur.<\/p>\n<p><strong>M\u00dcKEMMEL SATI\u015e SONRASI H\u0130ZMET : <\/strong>Bu \u00fcr\u00fcne daha avantajl\u0131 sahip olabilmeniz i\u00e7in ma\u011fazam\u0131z\u0131 ziyaret ederek, kampanyalar\u0131 inceleyebilirsiniz. HSNET \/ HSNET olarak m\u00fc\u015fterilerimize en iyi hizmeti sunmay\u0131 ama\u00e7l\u0131yor, g\u00fcvenle sat\u0131n alabilmeniz i\u00e7in, ambalaj kalitemize g\u00fcveniyor, her \u00fcr\u00fcn sorunsuz teslimat i\u00e7in \u00f6zenle paketliyor ve resimde belirtilen renk, ebat, \u00f6zelikte \u00fcr\u00fcn g\u00f6ndermeyi taahh\u00fct ediyoruz. Hasarl\u0131 \u00fcr\u00fcn ald\u0131ysan\u0131z veya di\u011fer \u00fcr\u00fcn ve paket teslimat sorunlar\u0131 oldu\u011funda bizimle ileti\u015fime ge\u00e7mekten \u00e7ekinmeyin.<\/p>\n<p><strong>DETAYLI B\u0130LG\u0130 \u0130\u00c7\u0130N EK RES\u0130MLER\u0130 \u0130NCELEYEB\u0130L\u0130RS\u0130N\u0130Z. <img decoding=\"async\" height=\"100%\" width=\"100%\" src=\"https:\/\/hepsicdn.com.tr\/static\/product_detail\/hbnet409fbbff_4802601.jpg\"><\/strong><\/p>\n<p>\n\t\u00a0<\/p>\n","protected":false},"excerpt":{"rendered":"<p>\u00dcr\u00fcn \u00d6zellikleri : Materyal :\u00a0% 100 Dolgun kau\u00e7uk Adet \/ Renk \/ Tasar\u0131m : 1 Adet, HSNET\u00a0 \u00a0olarak tasarlad\u0131\u011f\u0131m\u0131z, resimde yer alan rengi, s\u00fcrpriz ya\u015famaman\u0131z i\u00e7in birebir g\u00f6nderiyoruz \u00d6l\u00e7\u00fcler :\u00a0\u00a0\u00a017 x 17 cm &#8211; lavaboya ge\u00e7en oval k\u0131s\u0131m 8,5cm e kadar a\u00e7\u0131labilir \u00c7E\u015e\u0130TL\u0130 DURUMLAR \u0130\u00c7\u0130N UYGUN: Ergonomik tasar\u0131m, rahat boyunluk tasar\u0131m\u0131, sadece g\u00fczellik salonlar\u0131, kuaf\u00f6r&#8230;<\/p>\n","protected":false},"featured_media":102413,"comment_status":"open","ping_status":"closed","template":"","meta":{"_kad_post_transparent":"","_kad_post_title":"","_kad_post_layout":"","_kad_post_sidebar_id":"","_kad_post_content_style":"","_kad_post_vertical_padding":"","_kad_post_feature":"","_kad_post_feature_position":"","_kad_post_header":false,"_kad_post_footer":false,"_kad_post_classname":""},"product_brand":[],"product_cat":[14227],"product_tag":[],"class_list":{"0":"post-102414","1":"product","2":"type-product","3":"status-publish","4":"has-post-thumbnail","6":"product_cat-kuafor-urunleri-erkek-kuafor-kuafor-urunleri","8":"first","9":"instock","10":"purchasable","11":"product-type-simple","12":"entry","13":"content-bg","14":"loop-entry"},"_links":{"self":[{"href":"https:\/\/www.hediyepazar.com\/index.php?rest_route=\/wp\/v2\/product\/102414","targetHints":{"allow":["GET"]}}],"collection":[{"href":"https:\/\/www.hediyepazar.com\/index.php?rest_route=\/wp\/v2\/product"}],"about":[{"href":"https:\/\/www.hediyepazar.com\/index.php?rest_route=\/wp\/v2\/types\/product"}],"replies":[{"embeddable":true,"href":"https:\/\/www.hediyepazar.com\/index.php?rest_route=%2Fwp%2Fv2%2Fcomments&post=102414"}],"wp:featuredmedia":[{"embeddable":true,"href":"https:\/\/www.hediyepazar.com\/index.php?rest_route=\/wp\/v2\/media\/102413"}],"wp:attachment":[{"href":"https:\/\/www.hediyepazar.com\/index.php?rest_route=%2Fwp%2Fv2%2Fmedia&parent=102414"}],"wp:term":[{"taxonomy":"product_brand","embeddable":true,"href":"https:\/\/www.hediyepazar.com\/index.php?rest_route=%2Fwp%2Fv2%2Fproduct_brand&post=102414"},{"taxonomy":"product_cat","embeddable":true,"href":"https:\/\/www.hediyepazar.com\/index.php?rest_route=%2Fwp%2Fv2%2Fproduct_cat&post=102414"},{"taxonomy":"product_tag","embeddable":true,"href":"https:\/\/www.hediyepazar.com\/index.php?rest_route=%2Fwp%2Fv2%2Fproduct_tag&post=102414"}],"curies":[{"name":"wp","href":"https:\/\/api.w.org\/{rel}","templated":true}]}}