{"id":102416,"date":"2026-05-04T06:21:02","date_gmt":"2026-05-04T09:21:02","guid":{"rendered":"https:\/\/www.hediyepazar.com\/?product=turk-konserve-agda-koruyucu-karton-temizlik-kagidi-50-adet-2"},"modified":"2026-05-04T06:21:02","modified_gmt":"2026-05-04T09:21:02","slug":"turk-konserve-agda-koruyucu-karton-temizlik-kagidi-50-adet-2","status":"publish","type":"product","link":"https:\/\/www.hediyepazar.com\/?product=turk-konserve-agda-koruyucu-karton-temizlik-kagidi-50-adet-2","title":{"rendered":"Turk Konserve A\u011fda Koruyucu Karton Temizlik Ka\u011f\u0131d\u0131 50 Adet"},"content":{"rendered":"<p>\n\t<strong>\u00dcr\u00fcn \u00d6zellikleri : <\/strong><\/p>\n<p>\t<strong>Materyal : Karton\u00a0<\/strong><\/p>\n<p>\t<strong>50 Adet\u00a0\u00a0<\/strong><\/p>\n<p>\t<strong>\u00d6l\u00e7\u00fcler (bir cep telefonu ortalama 16 cm dir. K\u0131yaslaman\u0131z i\u00e7in kolayl\u0131k de\u011fil mi ? ) : 16 cm \u00e7ap<\/strong><\/p>\n<p>\n\tEVRENSEL A\u011eDA KORUYUCU KARTON HALKA : A\u011fda makinesi i\u00e7in tasarlanm\u0131\u015ft\u0131r ve a\u011fda yaparken a\u011fdan\u0131n kaba damlamas\u0131n\u0131 \u00f6nler. A\u011fda Is\u0131t\u0131c\u0131 \u00e7o\u011fu standart boy a\u011fda \u0131s\u0131t\u0131c\u0131s\u0131 i\u00e7in uygundur<\/p>\n<p>\tBu koruyucu mum \u0131s\u0131t\u0131c\u0131 halkalar\u0131 kaliteli ka\u011f\u0131ttan yap\u0131lm\u0131\u015ft\u0131r, z, a\u011fda seans\u0131n\u0131z bitti\u011finde mum \u0131s\u0131t\u0131c\u0131 yakal\u0131klar\u0131n\u0131 atman\u0131z yeterlidir<\/p>\n<p>\tKOLAY VE TEM\u0130Z: Bir a\u011fda \u0131s\u0131t\u0131c\u0131s\u0131 temiz karton kulland\u0131\u011f\u0131n\u0131zda art\u0131k da\u011f\u0131n\u0131k ve yap\u0131\u015fkan mum kaplar\u0131 yok. Bak\u0131m\u0131n\u0131z ve temizli\u011finiz i\u00e7in kolay. Sadece \u00e7\u0131kar\u0131n ve at\u0131n. Mum kab\u0131n\u0131 temiz tutman\u0131n harika bir yolu.<\/p>\n<p>\tMUM ISITICI YAKALAR : Mum \u0131s\u0131t\u0131c\u0131 tencere kenarlar\u0131na tam oturan ve m\u00fckemmel uyum sa\u011flayan, harika ve pratik bir aksesuar. Mum Is\u0131t\u0131c\u0131 Yakalar profesyonel ortam veya ev kullan\u0131m\u0131 i\u00e7in uygundur. Mum \u0131s\u0131t\u0131c\u0131n\u0131z\u0131 daha iyi koruyun ve kirlenmesini \u00f6nleyin.<\/p>\n<p>\n\t<strong>M\u00dcKEMMEL SATI\u015e SONRASI H\u0130ZMET : <\/strong>Bu \u00fcr\u00fcne daha avantajl\u0131 sahip olabilmeniz i\u00e7in ma\u011fazam\u0131z\u0131 ziyaret ederek, kampanyalar\u0131 inceleyebilirsiniz. HSNET \/ HSNET olarak m\u00fc\u015fterilerimize en iyi hizmeti sunmay\u0131 ama\u00e7l\u0131yor, g\u00fcvenle sat\u0131n alabilmeniz i\u00e7in, ambalaj kalitemize g\u00fcveniyor, her \u00fcr\u00fcn sorunsuz teslimat i\u00e7in \u00f6zenle paketliyor ve resimde belirtilen renk, ebat, \u00f6zelikte \u00fcr\u00fcn g\u00f6ndermeyi taahh\u00fct ediyoruz. Hasarl\u0131 \u00fcr\u00fcn ald\u0131ysan\u0131z veya di\u011fer \u00fcr\u00fcn ve paket teslimat sorunlar\u0131 oldu\u011funda bizimle ileti\u015fime ge\u00e7mekten \u00e7ekinmeyin.<\/p>\n","protected":false},"excerpt":{"rendered":"<p>\u00dcr\u00fcn \u00d6zellikleri : Materyal : Karton\u00a0 50 Adet\u00a0\u00a0 \u00d6l\u00e7\u00fcler (bir cep telefonu ortalama 16 cm dir. K\u0131yaslaman\u0131z i\u00e7in kolayl\u0131k de\u011fil mi ? ) : 16 cm \u00e7ap EVRENSEL A\u011eDA KORUYUCU KARTON HALKA : A\u011fda makinesi i\u00e7in tasarlanm\u0131\u015ft\u0131r ve a\u011fda yaparken a\u011fdan\u0131n kaba damlamas\u0131n\u0131 \u00f6nler. A\u011fda Is\u0131t\u0131c\u0131 \u00e7o\u011fu standart boy a\u011fda \u0131s\u0131t\u0131c\u0131s\u0131 i\u00e7in uygundur Bu koruyucu&#8230;<\/p>\n","protected":false},"featured_media":102415,"comment_status":"open","ping_status":"closed","template":"","meta":{"_kad_post_transparent":"","_kad_post_title":"","_kad_post_layout":"","_kad_post_sidebar_id":"","_kad_post_content_style":"","_kad_post_vertical_padding":"","_kad_post_feature":"","_kad_post_feature_position":"","_kad_post_header":false,"_kad_post_footer":false,"_kad_post_classname":""},"product_brand":[],"product_cat":[14176],"product_tag":[],"class_list":{"0":"post-102416","1":"product","2":"type-product","3":"status-publish","4":"has-post-thumbnail","6":"product_cat-agda-agda-ve-tuy-dokucu-epilasyon-tiras-kozmetik-agda","8":"first","9":"instock","10":"purchasable","11":"product-type-simple","12":"entry","13":"content-bg","14":"loop-entry"},"_links":{"self":[{"href":"https:\/\/www.hediyepazar.com\/index.php?rest_route=\/wp\/v2\/product\/102416","targetHints":{"allow":["GET"]}}],"collection":[{"href":"https:\/\/www.hediyepazar.com\/index.php?rest_route=\/wp\/v2\/product"}],"about":[{"href":"https:\/\/www.hediyepazar.com\/index.php?rest_route=\/wp\/v2\/types\/product"}],"replies":[{"embeddable":true,"href":"https:\/\/www.hediyepazar.com\/index.php?rest_route=%2Fwp%2Fv2%2Fcomments&post=102416"}],"wp:featuredmedia":[{"embeddable":true,"href":"https:\/\/www.hediyepazar.com\/index.php?rest_route=\/wp\/v2\/media\/102415"}],"wp:attachment":[{"href":"https:\/\/www.hediyepazar.com\/index.php?rest_route=%2Fwp%2Fv2%2Fmedia&parent=102416"}],"wp:term":[{"taxonomy":"product_brand","embeddable":true,"href":"https:\/\/www.hediyepazar.com\/index.php?rest_route=%2Fwp%2Fv2%2Fproduct_brand&post=102416"},{"taxonomy":"product_cat","embeddable":true,"href":"https:\/\/www.hediyepazar.com\/index.php?rest_route=%2Fwp%2Fv2%2Fproduct_cat&post=102416"},{"taxonomy":"product_tag","embeddable":true,"href":"https:\/\/www.hediyepazar.com\/index.php?rest_route=%2Fwp%2Fv2%2Fproduct_tag&post=102416"}],"curies":[{"name":"wp","href":"https:\/\/api.w.org\/{rel}","templated":true}]}}